{"id":1343,"date":"2018-04-17T13:46:18","date_gmt":"2018-04-17T13:46:18","guid":{"rendered":"http:\/\/simbavegetables.nl\/?page_id=1343"},"modified":"2023-01-05T15:34:58","modified_gmt":"2023-01-05T15:34:58","slug":"pommes-de-terre","status":"publish","type":"page","link":"https:\/\/simbavegetables.nl\/fr\/pommes-de-terre\/","title":{"rendered":""},"content":{"rendered":"\n<div style=\"height:100px\" aria-hidden=\"true\" class=\"wp-block-spacer\"><\/div>\n\n\n<h1><strong><img fetchpriority=\"high\" decoding=\"async\" class=\"alignleft wp-image-1009 size-medium\" src=\"https:\/\/simbavegetables.nl\/wp-content\/uploads\/website-ready1-300x227.jpg\" alt=\"Washed potatoes\" width=\"300\" height=\"227\" srcset=\"https:\/\/simbavegetables.nl\/wp-content\/uploads\/website-ready1-300x227.jpg 300w, https:\/\/simbavegetables.nl\/wp-content\/uploads\/website-ready1-150x113.jpg 150w, https:\/\/simbavegetables.nl\/wp-content\/uploads\/website-ready1.jpg 303w\" sizes=\"(max-width: 300px) 100vw, 300px\" \/>Pommes de Terre<\/strong><\/h1>\n<p>Simba Vegetables peut livrer des pommes de terre \u00e0 peau rouge et blanche dans l&#8217;emballage, le calibre et la taille d\u00e9sir\u00e9s.<\/p>\n<p>Nous pouvons vous aider avec le choix de la bonne pomme de terre. Si vous avez besoin de pommes de terre pour la cuisson avec ou sans la peau, la pur\u00e9e ou pour faire des frites. Nous savons poser les bonnes questions afin de savoir quelle vari\u00e9t\u00e9 convient le mieux \u00e0 votre demande.<\/p>\n<p>Aux Pays-Bas, nous avons fait une science de la culture des pommes de terre, mais aussi de leur stockage. Par cons\u00e9quent, nous pouvons vous offrir toute l&rsquo;ann\u00e9e les diff\u00e9rentes vari\u00e9t\u00e9s de pommes de terre de table. Nous pouvons offrir des pommes de terre lav\u00e9es, bross\u00e9es et dans de nombreux types d&#8217;emballages.<\/p>\n<p>Comme pour tous nos produits, nous appliquons le principe: nous faisons tout notre possible pour vous offrir le meilleur produit.<\/p>\n\n\n<div style=\"height:100px\" aria-hidden=\"true\" class=\"wp-block-spacer\"><\/div>\n","protected":false},"excerpt":{"rendered":"<p>Pommes de Terre Simba Vegetables peut livrer des pommes de terre \u00e0 peau rouge et blanche dans l&#8217;emballage, le calibre et la taille d\u00e9sir\u00e9s. Nous pouvons vous aider avec le choix de la bonne pomme de terre. Si vous avez besoin de pommes de terre pour la cuisson avec ou sans la peau, la pur\u00e9e [&hellip;]<\/p>\n","protected":false},"author":1,"featured_media":0,"parent":0,"menu_order":0,"comment_status":"closed","ping_status":"closed","template":"","meta":{"footnotes":"","_links_to":"","_links_to_target":""},"class_list":["post-1343","page","type-page","status-publish","hentry"],"yoast_head":"<!-- This site is optimized with the Yoast SEO plugin v24.9 - https:\/\/yoast.com\/wordpress\/plugins\/seo\/ -->\n<title>Simba Vegetables peut livrer des pommes de terre<\/title>\n<meta name=\"description\" content=\"Simba Vegetables peut livrer des pommes de terre \u00e0 peau rouge et blanche dans l&#039;emballage, le calibre et la taille d\u00e9sir\u00e9s.\" \/>\n<meta name=\"robots\" content=\"index, follow, max-snippet:-1, max-image-preview:large, max-video-preview:-1\" \/>\n<link rel=\"canonical\" href=\"https:\/\/simbavegetables.nl\/fr\/pommes-de-terre\/\" \/>\n<meta property=\"og:locale\" content=\"fr_FR\" \/>\n<meta property=\"og:type\" content=\"article\" \/>\n<meta property=\"og:title\" content=\"Simba Vegetables peut livrer des pommes de terre\" \/>\n<meta property=\"og:description\" content=\"Simba Vegetables peut livrer des pommes de terre \u00e0 peau rouge et blanche dans l&#039;emballage, le calibre et la taille d\u00e9sir\u00e9s.\" \/>\n<meta property=\"og:url\" content=\"https:\/\/simbavegetables.nl\/fr\/pommes-de-terre\/\" \/>\n<meta property=\"og:site_name\" content=\"simba vegetables bv\" \/>\n<meta property=\"article:publisher\" content=\"https:\/\/www.facebook.com\/Simbavegetables\/?fref=ts\" \/>\n<meta property=\"article:modified_time\" content=\"2023-01-05T15:34:58+00:00\" \/>\n<meta property=\"og:image\" content=\"https:\/\/simbavegetables.nl\/wp-content\/uploads\/website-ready1-300x227.jpg\" \/>\n<meta name=\"twitter:card\" content=\"summary_large_image\" \/>\n<meta name=\"twitter:label1\" content=\"Dur\u00e9e de lecture estim\u00e9e\" \/>\n\t<meta name=\"twitter:data1\" content=\"1 minute\" \/>\n<script type=\"application\/ld+json\" class=\"yoast-schema-graph\">{\"@context\":\"https:\/\/schema.org\",\"@graph\":[{\"@type\":\"WebPage\",\"@id\":\"https:\/\/simbavegetables.nl\/fr\/pommes-de-terre\/\",\"url\":\"https:\/\/simbavegetables.nl\/fr\/pommes-de-terre\/\",\"name\":\"Simba Vegetables peut livrer des pommes de terre\",\"isPartOf\":{\"@id\":\"https:\/\/simbavegetables.nl\/fr\/#website\"},\"primaryImageOfPage\":{\"@id\":\"https:\/\/simbavegetables.nl\/fr\/pommes-de-terre\/#primaryimage\"},\"image\":{\"@id\":\"https:\/\/simbavegetables.nl\/fr\/pommes-de-terre\/#primaryimage\"},\"thumbnailUrl\":\"https:\/\/simbavegetables.nl\/wp-content\/uploads\/website-ready1-300x227.jpg\",\"datePublished\":\"2018-04-17T13:46:18+00:00\",\"dateModified\":\"2023-01-05T15:34:58+00:00\",\"description\":\"Simba Vegetables peut livrer des pommes de terre \u00e0 peau rouge et blanche dans l'emballage, le calibre et la taille d\u00e9sir\u00e9s.\",\"inLanguage\":\"fr-FR\",\"potentialAction\":[{\"@type\":\"ReadAction\",\"target\":[\"https:\/\/simbavegetables.nl\/fr\/pommes-de-terre\/\"]}]},{\"@type\":\"ImageObject\",\"inLanguage\":\"fr-FR\",\"@id\":\"https:\/\/simbavegetables.nl\/fr\/pommes-de-terre\/#primaryimage\",\"url\":\"https:\/\/simbavegetables.nl\/wp-content\/uploads\/website-ready1-300x227.jpg\",\"contentUrl\":\"https:\/\/simbavegetables.nl\/wp-content\/uploads\/website-ready1-300x227.jpg\"},{\"@type\":\"WebSite\",\"@id\":\"https:\/\/simbavegetables.nl\/fr\/#website\",\"url\":\"https:\/\/simbavegetables.nl\/fr\/\",\"name\":\"simba vegetables bv\",\"description\":\"specialised in the purchase and sales of fresh vegetables from Holland\",\"publisher\":{\"@id\":\"https:\/\/simbavegetables.nl\/fr\/#organization\"},\"potentialAction\":[{\"@type\":\"SearchAction\",\"target\":{\"@type\":\"EntryPoint\",\"urlTemplate\":\"https:\/\/simbavegetables.nl\/fr\/?s={search_term_string}\"},\"query-input\":{\"@type\":\"PropertyValueSpecification\",\"valueRequired\":true,\"valueName\":\"search_term_string\"}}],\"inLanguage\":\"fr-FR\"},{\"@type\":\"Organization\",\"@id\":\"https:\/\/simbavegetables.nl\/fr\/#organization\",\"name\":\"Simba Vegetables\",\"url\":\"https:\/\/simbavegetables.nl\/fr\/\",\"logo\":{\"@type\":\"ImageObject\",\"inLanguage\":\"fr-FR\",\"@id\":\"https:\/\/simbavegetables.nl\/fr\/#\/schema\/logo\/image\/\",\"url\":\"https:\/\/simbavegetables.nl\/wp-content\/uploads\/Simba_vegetables_druklogo_3.png\",\"contentUrl\":\"https:\/\/simbavegetables.nl\/wp-content\/uploads\/Simba_vegetables_druklogo_3.png\",\"width\":511,\"height\":151,\"caption\":\"Simba Vegetables\"},\"image\":{\"@id\":\"https:\/\/simbavegetables.nl\/fr\/#\/schema\/logo\/image\/\"},\"sameAs\":[\"https:\/\/www.facebook.com\/Simbavegetables\/?fref=ts\"]}]}<\/script>\n<!-- \/ Yoast SEO plugin. -->","yoast_head_json":{"title":"Simba Vegetables peut livrer des pommes de terre","description":"Simba Vegetables peut livrer des pommes de terre \u00e0 peau rouge et blanche dans l'emballage, le calibre et la taille d\u00e9sir\u00e9s.","robots":{"index":"index","follow":"follow","max-snippet":"max-snippet:-1","max-image-preview":"max-image-preview:large","max-video-preview":"max-video-preview:-1"},"canonical":"https:\/\/simbavegetables.nl\/fr\/pommes-de-terre\/","og_locale":"fr_FR","og_type":"article","og_title":"Simba Vegetables peut livrer des pommes de terre","og_description":"Simba Vegetables peut livrer des pommes de terre \u00e0 peau rouge et blanche dans l'emballage, le calibre et la taille d\u00e9sir\u00e9s.","og_url":"https:\/\/simbavegetables.nl\/fr\/pommes-de-terre\/","og_site_name":"simba vegetables bv","article_publisher":"https:\/\/www.facebook.com\/Simbavegetables\/?fref=ts","article_modified_time":"2023-01-05T15:34:58+00:00","og_image":[{"url":"https:\/\/simbavegetables.nl\/wp-content\/uploads\/website-ready1-300x227.jpg","type":"","width":"","height":""}],"twitter_card":"summary_large_image","twitter_misc":{"Dur\u00e9e de lecture estim\u00e9e":"1 minute"},"schema":{"@context":"https:\/\/schema.org","@graph":[{"@type":"WebPage","@id":"https:\/\/simbavegetables.nl\/fr\/pommes-de-terre\/","url":"https:\/\/simbavegetables.nl\/fr\/pommes-de-terre\/","name":"Simba Vegetables peut livrer des pommes de terre","isPartOf":{"@id":"https:\/\/simbavegetables.nl\/fr\/#website"},"primaryImageOfPage":{"@id":"https:\/\/simbavegetables.nl\/fr\/pommes-de-terre\/#primaryimage"},"image":{"@id":"https:\/\/simbavegetables.nl\/fr\/pommes-de-terre\/#primaryimage"},"thumbnailUrl":"https:\/\/simbavegetables.nl\/wp-content\/uploads\/website-ready1-300x227.jpg","datePublished":"2018-04-17T13:46:18+00:00","dateModified":"2023-01-05T15:34:58+00:00","description":"Simba Vegetables peut livrer des pommes de terre \u00e0 peau rouge et blanche dans l'emballage, le calibre et la taille d\u00e9sir\u00e9s.","inLanguage":"fr-FR","potentialAction":[{"@type":"ReadAction","target":["https:\/\/simbavegetables.nl\/fr\/pommes-de-terre\/"]}]},{"@type":"ImageObject","inLanguage":"fr-FR","@id":"https:\/\/simbavegetables.nl\/fr\/pommes-de-terre\/#primaryimage","url":"https:\/\/simbavegetables.nl\/wp-content\/uploads\/website-ready1-300x227.jpg","contentUrl":"https:\/\/simbavegetables.nl\/wp-content\/uploads\/website-ready1-300x227.jpg"},{"@type":"WebSite","@id":"https:\/\/simbavegetables.nl\/fr\/#website","url":"https:\/\/simbavegetables.nl\/fr\/","name":"simba vegetables bv","description":"specialised in the purchase and sales of fresh vegetables from Holland","publisher":{"@id":"https:\/\/simbavegetables.nl\/fr\/#organization"},"potentialAction":[{"@type":"SearchAction","target":{"@type":"EntryPoint","urlTemplate":"https:\/\/simbavegetables.nl\/fr\/?s={search_term_string}"},"query-input":{"@type":"PropertyValueSpecification","valueRequired":true,"valueName":"search_term_string"}}],"inLanguage":"fr-FR"},{"@type":"Organization","@id":"https:\/\/simbavegetables.nl\/fr\/#organization","name":"Simba Vegetables","url":"https:\/\/simbavegetables.nl\/fr\/","logo":{"@type":"ImageObject","inLanguage":"fr-FR","@id":"https:\/\/simbavegetables.nl\/fr\/#\/schema\/logo\/image\/","url":"https:\/\/simbavegetables.nl\/wp-content\/uploads\/Simba_vegetables_druklogo_3.png","contentUrl":"https:\/\/simbavegetables.nl\/wp-content\/uploads\/Simba_vegetables_druklogo_3.png","width":511,"height":151,"caption":"Simba Vegetables"},"image":{"@id":"https:\/\/simbavegetables.nl\/fr\/#\/schema\/logo\/image\/"},"sameAs":["https:\/\/www.facebook.com\/Simbavegetables\/?fref=ts"]}]}},"_links":{"self":[{"href":"https:\/\/simbavegetables.nl\/fr\/wp-json\/wp\/v2\/pages\/1343","targetHints":{"allow":["GET"]}}],"collection":[{"href":"https:\/\/simbavegetables.nl\/fr\/wp-json\/wp\/v2\/pages"}],"about":[{"href":"https:\/\/simbavegetables.nl\/fr\/wp-json\/wp\/v2\/types\/page"}],"author":[{"embeddable":true,"href":"https:\/\/simbavegetables.nl\/fr\/wp-json\/wp\/v2\/users\/1"}],"replies":[{"embeddable":true,"href":"https:\/\/simbavegetables.nl\/fr\/wp-json\/wp\/v2\/comments?post=1343"}],"version-history":[{"count":6,"href":"https:\/\/simbavegetables.nl\/fr\/wp-json\/wp\/v2\/pages\/1343\/revisions"}],"predecessor-version":[{"id":92933,"href":"https:\/\/simbavegetables.nl\/fr\/wp-json\/wp\/v2\/pages\/1343\/revisions\/92933"}],"wp:attachment":[{"href":"https:\/\/simbavegetables.nl\/fr\/wp-json\/wp\/v2\/media?parent=1343"}],"curies":[{"name":"wp","href":"https:\/\/api.w.org\/{rel}","templated":true}]}}