{"id":1349,"date":"2018-04-17T13:57:35","date_gmt":"2018-04-17T13:57:35","guid":{"rendered":"http:\/\/simbavegetables.nl\/?page_id=1349"},"modified":"2023-01-05T15:54:37","modified_gmt":"2023-01-05T15:54:37","slug":"chou-fleur-et-brocoli","status":"publish","type":"page","link":"https:\/\/simbavegetables.nl\/fr\/chou-fleur-et-brocoli\/","title":{"rendered":""},"content":{"rendered":"\n<div style=\"height:100px\" aria-hidden=\"true\" class=\"wp-block-spacer\"><\/div>\n\n\n<h1><img fetchpriority=\"high\" decoding=\"async\" class=\"size-medium wp-image-117 alignleft\" src=\"https:\/\/simbavegetables.nl\/wp-content\/uploads\/Simba_broccoli_coliflower-300x226.jpg\" alt=\"Simba Broccoli and Coliflower\" width=\"300\" height=\"226\" srcset=\"https:\/\/simbavegetables.nl\/wp-content\/uploads\/Simba_broccoli_coliflower-300x226.jpg 300w, https:\/\/simbavegetables.nl\/wp-content\/uploads\/Simba_broccoli_coliflower-150x113.jpg 150w, https:\/\/simbavegetables.nl\/wp-content\/uploads\/Simba_broccoli_coliflower.jpg 303w\" sizes=\"(max-width: 300px) 100vw, 300px\" \/>Chou-fleur et Brocoli<\/h1>\n<p>Le Brocoli et le Chou-Fleur sont plus exigeants en main-d&rsquo;\u0153uvre et plus sp\u00e9cialis\u00e9s que beaucoup d&rsquo;autres produits que nous exportons. Nous op\u00e9rons au milieu de la zone de culture ce qui nous permet de garder un \u0153il sur les produits. De cette fa\u00e7on, nous pouvons garantir que le produit r\u00e9pond \u00e0 vos sp\u00e9cifications.<\/p>\n<p>Le Chou-Fleur et le Brocoli Hollandais sont disponibles d&rsquo;avril \u00e0 d\u00e9cembre. Les l\u00e9gumes sont emball\u00e9s directement du champ et nous pouvons les offrir dans des bo\u00eetes en carton et des caisses en plastique EPS. Les l\u00e9gumes peuvent \u00e9galement \u00eatre scell\u00e9s par pi\u00e8ce et emball\u00e9s.<\/p>\n<p>Veuillez nous <a href=\"https:\/\/simbavegetables.nl\/fr\/contact\/\">contacter<\/a> pour plus d&rsquo;informations. Nous pouvons offrir beaucoup plus de produits s&rsquo;il vous pla\u00eet v\u00e9rifier nos <a href=\"https:\/\/simbavegetables.nl\/fr\/dautres-legumes\/\">autres produits<\/a>.<\/p>\n\n\n<div style=\"height:100px\" aria-hidden=\"true\" class=\"wp-block-spacer\"><\/div>\n","protected":false},"excerpt":{"rendered":"<p>Chou-fleur et Brocoli Le Brocoli et le Chou-Fleur sont plus exigeants en main-d&rsquo;\u0153uvre et plus sp\u00e9cialis\u00e9s que beaucoup d&rsquo;autres produits que nous exportons. Nous op\u00e9rons au milieu de la zone de culture ce qui nous permet de garder un \u0153il sur les produits. De cette fa\u00e7on, nous pouvons garantir que le produit r\u00e9pond \u00e0 vos [&hellip;]<\/p>\n","protected":false},"author":1,"featured_media":0,"parent":0,"menu_order":0,"comment_status":"closed","ping_status":"closed","template":"","meta":{"footnotes":"","_links_to":"","_links_to_target":""},"class_list":["post-1349","page","type-page","status-publish","hentry"],"yoast_head":"<!-- This site is optimized with the Yoast SEO plugin v24.9 - https:\/\/yoast.com\/wordpress\/plugins\/seo\/ -->\n<title>- simba vegetables bv<\/title>\n<meta name=\"robots\" content=\"index, follow, max-snippet:-1, max-image-preview:large, max-video-preview:-1\" \/>\n<link rel=\"canonical\" href=\"https:\/\/simbavegetables.nl\/fr\/chou-fleur-et-brocoli\/\" \/>\n<meta property=\"og:locale\" content=\"fr_FR\" \/>\n<meta property=\"og:type\" content=\"article\" \/>\n<meta property=\"og:title\" content=\"- simba vegetables bv\" \/>\n<meta property=\"og:description\" content=\"Chou-fleur et Brocoli Le Brocoli et le Chou-Fleur sont plus exigeants en main-d&rsquo;\u0153uvre et plus sp\u00e9cialis\u00e9s que beaucoup d&rsquo;autres produits que nous exportons. Nous op\u00e9rons au milieu de la zone de culture ce qui nous permet de garder un \u0153il sur les produits. De cette fa\u00e7on, nous pouvons garantir que le produit r\u00e9pond \u00e0 vos [&hellip;]\" \/>\n<meta property=\"og:url\" content=\"https:\/\/simbavegetables.nl\/fr\/chou-fleur-et-brocoli\/\" \/>\n<meta property=\"og:site_name\" content=\"simba vegetables bv\" \/>\n<meta property=\"article:publisher\" content=\"https:\/\/www.facebook.com\/Simbavegetables\/?fref=ts\" \/>\n<meta property=\"article:modified_time\" content=\"2023-01-05T15:54:37+00:00\" \/>\n<meta property=\"og:image\" content=\"https:\/\/simbavegetables.nl\/wp-content\/uploads\/Simba_broccoli_coliflower-300x226.jpg\" \/>\n<meta name=\"twitter:card\" content=\"summary_large_image\" \/>\n<meta name=\"twitter:label1\" content=\"Dur\u00e9e de lecture estim\u00e9e\" \/>\n\t<meta name=\"twitter:data1\" content=\"1 minute\" \/>\n<script type=\"application\/ld+json\" class=\"yoast-schema-graph\">{\"@context\":\"https:\/\/schema.org\",\"@graph\":[{\"@type\":\"WebPage\",\"@id\":\"https:\/\/simbavegetables.nl\/fr\/chou-fleur-et-brocoli\/\",\"url\":\"https:\/\/simbavegetables.nl\/fr\/chou-fleur-et-brocoli\/\",\"name\":\"- simba vegetables bv\",\"isPartOf\":{\"@id\":\"https:\/\/simbavegetables.nl\/fr\/#website\"},\"primaryImageOfPage\":{\"@id\":\"https:\/\/simbavegetables.nl\/fr\/chou-fleur-et-brocoli\/#primaryimage\"},\"image\":{\"@id\":\"https:\/\/simbavegetables.nl\/fr\/chou-fleur-et-brocoli\/#primaryimage\"},\"thumbnailUrl\":\"https:\/\/simbavegetables.nl\/wp-content\/uploads\/Simba_broccoli_coliflower-300x226.jpg\",\"datePublished\":\"2018-04-17T13:57:35+00:00\",\"dateModified\":\"2023-01-05T15:54:37+00:00\",\"inLanguage\":\"fr-FR\",\"potentialAction\":[{\"@type\":\"ReadAction\",\"target\":[\"https:\/\/simbavegetables.nl\/fr\/chou-fleur-et-brocoli\/\"]}]},{\"@type\":\"ImageObject\",\"inLanguage\":\"fr-FR\",\"@id\":\"https:\/\/simbavegetables.nl\/fr\/chou-fleur-et-brocoli\/#primaryimage\",\"url\":\"https:\/\/simbavegetables.nl\/wp-content\/uploads\/Simba_broccoli_coliflower-300x226.jpg\",\"contentUrl\":\"https:\/\/simbavegetables.nl\/wp-content\/uploads\/Simba_broccoli_coliflower-300x226.jpg\"},{\"@type\":\"WebSite\",\"@id\":\"https:\/\/simbavegetables.nl\/fr\/#website\",\"url\":\"https:\/\/simbavegetables.nl\/fr\/\",\"name\":\"simba vegetables bv\",\"description\":\"specialised in the purchase and sales of fresh vegetables from Holland\",\"publisher\":{\"@id\":\"https:\/\/simbavegetables.nl\/fr\/#organization\"},\"potentialAction\":[{\"@type\":\"SearchAction\",\"target\":{\"@type\":\"EntryPoint\",\"urlTemplate\":\"https:\/\/simbavegetables.nl\/fr\/?s={search_term_string}\"},\"query-input\":{\"@type\":\"PropertyValueSpecification\",\"valueRequired\":true,\"valueName\":\"search_term_string\"}}],\"inLanguage\":\"fr-FR\"},{\"@type\":\"Organization\",\"@id\":\"https:\/\/simbavegetables.nl\/fr\/#organization\",\"name\":\"Simba Vegetables\",\"url\":\"https:\/\/simbavegetables.nl\/fr\/\",\"logo\":{\"@type\":\"ImageObject\",\"inLanguage\":\"fr-FR\",\"@id\":\"https:\/\/simbavegetables.nl\/fr\/#\/schema\/logo\/image\/\",\"url\":\"https:\/\/simbavegetables.nl\/wp-content\/uploads\/Simba_vegetables_druklogo_3.png\",\"contentUrl\":\"https:\/\/simbavegetables.nl\/wp-content\/uploads\/Simba_vegetables_druklogo_3.png\",\"width\":511,\"height\":151,\"caption\":\"Simba Vegetables\"},\"image\":{\"@id\":\"https:\/\/simbavegetables.nl\/fr\/#\/schema\/logo\/image\/\"},\"sameAs\":[\"https:\/\/www.facebook.com\/Simbavegetables\/?fref=ts\"]}]}<\/script>\n<!-- \/ Yoast SEO plugin. -->","yoast_head_json":{"title":"- simba vegetables bv","robots":{"index":"index","follow":"follow","max-snippet":"max-snippet:-1","max-image-preview":"max-image-preview:large","max-video-preview":"max-video-preview:-1"},"canonical":"https:\/\/simbavegetables.nl\/fr\/chou-fleur-et-brocoli\/","og_locale":"fr_FR","og_type":"article","og_title":"- simba vegetables bv","og_description":"Chou-fleur et Brocoli Le Brocoli et le Chou-Fleur sont plus exigeants en main-d&rsquo;\u0153uvre et plus sp\u00e9cialis\u00e9s que beaucoup d&rsquo;autres produits que nous exportons. Nous op\u00e9rons au milieu de la zone de culture ce qui nous permet de garder un \u0153il sur les produits. De cette fa\u00e7on, nous pouvons garantir que le produit r\u00e9pond \u00e0 vos [&hellip;]","og_url":"https:\/\/simbavegetables.nl\/fr\/chou-fleur-et-brocoli\/","og_site_name":"simba vegetables bv","article_publisher":"https:\/\/www.facebook.com\/Simbavegetables\/?fref=ts","article_modified_time":"2023-01-05T15:54:37+00:00","og_image":[{"url":"https:\/\/simbavegetables.nl\/wp-content\/uploads\/Simba_broccoli_coliflower-300x226.jpg","type":"","width":"","height":""}],"twitter_card":"summary_large_image","twitter_misc":{"Dur\u00e9e de lecture estim\u00e9e":"1 minute"},"schema":{"@context":"https:\/\/schema.org","@graph":[{"@type":"WebPage","@id":"https:\/\/simbavegetables.nl\/fr\/chou-fleur-et-brocoli\/","url":"https:\/\/simbavegetables.nl\/fr\/chou-fleur-et-brocoli\/","name":"- simba vegetables bv","isPartOf":{"@id":"https:\/\/simbavegetables.nl\/fr\/#website"},"primaryImageOfPage":{"@id":"https:\/\/simbavegetables.nl\/fr\/chou-fleur-et-brocoli\/#primaryimage"},"image":{"@id":"https:\/\/simbavegetables.nl\/fr\/chou-fleur-et-brocoli\/#primaryimage"},"thumbnailUrl":"https:\/\/simbavegetables.nl\/wp-content\/uploads\/Simba_broccoli_coliflower-300x226.jpg","datePublished":"2018-04-17T13:57:35+00:00","dateModified":"2023-01-05T15:54:37+00:00","inLanguage":"fr-FR","potentialAction":[{"@type":"ReadAction","target":["https:\/\/simbavegetables.nl\/fr\/chou-fleur-et-brocoli\/"]}]},{"@type":"ImageObject","inLanguage":"fr-FR","@id":"https:\/\/simbavegetables.nl\/fr\/chou-fleur-et-brocoli\/#primaryimage","url":"https:\/\/simbavegetables.nl\/wp-content\/uploads\/Simba_broccoli_coliflower-300x226.jpg","contentUrl":"https:\/\/simbavegetables.nl\/wp-content\/uploads\/Simba_broccoli_coliflower-300x226.jpg"},{"@type":"WebSite","@id":"https:\/\/simbavegetables.nl\/fr\/#website","url":"https:\/\/simbavegetables.nl\/fr\/","name":"simba vegetables bv","description":"specialised in the purchase and sales of fresh vegetables from Holland","publisher":{"@id":"https:\/\/simbavegetables.nl\/fr\/#organization"},"potentialAction":[{"@type":"SearchAction","target":{"@type":"EntryPoint","urlTemplate":"https:\/\/simbavegetables.nl\/fr\/?s={search_term_string}"},"query-input":{"@type":"PropertyValueSpecification","valueRequired":true,"valueName":"search_term_string"}}],"inLanguage":"fr-FR"},{"@type":"Organization","@id":"https:\/\/simbavegetables.nl\/fr\/#organization","name":"Simba Vegetables","url":"https:\/\/simbavegetables.nl\/fr\/","logo":{"@type":"ImageObject","inLanguage":"fr-FR","@id":"https:\/\/simbavegetables.nl\/fr\/#\/schema\/logo\/image\/","url":"https:\/\/simbavegetables.nl\/wp-content\/uploads\/Simba_vegetables_druklogo_3.png","contentUrl":"https:\/\/simbavegetables.nl\/wp-content\/uploads\/Simba_vegetables_druklogo_3.png","width":511,"height":151,"caption":"Simba Vegetables"},"image":{"@id":"https:\/\/simbavegetables.nl\/fr\/#\/schema\/logo\/image\/"},"sameAs":["https:\/\/www.facebook.com\/Simbavegetables\/?fref=ts"]}]}},"_links":{"self":[{"href":"https:\/\/simbavegetables.nl\/fr\/wp-json\/wp\/v2\/pages\/1349","targetHints":{"allow":["GET"]}}],"collection":[{"href":"https:\/\/simbavegetables.nl\/fr\/wp-json\/wp\/v2\/pages"}],"about":[{"href":"https:\/\/simbavegetables.nl\/fr\/wp-json\/wp\/v2\/types\/page"}],"author":[{"embeddable":true,"href":"https:\/\/simbavegetables.nl\/fr\/wp-json\/wp\/v2\/users\/1"}],"replies":[{"embeddable":true,"href":"https:\/\/simbavegetables.nl\/fr\/wp-json\/wp\/v2\/comments?post=1349"}],"version-history":[{"count":6,"href":"https:\/\/simbavegetables.nl\/fr\/wp-json\/wp\/v2\/pages\/1349\/revisions"}],"predecessor-version":[{"id":92959,"href":"https:\/\/simbavegetables.nl\/fr\/wp-json\/wp\/v2\/pages\/1349\/revisions\/92959"}],"wp:attachment":[{"href":"https:\/\/simbavegetables.nl\/fr\/wp-json\/wp\/v2\/media?parent=1349"}],"curies":[{"name":"wp","href":"https:\/\/api.w.org\/{rel}","templated":true}]}}