{"id":1357,"date":"2018-04-17T14:06:43","date_gmt":"2018-04-17T14:06:43","guid":{"rendered":"http:\/\/simbavegetables.nl\/?page_id=1357"},"modified":"2025-06-16T14:38:49","modified_gmt":"2025-06-16T14:38:49","slug":"contact","status":"publish","type":"page","link":"https:\/\/simbavegetables.nl\/fr\/contact\/","title":{"rendered":""},"content":{"rendered":"\t\t<div data-elementor-type=\"wp-page\" data-elementor-id=\"1357\" class=\"elementor elementor-1357 elementor-16\" data-elementor-post-type=\"page\">\n\t\t\t\t\t\t<section class=\"elementor-section elementor-top-section elementor-element elementor-element-453718c elementor-section-boxed elementor-section-height-default elementor-section-height-default\" data-id=\"453718c\" data-element_type=\"section\">\n\t\t\t\t\t\t<div class=\"elementor-container elementor-column-gap-default\">\n\t\t\t\t\t<div class=\"elementor-column elementor-col-100 elementor-top-column elementor-element elementor-element-632a969\" data-id=\"632a969\" data-element_type=\"column\">\n\t\t\t<div class=\"elementor-widget-wrap elementor-element-populated\">\n\t\t\t\t\t\t<div class=\"elementor-element elementor-element-cd736ae elementor-widget elementor-widget-spacer\" data-id=\"cd736ae\" data-element_type=\"widget\" data-widget_type=\"spacer.default\">\n\t\t\t\t<div class=\"elementor-widget-container\">\n\t\t\t\t\t\t\t<div class=\"elementor-spacer\">\n\t\t\t<div class=\"elementor-spacer-inner\"><\/div>\n\t\t<\/div>\n\t\t\t\t\t\t<\/div>\n\t\t\t\t<\/div>\n\t\t\t\t\t<\/div>\n\t\t<\/div>\n\t\t\t\t\t<\/div>\n\t\t<\/section>\n\t\t\t\t<section class=\"elementor-section elementor-top-section elementor-element elementor-element-7226b95c elementor-section-boxed elementor-section-height-default elementor-section-height-default\" data-id=\"7226b95c\" data-element_type=\"section\">\n\t\t\t\t\t\t<div class=\"elementor-container elementor-column-gap-default\">\n\t\t\t\t\t<div class=\"elementor-column elementor-col-25 elementor-top-column elementor-element elementor-element-55464979\" data-id=\"55464979\" data-element_type=\"column\">\n\t\t\t<div class=\"elementor-widget-wrap elementor-element-populated\">\n\t\t\t\t\t\t<div class=\"elementor-element elementor-element-5707553f elementor-widget elementor-widget-text-editor\" data-id=\"5707553f\" data-element_type=\"widget\" data-widget_type=\"text-editor.default\">\n\t\t\t\t<div class=\"elementor-widget-container\">\n\t\t\t\t\t\t\t\t\t<p><img fetchpriority=\"high\" decoding=\"async\" class=\"alignnone wp-image-94162 size-full\" src=\"https:\/\/simbavegetables.nl\/wp-content\/uploads\/Servan-Ott-Fotografie-Simba-Vegetables-BV-Klein-5.jpg\" alt=\"\" width=\"600\" height=\"400\" srcset=\"https:\/\/simbavegetables.nl\/wp-content\/uploads\/Servan-Ott-Fotografie-Simba-Vegetables-BV-Klein-5.jpg 600w, https:\/\/simbavegetables.nl\/wp-content\/uploads\/Servan-Ott-Fotografie-Simba-Vegetables-BV-Klein-5-300x200.jpg 300w\" sizes=\"(max-width: 600px) 100vw, 600px\" \/><br \/><strong><br \/>Maurice Ott<br \/><\/strong><em>Managing Director \/ Sales<\/em><br \/>Mobile.: +31 (0)625 515 333<br \/><a style=\"font-size: 1em; line-height: 1.5em;\" href=\"mailto:maurice@simbavegetables.nl\"><b>maurice@simbavegetables.nl<\/b><\/a><\/p>\t\t\t\t\t\t\t\t<\/div>\n\t\t\t\t<\/div>\n\t\t\t\t\t<\/div>\n\t\t<\/div>\n\t\t\t\t<div class=\"elementor-column elementor-col-25 elementor-top-column elementor-element elementor-element-5f1076eb\" data-id=\"5f1076eb\" data-element_type=\"column\">\n\t\t\t<div class=\"elementor-widget-wrap elementor-element-populated\">\n\t\t\t\t\t\t<div class=\"elementor-element elementor-element-62c4b794 elementor-widget elementor-widget-text-editor\" data-id=\"62c4b794\" data-element_type=\"widget\" data-widget_type=\"text-editor.default\">\n\t\t\t\t<div class=\"elementor-widget-container\">\n\t\t\t\t\t\t\t\t\t<p><img decoding=\"async\" class=\"alignnone wp-image-94172 size-full\" src=\"https:\/\/simbavegetables.nl\/wp-content\/uploads\/Servan-Ott-Fotografie-Simba-Vegetables-BV-Klein-3.jpg\" alt=\"\" width=\"600\" height=\"400\" srcset=\"https:\/\/simbavegetables.nl\/wp-content\/uploads\/Servan-Ott-Fotografie-Simba-Vegetables-BV-Klein-3.jpg 600w, https:\/\/simbavegetables.nl\/wp-content\/uploads\/Servan-Ott-Fotografie-Simba-Vegetables-BV-Klein-3-300x200.jpg 300w\" sizes=\"(max-width: 600px) 100vw, 600px\" \/><br \/><strong><br \/>Mari\u00eblle Vertelman<br \/><\/strong><em>Administration \/ Accounts<b><br \/><\/b><\/em>Tel.:\u00a0+31 (0)228 745 390<br \/><b><a href=\"mailto:post@simbavegetables.nl\" target=\"_blank\" rel=\"noopener\">post@simbavegetables.nl<\/a><\/b><\/p>\t\t\t\t\t\t\t\t<\/div>\n\t\t\t\t<\/div>\n\t\t\t\t\t<\/div>\n\t\t<\/div>\n\t\t\t\t<div class=\"elementor-column elementor-col-25 elementor-top-column elementor-element elementor-element-1696dd28\" data-id=\"1696dd28\" data-element_type=\"column\">\n\t\t\t<div class=\"elementor-widget-wrap elementor-element-populated\">\n\t\t\t\t\t\t<div class=\"elementor-element elementor-element-240e202c elementor-widget elementor-widget-text-editor\" data-id=\"240e202c\" data-element_type=\"widget\" data-widget_type=\"text-editor.default\">\n\t\t\t\t<div class=\"elementor-widget-container\">\n\t\t\t\t\t\t\t\t\t<p><img decoding=\"async\" class=\"alignnone wp-image-94179 size-full\" src=\"https:\/\/simbavegetables.nl\/wp-content\/uploads\/Servan-Ott-Fotografie-Simba-Vegetables-BV-Klein-2.jpg\" alt=\"\" width=\"600\" height=\"400\" srcset=\"https:\/\/simbavegetables.nl\/wp-content\/uploads\/Servan-Ott-Fotografie-Simba-Vegetables-BV-Klein-2.jpg 600w, https:\/\/simbavegetables.nl\/wp-content\/uploads\/Servan-Ott-Fotografie-Simba-Vegetables-BV-Klein-2-300x200.jpg 300w\" sizes=\"(max-width: 600px) 100vw, 600px\" \/><br \/><strong><br \/>Wyne Poppinga<br \/><\/strong><em>Senior Sales Manager<b><br \/><\/b><\/em>Mobile.: +31 (0)657 766 303<br \/><strong><a href=\"mailto:wyne@simbavegetables.nl\" target=\"_blank\" rel=\"noopener\">wyne@simbavegetables.nl<\/a><\/strong><\/p>\t\t\t\t\t\t\t\t<\/div>\n\t\t\t\t<\/div>\n\t\t\t\t\t<\/div>\n\t\t<\/div>\n\t\t\t\t<div class=\"elementor-column elementor-col-25 elementor-top-column elementor-element elementor-element-79c1f5f7\" data-id=\"79c1f5f7\" data-element_type=\"column\">\n\t\t\t<div class=\"elementor-widget-wrap elementor-element-populated\">\n\t\t\t\t\t\t<div class=\"elementor-element elementor-element-465c142e elementor-widget elementor-widget-text-editor\" data-id=\"465c142e\" data-element_type=\"widget\" data-widget_type=\"text-editor.default\">\n\t\t\t\t<div class=\"elementor-widget-container\">\n\t\t\t\t\t\t\t\t\t<p><img loading=\"lazy\" decoding=\"async\" class=\"alignnone wp-image-94186 size-full\" src=\"https:\/\/simbavegetables.nl\/wp-content\/uploads\/Servan-Ott-Fotografie-Simba-Vegetables-BV-Klein-1.jpg\" alt=\"\" width=\"600\" height=\"400\" srcset=\"https:\/\/simbavegetables.nl\/wp-content\/uploads\/Servan-Ott-Fotografie-Simba-Vegetables-BV-Klein-1.jpg 600w, https:\/\/simbavegetables.nl\/wp-content\/uploads\/Servan-Ott-Fotografie-Simba-Vegetables-BV-Klein-1-300x200.jpg 300w\" sizes=\"(max-width: 600px) 100vw, 600px\" \/><br \/><strong><br \/>Bram Rohling<br \/><\/strong><em>Senior Sales Manager<br \/><\/em>Mobile.: +31 (0)682 006 039<em><br \/><\/em><strong><a href=\"mailto:bram@simbavegetables.nl\" target=\"_blank\" rel=\"noopener\">bram@simbavegetables.nl<\/a><\/strong><br \/><b><\/b><\/p>\t\t\t\t\t\t\t\t<\/div>\n\t\t\t\t<\/div>\n\t\t\t\t\t<\/div>\n\t\t<\/div>\n\t\t\t\t\t<\/div>\n\t\t<\/section>\n\t\t\t\t<section class=\"elementor-section elementor-top-section elementor-element elementor-element-f22b7b6 elementor-section-boxed elementor-section-height-default elementor-section-height-default\" data-id=\"f22b7b6\" data-element_type=\"section\">\n\t\t\t\t\t\t<div class=\"elementor-container elementor-column-gap-default\">\n\t\t\t\t\t<div class=\"elementor-column elementor-col-100 elementor-top-column elementor-element elementor-element-2c0633ae\" data-id=\"2c0633ae\" data-element_type=\"column\">\n\t\t\t<div class=\"elementor-widget-wrap elementor-element-populated\">\n\t\t\t\t\t\t<div class=\"elementor-element elementor-element-6c246646 elementor-widget elementor-widget-text-editor\" data-id=\"6c246646\" data-element_type=\"widget\" data-widget_type=\"text-editor.default\">\n\t\t\t\t<div class=\"elementor-widget-container\">\n\t\t\t\t\t\t\t\t\t<p>Les informations que vous envoyez seront trait\u00e9es avec soin, confidentialit\u00e9 et respect. Vous pouvez en lire plus \u00e0 ce sujet dans la <a href=\"https:\/\/simbavegetables.nl\/wp-content\/uploads\/1706182106_SimbaTermsandConditionsENG.pdf\" target=\"_blank\" rel=\"noopener\">d\u00e9claration de confidentialit\u00e9<\/a>.<\/p><h2><iframe style=\"border: 0;\" src=\"https:\/\/www.google.com\/maps\/embed?pb=!1m18!1m12!1m3!1d2464976.321074875!2d2.4169776690162164!3d52.890760025664456!2m3!1f0!2f0!3f0!3m2!1i1024!2i768!4f13.1!3m3!1m2!1s0x47c8b43b0d1ce3c3%3A0x403c8a7afebc81da!2sNoorderkwelweg%2018%2C%201771%20MG%20Wieringerwerf!5e0!3m2!1snl!2snl!4v1702596293687!5m2!1snl!2snl\" width=\"600\" height=\"450\" allowfullscreen=\"allowfullscreen\"><\/iframe><br \/><small><\/small><\/h2><p>Bien s\u00fbr, vous \u00eates invit\u00e9s \u00e0 nous rejoindre pour une visite guid\u00e9e!<\/p><div class=\"wp-block-spacer\" style=\"height: 100px;\" aria-hidden=\"true\">\u00a0<\/div>\t\t\t\t\t\t\t\t<\/div>\n\t\t\t\t<\/div>\n\t\t\t\t\t<\/div>\n\t\t<\/div>\n\t\t\t\t\t<\/div>\n\t\t<\/section>\n\t\t\t\t<\/div>\n\t\t","protected":false},"excerpt":{"rendered":"<p>Maurice OttManaging Director \/ SalesMobile.: +31 (0)625 515 333maurice@simbavegetables.nl Mari\u00eblle VertelmanAdministration \/ AccountsTel.:\u00a0+31 (0)228 745 390post@simbavegetables.nl Wyne PoppingaSenior Sales ManagerMobile.: +31 (0)657 766 303wyne@simbavegetables.nl Bram RohlingSenior Sales ManagerMobile.: +31 (0)682 006 039bram@simbavegetables.nl Les informations que vous envoyez seront trait\u00e9es avec soin, confidentialit\u00e9 et respect. Vous pouvez en lire plus \u00e0 ce sujet dans la d\u00e9claration [&hellip;]<\/p>\n","protected":false},"author":1,"featured_media":1628,"parent":0,"menu_order":0,"comment_status":"closed","ping_status":"closed","template":"","meta":{"footnotes":"","_links_to":"","_links_to_target":""},"class_list":["post-1357","page","type-page","status-publish","has-post-thumbnail","hentry"],"yoast_head":"<!-- This site is optimized with the Yoast SEO plugin v24.9 - https:\/\/yoast.com\/wordpress\/plugins\/seo\/ -->\n<title>- simba vegetables bv<\/title>\n<meta name=\"robots\" content=\"index, follow, max-snippet:-1, max-image-preview:large, max-video-preview:-1\" \/>\n<link rel=\"canonical\" href=\"https:\/\/simbavegetables.nl\/fr\/contact\/\" \/>\n<meta property=\"og:locale\" content=\"fr_FR\" \/>\n<meta property=\"og:type\" content=\"article\" \/>\n<meta property=\"og:title\" content=\"- simba vegetables bv\" \/>\n<meta property=\"og:description\" content=\"Maurice OttManaging Director \/ SalesMobile.: +31 (0)625 515 333maurice@simbavegetables.nl Mari\u00eblle VertelmanAdministration \/ AccountsTel.:\u00a0+31 (0)228 745 390post@simbavegetables.nl Wyne PoppingaSenior Sales ManagerMobile.: +31 (0)657 766 303wyne@simbavegetables.nl Bram RohlingSenior Sales ManagerMobile.: +31 (0)682 006 039bram@simbavegetables.nl Les informations que vous envoyez seront trait\u00e9es avec soin, confidentialit\u00e9 et respect. Vous pouvez en lire plus \u00e0 ce sujet dans la d\u00e9claration [&hellip;]\" \/>\n<meta property=\"og:url\" content=\"https:\/\/simbavegetables.nl\/fr\/contact\/\" \/>\n<meta property=\"og:site_name\" content=\"simba vegetables bv\" \/>\n<meta property=\"article:publisher\" content=\"https:\/\/www.facebook.com\/Simbavegetables\/?fref=ts\" \/>\n<meta property=\"article:modified_time\" content=\"2025-06-16T14:38:49+00:00\" \/>\n<meta property=\"og:image\" content=\"https:\/\/simbavegetables.nl\/wp-content\/uploads\/Simba_kantoor-1.jpg\" \/>\n\t<meta property=\"og:image:width\" content=\"1413\" \/>\n\t<meta property=\"og:image:height\" content=\"590\" \/>\n\t<meta property=\"og:image:type\" content=\"image\/jpeg\" \/>\n<meta name=\"twitter:card\" content=\"summary_large_image\" \/>\n<meta name=\"twitter:label1\" content=\"Dur\u00e9e de lecture estim\u00e9e\" \/>\n\t<meta name=\"twitter:data1\" content=\"2 minutes\" \/>\n<script type=\"application\/ld+json\" class=\"yoast-schema-graph\">{\"@context\":\"https:\/\/schema.org\",\"@graph\":[{\"@type\":\"WebPage\",\"@id\":\"https:\/\/simbavegetables.nl\/fr\/contact\/\",\"url\":\"https:\/\/simbavegetables.nl\/fr\/contact\/\",\"name\":\"- simba vegetables bv\",\"isPartOf\":{\"@id\":\"https:\/\/simbavegetables.nl\/fr\/#website\"},\"primaryImageOfPage\":{\"@id\":\"https:\/\/simbavegetables.nl\/fr\/contact\/#primaryimage\"},\"image\":{\"@id\":\"https:\/\/simbavegetables.nl\/fr\/contact\/#primaryimage\"},\"thumbnailUrl\":\"https:\/\/simbavegetables.nl\/wp-content\/uploads\/Simba_kantoor-1.jpg\",\"datePublished\":\"2018-04-17T14:06:43+00:00\",\"dateModified\":\"2025-06-16T14:38:49+00:00\",\"inLanguage\":\"fr-FR\",\"potentialAction\":[{\"@type\":\"ReadAction\",\"target\":[\"https:\/\/simbavegetables.nl\/fr\/contact\/\"]}]},{\"@type\":\"ImageObject\",\"inLanguage\":\"fr-FR\",\"@id\":\"https:\/\/simbavegetables.nl\/fr\/contact\/#primaryimage\",\"url\":\"https:\/\/simbavegetables.nl\/wp-content\/uploads\/Simba_kantoor-1.jpg\",\"contentUrl\":\"https:\/\/simbavegetables.nl\/wp-content\/uploads\/Simba_kantoor-1.jpg\",\"width\":1413,\"height\":590},{\"@type\":\"WebSite\",\"@id\":\"https:\/\/simbavegetables.nl\/fr\/#website\",\"url\":\"https:\/\/simbavegetables.nl\/fr\/\",\"name\":\"simba vegetables bv\",\"description\":\"specialised in the purchase and sales of fresh vegetables from Holland\",\"publisher\":{\"@id\":\"https:\/\/simbavegetables.nl\/fr\/#organization\"},\"potentialAction\":[{\"@type\":\"SearchAction\",\"target\":{\"@type\":\"EntryPoint\",\"urlTemplate\":\"https:\/\/simbavegetables.nl\/fr\/?s={search_term_string}\"},\"query-input\":{\"@type\":\"PropertyValueSpecification\",\"valueRequired\":true,\"valueName\":\"search_term_string\"}}],\"inLanguage\":\"fr-FR\"},{\"@type\":\"Organization\",\"@id\":\"https:\/\/simbavegetables.nl\/fr\/#organization\",\"name\":\"Simba Vegetables\",\"url\":\"https:\/\/simbavegetables.nl\/fr\/\",\"logo\":{\"@type\":\"ImageObject\",\"inLanguage\":\"fr-FR\",\"@id\":\"https:\/\/simbavegetables.nl\/fr\/#\/schema\/logo\/image\/\",\"url\":\"https:\/\/simbavegetables.nl\/wp-content\/uploads\/Simba_vegetables_druklogo_3.png\",\"contentUrl\":\"https:\/\/simbavegetables.nl\/wp-content\/uploads\/Simba_vegetables_druklogo_3.png\",\"width\":511,\"height\":151,\"caption\":\"Simba Vegetables\"},\"image\":{\"@id\":\"https:\/\/simbavegetables.nl\/fr\/#\/schema\/logo\/image\/\"},\"sameAs\":[\"https:\/\/www.facebook.com\/Simbavegetables\/?fref=ts\"]}]}<\/script>\n<!-- \/ Yoast SEO plugin. -->","yoast_head_json":{"title":"- simba vegetables bv","robots":{"index":"index","follow":"follow","max-snippet":"max-snippet:-1","max-image-preview":"max-image-preview:large","max-video-preview":"max-video-preview:-1"},"canonical":"https:\/\/simbavegetables.nl\/fr\/contact\/","og_locale":"fr_FR","og_type":"article","og_title":"- simba vegetables bv","og_description":"Maurice OttManaging Director \/ SalesMobile.: +31 (0)625 515 333maurice@simbavegetables.nl Mari\u00eblle VertelmanAdministration \/ AccountsTel.:\u00a0+31 (0)228 745 390post@simbavegetables.nl Wyne PoppingaSenior Sales ManagerMobile.: +31 (0)657 766 303wyne@simbavegetables.nl Bram RohlingSenior Sales ManagerMobile.: +31 (0)682 006 039bram@simbavegetables.nl Les informations que vous envoyez seront trait\u00e9es avec soin, confidentialit\u00e9 et respect. Vous pouvez en lire plus \u00e0 ce sujet dans la d\u00e9claration [&hellip;]","og_url":"https:\/\/simbavegetables.nl\/fr\/contact\/","og_site_name":"simba vegetables bv","article_publisher":"https:\/\/www.facebook.com\/Simbavegetables\/?fref=ts","article_modified_time":"2025-06-16T14:38:49+00:00","og_image":[{"width":1413,"height":590,"url":"https:\/\/simbavegetables.nl\/wp-content\/uploads\/Simba_kantoor-1.jpg","type":"image\/jpeg"}],"twitter_card":"summary_large_image","twitter_misc":{"Dur\u00e9e de lecture estim\u00e9e":"2 minutes"},"schema":{"@context":"https:\/\/schema.org","@graph":[{"@type":"WebPage","@id":"https:\/\/simbavegetables.nl\/fr\/contact\/","url":"https:\/\/simbavegetables.nl\/fr\/contact\/","name":"- simba vegetables bv","isPartOf":{"@id":"https:\/\/simbavegetables.nl\/fr\/#website"},"primaryImageOfPage":{"@id":"https:\/\/simbavegetables.nl\/fr\/contact\/#primaryimage"},"image":{"@id":"https:\/\/simbavegetables.nl\/fr\/contact\/#primaryimage"},"thumbnailUrl":"https:\/\/simbavegetables.nl\/wp-content\/uploads\/Simba_kantoor-1.jpg","datePublished":"2018-04-17T14:06:43+00:00","dateModified":"2025-06-16T14:38:49+00:00","inLanguage":"fr-FR","potentialAction":[{"@type":"ReadAction","target":["https:\/\/simbavegetables.nl\/fr\/contact\/"]}]},{"@type":"ImageObject","inLanguage":"fr-FR","@id":"https:\/\/simbavegetables.nl\/fr\/contact\/#primaryimage","url":"https:\/\/simbavegetables.nl\/wp-content\/uploads\/Simba_kantoor-1.jpg","contentUrl":"https:\/\/simbavegetables.nl\/wp-content\/uploads\/Simba_kantoor-1.jpg","width":1413,"height":590},{"@type":"WebSite","@id":"https:\/\/simbavegetables.nl\/fr\/#website","url":"https:\/\/simbavegetables.nl\/fr\/","name":"simba vegetables bv","description":"specialised in the purchase and sales of fresh vegetables from Holland","publisher":{"@id":"https:\/\/simbavegetables.nl\/fr\/#organization"},"potentialAction":[{"@type":"SearchAction","target":{"@type":"EntryPoint","urlTemplate":"https:\/\/simbavegetables.nl\/fr\/?s={search_term_string}"},"query-input":{"@type":"PropertyValueSpecification","valueRequired":true,"valueName":"search_term_string"}}],"inLanguage":"fr-FR"},{"@type":"Organization","@id":"https:\/\/simbavegetables.nl\/fr\/#organization","name":"Simba Vegetables","url":"https:\/\/simbavegetables.nl\/fr\/","logo":{"@type":"ImageObject","inLanguage":"fr-FR","@id":"https:\/\/simbavegetables.nl\/fr\/#\/schema\/logo\/image\/","url":"https:\/\/simbavegetables.nl\/wp-content\/uploads\/Simba_vegetables_druklogo_3.png","contentUrl":"https:\/\/simbavegetables.nl\/wp-content\/uploads\/Simba_vegetables_druklogo_3.png","width":511,"height":151,"caption":"Simba Vegetables"},"image":{"@id":"https:\/\/simbavegetables.nl\/fr\/#\/schema\/logo\/image\/"},"sameAs":["https:\/\/www.facebook.com\/Simbavegetables\/?fref=ts"]}]}},"_links":{"self":[{"href":"https:\/\/simbavegetables.nl\/fr\/wp-json\/wp\/v2\/pages\/1357","targetHints":{"allow":["GET"]}}],"collection":[{"href":"https:\/\/simbavegetables.nl\/fr\/wp-json\/wp\/v2\/pages"}],"about":[{"href":"https:\/\/simbavegetables.nl\/fr\/wp-json\/wp\/v2\/types\/page"}],"author":[{"embeddable":true,"href":"https:\/\/simbavegetables.nl\/fr\/wp-json\/wp\/v2\/users\/1"}],"replies":[{"embeddable":true,"href":"https:\/\/simbavegetables.nl\/fr\/wp-json\/wp\/v2\/comments?post=1357"}],"version-history":[{"count":57,"href":"https:\/\/simbavegetables.nl\/fr\/wp-json\/wp\/v2\/pages\/1357\/revisions"}],"predecessor-version":[{"id":94257,"href":"https:\/\/simbavegetables.nl\/fr\/wp-json\/wp\/v2\/pages\/1357\/revisions\/94257"}],"wp:featuredmedia":[{"embeddable":true,"href":"https:\/\/simbavegetables.nl\/fr\/wp-json\/wp\/v2\/media\/1628"}],"wp:attachment":[{"href":"https:\/\/simbavegetables.nl\/fr\/wp-json\/wp\/v2\/media?parent=1357"}],"curies":[{"name":"wp","href":"https:\/\/api.w.org\/{rel}","templated":true}]}}