{"id":1359,"date":"2018-04-17T14:09:19","date_gmt":"2018-04-17T14:09:19","guid":{"rendered":"http:\/\/simbavegetables.nl\/?page_id=1359"},"modified":"2023-01-05T15:41:39","modified_gmt":"2023-01-05T15:41:39","slug":"chou","status":"publish","type":"page","link":"https:\/\/simbavegetables.nl\/fr\/chou\/","title":{"rendered":""},"content":{"rendered":"\n<div style=\"height:100px\" aria-hidden=\"true\" class=\"wp-block-spacer\"><\/div>\n\n\n<p><img fetchpriority=\"high\" decoding=\"async\" class=\"size-medium wp-image-1007 alignleft\" src=\"https:\/\/simbavegetables.nl\/wp-content\/uploads\/website-ready-cabbage-300x227.jpg\" alt=\"cabbage\" width=\"300\" height=\"227\" srcset=\"https:\/\/simbavegetables.nl\/wp-content\/uploads\/website-ready-cabbage-300x227.jpg 300w, https:\/\/simbavegetables.nl\/wp-content\/uploads\/website-ready-cabbage-150x113.jpg 150w, https:\/\/simbavegetables.nl\/wp-content\/uploads\/website-ready-cabbage.jpg 303w\" sizes=\"(max-width: 300px) 100vw, 300px\" \/><\/p>\n<h1><strong>Choux<\/strong><\/h1>\n<p>Dans la zone o\u00f9 se trouve Simba Vegetables, \u00e0 environ une heure de route d&rsquo;Amsterdam, on cultive beaucoup de choux. Nous travaillons directement avec les producteurs, ce qui permet de maintenir une cha\u00eene d&rsquo;approvisionnement courte et nous permet de garantir des produits frais.<\/p>\n<p>Simba Vegetables peut fournir diff\u00e9rents types de choux par exemple; blanc, rouge, &nbsp;chou de Savoie et chou pointu. Mais aussi d&rsquo;autres types sont possibles, s&rsquo;il vous pla\u00eet regardez ici si vous \u00eates int\u00e9ress\u00e9 par le chou-fleur et le brocoli.<\/p>\n<p>Nous pouvons fournir du chou toute l&rsquo;ann\u00e9e. Au d\u00e9but de la saison, nous livrons directement du terrain et plus tard dans la saison nous livrons du stockage. La p\u00e9riode de r\u00e9colte des vari\u00e9t\u00e9s diff\u00e8re, s&rsquo;il vous pla\u00eet demander la disponibilit\u00e9.<\/p>\n<p>Nous pouvons emballer \u00e0 votre demande, nous pouvons fournir diff\u00e9rentes calibre et emballages. Par exemple; emball\u00e9 dans des sacs, des sacs vierges ou des sacs avec une marque. Mais aussi diff\u00e9rents types et tailles de carton sont possibles.<\/p>\n<p>Aimeriez-vous en savoir plus sur les vari\u00e9t\u00e9s disponibles? <a href=\"https:\/\/simbavegetables.nl\/fr\/contact\/\">Contactez-nous<\/a> s&rsquo;il vous plait.<\/p>\n\n\n<div style=\"height:100px\" aria-hidden=\"true\" class=\"wp-block-spacer\"><\/div>\n","protected":false},"excerpt":{"rendered":"<p>Choux Dans la zone o\u00f9 se trouve Simba Vegetables, \u00e0 environ une heure de route d&rsquo;Amsterdam, on cultive beaucoup de choux. Nous travaillons directement avec les producteurs, ce qui permet de maintenir une cha\u00eene d&rsquo;approvisionnement courte et nous permet de garantir des produits frais. Simba Vegetables peut fournir diff\u00e9rents types de choux par exemple; blanc, [&hellip;]<\/p>\n","protected":false},"author":1,"featured_media":0,"parent":0,"menu_order":0,"comment_status":"closed","ping_status":"closed","template":"","meta":{"footnotes":"","_links_to":"","_links_to_target":""},"class_list":["post-1359","page","type-page","status-publish","hentry"],"yoast_head":"<!-- This site is optimized with the Yoast SEO plugin v24.9 - https:\/\/yoast.com\/wordpress\/plugins\/seo\/ -->\n<title>Simba Vegetables peut fournir diff\u00e9rents types de choux<\/title>\n<meta name=\"description\" content=\"Simba Vegetables peut fournir diff\u00e9rents types de choux par exemple; blanc, rouge, \u00a0chou de Savoie et chou pointu.Mais aussi d&#039;autres types sont possibles, s&#039;il vous pla\u00eet regardez ici si vous \u00eates int\u00e9ress\u00e9 par le chou-fleur et le brocoli.\" \/>\n<meta name=\"robots\" content=\"index, follow, max-snippet:-1, max-image-preview:large, max-video-preview:-1\" \/>\n<link rel=\"canonical\" href=\"https:\/\/simbavegetables.nl\/fr\/chou\/\" \/>\n<meta property=\"og:locale\" content=\"fr_FR\" \/>\n<meta property=\"og:type\" content=\"article\" \/>\n<meta property=\"og:title\" content=\"Simba Vegetables peut fournir diff\u00e9rents types de choux\" \/>\n<meta property=\"og:description\" content=\"Simba Vegetables peut fournir diff\u00e9rents types de choux par exemple; blanc, rouge, \u00a0chou de Savoie et chou pointu.Mais aussi d&#039;autres types sont possibles, s&#039;il vous pla\u00eet regardez ici si vous \u00eates int\u00e9ress\u00e9 par le chou-fleur et le brocoli.\" \/>\n<meta property=\"og:url\" content=\"https:\/\/simbavegetables.nl\/fr\/chou\/\" \/>\n<meta property=\"og:site_name\" content=\"simba vegetables bv\" \/>\n<meta property=\"article:publisher\" content=\"https:\/\/www.facebook.com\/Simbavegetables\/?fref=ts\" \/>\n<meta property=\"article:modified_time\" content=\"2023-01-05T15:41:39+00:00\" \/>\n<meta property=\"og:image\" content=\"https:\/\/simbavegetables.nl\/wp-content\/uploads\/website-ready-cabbage-300x227.jpg\" \/>\n<meta name=\"twitter:card\" content=\"summary_large_image\" \/>\n<meta name=\"twitter:label1\" content=\"Dur\u00e9e de lecture estim\u00e9e\" \/>\n\t<meta name=\"twitter:data1\" content=\"1 minute\" \/>\n<script type=\"application\/ld+json\" class=\"yoast-schema-graph\">{\"@context\":\"https:\/\/schema.org\",\"@graph\":[{\"@type\":\"WebPage\",\"@id\":\"https:\/\/simbavegetables.nl\/fr\/chou\/\",\"url\":\"https:\/\/simbavegetables.nl\/fr\/chou\/\",\"name\":\"Simba Vegetables peut fournir diff\u00e9rents types de choux\",\"isPartOf\":{\"@id\":\"https:\/\/simbavegetables.nl\/fr\/#website\"},\"primaryImageOfPage\":{\"@id\":\"https:\/\/simbavegetables.nl\/fr\/chou\/#primaryimage\"},\"image\":{\"@id\":\"https:\/\/simbavegetables.nl\/fr\/chou\/#primaryimage\"},\"thumbnailUrl\":\"https:\/\/simbavegetables.nl\/wp-content\/uploads\/website-ready-cabbage-300x227.jpg\",\"datePublished\":\"2018-04-17T14:09:19+00:00\",\"dateModified\":\"2023-01-05T15:41:39+00:00\",\"description\":\"Simba Vegetables peut fournir diff\u00e9rents types de choux par exemple; blanc, rouge, \u00a0chou de Savoie et chou pointu.Mais aussi d'autres types sont possibles, s'il vous pla\u00eet regardez ici si vous \u00eates int\u00e9ress\u00e9 par le chou-fleur et le brocoli.\",\"inLanguage\":\"fr-FR\",\"potentialAction\":[{\"@type\":\"ReadAction\",\"target\":[\"https:\/\/simbavegetables.nl\/fr\/chou\/\"]}]},{\"@type\":\"ImageObject\",\"inLanguage\":\"fr-FR\",\"@id\":\"https:\/\/simbavegetables.nl\/fr\/chou\/#primaryimage\",\"url\":\"https:\/\/simbavegetables.nl\/wp-content\/uploads\/website-ready-cabbage-300x227.jpg\",\"contentUrl\":\"https:\/\/simbavegetables.nl\/wp-content\/uploads\/website-ready-cabbage-300x227.jpg\"},{\"@type\":\"WebSite\",\"@id\":\"https:\/\/simbavegetables.nl\/fr\/#website\",\"url\":\"https:\/\/simbavegetables.nl\/fr\/\",\"name\":\"simba vegetables bv\",\"description\":\"specialised in the purchase and sales of fresh vegetables from Holland\",\"publisher\":{\"@id\":\"https:\/\/simbavegetables.nl\/fr\/#organization\"},\"potentialAction\":[{\"@type\":\"SearchAction\",\"target\":{\"@type\":\"EntryPoint\",\"urlTemplate\":\"https:\/\/simbavegetables.nl\/fr\/?s={search_term_string}\"},\"query-input\":{\"@type\":\"PropertyValueSpecification\",\"valueRequired\":true,\"valueName\":\"search_term_string\"}}],\"inLanguage\":\"fr-FR\"},{\"@type\":\"Organization\",\"@id\":\"https:\/\/simbavegetables.nl\/fr\/#organization\",\"name\":\"Simba Vegetables\",\"url\":\"https:\/\/simbavegetables.nl\/fr\/\",\"logo\":{\"@type\":\"ImageObject\",\"inLanguage\":\"fr-FR\",\"@id\":\"https:\/\/simbavegetables.nl\/fr\/#\/schema\/logo\/image\/\",\"url\":\"https:\/\/simbavegetables.nl\/wp-content\/uploads\/Simba_vegetables_druklogo_3.png\",\"contentUrl\":\"https:\/\/simbavegetables.nl\/wp-content\/uploads\/Simba_vegetables_druklogo_3.png\",\"width\":511,\"height\":151,\"caption\":\"Simba Vegetables\"},\"image\":{\"@id\":\"https:\/\/simbavegetables.nl\/fr\/#\/schema\/logo\/image\/\"},\"sameAs\":[\"https:\/\/www.facebook.com\/Simbavegetables\/?fref=ts\"]}]}<\/script>\n<!-- \/ Yoast SEO plugin. -->","yoast_head_json":{"title":"Simba Vegetables peut fournir diff\u00e9rents types de choux","description":"Simba Vegetables peut fournir diff\u00e9rents types de choux par exemple; blanc, rouge, \u00a0chou de Savoie et chou pointu.Mais aussi d'autres types sont possibles, s'il vous pla\u00eet regardez ici si vous \u00eates int\u00e9ress\u00e9 par le chou-fleur et le brocoli.","robots":{"index":"index","follow":"follow","max-snippet":"max-snippet:-1","max-image-preview":"max-image-preview:large","max-video-preview":"max-video-preview:-1"},"canonical":"https:\/\/simbavegetables.nl\/fr\/chou\/","og_locale":"fr_FR","og_type":"article","og_title":"Simba Vegetables peut fournir diff\u00e9rents types de choux","og_description":"Simba Vegetables peut fournir diff\u00e9rents types de choux par exemple; blanc, rouge, \u00a0chou de Savoie et chou pointu.Mais aussi d'autres types sont possibles, s'il vous pla\u00eet regardez ici si vous \u00eates int\u00e9ress\u00e9 par le chou-fleur et le brocoli.","og_url":"https:\/\/simbavegetables.nl\/fr\/chou\/","og_site_name":"simba vegetables bv","article_publisher":"https:\/\/www.facebook.com\/Simbavegetables\/?fref=ts","article_modified_time":"2023-01-05T15:41:39+00:00","og_image":[{"url":"https:\/\/simbavegetables.nl\/wp-content\/uploads\/website-ready-cabbage-300x227.jpg","type":"","width":"","height":""}],"twitter_card":"summary_large_image","twitter_misc":{"Dur\u00e9e de lecture estim\u00e9e":"1 minute"},"schema":{"@context":"https:\/\/schema.org","@graph":[{"@type":"WebPage","@id":"https:\/\/simbavegetables.nl\/fr\/chou\/","url":"https:\/\/simbavegetables.nl\/fr\/chou\/","name":"Simba Vegetables peut fournir diff\u00e9rents types de choux","isPartOf":{"@id":"https:\/\/simbavegetables.nl\/fr\/#website"},"primaryImageOfPage":{"@id":"https:\/\/simbavegetables.nl\/fr\/chou\/#primaryimage"},"image":{"@id":"https:\/\/simbavegetables.nl\/fr\/chou\/#primaryimage"},"thumbnailUrl":"https:\/\/simbavegetables.nl\/wp-content\/uploads\/website-ready-cabbage-300x227.jpg","datePublished":"2018-04-17T14:09:19+00:00","dateModified":"2023-01-05T15:41:39+00:00","description":"Simba Vegetables peut fournir diff\u00e9rents types de choux par exemple; blanc, rouge, \u00a0chou de Savoie et chou pointu.Mais aussi d'autres types sont possibles, s'il vous pla\u00eet regardez ici si vous \u00eates int\u00e9ress\u00e9 par le chou-fleur et le brocoli.","inLanguage":"fr-FR","potentialAction":[{"@type":"ReadAction","target":["https:\/\/simbavegetables.nl\/fr\/chou\/"]}]},{"@type":"ImageObject","inLanguage":"fr-FR","@id":"https:\/\/simbavegetables.nl\/fr\/chou\/#primaryimage","url":"https:\/\/simbavegetables.nl\/wp-content\/uploads\/website-ready-cabbage-300x227.jpg","contentUrl":"https:\/\/simbavegetables.nl\/wp-content\/uploads\/website-ready-cabbage-300x227.jpg"},{"@type":"WebSite","@id":"https:\/\/simbavegetables.nl\/fr\/#website","url":"https:\/\/simbavegetables.nl\/fr\/","name":"simba vegetables bv","description":"specialised in the purchase and sales of fresh vegetables from Holland","publisher":{"@id":"https:\/\/simbavegetables.nl\/fr\/#organization"},"potentialAction":[{"@type":"SearchAction","target":{"@type":"EntryPoint","urlTemplate":"https:\/\/simbavegetables.nl\/fr\/?s={search_term_string}"},"query-input":{"@type":"PropertyValueSpecification","valueRequired":true,"valueName":"search_term_string"}}],"inLanguage":"fr-FR"},{"@type":"Organization","@id":"https:\/\/simbavegetables.nl\/fr\/#organization","name":"Simba Vegetables","url":"https:\/\/simbavegetables.nl\/fr\/","logo":{"@type":"ImageObject","inLanguage":"fr-FR","@id":"https:\/\/simbavegetables.nl\/fr\/#\/schema\/logo\/image\/","url":"https:\/\/simbavegetables.nl\/wp-content\/uploads\/Simba_vegetables_druklogo_3.png","contentUrl":"https:\/\/simbavegetables.nl\/wp-content\/uploads\/Simba_vegetables_druklogo_3.png","width":511,"height":151,"caption":"Simba Vegetables"},"image":{"@id":"https:\/\/simbavegetables.nl\/fr\/#\/schema\/logo\/image\/"},"sameAs":["https:\/\/www.facebook.com\/Simbavegetables\/?fref=ts"]}]}},"_links":{"self":[{"href":"https:\/\/simbavegetables.nl\/fr\/wp-json\/wp\/v2\/pages\/1359","targetHints":{"allow":["GET"]}}],"collection":[{"href":"https:\/\/simbavegetables.nl\/fr\/wp-json\/wp\/v2\/pages"}],"about":[{"href":"https:\/\/simbavegetables.nl\/fr\/wp-json\/wp\/v2\/types\/page"}],"author":[{"embeddable":true,"href":"https:\/\/simbavegetables.nl\/fr\/wp-json\/wp\/v2\/users\/1"}],"replies":[{"embeddable":true,"href":"https:\/\/simbavegetables.nl\/fr\/wp-json\/wp\/v2\/comments?post=1359"}],"version-history":[{"count":8,"href":"https:\/\/simbavegetables.nl\/fr\/wp-json\/wp\/v2\/pages\/1359\/revisions"}],"predecessor-version":[{"id":92942,"href":"https:\/\/simbavegetables.nl\/fr\/wp-json\/wp\/v2\/pages\/1359\/revisions\/92942"}],"wp:attachment":[{"href":"https:\/\/simbavegetables.nl\/fr\/wp-json\/wp\/v2\/media?parent=1359"}],"curies":[{"name":"wp","href":"https:\/\/api.w.org\/{rel}","templated":true}]}}