{"id":1363,"date":"2018-04-17T14:38:17","date_gmt":"2018-04-17T14:38:17","guid":{"rendered":"http:\/\/simbavegetables.nl\/?page_id=1363"},"modified":"2024-06-17T12:33:42","modified_gmt":"2024-06-17T12:33:42","slug":"a-propos-des-legumes-simba","status":"publish","type":"page","link":"https:\/\/simbavegetables.nl\/fr\/a-propos-des-legumes-simba\/","title":{"rendered":""},"content":{"rendered":"\t\t<div data-elementor-type=\"wp-page\" data-elementor-id=\"1363\" class=\"elementor elementor-1363 elementor-5\" data-elementor-post-type=\"page\">\n\t\t\t\t\t\t<section class=\"elementor-section elementor-top-section elementor-element elementor-element-337db7d9 elementor-section-boxed elementor-section-height-default elementor-section-height-default\" data-id=\"337db7d9\" data-element_type=\"section\">\n\t\t\t\t\t\t<div class=\"elementor-container elementor-column-gap-default\">\n\t\t\t\t\t<div class=\"elementor-column elementor-col-100 elementor-top-column elementor-element elementor-element-599bfa59\" data-id=\"599bfa59\" data-element_type=\"column\">\n\t\t\t<div class=\"elementor-widget-wrap elementor-element-populated\">\n\t\t\t\t\t\t<div class=\"elementor-element elementor-element-5c82578 elementor-widget elementor-widget-spacer\" data-id=\"5c82578\" data-element_type=\"widget\" data-widget_type=\"spacer.default\">\n\t\t\t\t<div class=\"elementor-widget-container\">\n\t\t\t\t\t\t\t<div class=\"elementor-spacer\">\n\t\t\t<div class=\"elementor-spacer-inner\"><\/div>\n\t\t<\/div>\n\t\t\t\t\t\t<\/div>\n\t\t\t\t<\/div>\n\t\t\t\t<div class=\"elementor-element elementor-element-147bad1a elementor-widget elementor-widget-text-editor\" data-id=\"147bad1a\" data-element_type=\"widget\" data-widget_type=\"text-editor.default\">\n\t\t\t\t<div class=\"elementor-widget-container\">\n\t\t\t\t\t\t\t\t\t<p>Simba Vegetables BV est fond\u00e9e par Maurice Ott le 1er avril 2014. Nous sommes situ\u00e9s \u00e0 Wieringerwerf, \u00e0 environ une heure d&rsquo;Amsterdam en voiture. Simba et Knibbe sont situ\u00e9s au m\u00eame endroit. Beaucoup de produits que nous exportons sont cultiv\u00e9s dans la r\u00e9gion, par exemple; pommes de terre, oignons, choux, carottes, chou-fleur et brocoli. Parce que tous ces produits sont cultiv\u00e9s dans la r\u00e9gion, nous pouvons observer de pr\u00e8s la culture et le traitement de nos produits. De plus, la plupart du traitement de nos produits a lieu sur notre site. En raison de cette courte cha\u00eene d&rsquo;approvisionnement, nous savons quel produit vous est export\u00e9. \u00a0<\/p><h2><span style=\"color: #99cc00;\"><strong>Choisissez les l\u00e9gumes Simba!<\/strong><\/span><\/h2><ul><li>Cha\u00eene d&rsquo;approvisionnement courte parce que nous cultivons, trions, emballons et vendons des produits que nous cultivons nous-m\u00eames.<\/li><li>Tous les produits doivent r\u00e9pondre aux normes de qualit\u00e9 \u00e9lev\u00e9es de Simba Vegetables.<\/li><li>Flexibilit\u00e9, nous pouvons fournir nos produits dans toutes les tailles et emballages.<\/li><li>Nous fournissons nos produits selon nos termes et conditions.<\/li><li>De nombreuses ann\u00e9es d&rsquo;exp\u00e9rience, dans l&rsquo;exportation et le transport dans le monde entier.<\/li><li>Nous pouvons organiser toute la documentation pour l&rsquo;exportation et le transport pour vous.<\/li><li>Nous utilisons des logiciels modernes; Green Commerce, qui est sp\u00e9cifiquement d\u00e9velopp\u00e9 pour l&rsquo;industrie agricole.<\/li><li>Pour notre commercialisation de choux, nous collaborons avec la soci\u00e9t\u00e9 anglaise Naylor Farm, s&rsquo;il vous pla\u00eet jeter un oeil \u00e0 <a href=\"http:\/\/www.cabbageking.nl\">cabbageking.nl<\/a>.<\/li><li>Notre slogan est: \u00a0\u00bb Avec une Attention aux D\u00e9tails\u00a0\u00bb, par cons\u00e9quent, nous pr\u00eatons attention \u00e0 l&rsquo;ensemble du processus. Un accord est un accord et nous nous effor\u00e7ons d&rsquo;atteindre 100% d&rsquo;accessibilit\u00e9 .<\/li><li>Simba Vegetables est solvables<\/li><\/ul><p>Vous pouvez compter sur nous !<\/p>\t\t\t\t\t\t\t\t<\/div>\n\t\t\t\t<\/div>\n\t\t\t\t\t<\/div>\n\t\t<\/div>\n\t\t\t\t\t<\/div>\n\t\t<\/section>\n\t\t\t\t<\/div>\n\t\t","protected":false},"excerpt":{"rendered":"<p>Simba Vegetables BV est fond\u00e9e par Maurice Ott le 1er avril 2014. Nous sommes situ\u00e9s \u00e0 Wieringerwerf, \u00e0 environ une heure d&rsquo;Amsterdam en voiture. Simba et Knibbe sont situ\u00e9s au m\u00eame endroit. Beaucoup de produits que nous exportons sont cultiv\u00e9s dans la r\u00e9gion, par exemple; pommes de terre, oignons, choux, carottes, chou-fleur et brocoli. Parce [&hellip;]<\/p>\n","protected":false},"author":1,"featured_media":0,"parent":0,"menu_order":0,"comment_status":"closed","ping_status":"closed","template":"","meta":{"footnotes":"","_links_to":"","_links_to_target":""},"class_list":["post-1363","page","type-page","status-publish","hentry"],"yoast_head":"<!-- This site is optimized with the Yoast SEO plugin v24.9 - https:\/\/yoast.com\/wordpress\/plugins\/seo\/ -->\n<title>- simba vegetables bv<\/title>\n<meta name=\"robots\" content=\"index, follow, max-snippet:-1, max-image-preview:large, max-video-preview:-1\" \/>\n<link rel=\"canonical\" href=\"https:\/\/simbavegetables.nl\/fr\/a-propos-des-legumes-simba\/\" \/>\n<meta property=\"og:locale\" content=\"fr_FR\" \/>\n<meta property=\"og:type\" content=\"article\" \/>\n<meta property=\"og:title\" content=\"- simba vegetables bv\" \/>\n<meta property=\"og:description\" content=\"Simba Vegetables BV est fond\u00e9e par Maurice Ott le 1er avril 2014. Nous sommes situ\u00e9s \u00e0 Wieringerwerf, \u00e0 environ une heure d&rsquo;Amsterdam en voiture. Simba et Knibbe sont situ\u00e9s au m\u00eame endroit. Beaucoup de produits que nous exportons sont cultiv\u00e9s dans la r\u00e9gion, par exemple; pommes de terre, oignons, choux, carottes, chou-fleur et brocoli. Parce [&hellip;]\" \/>\n<meta property=\"og:url\" content=\"https:\/\/simbavegetables.nl\/fr\/a-propos-des-legumes-simba\/\" \/>\n<meta property=\"og:site_name\" content=\"simba vegetables bv\" \/>\n<meta property=\"article:publisher\" content=\"https:\/\/www.facebook.com\/Simbavegetables\/?fref=ts\" \/>\n<meta property=\"article:modified_time\" content=\"2024-06-17T12:33:42+00:00\" \/>\n<meta name=\"twitter:card\" content=\"summary_large_image\" \/>\n<meta name=\"twitter:label1\" content=\"Dur\u00e9e de lecture estim\u00e9e\" \/>\n\t<meta name=\"twitter:data1\" content=\"2 minutes\" \/>\n<script type=\"application\/ld+json\" class=\"yoast-schema-graph\">{\"@context\":\"https:\/\/schema.org\",\"@graph\":[{\"@type\":\"WebPage\",\"@id\":\"https:\/\/simbavegetables.nl\/fr\/a-propos-des-legumes-simba\/\",\"url\":\"https:\/\/simbavegetables.nl\/fr\/a-propos-des-legumes-simba\/\",\"name\":\"- simba vegetables bv\",\"isPartOf\":{\"@id\":\"https:\/\/simbavegetables.nl\/fr\/#website\"},\"datePublished\":\"2018-04-17T14:38:17+00:00\",\"dateModified\":\"2024-06-17T12:33:42+00:00\",\"inLanguage\":\"fr-FR\",\"potentialAction\":[{\"@type\":\"ReadAction\",\"target\":[\"https:\/\/simbavegetables.nl\/fr\/a-propos-des-legumes-simba\/\"]}]},{\"@type\":\"WebSite\",\"@id\":\"https:\/\/simbavegetables.nl\/fr\/#website\",\"url\":\"https:\/\/simbavegetables.nl\/fr\/\",\"name\":\"simba vegetables bv\",\"description\":\"specialised in the purchase and sales of fresh vegetables from Holland\",\"publisher\":{\"@id\":\"https:\/\/simbavegetables.nl\/fr\/#organization\"},\"potentialAction\":[{\"@type\":\"SearchAction\",\"target\":{\"@type\":\"EntryPoint\",\"urlTemplate\":\"https:\/\/simbavegetables.nl\/fr\/?s={search_term_string}\"},\"query-input\":{\"@type\":\"PropertyValueSpecification\",\"valueRequired\":true,\"valueName\":\"search_term_string\"}}],\"inLanguage\":\"fr-FR\"},{\"@type\":\"Organization\",\"@id\":\"https:\/\/simbavegetables.nl\/fr\/#organization\",\"name\":\"Simba Vegetables\",\"url\":\"https:\/\/simbavegetables.nl\/fr\/\",\"logo\":{\"@type\":\"ImageObject\",\"inLanguage\":\"fr-FR\",\"@id\":\"https:\/\/simbavegetables.nl\/fr\/#\/schema\/logo\/image\/\",\"url\":\"https:\/\/simbavegetables.nl\/wp-content\/uploads\/Simba_vegetables_druklogo_3.png\",\"contentUrl\":\"https:\/\/simbavegetables.nl\/wp-content\/uploads\/Simba_vegetables_druklogo_3.png\",\"width\":511,\"height\":151,\"caption\":\"Simba Vegetables\"},\"image\":{\"@id\":\"https:\/\/simbavegetables.nl\/fr\/#\/schema\/logo\/image\/\"},\"sameAs\":[\"https:\/\/www.facebook.com\/Simbavegetables\/?fref=ts\"]}]}<\/script>\n<!-- \/ Yoast SEO plugin. -->","yoast_head_json":{"title":"- simba vegetables bv","robots":{"index":"index","follow":"follow","max-snippet":"max-snippet:-1","max-image-preview":"max-image-preview:large","max-video-preview":"max-video-preview:-1"},"canonical":"https:\/\/simbavegetables.nl\/fr\/a-propos-des-legumes-simba\/","og_locale":"fr_FR","og_type":"article","og_title":"- simba vegetables bv","og_description":"Simba Vegetables BV est fond\u00e9e par Maurice Ott le 1er avril 2014. Nous sommes situ\u00e9s \u00e0 Wieringerwerf, \u00e0 environ une heure d&rsquo;Amsterdam en voiture. Simba et Knibbe sont situ\u00e9s au m\u00eame endroit. Beaucoup de produits que nous exportons sont cultiv\u00e9s dans la r\u00e9gion, par exemple; pommes de terre, oignons, choux, carottes, chou-fleur et brocoli. Parce [&hellip;]","og_url":"https:\/\/simbavegetables.nl\/fr\/a-propos-des-legumes-simba\/","og_site_name":"simba vegetables bv","article_publisher":"https:\/\/www.facebook.com\/Simbavegetables\/?fref=ts","article_modified_time":"2024-06-17T12:33:42+00:00","twitter_card":"summary_large_image","twitter_misc":{"Dur\u00e9e de lecture estim\u00e9e":"2 minutes"},"schema":{"@context":"https:\/\/schema.org","@graph":[{"@type":"WebPage","@id":"https:\/\/simbavegetables.nl\/fr\/a-propos-des-legumes-simba\/","url":"https:\/\/simbavegetables.nl\/fr\/a-propos-des-legumes-simba\/","name":"- simba vegetables bv","isPartOf":{"@id":"https:\/\/simbavegetables.nl\/fr\/#website"},"datePublished":"2018-04-17T14:38:17+00:00","dateModified":"2024-06-17T12:33:42+00:00","inLanguage":"fr-FR","potentialAction":[{"@type":"ReadAction","target":["https:\/\/simbavegetables.nl\/fr\/a-propos-des-legumes-simba\/"]}]},{"@type":"WebSite","@id":"https:\/\/simbavegetables.nl\/fr\/#website","url":"https:\/\/simbavegetables.nl\/fr\/","name":"simba vegetables bv","description":"specialised in the purchase and sales of fresh vegetables from Holland","publisher":{"@id":"https:\/\/simbavegetables.nl\/fr\/#organization"},"potentialAction":[{"@type":"SearchAction","target":{"@type":"EntryPoint","urlTemplate":"https:\/\/simbavegetables.nl\/fr\/?s={search_term_string}"},"query-input":{"@type":"PropertyValueSpecification","valueRequired":true,"valueName":"search_term_string"}}],"inLanguage":"fr-FR"},{"@type":"Organization","@id":"https:\/\/simbavegetables.nl\/fr\/#organization","name":"Simba Vegetables","url":"https:\/\/simbavegetables.nl\/fr\/","logo":{"@type":"ImageObject","inLanguage":"fr-FR","@id":"https:\/\/simbavegetables.nl\/fr\/#\/schema\/logo\/image\/","url":"https:\/\/simbavegetables.nl\/wp-content\/uploads\/Simba_vegetables_druklogo_3.png","contentUrl":"https:\/\/simbavegetables.nl\/wp-content\/uploads\/Simba_vegetables_druklogo_3.png","width":511,"height":151,"caption":"Simba Vegetables"},"image":{"@id":"https:\/\/simbavegetables.nl\/fr\/#\/schema\/logo\/image\/"},"sameAs":["https:\/\/www.facebook.com\/Simbavegetables\/?fref=ts"]}]}},"_links":{"self":[{"href":"https:\/\/simbavegetables.nl\/fr\/wp-json\/wp\/v2\/pages\/1363","targetHints":{"allow":["GET"]}}],"collection":[{"href":"https:\/\/simbavegetables.nl\/fr\/wp-json\/wp\/v2\/pages"}],"about":[{"href":"https:\/\/simbavegetables.nl\/fr\/wp-json\/wp\/v2\/types\/page"}],"author":[{"embeddable":true,"href":"https:\/\/simbavegetables.nl\/fr\/wp-json\/wp\/v2\/users\/1"}],"replies":[{"embeddable":true,"href":"https:\/\/simbavegetables.nl\/fr\/wp-json\/wp\/v2\/comments?post=1363"}],"version-history":[{"count":12,"href":"https:\/\/simbavegetables.nl\/fr\/wp-json\/wp\/v2\/pages\/1363\/revisions"}],"predecessor-version":[{"id":93746,"href":"https:\/\/simbavegetables.nl\/fr\/wp-json\/wp\/v2\/pages\/1363\/revisions\/93746"}],"wp:attachment":[{"href":"https:\/\/simbavegetables.nl\/fr\/wp-json\/wp\/v2\/media?parent=1363"}],"curies":[{"name":"wp","href":"https:\/\/api.w.org\/{rel}","templated":true}]}}