{"id":1370,"date":"2018-04-17T14:42:33","date_gmt":"2018-04-17T14:42:33","guid":{"rendered":"http:\/\/simbavegetables.nl\/?page_id=1370"},"modified":"2023-01-19T09:20:25","modified_gmt":"2023-01-19T09:20:25","slug":"dautres-legumes","status":"publish","type":"page","link":"https:\/\/simbavegetables.nl\/fr\/dautres-legumes\/","title":{"rendered":""},"content":{"rendered":"\n<div style=\"height:100px\" aria-hidden=\"true\" class=\"wp-block-spacer\"><\/div>\n\n\n<p><img fetchpriority=\"high\" decoding=\"async\" class=\"alignnone wp-image-92864 size-medium\" src=\"https:\/\/simbavegetables.nl\/wp-content\/uploads\/\/Simba_vegetables-letuceoverige_groenten.2-300x227.jpg\" alt=\"\" width=\"300\" height=\"227\" srcset=\"https:\/\/simbavegetables.nl\/wp-content\/uploads\/Simba_vegetables-letuceoverige_groenten.2-300x227.jpg 300w, https:\/\/simbavegetables.nl\/wp-content\/uploads\/Simba_vegetables-letuceoverige_groenten.2.jpg 303w\" sizes=\"(max-width: 300px) 100vw, 300px\" \/><\/p>\n<h1>D&rsquo;autres l\u00e9gumes<\/h1>\n<p>Nous avons de bons contacts avec les producteurs de diff\u00e9rents autre l\u00e9gumes, par exemple betteraves, Laitue iceberg, rutabagas et c\u00e9leris-raves. Nous pouvons offrir ces produits dans toutes sort d\u2019 emballages.<\/p>\n\n\n<div style=\"height:100px\" aria-hidden=\"true\" class=\"wp-block-spacer\"><\/div>\n","protected":false},"excerpt":{"rendered":"<p>D&rsquo;autres l\u00e9gumes Nous avons de bons contacts avec les producteurs de diff\u00e9rents autre l\u00e9gumes, par exemple betteraves, Laitue iceberg, rutabagas et c\u00e9leris-raves. Nous pouvons offrir ces produits dans toutes sort d\u2019 emballages.<\/p>\n","protected":false},"author":1,"featured_media":0,"parent":0,"menu_order":0,"comment_status":"closed","ping_status":"closed","template":"","meta":{"footnotes":"","_links_to":"","_links_to_target":""},"class_list":["post-1370","page","type-page","status-publish","hentry"],"yoast_head":"<!-- This site is optimized with the Yoast SEO plugin v24.9 - https:\/\/yoast.com\/wordpress\/plugins\/seo\/ -->\n<title>D&#039;autres l\u00e9gumes<\/title>\n<meta name=\"description\" content=\"Nous avons de bons contacts avec les producteurs de diff\u00e9rents autre l\u00e9gumes, par exemple betteraves, panais, rutabagas et c\u00e9leris-raves. Nous pouvons offrir ces produits dans toutes sort d\u2019 emballages.\" \/>\n<meta name=\"robots\" content=\"index, follow, max-snippet:-1, max-image-preview:large, max-video-preview:-1\" \/>\n<link rel=\"canonical\" href=\"https:\/\/simbavegetables.nl\/fr\/dautres-legumes\/\" \/>\n<meta property=\"og:locale\" content=\"fr_FR\" \/>\n<meta property=\"og:type\" content=\"article\" \/>\n<meta property=\"og:title\" content=\"D&#039;autres l\u00e9gumes\" \/>\n<meta property=\"og:description\" content=\"Nous avons de bons contacts avec les producteurs de diff\u00e9rents autre l\u00e9gumes, par exemple betteraves, panais, rutabagas et c\u00e9leris-raves. Nous pouvons offrir ces produits dans toutes sort d\u2019 emballages.\" \/>\n<meta property=\"og:url\" content=\"https:\/\/simbavegetables.nl\/fr\/dautres-legumes\/\" \/>\n<meta property=\"og:site_name\" content=\"simba vegetables bv\" \/>\n<meta property=\"article:publisher\" content=\"https:\/\/www.facebook.com\/Simbavegetables\/?fref=ts\" \/>\n<meta property=\"article:modified_time\" content=\"2023-01-19T09:20:25+00:00\" \/>\n<meta property=\"og:image\" content=\"https:\/\/simbavegetables.nl\/wp-content\/uploads\/\/Simba_vegetables-letuceoverige_groenten.2-300x227.jpg\" \/>\n<meta name=\"twitter:card\" content=\"summary_large_image\" \/>\n<meta name=\"twitter:label1\" content=\"Dur\u00e9e de lecture estim\u00e9e\" \/>\n\t<meta name=\"twitter:data1\" content=\"1 minute\" \/>\n<script type=\"application\/ld+json\" class=\"yoast-schema-graph\">{\"@context\":\"https:\/\/schema.org\",\"@graph\":[{\"@type\":\"WebPage\",\"@id\":\"https:\/\/simbavegetables.nl\/fr\/dautres-legumes\/\",\"url\":\"https:\/\/simbavegetables.nl\/fr\/dautres-legumes\/\",\"name\":\"D'autres l\u00e9gumes\",\"isPartOf\":{\"@id\":\"https:\/\/simbavegetables.nl\/fr\/#website\"},\"primaryImageOfPage\":{\"@id\":\"https:\/\/simbavegetables.nl\/fr\/dautres-legumes\/#primaryimage\"},\"image\":{\"@id\":\"https:\/\/simbavegetables.nl\/fr\/dautres-legumes\/#primaryimage\"},\"thumbnailUrl\":\"https:\/\/simbavegetables.nl\/wp-content\/uploads\/\/Simba_vegetables-letuceoverige_groenten.2-300x227.jpg\",\"datePublished\":\"2018-04-17T14:42:33+00:00\",\"dateModified\":\"2023-01-19T09:20:25+00:00\",\"description\":\"Nous avons de bons contacts avec les producteurs de diff\u00e9rents autre l\u00e9gumes, par exemple betteraves, panais, rutabagas et c\u00e9leris-raves. Nous pouvons offrir ces produits dans toutes sort d\u2019 emballages.\",\"inLanguage\":\"fr-FR\",\"potentialAction\":[{\"@type\":\"ReadAction\",\"target\":[\"https:\/\/simbavegetables.nl\/fr\/dautres-legumes\/\"]}]},{\"@type\":\"ImageObject\",\"inLanguage\":\"fr-FR\",\"@id\":\"https:\/\/simbavegetables.nl\/fr\/dautres-legumes\/#primaryimage\",\"url\":\"https:\/\/simbavegetables.nl\/wp-content\/uploads\/\/Simba_vegetables-letuceoverige_groenten.2-300x227.jpg\",\"contentUrl\":\"https:\/\/simbavegetables.nl\/wp-content\/uploads\/\/Simba_vegetables-letuceoverige_groenten.2-300x227.jpg\"},{\"@type\":\"WebSite\",\"@id\":\"https:\/\/simbavegetables.nl\/fr\/#website\",\"url\":\"https:\/\/simbavegetables.nl\/fr\/\",\"name\":\"simba vegetables bv\",\"description\":\"specialised in the purchase and sales of fresh vegetables from Holland\",\"publisher\":{\"@id\":\"https:\/\/simbavegetables.nl\/fr\/#organization\"},\"potentialAction\":[{\"@type\":\"SearchAction\",\"target\":{\"@type\":\"EntryPoint\",\"urlTemplate\":\"https:\/\/simbavegetables.nl\/fr\/?s={search_term_string}\"},\"query-input\":{\"@type\":\"PropertyValueSpecification\",\"valueRequired\":true,\"valueName\":\"search_term_string\"}}],\"inLanguage\":\"fr-FR\"},{\"@type\":\"Organization\",\"@id\":\"https:\/\/simbavegetables.nl\/fr\/#organization\",\"name\":\"Simba Vegetables\",\"url\":\"https:\/\/simbavegetables.nl\/fr\/\",\"logo\":{\"@type\":\"ImageObject\",\"inLanguage\":\"fr-FR\",\"@id\":\"https:\/\/simbavegetables.nl\/fr\/#\/schema\/logo\/image\/\",\"url\":\"https:\/\/simbavegetables.nl\/wp-content\/uploads\/Simba_vegetables_druklogo_3.png\",\"contentUrl\":\"https:\/\/simbavegetables.nl\/wp-content\/uploads\/Simba_vegetables_druklogo_3.png\",\"width\":511,\"height\":151,\"caption\":\"Simba Vegetables\"},\"image\":{\"@id\":\"https:\/\/simbavegetables.nl\/fr\/#\/schema\/logo\/image\/\"},\"sameAs\":[\"https:\/\/www.facebook.com\/Simbavegetables\/?fref=ts\"]}]}<\/script>\n<!-- \/ Yoast SEO plugin. -->","yoast_head_json":{"title":"D'autres l\u00e9gumes","description":"Nous avons de bons contacts avec les producteurs de diff\u00e9rents autre l\u00e9gumes, par exemple betteraves, panais, rutabagas et c\u00e9leris-raves. Nous pouvons offrir ces produits dans toutes sort d\u2019 emballages.","robots":{"index":"index","follow":"follow","max-snippet":"max-snippet:-1","max-image-preview":"max-image-preview:large","max-video-preview":"max-video-preview:-1"},"canonical":"https:\/\/simbavegetables.nl\/fr\/dautres-legumes\/","og_locale":"fr_FR","og_type":"article","og_title":"D'autres l\u00e9gumes","og_description":"Nous avons de bons contacts avec les producteurs de diff\u00e9rents autre l\u00e9gumes, par exemple betteraves, panais, rutabagas et c\u00e9leris-raves. Nous pouvons offrir ces produits dans toutes sort d\u2019 emballages.","og_url":"https:\/\/simbavegetables.nl\/fr\/dautres-legumes\/","og_site_name":"simba vegetables bv","article_publisher":"https:\/\/www.facebook.com\/Simbavegetables\/?fref=ts","article_modified_time":"2023-01-19T09:20:25+00:00","og_image":[{"url":"https:\/\/simbavegetables.nl\/wp-content\/uploads\/\/Simba_vegetables-letuceoverige_groenten.2-300x227.jpg","type":"","width":"","height":""}],"twitter_card":"summary_large_image","twitter_misc":{"Dur\u00e9e de lecture estim\u00e9e":"1 minute"},"schema":{"@context":"https:\/\/schema.org","@graph":[{"@type":"WebPage","@id":"https:\/\/simbavegetables.nl\/fr\/dautres-legumes\/","url":"https:\/\/simbavegetables.nl\/fr\/dautres-legumes\/","name":"D'autres l\u00e9gumes","isPartOf":{"@id":"https:\/\/simbavegetables.nl\/fr\/#website"},"primaryImageOfPage":{"@id":"https:\/\/simbavegetables.nl\/fr\/dautres-legumes\/#primaryimage"},"image":{"@id":"https:\/\/simbavegetables.nl\/fr\/dautres-legumes\/#primaryimage"},"thumbnailUrl":"https:\/\/simbavegetables.nl\/wp-content\/uploads\/\/Simba_vegetables-letuceoverige_groenten.2-300x227.jpg","datePublished":"2018-04-17T14:42:33+00:00","dateModified":"2023-01-19T09:20:25+00:00","description":"Nous avons de bons contacts avec les producteurs de diff\u00e9rents autre l\u00e9gumes, par exemple betteraves, panais, rutabagas et c\u00e9leris-raves. Nous pouvons offrir ces produits dans toutes sort d\u2019 emballages.","inLanguage":"fr-FR","potentialAction":[{"@type":"ReadAction","target":["https:\/\/simbavegetables.nl\/fr\/dautres-legumes\/"]}]},{"@type":"ImageObject","inLanguage":"fr-FR","@id":"https:\/\/simbavegetables.nl\/fr\/dautres-legumes\/#primaryimage","url":"https:\/\/simbavegetables.nl\/wp-content\/uploads\/\/Simba_vegetables-letuceoverige_groenten.2-300x227.jpg","contentUrl":"https:\/\/simbavegetables.nl\/wp-content\/uploads\/\/Simba_vegetables-letuceoverige_groenten.2-300x227.jpg"},{"@type":"WebSite","@id":"https:\/\/simbavegetables.nl\/fr\/#website","url":"https:\/\/simbavegetables.nl\/fr\/","name":"simba vegetables bv","description":"specialised in the purchase and sales of fresh vegetables from Holland","publisher":{"@id":"https:\/\/simbavegetables.nl\/fr\/#organization"},"potentialAction":[{"@type":"SearchAction","target":{"@type":"EntryPoint","urlTemplate":"https:\/\/simbavegetables.nl\/fr\/?s={search_term_string}"},"query-input":{"@type":"PropertyValueSpecification","valueRequired":true,"valueName":"search_term_string"}}],"inLanguage":"fr-FR"},{"@type":"Organization","@id":"https:\/\/simbavegetables.nl\/fr\/#organization","name":"Simba Vegetables","url":"https:\/\/simbavegetables.nl\/fr\/","logo":{"@type":"ImageObject","inLanguage":"fr-FR","@id":"https:\/\/simbavegetables.nl\/fr\/#\/schema\/logo\/image\/","url":"https:\/\/simbavegetables.nl\/wp-content\/uploads\/Simba_vegetables_druklogo_3.png","contentUrl":"https:\/\/simbavegetables.nl\/wp-content\/uploads\/Simba_vegetables_druklogo_3.png","width":511,"height":151,"caption":"Simba Vegetables"},"image":{"@id":"https:\/\/simbavegetables.nl\/fr\/#\/schema\/logo\/image\/"},"sameAs":["https:\/\/www.facebook.com\/Simbavegetables\/?fref=ts"]}]}},"_links":{"self":[{"href":"https:\/\/simbavegetables.nl\/fr\/wp-json\/wp\/v2\/pages\/1370","targetHints":{"allow":["GET"]}}],"collection":[{"href":"https:\/\/simbavegetables.nl\/fr\/wp-json\/wp\/v2\/pages"}],"about":[{"href":"https:\/\/simbavegetables.nl\/fr\/wp-json\/wp\/v2\/types\/page"}],"author":[{"embeddable":true,"href":"https:\/\/simbavegetables.nl\/fr\/wp-json\/wp\/v2\/users\/1"}],"replies":[{"embeddable":true,"href":"https:\/\/simbavegetables.nl\/fr\/wp-json\/wp\/v2\/comments?post=1370"}],"version-history":[{"count":6,"href":"https:\/\/simbavegetables.nl\/fr\/wp-json\/wp\/v2\/pages\/1370\/revisions"}],"predecessor-version":[{"id":93261,"href":"https:\/\/simbavegetables.nl\/fr\/wp-json\/wp\/v2\/pages\/1370\/revisions\/93261"}],"wp:attachment":[{"href":"https:\/\/simbavegetables.nl\/fr\/wp-json\/wp\/v2\/media?parent=1370"}],"curies":[{"name":"wp","href":"https:\/\/api.w.org\/{rel}","templated":true}]}}