{"id":1375,"date":"2018-04-17T14:49:16","date_gmt":"2018-04-17T14:49:16","guid":{"rendered":"http:\/\/simbavegetables.nl\/?page_id=1375"},"modified":"2023-01-05T15:27:51","modified_gmt":"2023-01-05T15:27:51","slug":"oignons","status":"publish","type":"page","link":"https:\/\/simbavegetables.nl\/fr\/oignons\/","title":{"rendered":""},"content":{"rendered":"\n<div style=\"height:100px\" aria-hidden=\"true\" class=\"wp-block-spacer\"><\/div>\n\n\n<h1><img fetchpriority=\"high\" decoding=\"async\" class=\"size-full wp-image-111 alignleft\" src=\"https:\/\/simbavegetables.nl\/wp-content\/uploads\/simba_product_foods_vegetables_onions_large.jpg\" alt=\"simba_product_foods_vegetables_onions_large\" width=\"303\" height=\"229\" srcset=\"https:\/\/simbavegetables.nl\/wp-content\/uploads\/simba_product_foods_vegetables_onions_large.jpg 303w, https:\/\/simbavegetables.nl\/wp-content\/uploads\/simba_product_foods_vegetables_onions_large-300x226.jpg 300w, https:\/\/simbavegetables.nl\/wp-content\/uploads\/simba_product_foods_vegetables_onions_large-150x113.jpg 150w\" sizes=\"(max-width: 303px) 100vw, 303px\" \/><\/h1>\n<h1 class=\"wp-block wp-block-post-title block-editor-block-list__block editor-post-title editor-post-title__input rich-text\" role=\"textbox\" contenteditable=\"true\" aria-label=\"Add title\" aria-multiline=\"true\">Oignons<\/h1>\n<h1><strong>D\u2019Oignons<\/strong><\/h1>\n<p>Nous avons des normes de qualit\u00e9 \u00e9lev\u00e9es pour les oignons que nous cultivons, transformons, vendons et exportons. C&rsquo;est pourquoi nous gardons un contact r\u00e9gulier avec nos cultivateurs, afin que nous puissions faire ensemble les bons choix de culture. Simba Vegetables livre des oignons toute l&rsquo;ann\u00e9e en diff\u00e9rentes qualibre. Nous les livrons \u00e9galement dans presque tous les emballages souhait\u00e9s: de 0,5 kg \u00e0 1000 kg et en vrac. Vous pouvez \u00eatre assur\u00e9 de recevoir des oignons fermes avec une bonne forme, couleur et go\u00fbt d\u00e9licieux. Si vous pr\u00e9f\u00e9rez les oignons rouges ou les \u00e9chalotes, vous \u00eates \u00e9galement arriv\u00e9 \u00e0 la bonne adresse.<\/p>\n\n\n<div style=\"height:100px\" aria-hidden=\"true\" class=\"wp-block-spacer\"><\/div>\n","protected":false},"excerpt":{"rendered":"<p>Oignons D\u2019Oignons Nous avons des normes de qualit\u00e9 \u00e9lev\u00e9es pour les oignons que nous cultivons, transformons, vendons et exportons. C&rsquo;est pourquoi nous gardons un contact r\u00e9gulier avec nos cultivateurs, afin que nous puissions faire ensemble les bons choix de culture. Simba Vegetables livre des oignons toute l&rsquo;ann\u00e9e en diff\u00e9rentes qualibre. Nous les livrons \u00e9galement dans [&hellip;]<\/p>\n","protected":false},"author":1,"featured_media":0,"parent":0,"menu_order":0,"comment_status":"closed","ping_status":"closed","template":"","meta":{"footnotes":"","_links_to":"","_links_to_target":""},"class_list":["post-1375","page","type-page","status-publish","hentry"],"yoast_head":"<!-- This site is optimized with the Yoast SEO plugin v24.9 - https:\/\/yoast.com\/wordpress\/plugins\/seo\/ -->\n<title>Simba Vegetables livre des oignons toute l&#039;ann\u00e9e en diff\u00e9rentes qualibre.<\/title>\n<meta name=\"description\" content=\"Simba Vegetables livre des oignons toute l&#039;ann\u00e9e en diff\u00e9rentes qualibre. Nous les livrons \u00e9galement dans presque tous les emballages souhait\u00e9s: de 0,5 kg \u00e0 1000 kg et en vrac.\" \/>\n<meta name=\"robots\" content=\"index, follow, max-snippet:-1, max-image-preview:large, max-video-preview:-1\" \/>\n<link rel=\"canonical\" href=\"https:\/\/simbavegetables.nl\/fr\/oignons\/\" \/>\n<meta property=\"og:locale\" content=\"fr_FR\" \/>\n<meta property=\"og:type\" content=\"article\" \/>\n<meta property=\"og:title\" content=\"Simba Vegetables livre des oignons toute l&#039;ann\u00e9e en diff\u00e9rentes qualibre.\" \/>\n<meta property=\"og:description\" content=\"Simba Vegetables livre des oignons toute l&#039;ann\u00e9e en diff\u00e9rentes qualibre. Nous les livrons \u00e9galement dans presque tous les emballages souhait\u00e9s: de 0,5 kg \u00e0 1000 kg et en vrac.\" \/>\n<meta property=\"og:url\" content=\"https:\/\/simbavegetables.nl\/fr\/oignons\/\" \/>\n<meta property=\"og:site_name\" content=\"simba vegetables bv\" \/>\n<meta property=\"article:publisher\" content=\"https:\/\/www.facebook.com\/Simbavegetables\/?fref=ts\" \/>\n<meta property=\"article:modified_time\" content=\"2023-01-05T15:27:51+00:00\" \/>\n<meta property=\"og:image\" content=\"https:\/\/simbavegetables.nl\/wp-content\/uploads\/simba_product_foods_vegetables_onions_large.jpg\" \/>\n<meta name=\"twitter:card\" content=\"summary_large_image\" \/>\n<meta name=\"twitter:label1\" content=\"Dur\u00e9e de lecture estim\u00e9e\" \/>\n\t<meta name=\"twitter:data1\" content=\"1 minute\" \/>\n<script type=\"application\/ld+json\" class=\"yoast-schema-graph\">{\"@context\":\"https:\/\/schema.org\",\"@graph\":[{\"@type\":\"WebPage\",\"@id\":\"https:\/\/simbavegetables.nl\/fr\/oignons\/\",\"url\":\"https:\/\/simbavegetables.nl\/fr\/oignons\/\",\"name\":\"Simba Vegetables livre des oignons toute l'ann\u00e9e en diff\u00e9rentes qualibre.\",\"isPartOf\":{\"@id\":\"https:\/\/simbavegetables.nl\/fr\/#website\"},\"primaryImageOfPage\":{\"@id\":\"https:\/\/simbavegetables.nl\/fr\/oignons\/#primaryimage\"},\"image\":{\"@id\":\"https:\/\/simbavegetables.nl\/fr\/oignons\/#primaryimage\"},\"thumbnailUrl\":\"https:\/\/simbavegetables.nl\/wp-content\/uploads\/simba_product_foods_vegetables_onions_large.jpg\",\"datePublished\":\"2018-04-17T14:49:16+00:00\",\"dateModified\":\"2023-01-05T15:27:51+00:00\",\"description\":\"Simba Vegetables livre des oignons toute l'ann\u00e9e en diff\u00e9rentes qualibre. Nous les livrons \u00e9galement dans presque tous les emballages souhait\u00e9s: de 0,5 kg \u00e0 1000 kg et en vrac.\",\"inLanguage\":\"fr-FR\",\"potentialAction\":[{\"@type\":\"ReadAction\",\"target\":[\"https:\/\/simbavegetables.nl\/fr\/oignons\/\"]}]},{\"@type\":\"ImageObject\",\"inLanguage\":\"fr-FR\",\"@id\":\"https:\/\/simbavegetables.nl\/fr\/oignons\/#primaryimage\",\"url\":\"https:\/\/simbavegetables.nl\/wp-content\/uploads\/simba_product_foods_vegetables_onions_large.jpg\",\"contentUrl\":\"https:\/\/simbavegetables.nl\/wp-content\/uploads\/simba_product_foods_vegetables_onions_large.jpg\"},{\"@type\":\"WebSite\",\"@id\":\"https:\/\/simbavegetables.nl\/fr\/#website\",\"url\":\"https:\/\/simbavegetables.nl\/fr\/\",\"name\":\"simba vegetables bv\",\"description\":\"specialised in the purchase and sales of fresh vegetables from Holland\",\"publisher\":{\"@id\":\"https:\/\/simbavegetables.nl\/fr\/#organization\"},\"potentialAction\":[{\"@type\":\"SearchAction\",\"target\":{\"@type\":\"EntryPoint\",\"urlTemplate\":\"https:\/\/simbavegetables.nl\/fr\/?s={search_term_string}\"},\"query-input\":{\"@type\":\"PropertyValueSpecification\",\"valueRequired\":true,\"valueName\":\"search_term_string\"}}],\"inLanguage\":\"fr-FR\"},{\"@type\":\"Organization\",\"@id\":\"https:\/\/simbavegetables.nl\/fr\/#organization\",\"name\":\"Simba Vegetables\",\"url\":\"https:\/\/simbavegetables.nl\/fr\/\",\"logo\":{\"@type\":\"ImageObject\",\"inLanguage\":\"fr-FR\",\"@id\":\"https:\/\/simbavegetables.nl\/fr\/#\/schema\/logo\/image\/\",\"url\":\"https:\/\/simbavegetables.nl\/wp-content\/uploads\/Simba_vegetables_druklogo_3.png\",\"contentUrl\":\"https:\/\/simbavegetables.nl\/wp-content\/uploads\/Simba_vegetables_druklogo_3.png\",\"width\":511,\"height\":151,\"caption\":\"Simba Vegetables\"},\"image\":{\"@id\":\"https:\/\/simbavegetables.nl\/fr\/#\/schema\/logo\/image\/\"},\"sameAs\":[\"https:\/\/www.facebook.com\/Simbavegetables\/?fref=ts\"]}]}<\/script>\n<!-- \/ Yoast SEO plugin. -->","yoast_head_json":{"title":"Simba Vegetables livre des oignons toute l'ann\u00e9e en diff\u00e9rentes qualibre.","description":"Simba Vegetables livre des oignons toute l'ann\u00e9e en diff\u00e9rentes qualibre. Nous les livrons \u00e9galement dans presque tous les emballages souhait\u00e9s: de 0,5 kg \u00e0 1000 kg et en vrac.","robots":{"index":"index","follow":"follow","max-snippet":"max-snippet:-1","max-image-preview":"max-image-preview:large","max-video-preview":"max-video-preview:-1"},"canonical":"https:\/\/simbavegetables.nl\/fr\/oignons\/","og_locale":"fr_FR","og_type":"article","og_title":"Simba Vegetables livre des oignons toute l'ann\u00e9e en diff\u00e9rentes qualibre.","og_description":"Simba Vegetables livre des oignons toute l'ann\u00e9e en diff\u00e9rentes qualibre. Nous les livrons \u00e9galement dans presque tous les emballages souhait\u00e9s: de 0,5 kg \u00e0 1000 kg et en vrac.","og_url":"https:\/\/simbavegetables.nl\/fr\/oignons\/","og_site_name":"simba vegetables bv","article_publisher":"https:\/\/www.facebook.com\/Simbavegetables\/?fref=ts","article_modified_time":"2023-01-05T15:27:51+00:00","og_image":[{"url":"https:\/\/simbavegetables.nl\/wp-content\/uploads\/simba_product_foods_vegetables_onions_large.jpg","type":"","width":"","height":""}],"twitter_card":"summary_large_image","twitter_misc":{"Dur\u00e9e de lecture estim\u00e9e":"1 minute"},"schema":{"@context":"https:\/\/schema.org","@graph":[{"@type":"WebPage","@id":"https:\/\/simbavegetables.nl\/fr\/oignons\/","url":"https:\/\/simbavegetables.nl\/fr\/oignons\/","name":"Simba Vegetables livre des oignons toute l'ann\u00e9e en diff\u00e9rentes qualibre.","isPartOf":{"@id":"https:\/\/simbavegetables.nl\/fr\/#website"},"primaryImageOfPage":{"@id":"https:\/\/simbavegetables.nl\/fr\/oignons\/#primaryimage"},"image":{"@id":"https:\/\/simbavegetables.nl\/fr\/oignons\/#primaryimage"},"thumbnailUrl":"https:\/\/simbavegetables.nl\/wp-content\/uploads\/simba_product_foods_vegetables_onions_large.jpg","datePublished":"2018-04-17T14:49:16+00:00","dateModified":"2023-01-05T15:27:51+00:00","description":"Simba Vegetables livre des oignons toute l'ann\u00e9e en diff\u00e9rentes qualibre. Nous les livrons \u00e9galement dans presque tous les emballages souhait\u00e9s: de 0,5 kg \u00e0 1000 kg et en vrac.","inLanguage":"fr-FR","potentialAction":[{"@type":"ReadAction","target":["https:\/\/simbavegetables.nl\/fr\/oignons\/"]}]},{"@type":"ImageObject","inLanguage":"fr-FR","@id":"https:\/\/simbavegetables.nl\/fr\/oignons\/#primaryimage","url":"https:\/\/simbavegetables.nl\/wp-content\/uploads\/simba_product_foods_vegetables_onions_large.jpg","contentUrl":"https:\/\/simbavegetables.nl\/wp-content\/uploads\/simba_product_foods_vegetables_onions_large.jpg"},{"@type":"WebSite","@id":"https:\/\/simbavegetables.nl\/fr\/#website","url":"https:\/\/simbavegetables.nl\/fr\/","name":"simba vegetables bv","description":"specialised in the purchase and sales of fresh vegetables from Holland","publisher":{"@id":"https:\/\/simbavegetables.nl\/fr\/#organization"},"potentialAction":[{"@type":"SearchAction","target":{"@type":"EntryPoint","urlTemplate":"https:\/\/simbavegetables.nl\/fr\/?s={search_term_string}"},"query-input":{"@type":"PropertyValueSpecification","valueRequired":true,"valueName":"search_term_string"}}],"inLanguage":"fr-FR"},{"@type":"Organization","@id":"https:\/\/simbavegetables.nl\/fr\/#organization","name":"Simba Vegetables","url":"https:\/\/simbavegetables.nl\/fr\/","logo":{"@type":"ImageObject","inLanguage":"fr-FR","@id":"https:\/\/simbavegetables.nl\/fr\/#\/schema\/logo\/image\/","url":"https:\/\/simbavegetables.nl\/wp-content\/uploads\/Simba_vegetables_druklogo_3.png","contentUrl":"https:\/\/simbavegetables.nl\/wp-content\/uploads\/Simba_vegetables_druklogo_3.png","width":511,"height":151,"caption":"Simba Vegetables"},"image":{"@id":"https:\/\/simbavegetables.nl\/fr\/#\/schema\/logo\/image\/"},"sameAs":["https:\/\/www.facebook.com\/Simbavegetables\/?fref=ts"]}]}},"_links":{"self":[{"href":"https:\/\/simbavegetables.nl\/fr\/wp-json\/wp\/v2\/pages\/1375","targetHints":{"allow":["GET"]}}],"collection":[{"href":"https:\/\/simbavegetables.nl\/fr\/wp-json\/wp\/v2\/pages"}],"about":[{"href":"https:\/\/simbavegetables.nl\/fr\/wp-json\/wp\/v2\/types\/page"}],"author":[{"embeddable":true,"href":"https:\/\/simbavegetables.nl\/fr\/wp-json\/wp\/v2\/users\/1"}],"replies":[{"embeddable":true,"href":"https:\/\/simbavegetables.nl\/fr\/wp-json\/wp\/v2\/comments?post=1375"}],"version-history":[{"count":3,"href":"https:\/\/simbavegetables.nl\/fr\/wp-json\/wp\/v2\/pages\/1375\/revisions"}],"predecessor-version":[{"id":92925,"href":"https:\/\/simbavegetables.nl\/fr\/wp-json\/wp\/v2\/pages\/1375\/revisions\/92925"}],"wp:attachment":[{"href":"https:\/\/simbavegetables.nl\/fr\/wp-json\/wp\/v2\/media?parent=1375"}],"curies":[{"name":"wp","href":"https:\/\/api.w.org\/{rel}","templated":true}]}}