{"id":1377,"date":"2018-04-17T14:54:32","date_gmt":"2018-04-17T14:54:32","guid":{"rendered":"http:\/\/simbavegetables.nl\/?page_id=1377"},"modified":"2023-01-05T15:49:19","modified_gmt":"2023-01-05T15:49:19","slug":"carottes","status":"publish","type":"page","link":"https:\/\/simbavegetables.nl\/fr\/carottes\/","title":{"rendered":""},"content":{"rendered":"\n<div style=\"height:100px\" aria-hidden=\"true\" class=\"wp-block-spacer\"><\/div>\n\n\n<p><img fetchpriority=\"high\" decoding=\"async\" class=\"size-medium wp-image-1005 alignleft\" src=\"https:\/\/simbavegetables.nl\/wp-content\/uploads\/website-ready-2-300x227.jpg\" alt=\"Washed Carrots\" width=\"300\" height=\"227\" srcset=\"https:\/\/simbavegetables.nl\/wp-content\/uploads\/website-ready-2-300x227.jpg 300w, https:\/\/simbavegetables.nl\/wp-content\/uploads\/website-ready-2-150x113.jpg 150w, https:\/\/simbavegetables.nl\/wp-content\/uploads\/website-ready-2.jpg 303w\" sizes=\"(max-width: 300px) 100vw, 300px\" \/><\/p>\n<h1><strong>Carottes<\/strong><\/h1>\n<p>Nous exportons des carottes fra\u00eeches pour le march\u00e9 ou l&rsquo;industrie.<\/p>\n<p>En Hollande, les agriculteurs cultive en plus des <a href=\"https:\/\/simbavegetables.nl\/fr\/pommes-de-terre\/\">pommes de terre<\/a> et des <a href=\"https:\/\/simbavegetables.nl\/fr\/oignons\/\">oignons<\/a> aussi beaucoup des carottes. Beaucoup de diff\u00e9rentes vari\u00e9t\u00e9s sont disponibles; r\u00e9gulier, arc-en-ciel et carottes b\u00e9b\u00e9. La r\u00e9colte commence vers juillet et beaucoup sont stock\u00e9s dans des chambres froides pendant une longue p\u00e9riode. Nous pouvons fournir des carottes toute l&rsquo;ann\u00e9e \u00e0 votre demande, par exemple lav\u00e9es et emball\u00e9es pour la vente au d\u00e9tail, ou en vrac dans des \u2018Big Bags\u2019.<\/p>\n<p>Comme pour beaucoup d&rsquo;autres produits, il existe de nombreuses possibilit\u00e9s d&#8217;emballage; entre autre en vrac, 25 kg, 10 kg, plastique (avec des impressions diff\u00e9rentes), sacs en filet, plateaux, etc. Nous pouvons emballer \u00e0 votre demande.<\/p>\n<p>Nous assurons que nous exportons seulement la meilleure qualit\u00e9, donc nous s\u00e9lectionnons soigneusement nos fournisseurs. Nous ne emballons pas jusqu&rsquo;\u00e0 r\u00e9ception de votre commande, vous pouvez donc \u00eatre assur\u00e9 de produits frais et de recevoir la meilleure qualit\u00e9. Veuillez nous <a href=\"https:\/\/simbavegetables.nl\/fr\/contact\/\">contacter pour<\/a> plus d&rsquo;informations. Nous offrons beaucoup plus de produits, s&rsquo;il vous pla\u00eet <a href=\"https:\/\/simbavegetables.nl\/fr\/dautres-legumes\/\">jeter un \u0153il ici<\/a>.<\/p>\n\n\n<div style=\"height:100px\" aria-hidden=\"true\" class=\"wp-block-spacer\"><\/div>\n","protected":false},"excerpt":{"rendered":"<p>Carottes Nous exportons des carottes fra\u00eeches pour le march\u00e9 ou l&rsquo;industrie. En Hollande, les agriculteurs cultive en plus des pommes de terre et des oignons aussi beaucoup des carottes. Beaucoup de diff\u00e9rentes vari\u00e9t\u00e9s sont disponibles; r\u00e9gulier, arc-en-ciel et carottes b\u00e9b\u00e9. La r\u00e9colte commence vers juillet et beaucoup sont stock\u00e9s dans des chambres froides pendant une [&hellip;]<\/p>\n","protected":false},"author":1,"featured_media":0,"parent":0,"menu_order":0,"comment_status":"closed","ping_status":"closed","template":"","meta":{"footnotes":"","_links_to":"","_links_to_target":""},"class_list":["post-1377","page","type-page","status-publish","hentry"],"yoast_head":"<!-- This site is optimized with the Yoast SEO plugin v24.9 - https:\/\/yoast.com\/wordpress\/plugins\/seo\/ -->\n<title>Simba exportons des carottes fra\u00eeches pour le march\u00e9 ou l&#039;industrie.<\/title>\n<meta name=\"description\" content=\"Fournir des carottes toute l&#039;ann\u00e9e \u00e0 votre demande, par exemple lav\u00e9es et emball\u00e9es pour la vente au d\u00e9tail, ou en vrac dans des \u2018Big Bags\u2019.\" \/>\n<meta name=\"robots\" content=\"index, follow, max-snippet:-1, max-image-preview:large, max-video-preview:-1\" \/>\n<link rel=\"canonical\" href=\"https:\/\/simbavegetables.nl\/fr\/carottes\/\" \/>\n<meta property=\"og:locale\" content=\"fr_FR\" \/>\n<meta property=\"og:type\" content=\"article\" \/>\n<meta property=\"og:title\" content=\"Simba exportons des carottes fra\u00eeches pour le march\u00e9 ou l&#039;industrie.\" \/>\n<meta property=\"og:description\" content=\"Fournir des carottes toute l&#039;ann\u00e9e \u00e0 votre demande, par exemple lav\u00e9es et emball\u00e9es pour la vente au d\u00e9tail, ou en vrac dans des \u2018Big Bags\u2019.\" \/>\n<meta property=\"og:url\" content=\"https:\/\/simbavegetables.nl\/fr\/carottes\/\" \/>\n<meta property=\"og:site_name\" content=\"simba vegetables bv\" \/>\n<meta property=\"article:publisher\" content=\"https:\/\/www.facebook.com\/Simbavegetables\/?fref=ts\" \/>\n<meta property=\"article:modified_time\" content=\"2023-01-05T15:49:19+00:00\" \/>\n<meta property=\"og:image\" content=\"https:\/\/simbavegetables.nl\/wp-content\/uploads\/website-ready-2-300x227.jpg\" \/>\n<meta name=\"twitter:card\" content=\"summary_large_image\" \/>\n<meta name=\"twitter:label1\" content=\"Dur\u00e9e de lecture estim\u00e9e\" \/>\n\t<meta name=\"twitter:data1\" content=\"1 minute\" \/>\n<script type=\"application\/ld+json\" class=\"yoast-schema-graph\">{\"@context\":\"https:\/\/schema.org\",\"@graph\":[{\"@type\":\"WebPage\",\"@id\":\"https:\/\/simbavegetables.nl\/fr\/carottes\/\",\"url\":\"https:\/\/simbavegetables.nl\/fr\/carottes\/\",\"name\":\"Simba exportons des carottes fra\u00eeches pour le march\u00e9 ou l'industrie.\",\"isPartOf\":{\"@id\":\"https:\/\/simbavegetables.nl\/fr\/#website\"},\"primaryImageOfPage\":{\"@id\":\"https:\/\/simbavegetables.nl\/fr\/carottes\/#primaryimage\"},\"image\":{\"@id\":\"https:\/\/simbavegetables.nl\/fr\/carottes\/#primaryimage\"},\"thumbnailUrl\":\"https:\/\/simbavegetables.nl\/wp-content\/uploads\/website-ready-2-300x227.jpg\",\"datePublished\":\"2018-04-17T14:54:32+00:00\",\"dateModified\":\"2023-01-05T15:49:19+00:00\",\"description\":\"Fournir des carottes toute l'ann\u00e9e \u00e0 votre demande, par exemple lav\u00e9es et emball\u00e9es pour la vente au d\u00e9tail, ou en vrac dans des \u2018Big Bags\u2019.\",\"inLanguage\":\"fr-FR\",\"potentialAction\":[{\"@type\":\"ReadAction\",\"target\":[\"https:\/\/simbavegetables.nl\/fr\/carottes\/\"]}]},{\"@type\":\"ImageObject\",\"inLanguage\":\"fr-FR\",\"@id\":\"https:\/\/simbavegetables.nl\/fr\/carottes\/#primaryimage\",\"url\":\"https:\/\/simbavegetables.nl\/wp-content\/uploads\/website-ready-2-300x227.jpg\",\"contentUrl\":\"https:\/\/simbavegetables.nl\/wp-content\/uploads\/website-ready-2-300x227.jpg\"},{\"@type\":\"WebSite\",\"@id\":\"https:\/\/simbavegetables.nl\/fr\/#website\",\"url\":\"https:\/\/simbavegetables.nl\/fr\/\",\"name\":\"simba vegetables bv\",\"description\":\"specialised in the purchase and sales of fresh vegetables from Holland\",\"publisher\":{\"@id\":\"https:\/\/simbavegetables.nl\/fr\/#organization\"},\"potentialAction\":[{\"@type\":\"SearchAction\",\"target\":{\"@type\":\"EntryPoint\",\"urlTemplate\":\"https:\/\/simbavegetables.nl\/fr\/?s={search_term_string}\"},\"query-input\":{\"@type\":\"PropertyValueSpecification\",\"valueRequired\":true,\"valueName\":\"search_term_string\"}}],\"inLanguage\":\"fr-FR\"},{\"@type\":\"Organization\",\"@id\":\"https:\/\/simbavegetables.nl\/fr\/#organization\",\"name\":\"Simba Vegetables\",\"url\":\"https:\/\/simbavegetables.nl\/fr\/\",\"logo\":{\"@type\":\"ImageObject\",\"inLanguage\":\"fr-FR\",\"@id\":\"https:\/\/simbavegetables.nl\/fr\/#\/schema\/logo\/image\/\",\"url\":\"https:\/\/simbavegetables.nl\/wp-content\/uploads\/Simba_vegetables_druklogo_3.png\",\"contentUrl\":\"https:\/\/simbavegetables.nl\/wp-content\/uploads\/Simba_vegetables_druklogo_3.png\",\"width\":511,\"height\":151,\"caption\":\"Simba Vegetables\"},\"image\":{\"@id\":\"https:\/\/simbavegetables.nl\/fr\/#\/schema\/logo\/image\/\"},\"sameAs\":[\"https:\/\/www.facebook.com\/Simbavegetables\/?fref=ts\"]}]}<\/script>\n<!-- \/ Yoast SEO plugin. -->","yoast_head_json":{"title":"Simba exportons des carottes fra\u00eeches pour le march\u00e9 ou l'industrie.","description":"Fournir des carottes toute l'ann\u00e9e \u00e0 votre demande, par exemple lav\u00e9es et emball\u00e9es pour la vente au d\u00e9tail, ou en vrac dans des \u2018Big Bags\u2019.","robots":{"index":"index","follow":"follow","max-snippet":"max-snippet:-1","max-image-preview":"max-image-preview:large","max-video-preview":"max-video-preview:-1"},"canonical":"https:\/\/simbavegetables.nl\/fr\/carottes\/","og_locale":"fr_FR","og_type":"article","og_title":"Simba exportons des carottes fra\u00eeches pour le march\u00e9 ou l'industrie.","og_description":"Fournir des carottes toute l'ann\u00e9e \u00e0 votre demande, par exemple lav\u00e9es et emball\u00e9es pour la vente au d\u00e9tail, ou en vrac dans des \u2018Big Bags\u2019.","og_url":"https:\/\/simbavegetables.nl\/fr\/carottes\/","og_site_name":"simba vegetables bv","article_publisher":"https:\/\/www.facebook.com\/Simbavegetables\/?fref=ts","article_modified_time":"2023-01-05T15:49:19+00:00","og_image":[{"url":"https:\/\/simbavegetables.nl\/wp-content\/uploads\/website-ready-2-300x227.jpg","type":"","width":"","height":""}],"twitter_card":"summary_large_image","twitter_misc":{"Dur\u00e9e de lecture estim\u00e9e":"1 minute"},"schema":{"@context":"https:\/\/schema.org","@graph":[{"@type":"WebPage","@id":"https:\/\/simbavegetables.nl\/fr\/carottes\/","url":"https:\/\/simbavegetables.nl\/fr\/carottes\/","name":"Simba exportons des carottes fra\u00eeches pour le march\u00e9 ou l'industrie.","isPartOf":{"@id":"https:\/\/simbavegetables.nl\/fr\/#website"},"primaryImageOfPage":{"@id":"https:\/\/simbavegetables.nl\/fr\/carottes\/#primaryimage"},"image":{"@id":"https:\/\/simbavegetables.nl\/fr\/carottes\/#primaryimage"},"thumbnailUrl":"https:\/\/simbavegetables.nl\/wp-content\/uploads\/website-ready-2-300x227.jpg","datePublished":"2018-04-17T14:54:32+00:00","dateModified":"2023-01-05T15:49:19+00:00","description":"Fournir des carottes toute l'ann\u00e9e \u00e0 votre demande, par exemple lav\u00e9es et emball\u00e9es pour la vente au d\u00e9tail, ou en vrac dans des \u2018Big Bags\u2019.","inLanguage":"fr-FR","potentialAction":[{"@type":"ReadAction","target":["https:\/\/simbavegetables.nl\/fr\/carottes\/"]}]},{"@type":"ImageObject","inLanguage":"fr-FR","@id":"https:\/\/simbavegetables.nl\/fr\/carottes\/#primaryimage","url":"https:\/\/simbavegetables.nl\/wp-content\/uploads\/website-ready-2-300x227.jpg","contentUrl":"https:\/\/simbavegetables.nl\/wp-content\/uploads\/website-ready-2-300x227.jpg"},{"@type":"WebSite","@id":"https:\/\/simbavegetables.nl\/fr\/#website","url":"https:\/\/simbavegetables.nl\/fr\/","name":"simba vegetables bv","description":"specialised in the purchase and sales of fresh vegetables from Holland","publisher":{"@id":"https:\/\/simbavegetables.nl\/fr\/#organization"},"potentialAction":[{"@type":"SearchAction","target":{"@type":"EntryPoint","urlTemplate":"https:\/\/simbavegetables.nl\/fr\/?s={search_term_string}"},"query-input":{"@type":"PropertyValueSpecification","valueRequired":true,"valueName":"search_term_string"}}],"inLanguage":"fr-FR"},{"@type":"Organization","@id":"https:\/\/simbavegetables.nl\/fr\/#organization","name":"Simba Vegetables","url":"https:\/\/simbavegetables.nl\/fr\/","logo":{"@type":"ImageObject","inLanguage":"fr-FR","@id":"https:\/\/simbavegetables.nl\/fr\/#\/schema\/logo\/image\/","url":"https:\/\/simbavegetables.nl\/wp-content\/uploads\/Simba_vegetables_druklogo_3.png","contentUrl":"https:\/\/simbavegetables.nl\/wp-content\/uploads\/Simba_vegetables_druklogo_3.png","width":511,"height":151,"caption":"Simba Vegetables"},"image":{"@id":"https:\/\/simbavegetables.nl\/fr\/#\/schema\/logo\/image\/"},"sameAs":["https:\/\/www.facebook.com\/Simbavegetables\/?fref=ts"]}]}},"_links":{"self":[{"href":"https:\/\/simbavegetables.nl\/fr\/wp-json\/wp\/v2\/pages\/1377","targetHints":{"allow":["GET"]}}],"collection":[{"href":"https:\/\/simbavegetables.nl\/fr\/wp-json\/wp\/v2\/pages"}],"about":[{"href":"https:\/\/simbavegetables.nl\/fr\/wp-json\/wp\/v2\/types\/page"}],"author":[{"embeddable":true,"href":"https:\/\/simbavegetables.nl\/fr\/wp-json\/wp\/v2\/users\/1"}],"replies":[{"embeddable":true,"href":"https:\/\/simbavegetables.nl\/fr\/wp-json\/wp\/v2\/comments?post=1377"}],"version-history":[{"count":6,"href":"https:\/\/simbavegetables.nl\/fr\/wp-json\/wp\/v2\/pages\/1377\/revisions"}],"predecessor-version":[{"id":92950,"href":"https:\/\/simbavegetables.nl\/fr\/wp-json\/wp\/v2\/pages\/1377\/revisions\/92950"}],"wp:attachment":[{"href":"https:\/\/simbavegetables.nl\/fr\/wp-json\/wp\/v2\/media?parent=1377"}],"curies":[{"name":"wp","href":"https:\/\/api.w.org\/{rel}","templated":true}]}}