{"id":1469,"date":"2018-07-02T14:18:44","date_gmt":"2018-07-02T14:18:44","guid":{"rendered":"http:\/\/simbavegetables.nl\/?page_id=1469"},"modified":"2023-01-19T09:47:45","modified_gmt":"2023-01-19T09:47:45","slug":"declaration-de-confidentialite-simba-vegetables-bv","status":"publish","type":"page","link":"https:\/\/simbavegetables.nl\/fr\/declaration-de-confidentialite-simba-vegetables-bv\/","title":{"rendered":""},"content":{"rendered":"\n<div style=\"height:100px\" aria-hidden=\"true\" class=\"wp-block-spacer\"><\/div>\n\n\n<h1 class=\"wp-block wp-block-post-title block-editor-block-list__block editor-post-title editor-post-title__input rich-text\" role=\"textbox\" contenteditable=\"true\" aria-label=\"Add title\" aria-multiline=\"true\">D\u00e9claration de confidentialit\u00e9 Simba Vegetables bv<\/h1>\n<p><span lang=\"fr-FR\"><br \/>Version du 20 mai 2018.<\/span><\/p>\n<h2><span lang=\"fr-FR\">Vous voulez \u00e9galement pouvoir vous d\u00e9placer librement en ligne<\/span><\/h2>\n<p><span lang=\"fr-FR\">Vous visitez mon site Web <\/span><span style=\"color: #70ad47;\"><span lang=\"fr-FR\">www.simbavegetables.nl <\/span><\/span><span lang=\"fr-FR\">pour plus d&rsquo;informations. Si vous \u00eates int\u00e9ress\u00e9, veuillez-vous enregistrer ou remplir mon formulaire de contact et envoyer les donn\u00e9es compl\u00e9t\u00e9es via mon site web. Par cela vous laissez des traces en ligne et \/ ou des d\u00e9tails personnels en ligne.<\/span><\/p>\n<h2><span lang=\"fr-FR\">Cela n\u00e9cessite une information consciente et s\u00e9curis\u00e9<\/span><\/h2>\n<p><span lang=\"fr-FR\">En tant que soci\u00e9t\u00e9, je suis oblig\u00e9 de vous informer du traitement de vos donn\u00e9es personnelles. Qu&rsquo;arrive-t-il, dans quel but et comment est-il stock\u00e9 et prot\u00e9g\u00e9? Ceci est indiqu\u00e9 dans cette d\u00e9claration de confidentialit\u00e9. Cela devrait \u00eatre concis, transparent, compr\u00e9hensible et facilement accessible. Ces valeurs sont si proches de ce que je veux rayonner avec mon site web (simple, riche, ouvert, clair, contraignant), que la conception de cette d\u00e9claration \u00e9tait r\u00e9ellement agr\u00e9able.<\/span><\/p>\n<h2><span lang=\"fr-FR\">Vos donn\u00e9es seront trait\u00e9es avec soin, confidentialit\u00e9 et respect<\/span><\/h2>\n<p><span lang=\"fr-FR\">Bien s\u00fbr. Si vous demandez une rencontre d&rsquo;introduction via le bouton au formulaire de contact, je vais utiliser votre adresse e-mail ou num\u00e9ro de t\u00e9l\u00e9phone pour vous contacter. L&rsquo;explication personnelle que vous pouvez mentionner ne quitte pas ma bo\u00eete aux lettres. A propos de tout cela en d\u00e9tail ci-dessous.<\/span><\/p>\n<h2><span lang=\"fr-FR\">Quelles sont les donn\u00e9es personnelles concern\u00e9es?<\/span><\/h2>\n<p><span lang=\"fr-FR\">Parce que vous visitez le site, remplissez un formulaire de contact et \/ ou utilisez les services de &lsquo;Simba Vegetables bv&rsquo;, vos donn\u00e9es personnelles sont trait\u00e9es: nom et pr\u00e9nom, adresse, num\u00e9ro de t\u00e9l\u00e9phone, adresse e-mail, adresse IP (l&rsquo;adresse de o\u00f9 le site est visit\u00e9, c&rsquo;est-\u00e0-dire la connexion internet utilis\u00e9e) et des informations sur vos activit\u00e9s sur le site.<\/span><\/p>\n<h2><span lang=\"fr-FR\">Pourquoi sont-ils demand\u00e9s?<\/span><\/h2>\n<p><span lang=\"fr-FR\">Pour vous contacter et \u00eatre en mesure d&rsquo;effectuer le service. J&rsquo;utilise logiquement votre nom et vos coordonn\u00e9es pour maintenir le contact et vous informer sur les questions pertinentes li\u00e9es au service. J&rsquo;enregistre toutes les informations que vous partagez par email. Les informations partag\u00e9es par t\u00e9l\u00e9phone ne sont pas enregistr\u00e9es par \u00e9crit. Vos donn\u00e9es seront \u00e9galement trait\u00e9es pour envoyer des informations ou autrement vous informer sur mes activit\u00e9s commerciales, et analyser le comportement des visiteurs pour am\u00e9liorer le site Web.<\/span><\/p>\n<h2><span lang=\"fr-FR\">Qu&rsquo;est-ce qui ne se passe pas avec vos donn\u00e9es?<\/span><\/h2>\n<p><span lang=\"fr-FR\">Vos donn\u00e9es ne seront pas vendues \u00e0 d&rsquo;autres. Ils ne servent pas non plus \u00e0 compiler des profils d\u00e9taill\u00e9s de visiteurs, ni \u00e0 prendre des d\u00e9cisions fond\u00e9es sur un traitement automatis\u00e9 (c.-\u00e0-d., Par des programmes informatiques ou des syst\u00e8mes sans intervention humaine).<\/span><\/p>\n<h2><span lang=\"fr-FR\">Vos donn\u00e9es sont-elles partag\u00e9es avec des tiers?<\/span><\/h2>\n<p><span lang=\"fr-FR\">Oui, uniquement si cela est n\u00e9cessaire en raison d&rsquo;une obligation l\u00e9gale ou d&rsquo;un int\u00e9r\u00eat l\u00e9gitime, par exemple une pratique commerciale raisonnable:<\/span><\/p>\n<p>\u2022 <span lang=\"fr-FR\">consultant fiscal, en raison de l&rsquo;acc\u00e8s aux factures avec les d\u00e9tails de l&rsquo;adresse<\/span><\/p>\n<p>\u2022 <span lang=\"fr-FR\">websitehoster, pour le stockage des donn\u00e9es \u00e0 partir des formulaires de contact<\/span><\/p>\n<p>\u2022 <span lang=\"fr-FR\">Google Analytics, pour l&rsquo;analyse du site Web des donn\u00e9es de visite<\/span><\/p>\n<p><span lang=\"fr-FR\">Des accords de traitement ont \u00e9t\u00e9 conclus avec ces \u00abtransformateurs\u00bb.<\/span><\/p>\n<h2><span lang=\"fr-FR\">Qu&rsquo;est-ce qui se passe pendant que vous surfez?<\/span><\/h2>\n<p><span lang=\"fr-FR\">Les cookies techniques et fonctionnels sont utilis\u00e9s pour que mon site fonctionne correctement et pour garantir la facilit\u00e9 d&rsquo;utilisation. En outre, les donn\u00e9es de visite g\u00e9n\u00e9rales sont conserv\u00e9es via Google Analytics, y compris l&rsquo;adresse IP de votre ordinateur.<\/span><\/p>\n<h2><span lang=\"fr-FR\">Cookies &#8211; laissez-les travailler pour vous<\/span><\/h2>\n<p><span lang=\"fr-FR\">Un cookie est un petit fichier texte simple qui est stock\u00e9 sur votre ordinateur ou votre appareil mobile lorsque vous visitez un site Web pour la premi\u00e8re fois. Via les param\u00e8tres de votre navigateur Internet, vous pouvez d\u00e9sactiver les cookies (ne plus enregistrer), supprimer toutes les informations pr\u00e9c\u00e9demment stock\u00e9es et recevoir une notification lors de l&rsquo;envoi d&rsquo;un cookie. S&rsquo;il vous pla\u00eet noter que certains sites peuvent ne pas fonctionner aussi bien si vous d\u00e9sactivez tous les cookies.<\/span><\/p>\n<h2><span lang=\"fr-FR\">Google Analytics &#8211; d&rsquo;une mani\u00e8re respectueuse de la vie priv\u00e9e<\/span><\/h2>\n<p><span lang=\"fr-FR\">Cela analyse le comportement des visiteurs et des clics sur le site Web. Ces informations sont stock\u00e9es par Google sur des serveurs aux \u00c9tats-Unis et trait\u00e9es dans des rapports sur le fonctionnement du site Web. Sur les sites Web de Google et Google Analytics, vous trouverez leur politique de confidentialit\u00e9 avec plus d&rsquo;informations.<\/span><\/p>\n<p><span lang=\"fr-FR\">Cette collecte de donn\u00e9es est effectu\u00e9e de mani\u00e8re respectueuse de la vie priv\u00e9e; J&rsquo;ai anonymis\u00e9 les trois derniers chiffres de l&rsquo;adresse IP, le partage de donn\u00e9es a \u00e9t\u00e9 d\u00e9sactiv\u00e9 et aucune combinaison d&rsquo;autres services Google avec Google Analytics n&rsquo;est utilis\u00e9e.<\/span><\/p>\n<p><span lang=\"fr-FR\">Google peut fournir ces informations \u00e0 des tiers si Google est l\u00e9galement tenu de le faire, ou dans la mesure o\u00f9 ces tiers traitent ces informations pour le compte de Google. Je n&rsquo;ai aucune influence sur cela.<\/span><\/p>\n<h2><span lang=\"fr-FR\">Vos donn\u00e9es sont bien s\u00e9curis\u00e9es<\/span><\/h2>\n<p><span lang=\"fr-FR\">Je prends la protection de vos donn\u00e9es au s\u00e9rieux. Vos donn\u00e9es ne sont pas stock\u00e9es en ligne (\u00abdans le nuage\u00bb), mon ordinateur est prot\u00e9g\u00e9 par des mesures techniques appropri\u00e9es et efficaces.<\/span><\/p>\n<h2><span lang=\"fr-FR\">Combien de temps vos donn\u00e9es resteront-elles?<\/span><\/h2>\n<p><span lang=\"fr-FR\">Pas plus que n\u00e9cessaire pour atteindre les objectifs pour lesquels vos donn\u00e9es sont collect\u00e9es. Concr\u00e8tement: les donn\u00e9es des clients ne sont pas conserv\u00e9es plus de deux ans apr\u00e8s le dernier service re\u00e7u. Les donn\u00e9es des clients potentiels ne seront pas conserv\u00e9es plus d&rsquo;un an si aucun accord n&rsquo;est conclu. Il y a une exception: comme tout entrepreneur, je suis l\u00e9galement oblig\u00e9 de conserver mes dossiers, y compris les factures avec les coordonn\u00e9es, pendant sept ans.<\/span><\/p>\n<h2><span lang=\"fr-FR\">Quelque chose ne va pas, voulez-vous voir vos donn\u00e9es ou les supprimer?<\/span><\/h2>\n<p><span lang=\"fr-FR\">S&rsquo;il vous pla\u00eet contactez-moi et je le ferai pour vous, au plus tard dans les deux jours ouvrables. Si vous voyez une raison, vous pouvez vous opposer au traitement de vos donn\u00e9es personnelles et \/ ou soumettre une plainte \u00e0 l&rsquo;autorit\u00e9 n\u00e9erlandaise de protection des donn\u00e9es (\u2018<\/span><a href=\"https:\/\/autoriteitpersoonsgegevens.nl\/nl\/contact-met-de-autoriteit-persoonsgegevens\/tip-ons\" target=\"_blank\" rel=\"noopener\"><span style=\"color: #70ad47;\"><span lang=\"fr-FR\">Nederlandse Autoriteit Persoonsgegevens<\/span><\/span><\/a><span lang=\"fr-FR\">\u2019).<\/span><\/p>\n<h2><span lang=\"fr-FR\">Avez-vous des conseils, des questions ou d&rsquo;autres commentaires?<\/span><\/h2>\n<p><span lang=\"fr-FR\">Contactez-nous via:<\/span><\/p>\n<p>Simba Vegetables bv<\/p>\n<p>Zwaagdijk 149<\/p>\n<p>1684 ND Zwaagdijk-Oost<\/p>\n<p>KvK 36052712<\/p>\n<p><a href=\"https:\/\/www.simbavegetables.nl\"><span style=\"color: #70ad47;\">www.simbavegetables.nl<\/span><\/a><\/p>\n<p><a href=\"mailto:post@simbavegetables.nl\"><span style=\"color: #70ad47;\">post@simbavegetables.nl<\/span><\/a><\/p>\n<p><span lang=\"fr-FR\">+31 (0)228 745 390<\/span><\/p>\n<p><span lang=\"fr-FR\">Merci d&rsquo;avoir lu. Salutation!<\/span><\/p>\n<p><span lang=\"fr-FR\">Robert Sijm et Maurice Ott<\/span><\/p>","protected":false},"excerpt":{"rendered":"<p>D\u00e9claration de confidentialit\u00e9 Simba Vegetables bv Version du 20 mai 2018. Vous voulez \u00e9galement pouvoir vous d\u00e9placer librement en ligne Vous visitez mon site Web www.simbavegetables.nl pour plus d&rsquo;informations. Si vous \u00eates int\u00e9ress\u00e9, veuillez-vous enregistrer ou remplir mon formulaire de contact et envoyer les donn\u00e9es compl\u00e9t\u00e9es via mon site web. Par cela vous laissez des [&hellip;]<\/p>\n","protected":false},"author":1,"featured_media":0,"parent":0,"menu_order":0,"comment_status":"closed","ping_status":"closed","template":"","meta":{"footnotes":"","_links_to":"","_links_to_target":""},"class_list":["post-1469","page","type-page","status-publish","hentry"],"yoast_head":"<!-- This site is optimized with the Yoast SEO plugin v24.9 - https:\/\/yoast.com\/wordpress\/plugins\/seo\/ -->\n<title>- simba vegetables bv<\/title>\n<meta name=\"robots\" content=\"index, follow, max-snippet:-1, max-image-preview:large, max-video-preview:-1\" \/>\n<link rel=\"canonical\" href=\"https:\/\/simbavegetables.nl\/fr\/declaration-de-confidentialite-simba-vegetables-bv\/\" \/>\n<meta property=\"og:locale\" content=\"fr_FR\" \/>\n<meta property=\"og:type\" content=\"article\" \/>\n<meta property=\"og:title\" content=\"- simba vegetables bv\" \/>\n<meta property=\"og:description\" content=\"D\u00e9claration de confidentialit\u00e9 Simba Vegetables bv Version du 20 mai 2018. Vous voulez \u00e9galement pouvoir vous d\u00e9placer librement en ligne Vous visitez mon site Web www.simbavegetables.nl pour plus d&rsquo;informations. Si vous \u00eates int\u00e9ress\u00e9, veuillez-vous enregistrer ou remplir mon formulaire de contact et envoyer les donn\u00e9es compl\u00e9t\u00e9es via mon site web. Par cela vous laissez des [&hellip;]\" \/>\n<meta property=\"og:url\" content=\"https:\/\/simbavegetables.nl\/fr\/declaration-de-confidentialite-simba-vegetables-bv\/\" \/>\n<meta property=\"og:site_name\" content=\"simba vegetables bv\" \/>\n<meta property=\"article:publisher\" content=\"https:\/\/www.facebook.com\/Simbavegetables\/?fref=ts\" \/>\n<meta property=\"article:modified_time\" content=\"2023-01-19T09:47:45+00:00\" \/>\n<meta name=\"twitter:card\" content=\"summary_large_image\" \/>\n<meta name=\"twitter:label1\" content=\"Dur\u00e9e de lecture estim\u00e9e\" \/>\n\t<meta name=\"twitter:data1\" content=\"5 minutes\" \/>\n<script type=\"application\/ld+json\" class=\"yoast-schema-graph\">{\"@context\":\"https:\/\/schema.org\",\"@graph\":[{\"@type\":\"WebPage\",\"@id\":\"https:\/\/simbavegetables.nl\/fr\/declaration-de-confidentialite-simba-vegetables-bv\/\",\"url\":\"https:\/\/simbavegetables.nl\/fr\/declaration-de-confidentialite-simba-vegetables-bv\/\",\"name\":\"- simba vegetables bv\",\"isPartOf\":{\"@id\":\"https:\/\/simbavegetables.nl\/fr\/#website\"},\"datePublished\":\"2018-07-02T14:18:44+00:00\",\"dateModified\":\"2023-01-19T09:47:45+00:00\",\"inLanguage\":\"fr-FR\",\"potentialAction\":[{\"@type\":\"ReadAction\",\"target\":[\"https:\/\/simbavegetables.nl\/fr\/declaration-de-confidentialite-simba-vegetables-bv\/\"]}]},{\"@type\":\"WebSite\",\"@id\":\"https:\/\/simbavegetables.nl\/fr\/#website\",\"url\":\"https:\/\/simbavegetables.nl\/fr\/\",\"name\":\"simba vegetables bv\",\"description\":\"specialised in the purchase and sales of fresh vegetables from Holland\",\"publisher\":{\"@id\":\"https:\/\/simbavegetables.nl\/fr\/#organization\"},\"potentialAction\":[{\"@type\":\"SearchAction\",\"target\":{\"@type\":\"EntryPoint\",\"urlTemplate\":\"https:\/\/simbavegetables.nl\/fr\/?s={search_term_string}\"},\"query-input\":{\"@type\":\"PropertyValueSpecification\",\"valueRequired\":true,\"valueName\":\"search_term_string\"}}],\"inLanguage\":\"fr-FR\"},{\"@type\":\"Organization\",\"@id\":\"https:\/\/simbavegetables.nl\/fr\/#organization\",\"name\":\"Simba Vegetables\",\"url\":\"https:\/\/simbavegetables.nl\/fr\/\",\"logo\":{\"@type\":\"ImageObject\",\"inLanguage\":\"fr-FR\",\"@id\":\"https:\/\/simbavegetables.nl\/fr\/#\/schema\/logo\/image\/\",\"url\":\"https:\/\/simbavegetables.nl\/wp-content\/uploads\/Simba_vegetables_druklogo_3.png\",\"contentUrl\":\"https:\/\/simbavegetables.nl\/wp-content\/uploads\/Simba_vegetables_druklogo_3.png\",\"width\":511,\"height\":151,\"caption\":\"Simba Vegetables\"},\"image\":{\"@id\":\"https:\/\/simbavegetables.nl\/fr\/#\/schema\/logo\/image\/\"},\"sameAs\":[\"https:\/\/www.facebook.com\/Simbavegetables\/?fref=ts\"]}]}<\/script>\n<!-- \/ Yoast SEO plugin. -->","yoast_head_json":{"title":"- simba vegetables bv","robots":{"index":"index","follow":"follow","max-snippet":"max-snippet:-1","max-image-preview":"max-image-preview:large","max-video-preview":"max-video-preview:-1"},"canonical":"https:\/\/simbavegetables.nl\/fr\/declaration-de-confidentialite-simba-vegetables-bv\/","og_locale":"fr_FR","og_type":"article","og_title":"- simba vegetables bv","og_description":"D\u00e9claration de confidentialit\u00e9 Simba Vegetables bv Version du 20 mai 2018. Vous voulez \u00e9galement pouvoir vous d\u00e9placer librement en ligne Vous visitez mon site Web www.simbavegetables.nl pour plus d&rsquo;informations. Si vous \u00eates int\u00e9ress\u00e9, veuillez-vous enregistrer ou remplir mon formulaire de contact et envoyer les donn\u00e9es compl\u00e9t\u00e9es via mon site web. Par cela vous laissez des [&hellip;]","og_url":"https:\/\/simbavegetables.nl\/fr\/declaration-de-confidentialite-simba-vegetables-bv\/","og_site_name":"simba vegetables bv","article_publisher":"https:\/\/www.facebook.com\/Simbavegetables\/?fref=ts","article_modified_time":"2023-01-19T09:47:45+00:00","twitter_card":"summary_large_image","twitter_misc":{"Dur\u00e9e de lecture estim\u00e9e":"5 minutes"},"schema":{"@context":"https:\/\/schema.org","@graph":[{"@type":"WebPage","@id":"https:\/\/simbavegetables.nl\/fr\/declaration-de-confidentialite-simba-vegetables-bv\/","url":"https:\/\/simbavegetables.nl\/fr\/declaration-de-confidentialite-simba-vegetables-bv\/","name":"- simba vegetables bv","isPartOf":{"@id":"https:\/\/simbavegetables.nl\/fr\/#website"},"datePublished":"2018-07-02T14:18:44+00:00","dateModified":"2023-01-19T09:47:45+00:00","inLanguage":"fr-FR","potentialAction":[{"@type":"ReadAction","target":["https:\/\/simbavegetables.nl\/fr\/declaration-de-confidentialite-simba-vegetables-bv\/"]}]},{"@type":"WebSite","@id":"https:\/\/simbavegetables.nl\/fr\/#website","url":"https:\/\/simbavegetables.nl\/fr\/","name":"simba vegetables bv","description":"specialised in the purchase and sales of fresh vegetables from Holland","publisher":{"@id":"https:\/\/simbavegetables.nl\/fr\/#organization"},"potentialAction":[{"@type":"SearchAction","target":{"@type":"EntryPoint","urlTemplate":"https:\/\/simbavegetables.nl\/fr\/?s={search_term_string}"},"query-input":{"@type":"PropertyValueSpecification","valueRequired":true,"valueName":"search_term_string"}}],"inLanguage":"fr-FR"},{"@type":"Organization","@id":"https:\/\/simbavegetables.nl\/fr\/#organization","name":"Simba Vegetables","url":"https:\/\/simbavegetables.nl\/fr\/","logo":{"@type":"ImageObject","inLanguage":"fr-FR","@id":"https:\/\/simbavegetables.nl\/fr\/#\/schema\/logo\/image\/","url":"https:\/\/simbavegetables.nl\/wp-content\/uploads\/Simba_vegetables_druklogo_3.png","contentUrl":"https:\/\/simbavegetables.nl\/wp-content\/uploads\/Simba_vegetables_druklogo_3.png","width":511,"height":151,"caption":"Simba Vegetables"},"image":{"@id":"https:\/\/simbavegetables.nl\/fr\/#\/schema\/logo\/image\/"},"sameAs":["https:\/\/www.facebook.com\/Simbavegetables\/?fref=ts"]}]}},"_links":{"self":[{"href":"https:\/\/simbavegetables.nl\/fr\/wp-json\/wp\/v2\/pages\/1469","targetHints":{"allow":["GET"]}}],"collection":[{"href":"https:\/\/simbavegetables.nl\/fr\/wp-json\/wp\/v2\/pages"}],"about":[{"href":"https:\/\/simbavegetables.nl\/fr\/wp-json\/wp\/v2\/types\/page"}],"author":[{"embeddable":true,"href":"https:\/\/simbavegetables.nl\/fr\/wp-json\/wp\/v2\/users\/1"}],"replies":[{"embeddable":true,"href":"https:\/\/simbavegetables.nl\/fr\/wp-json\/wp\/v2\/comments?post=1469"}],"version-history":[{"count":4,"href":"https:\/\/simbavegetables.nl\/fr\/wp-json\/wp\/v2\/pages\/1469\/revisions"}],"predecessor-version":[{"id":93341,"href":"https:\/\/simbavegetables.nl\/fr\/wp-json\/wp\/v2\/pages\/1469\/revisions\/93341"}],"wp:attachment":[{"href":"https:\/\/simbavegetables.nl\/fr\/wp-json\/wp\/v2\/media?parent=1469"}],"curies":[{"name":"wp","href":"https:\/\/api.w.org\/{rel}","templated":true}]}}