{"id":599,"date":"2014-03-28T19:55:20","date_gmt":"2014-03-28T19:55:20","guid":{"rendered":"http:\/\/simbavegetables.nl\/?page_id=599"},"modified":"2024-06-17T12:35:40","modified_gmt":"2024-06-17T12:35:40","slug":"tovabbi-informaciok-a-simba-rol","status":"publish","type":"page","link":"https:\/\/simbavegetables.nl\/hu\/tovabbi-informaciok-a-simba-rol\/","title":{"rendered":""},"content":{"rendered":"\t\t<div data-elementor-type=\"wp-page\" data-elementor-id=\"599\" class=\"elementor elementor-599 elementor-5\" data-elementor-post-type=\"page\">\n\t\t\t\t\t\t<section class=\"elementor-section elementor-top-section elementor-element elementor-element-32d3f2f0 elementor-section-boxed elementor-section-height-default elementor-section-height-default\" data-id=\"32d3f2f0\" data-element_type=\"section\">\n\t\t\t\t\t\t<div class=\"elementor-container elementor-column-gap-default\">\n\t\t\t\t\t<div class=\"elementor-column elementor-col-100 elementor-top-column elementor-element elementor-element-27358e70\" data-id=\"27358e70\" data-element_type=\"column\">\n\t\t\t<div class=\"elementor-widget-wrap elementor-element-populated\">\n\t\t\t\t\t\t<div class=\"elementor-element elementor-element-168b2c61 elementor-widget elementor-widget-text-editor\" data-id=\"168b2c61\" data-element_type=\"widget\" data-widget_type=\"text-editor.default\">\n\t\t\t\t<div class=\"elementor-widget-container\">\n\t\t\t\t\t\t\t\t\t<div class=\"wp-block-spacer\" style=\"height: 100px;\" aria-hidden=\"true\">\u00a0<\/div><h1 class=\"wp-block wp-block-post-title block-editor-block-list__block editor-post-title editor-post-title__input rich-text\" role=\"textbox\" contenteditable=\"true\" aria-label=\"Add title\" aria-multiline=\"true\">Simba<\/h1><p><span style=\"font-size: 17px;\">A Simba Vegetables bv alap\u00edt\u00f3i Maurice Ott, a t\u00e1rsas\u00e1g 2014. m\u00e1rcius 1-j\u00e9t\u0151l m\u0171k\u00f6dik. Wieringerwerfben vagyunk, ami k\u00f6r\u00fclbel\u00fcl egy \u00f3ra aut\u00f3\u00fatra van Amszterdamt\u00f3l. Simba \u00e9s Knibbe ugyanazon a helyen tal\u00e1lhat\u00f3k.<\/span><span style=\"font-size: 17px;\">\u00a0A term\u00e9kek \u00e1rukezel\u00e9se az iroda\u00e9p\u00fclet m\u00f6g\u00f6tt t\u00f6rt\u00e9nik, ahol g\u00e9pkocsivezet\u0151ink bemutatj\u00e1k az \u00e1ru fel- \u00e9s lerakod\u00e1s\u00e1r\u00f3l sz\u00f3l\u00f3 besz\u00e1mol\u00f3t. A m\u0171veleti helysz\u00edn a burgonya, hagyma, k\u00e1poszta, s\u00e1rgar\u00e9pa, karfiol \u00e9s brokkoli term\u0151f\u00f6ldek k\u00f6zep\u00e9n helyezkedik el \u00e9s \u00edgy k\u00f6zelr\u0151l k\u00f6vethetj\u00fck figyelemmel term\u00e9keinket, \u00fagy a termeszt\u00e9si, mind pedig a feldolgoz\u00e1si folyamatokat.<\/span><\/p><p style=\"text-align: center;\"><span style=\"color: #91c11f; font-size: 28px;\">V\u00c1LASSZA A SIMBA-t!<\/span><\/p><ul><li><span style=\"line-height: 1.5em;\"><span style=\"line-height: 1.5em;\">Saj\u00e1t term\u00e9nyeinket, valamint m\u00e1s z\u00f6lds\u00e9gtermel\u0151-, szort\u00edroz\u00f3- \u00e9s csomagol\u00f3 c\u00e9gek term\u00e9keit is oszt\u00e1lyozzuk \u00e9s \u00e9rt\u00e9kes\u00edtj\u00fck. A Simba valamennyi \u00fczlett\u00e1rsa betartja a\u00a0<\/span><\/span><a style=\"line-height: 1.5em;\" title=\"Certificering\" href=\"https:\/\/simbavegetables.nl\/certificering\/\">Global-GAP<\/a>\u00a0<span style=\"line-height: 1.5em;\">min\u0151s\u00e9gtan\u00fas\u00edt\u00f3 szervezet szabv\u00e1nyait.<br \/><\/span><\/li><li>Mindenf\u00e9le m\u00e9retben \u00e9s csomagol\u00e1sban sz\u00e1ll\u00edtunk term\u00e9keket.<\/li><li>A nemzetk\u00f6zi fuvaroz\u00e1sban t\u00f6bb\u00e9ves tapasztalattal rendelkez\u00fcnk.<\/li><li>Sz\u00fcks\u00e9g eset\u00e9n v\u00e1llaljuk az iratokra \u00e9s sz\u00e1ll\u00edt\u00e1sra vonatkoz\u00f3 teljes \u00fcgyint\u00e9z\u00e9st \u2013 \u00d6n\u00e9rt.<\/li><li><span style=\"line-height: 1.5em;\">A\u00a0<\/span><a style=\"line-height: 1.5em;\" href=\"http:\/\/www.jem-id.nl\" target=\"_blank\" rel=\"noopener\">Green Commerce<\/a><span style=\"line-height: 1.5em;\"><span style=\"line-height: 1.5em;\"><span style=\"line-height: 1.5em;\"><span style=\"line-height: 1.5em;\">\u00a0<\/span><\/span><\/span><\/span>elnevez\u00e9s\u0171 korszer\u0171 mez\u0151gazdas\u00e1gi oper\u00e1ci\u00f3s rendszerrel dolgozunk.<\/li><li>T\u00e1rsas\u00e1gunk keret\u00e9n bel\u00fcl j\u00f3l m\u0171k\u00f6d\u0151 hitelez\u00e9si rendszert dolgoztunk ki, amely r\u00e9v\u00e9n a besz\u00e1ll\u00edt\u00f3k \u00e9s sz\u00e1ll\u00edt\u00f3k hitelt ig\u00e9nyelhetnek a Simba Vegetables c\u00e9gt\u0151l.<\/li><li>Term\u00e9keinket saj\u00e1t \u00e1ltal\u00e1nos szerz\u0151d\u00e9si felt\u00e9teleink betart\u00e1s\u00e1val sz\u00e1ll\u00edtjuk.<\/li><li><span style=\"line-height: 1.5em;\">A k\u00e1posztakereskedelem ter\u00fclet\u00e9n egy\u00fcttm\u0171k\u00f6d\u00fcnk a nagy-britanniai\u00a0<\/span><a style=\"line-height: 1.5em;\" href=\"http:\/\/www.naylorfarms.co.uk\" target=\"_blank\" rel=\"noopener\">Naylor Farms<\/a><span style=\"line-height: 1.5em;\">\u00a0Naylor Farms\u00a0t\u00e1rsas\u00e1ggal \u00e9s be vagyunk jegyezve a\u00a0<\/span><a style=\"line-height: 1.5em;\" title=\"Home\" href=\"https:\/\/simbavegetables.nl\/\">www.cabbageking.nl<\/a>\u00a0honlapon.<span style=\"line-height: 1.5em;\"><br \/><\/span><\/li><li>Figyel\u00fcnk a teljes folyamatra. B\u00edzhat benn\u00fcnk, mert ismerj\u00fck a term\u00e9keket \u00e9s azok, valamint a csomagol\u00f3anyagok min\u0151s\u00e9g\u00e9t. C\u00e9lkit\u0171z\u00e9seinket 100%-osan teljes\u00edtj\u00fck. Term\u00e9szetesen, v\u00e1llal\u00e1sainknak mindig eleget tesz\u00fcnk.<br \/>Ez\u00e9rt jelmondatunk a k\u00f6vetkez\u0151: <span style=\"font-size: 17px;\">&#8222;Attention to Detail&#8221; !<\/span><\/li><\/ul><div class=\"wp-block-spacer\" style=\"height: 100px;\" aria-hidden=\"true\">\u00a0<\/div><div class=\"wp-block-spacer\" style=\"height: 100px;\" aria-hidden=\"true\">\u00a0<\/div>\t\t\t\t\t\t\t\t<\/div>\n\t\t\t\t<\/div>\n\t\t\t\t\t<\/div>\n\t\t<\/div>\n\t\t\t\t\t<\/div>\n\t\t<\/section>\n\t\t\t\t<\/div>\n\t\t","protected":false},"excerpt":{"rendered":"<p>\u00a0 Simba A Simba Vegetables bv alap\u00edt\u00f3i Maurice Ott, a t\u00e1rsas\u00e1g 2014. m\u00e1rcius 1-j\u00e9t\u0151l m\u0171k\u00f6dik. Wieringerwerfben vagyunk, ami k\u00f6r\u00fclbel\u00fcl egy \u00f3ra aut\u00f3\u00fatra van Amszterdamt\u00f3l. Simba \u00e9s Knibbe ugyanazon a helyen tal\u00e1lhat\u00f3k.\u00a0A term\u00e9kek \u00e1rukezel\u00e9se az iroda\u00e9p\u00fclet m\u00f6g\u00f6tt t\u00f6rt\u00e9nik, ahol g\u00e9pkocsivezet\u0151ink bemutatj\u00e1k az \u00e1ru fel- \u00e9s lerakod\u00e1s\u00e1r\u00f3l sz\u00f3l\u00f3 besz\u00e1mol\u00f3t. A m\u0171veleti helysz\u00edn a burgonya, hagyma, k\u00e1poszta, s\u00e1rgar\u00e9pa, [&hellip;]<\/p>\n","protected":false},"author":1,"featured_media":0,"parent":0,"menu_order":0,"comment_status":"closed","ping_status":"closed","template":"","meta":{"footnotes":"","_links_to":"","_links_to_target":""},"class_list":["post-599","page","type-page","status-publish","hentry"],"yoast_head":"<!-- This site is optimized with the Yoast SEO plugin v24.9 - https:\/\/yoast.com\/wordpress\/plugins\/seo\/ -->\n<title>- simba vegetables bv<\/title>\n<meta name=\"robots\" content=\"index, follow, max-snippet:-1, max-image-preview:large, max-video-preview:-1\" \/>\n<link rel=\"canonical\" href=\"https:\/\/simbavegetables.nl\/hu\/tovabbi-informaciok-a-simba-rol\/\" \/>\n<meta property=\"og:locale\" content=\"hu_HU\" \/>\n<meta property=\"og:type\" content=\"article\" \/>\n<meta property=\"og:title\" content=\"- simba vegetables bv\" \/>\n<meta property=\"og:description\" content=\"\u00a0 Simba A Simba Vegetables bv alap\u00edt\u00f3i Maurice Ott, a t\u00e1rsas\u00e1g 2014. m\u00e1rcius 1-j\u00e9t\u0151l m\u0171k\u00f6dik. Wieringerwerfben vagyunk, ami k\u00f6r\u00fclbel\u00fcl egy \u00f3ra aut\u00f3\u00fatra van Amszterdamt\u00f3l. Simba \u00e9s Knibbe ugyanazon a helyen tal\u00e1lhat\u00f3k.\u00a0A term\u00e9kek \u00e1rukezel\u00e9se az iroda\u00e9p\u00fclet m\u00f6g\u00f6tt t\u00f6rt\u00e9nik, ahol g\u00e9pkocsivezet\u0151ink bemutatj\u00e1k az \u00e1ru fel- \u00e9s lerakod\u00e1s\u00e1r\u00f3l sz\u00f3l\u00f3 besz\u00e1mol\u00f3t. A m\u0171veleti helysz\u00edn a burgonya, hagyma, k\u00e1poszta, s\u00e1rgar\u00e9pa, [&hellip;]\" \/>\n<meta property=\"og:url\" content=\"https:\/\/simbavegetables.nl\/hu\/tovabbi-informaciok-a-simba-rol\/\" \/>\n<meta property=\"og:site_name\" content=\"simba vegetables bv\" \/>\n<meta property=\"article:publisher\" content=\"https:\/\/www.facebook.com\/Simbavegetables\/?fref=ts\" \/>\n<meta property=\"article:modified_time\" content=\"2024-06-17T12:35:40+00:00\" \/>\n<meta name=\"twitter:card\" content=\"summary_large_image\" \/>\n<meta name=\"twitter:label1\" content=\"Becs\u00fclt olvas\u00e1si id\u0151\" \/>\n\t<meta name=\"twitter:data1\" content=\"1 perc\" \/>\n<script type=\"application\/ld+json\" class=\"yoast-schema-graph\">{\"@context\":\"https:\/\/schema.org\",\"@graph\":[{\"@type\":\"WebPage\",\"@id\":\"https:\/\/simbavegetables.nl\/hu\/tovabbi-informaciok-a-simba-rol\/\",\"url\":\"https:\/\/simbavegetables.nl\/hu\/tovabbi-informaciok-a-simba-rol\/\",\"name\":\"- simba vegetables bv\",\"isPartOf\":{\"@id\":\"https:\/\/simbavegetables.nl\/hu\/#website\"},\"datePublished\":\"2014-03-28T19:55:20+00:00\",\"dateModified\":\"2024-06-17T12:35:40+00:00\",\"inLanguage\":\"hu\",\"potentialAction\":[{\"@type\":\"ReadAction\",\"target\":[\"https:\/\/simbavegetables.nl\/hu\/tovabbi-informaciok-a-simba-rol\/\"]}]},{\"@type\":\"WebSite\",\"@id\":\"https:\/\/simbavegetables.nl\/hu\/#website\",\"url\":\"https:\/\/simbavegetables.nl\/hu\/\",\"name\":\"simba vegetables bv\",\"description\":\"specialised in the purchase and sales of fresh vegetables from Holland\",\"publisher\":{\"@id\":\"https:\/\/simbavegetables.nl\/hu\/#organization\"},\"potentialAction\":[{\"@type\":\"SearchAction\",\"target\":{\"@type\":\"EntryPoint\",\"urlTemplate\":\"https:\/\/simbavegetables.nl\/hu\/?s={search_term_string}\"},\"query-input\":{\"@type\":\"PropertyValueSpecification\",\"valueRequired\":true,\"valueName\":\"search_term_string\"}}],\"inLanguage\":\"hu\"},{\"@type\":\"Organization\",\"@id\":\"https:\/\/simbavegetables.nl\/hu\/#organization\",\"name\":\"Simba Vegetables\",\"url\":\"https:\/\/simbavegetables.nl\/hu\/\",\"logo\":{\"@type\":\"ImageObject\",\"inLanguage\":\"hu\",\"@id\":\"https:\/\/simbavegetables.nl\/hu\/#\/schema\/logo\/image\/\",\"url\":\"https:\/\/simbavegetables.nl\/wp-content\/uploads\/Simba_vegetables_druklogo_3.png\",\"contentUrl\":\"https:\/\/simbavegetables.nl\/wp-content\/uploads\/Simba_vegetables_druklogo_3.png\",\"width\":511,\"height\":151,\"caption\":\"Simba Vegetables\"},\"image\":{\"@id\":\"https:\/\/simbavegetables.nl\/hu\/#\/schema\/logo\/image\/\"},\"sameAs\":[\"https:\/\/www.facebook.com\/Simbavegetables\/?fref=ts\"]}]}<\/script>\n<!-- \/ Yoast SEO plugin. -->","yoast_head_json":{"title":"- simba vegetables bv","robots":{"index":"index","follow":"follow","max-snippet":"max-snippet:-1","max-image-preview":"max-image-preview:large","max-video-preview":"max-video-preview:-1"},"canonical":"https:\/\/simbavegetables.nl\/hu\/tovabbi-informaciok-a-simba-rol\/","og_locale":"hu_HU","og_type":"article","og_title":"- simba vegetables bv","og_description":"\u00a0 Simba A Simba Vegetables bv alap\u00edt\u00f3i Maurice Ott, a t\u00e1rsas\u00e1g 2014. m\u00e1rcius 1-j\u00e9t\u0151l m\u0171k\u00f6dik. Wieringerwerfben vagyunk, ami k\u00f6r\u00fclbel\u00fcl egy \u00f3ra aut\u00f3\u00fatra van Amszterdamt\u00f3l. Simba \u00e9s Knibbe ugyanazon a helyen tal\u00e1lhat\u00f3k.\u00a0A term\u00e9kek \u00e1rukezel\u00e9se az iroda\u00e9p\u00fclet m\u00f6g\u00f6tt t\u00f6rt\u00e9nik, ahol g\u00e9pkocsivezet\u0151ink bemutatj\u00e1k az \u00e1ru fel- \u00e9s lerakod\u00e1s\u00e1r\u00f3l sz\u00f3l\u00f3 besz\u00e1mol\u00f3t. A m\u0171veleti helysz\u00edn a burgonya, hagyma, k\u00e1poszta, s\u00e1rgar\u00e9pa, [&hellip;]","og_url":"https:\/\/simbavegetables.nl\/hu\/tovabbi-informaciok-a-simba-rol\/","og_site_name":"simba vegetables bv","article_publisher":"https:\/\/www.facebook.com\/Simbavegetables\/?fref=ts","article_modified_time":"2024-06-17T12:35:40+00:00","twitter_card":"summary_large_image","twitter_misc":{"Becs\u00fclt olvas\u00e1si id\u0151":"1 perc"},"schema":{"@context":"https:\/\/schema.org","@graph":[{"@type":"WebPage","@id":"https:\/\/simbavegetables.nl\/hu\/tovabbi-informaciok-a-simba-rol\/","url":"https:\/\/simbavegetables.nl\/hu\/tovabbi-informaciok-a-simba-rol\/","name":"- simba vegetables bv","isPartOf":{"@id":"https:\/\/simbavegetables.nl\/hu\/#website"},"datePublished":"2014-03-28T19:55:20+00:00","dateModified":"2024-06-17T12:35:40+00:00","inLanguage":"hu","potentialAction":[{"@type":"ReadAction","target":["https:\/\/simbavegetables.nl\/hu\/tovabbi-informaciok-a-simba-rol\/"]}]},{"@type":"WebSite","@id":"https:\/\/simbavegetables.nl\/hu\/#website","url":"https:\/\/simbavegetables.nl\/hu\/","name":"simba vegetables bv","description":"specialised in the purchase and sales of fresh vegetables from Holland","publisher":{"@id":"https:\/\/simbavegetables.nl\/hu\/#organization"},"potentialAction":[{"@type":"SearchAction","target":{"@type":"EntryPoint","urlTemplate":"https:\/\/simbavegetables.nl\/hu\/?s={search_term_string}"},"query-input":{"@type":"PropertyValueSpecification","valueRequired":true,"valueName":"search_term_string"}}],"inLanguage":"hu"},{"@type":"Organization","@id":"https:\/\/simbavegetables.nl\/hu\/#organization","name":"Simba Vegetables","url":"https:\/\/simbavegetables.nl\/hu\/","logo":{"@type":"ImageObject","inLanguage":"hu","@id":"https:\/\/simbavegetables.nl\/hu\/#\/schema\/logo\/image\/","url":"https:\/\/simbavegetables.nl\/wp-content\/uploads\/Simba_vegetables_druklogo_3.png","contentUrl":"https:\/\/simbavegetables.nl\/wp-content\/uploads\/Simba_vegetables_druklogo_3.png","width":511,"height":151,"caption":"Simba Vegetables"},"image":{"@id":"https:\/\/simbavegetables.nl\/hu\/#\/schema\/logo\/image\/"},"sameAs":["https:\/\/www.facebook.com\/Simbavegetables\/?fref=ts"]}]}},"_links":{"self":[{"href":"https:\/\/simbavegetables.nl\/hu\/wp-json\/wp\/v2\/pages\/599","targetHints":{"allow":["GET"]}}],"collection":[{"href":"https:\/\/simbavegetables.nl\/hu\/wp-json\/wp\/v2\/pages"}],"about":[{"href":"https:\/\/simbavegetables.nl\/hu\/wp-json\/wp\/v2\/types\/page"}],"author":[{"embeddable":true,"href":"https:\/\/simbavegetables.nl\/hu\/wp-json\/wp\/v2\/users\/1"}],"replies":[{"embeddable":true,"href":"https:\/\/simbavegetables.nl\/hu\/wp-json\/wp\/v2\/comments?post=599"}],"version-history":[{"count":10,"href":"https:\/\/simbavegetables.nl\/hu\/wp-json\/wp\/v2\/pages\/599\/revisions"}],"predecessor-version":[{"id":93749,"href":"https:\/\/simbavegetables.nl\/hu\/wp-json\/wp\/v2\/pages\/599\/revisions\/93749"}],"wp:attachment":[{"href":"https:\/\/simbavegetables.nl\/hu\/wp-json\/wp\/v2\/media?parent=599"}],"curies":[{"name":"wp","href":"https:\/\/api.w.org\/{rel}","templated":true}]}}