{"id":633,"date":"2014-03-28T20:30:01","date_gmt":"2014-03-28T20:30:01","guid":{"rendered":"http:\/\/simbavegetables.nl\/?page_id=633"},"modified":"2025-06-16T14:38:52","modified_gmt":"2025-06-16T14:38:52","slug":"kapcsolat","status":"publish","type":"page","link":"https:\/\/simbavegetables.nl\/hu\/kapcsolat\/","title":{"rendered":""},"content":{"rendered":"\t\t<div data-elementor-type=\"wp-page\" data-elementor-id=\"633\" class=\"elementor elementor-633 elementor-16\" data-elementor-post-type=\"page\">\n\t\t\t\t\t\t<section class=\"elementor-section elementor-top-section elementor-element elementor-element-553de2e elementor-section-boxed elementor-section-height-default elementor-section-height-default\" data-id=\"553de2e\" data-element_type=\"section\">\n\t\t\t\t\t\t<div class=\"elementor-container elementor-column-gap-default\">\n\t\t\t\t\t<div class=\"elementor-column elementor-col-100 elementor-top-column elementor-element elementor-element-f2025da\" data-id=\"f2025da\" data-element_type=\"column\">\n\t\t\t<div class=\"elementor-widget-wrap elementor-element-populated\">\n\t\t\t\t\t\t<div class=\"elementor-element elementor-element-885008a elementor-widget elementor-widget-spacer\" data-id=\"885008a\" data-element_type=\"widget\" data-widget_type=\"spacer.default\">\n\t\t\t\t<div class=\"elementor-widget-container\">\n\t\t\t\t\t\t\t<div class=\"elementor-spacer\">\n\t\t\t<div class=\"elementor-spacer-inner\"><\/div>\n\t\t<\/div>\n\t\t\t\t\t\t<\/div>\n\t\t\t\t<\/div>\n\t\t\t\t\t<\/div>\n\t\t<\/div>\n\t\t\t\t\t<\/div>\n\t\t<\/section>\n\t\t\t\t<section class=\"elementor-section elementor-top-section elementor-element elementor-element-13c7fd11 elementor-section-boxed elementor-section-height-default elementor-section-height-default\" data-id=\"13c7fd11\" data-element_type=\"section\">\n\t\t\t\t\t\t<div class=\"elementor-container elementor-column-gap-default\">\n\t\t\t\t\t<div class=\"elementor-column elementor-col-25 elementor-top-column elementor-element elementor-element-1f0271af\" data-id=\"1f0271af\" data-element_type=\"column\">\n\t\t\t<div class=\"elementor-widget-wrap elementor-element-populated\">\n\t\t\t\t\t\t<div class=\"elementor-element elementor-element-6c324775 elementor-widget elementor-widget-text-editor\" data-id=\"6c324775\" data-element_type=\"widget\" data-widget_type=\"text-editor.default\">\n\t\t\t\t<div class=\"elementor-widget-container\">\n\t\t\t\t\t\t\t\t\t<p><img fetchpriority=\"high\" decoding=\"async\" class=\"alignnone wp-image-94162 size-full\" src=\"https:\/\/simbavegetables.nl\/wp-content\/uploads\/Servan-Ott-Fotografie-Simba-Vegetables-BV-Klein-5.jpg\" alt=\"\" width=\"600\" height=\"400\" srcset=\"https:\/\/simbavegetables.nl\/wp-content\/uploads\/Servan-Ott-Fotografie-Simba-Vegetables-BV-Klein-5.jpg 600w, https:\/\/simbavegetables.nl\/wp-content\/uploads\/Servan-Ott-Fotografie-Simba-Vegetables-BV-Klein-5-300x200.jpg 300w\" sizes=\"(max-width: 600px) 100vw, 600px\" \/><br \/><strong><br \/>Maurice Ott<br \/><\/strong><em>Managing Director \/ Sales<\/em><br \/>Mobile.: +31 (0)625 515 333<br \/><a style=\"font-size: 1em; line-height: 1.5em;\" href=\"mailto:maurice@simbavegetables.nl\"><b>maurice@simbavegetables.nl<\/b><\/a><\/p>\t\t\t\t\t\t\t\t<\/div>\n\t\t\t\t<\/div>\n\t\t\t\t\t<\/div>\n\t\t<\/div>\n\t\t\t\t<div class=\"elementor-column elementor-col-25 elementor-top-column elementor-element elementor-element-65f85996\" data-id=\"65f85996\" data-element_type=\"column\">\n\t\t\t<div class=\"elementor-widget-wrap elementor-element-populated\">\n\t\t\t\t\t\t<div class=\"elementor-element elementor-element-166564d3 elementor-widget elementor-widget-text-editor\" data-id=\"166564d3\" data-element_type=\"widget\" data-widget_type=\"text-editor.default\">\n\t\t\t\t<div class=\"elementor-widget-container\">\n\t\t\t\t\t\t\t\t\t<p><img decoding=\"async\" class=\"alignnone wp-image-94172 size-full\" src=\"https:\/\/simbavegetables.nl\/wp-content\/uploads\/Servan-Ott-Fotografie-Simba-Vegetables-BV-Klein-3.jpg\" alt=\"\" width=\"600\" height=\"400\" srcset=\"https:\/\/simbavegetables.nl\/wp-content\/uploads\/Servan-Ott-Fotografie-Simba-Vegetables-BV-Klein-3.jpg 600w, https:\/\/simbavegetables.nl\/wp-content\/uploads\/Servan-Ott-Fotografie-Simba-Vegetables-BV-Klein-3-300x200.jpg 300w\" sizes=\"(max-width: 600px) 100vw, 600px\" \/><br \/><strong><br \/>Mari\u00eblle Vertelman<br \/><\/strong><em>Administration \/ Accounts<b><br \/><\/b><\/em>Tel.:\u00a0+31 (0)228 745 390<br \/><b><a href=\"mailto:post@simbavegetables.nl\" target=\"_blank\" rel=\"noopener\">post@simbavegetables.nl<\/a><\/b><\/p>\t\t\t\t\t\t\t\t<\/div>\n\t\t\t\t<\/div>\n\t\t\t\t\t<\/div>\n\t\t<\/div>\n\t\t\t\t<div class=\"elementor-column elementor-col-25 elementor-top-column elementor-element elementor-element-10351358\" data-id=\"10351358\" data-element_type=\"column\">\n\t\t\t<div class=\"elementor-widget-wrap elementor-element-populated\">\n\t\t\t\t\t\t<div class=\"elementor-element elementor-element-ad3d223 elementor-widget elementor-widget-text-editor\" data-id=\"ad3d223\" data-element_type=\"widget\" data-widget_type=\"text-editor.default\">\n\t\t\t\t<div class=\"elementor-widget-container\">\n\t\t\t\t\t\t\t\t\t<p><img decoding=\"async\" class=\"alignnone wp-image-94179 size-full\" src=\"https:\/\/simbavegetables.nl\/wp-content\/uploads\/Servan-Ott-Fotografie-Simba-Vegetables-BV-Klein-2.jpg\" alt=\"\" width=\"600\" height=\"400\" srcset=\"https:\/\/simbavegetables.nl\/wp-content\/uploads\/Servan-Ott-Fotografie-Simba-Vegetables-BV-Klein-2.jpg 600w, https:\/\/simbavegetables.nl\/wp-content\/uploads\/Servan-Ott-Fotografie-Simba-Vegetables-BV-Klein-2-300x200.jpg 300w\" sizes=\"(max-width: 600px) 100vw, 600px\" \/><br \/><strong><br \/>Wyne Poppinga<br \/><\/strong><em>Senior Sales Manager<b><br \/><\/b><\/em>Mobile.: +31 (0)657 766 303<br \/><strong><a href=\"mailto:wyne@simbavegetables.nl\" target=\"_blank\" rel=\"noopener\">wyne@simbavegetables.nl<\/a><\/strong><\/p>\t\t\t\t\t\t\t\t<\/div>\n\t\t\t\t<\/div>\n\t\t\t\t\t<\/div>\n\t\t<\/div>\n\t\t\t\t<div class=\"elementor-column elementor-col-25 elementor-top-column elementor-element elementor-element-744d6d47\" data-id=\"744d6d47\" data-element_type=\"column\">\n\t\t\t<div class=\"elementor-widget-wrap elementor-element-populated\">\n\t\t\t\t\t\t<div class=\"elementor-element elementor-element-d614ea5 elementor-widget elementor-widget-text-editor\" data-id=\"d614ea5\" data-element_type=\"widget\" data-widget_type=\"text-editor.default\">\n\t\t\t\t<div class=\"elementor-widget-container\">\n\t\t\t\t\t\t\t\t\t<p><img loading=\"lazy\" decoding=\"async\" class=\"alignnone wp-image-94186 size-full\" src=\"https:\/\/simbavegetables.nl\/wp-content\/uploads\/Servan-Ott-Fotografie-Simba-Vegetables-BV-Klein-1.jpg\" alt=\"\" width=\"600\" height=\"400\" srcset=\"https:\/\/simbavegetables.nl\/wp-content\/uploads\/Servan-Ott-Fotografie-Simba-Vegetables-BV-Klein-1.jpg 600w, https:\/\/simbavegetables.nl\/wp-content\/uploads\/Servan-Ott-Fotografie-Simba-Vegetables-BV-Klein-1-300x200.jpg 300w\" sizes=\"(max-width: 600px) 100vw, 600px\" \/><br \/><strong><br \/>Bram Rohling<br \/><\/strong><em>Senior Sales Manager<br \/><\/em>Mobile.: +31 (0)682 006 039<em><br \/><\/em><strong><a href=\"mailto:bram@simbavegetables.nl\" target=\"_blank\" rel=\"noopener\">bram@simbavegetables.nl<\/a><\/strong><br \/><b><\/b><\/p>\t\t\t\t\t\t\t\t<\/div>\n\t\t\t\t<\/div>\n\t\t\t\t\t<\/div>\n\t\t<\/div>\n\t\t\t\t\t<\/div>\n\t\t<\/section>\n\t\t\t\t<section class=\"elementor-section elementor-top-section elementor-element elementor-element-314d4046 elementor-section-boxed elementor-section-height-default elementor-section-height-default\" data-id=\"314d4046\" data-element_type=\"section\">\n\t\t\t\t\t\t<div class=\"elementor-container elementor-column-gap-default\">\n\t\t\t\t\t<div class=\"elementor-column elementor-col-100 elementor-top-column elementor-element elementor-element-5fa38492\" data-id=\"5fa38492\" data-element_type=\"column\">\n\t\t\t<div class=\"elementor-widget-wrap elementor-element-populated\">\n\t\t\t\t\t\t<div class=\"elementor-element elementor-element-7a4e7b09 elementor-widget elementor-widget-text-editor\" data-id=\"7a4e7b09\" data-element_type=\"widget\" data-widget_type=\"text-editor.default\">\n\t\t\t\t<div class=\"elementor-widget-container\">\n\t\t\t\t\t\t\t\t\t<p>The information you send will be treated carefully, confidentially and respectfully. You can read more about this in the <a href=\"https:\/\/simbavegetables.nl\/wp-content\/uploads\/1706182106_SimbaTermsandConditionsENG.pdf\" target=\"_blank\" rel=\"noopener\">Privacy Statement<\/a>.<\/p><h2><iframe style=\"border: 0;\" src=\"https:\/\/www.google.com\/maps\/embed?pb=!1m18!1m12!1m3!1d2464976.321074875!2d2.4169776690162164!3d52.890760025664456!2m3!1f0!2f0!3f0!3m2!1i1024!2i768!4f13.1!3m3!1m2!1s0x47c8b43b0d1ce3c3%3A0x403c8a7afebc81da!2sNoorderkwelweg%2018%2C%201771%20MG%20Wieringerwerf!5e0!3m2!1snl!2snl!4v1702596293687!5m2!1snl!2snl\" width=\"600\" height=\"450\" allowfullscreen=\"allowfullscreen\"><\/iframe><br \/><small><\/small><br \/>B\u00e1rmikor sz\u00edvesen l\u00e1tjuk, szeretettel v\u00e1rjuk, hogy k\u00f6rbevezethess\u00fck \u00d6nt sz\u00e9khely\u00fcnk\u00f6n!<\/h2><div class=\"wp-block-spacer\" style=\"height: 100px;\" aria-hidden=\"true\">\u00a0<\/div>\t\t\t\t\t\t\t\t<\/div>\n\t\t\t\t<\/div>\n\t\t\t\t\t<\/div>\n\t\t<\/div>\n\t\t\t\t\t<\/div>\n\t\t<\/section>\n\t\t\t\t<\/div>\n\t\t","protected":false},"excerpt":{"rendered":"<p>Maurice OttManaging Director \/ SalesMobile.: +31 (0)625 515 333maurice@simbavegetables.nl Mari\u00eblle VertelmanAdministration \/ AccountsTel.:\u00a0+31 (0)228 745 390post@simbavegetables.nl Wyne PoppingaSenior Sales ManagerMobile.: +31 (0)657 766 303wyne@simbavegetables.nl Bram RohlingSenior Sales ManagerMobile.: +31 (0)682 006 039bram@simbavegetables.nl The information you send will be treated carefully, confidentially and respectfully. You can read more about this in the Privacy Statement. B\u00e1rmikor sz\u00edvesen [&hellip;]<\/p>\n","protected":false},"author":1,"featured_media":1631,"parent":0,"menu_order":0,"comment_status":"closed","ping_status":"closed","template":"","meta":{"footnotes":"","_links_to":"","_links_to_target":""},"class_list":["post-633","page","type-page","status-publish","has-post-thumbnail","hentry"],"yoast_head":"<!-- This site is optimized with the Yoast SEO plugin v24.9 - https:\/\/yoast.com\/wordpress\/plugins\/seo\/ -->\n<title>- simba vegetables bv<\/title>\n<meta name=\"robots\" content=\"index, follow, max-snippet:-1, max-image-preview:large, max-video-preview:-1\" \/>\n<link rel=\"canonical\" href=\"https:\/\/simbavegetables.nl\/hu\/kapcsolat\/\" \/>\n<meta property=\"og:locale\" content=\"hu_HU\" \/>\n<meta property=\"og:type\" content=\"article\" \/>\n<meta property=\"og:title\" content=\"- simba vegetables bv\" \/>\n<meta property=\"og:description\" content=\"Maurice OttManaging Director \/ SalesMobile.: +31 (0)625 515 333maurice@simbavegetables.nl Mari\u00eblle VertelmanAdministration \/ AccountsTel.:\u00a0+31 (0)228 745 390post@simbavegetables.nl Wyne PoppingaSenior Sales ManagerMobile.: +31 (0)657 766 303wyne@simbavegetables.nl Bram RohlingSenior Sales ManagerMobile.: +31 (0)682 006 039bram@simbavegetables.nl The information you send will be treated carefully, confidentially and respectfully. You can read more about this in the Privacy Statement. B\u00e1rmikor sz\u00edvesen [&hellip;]\" \/>\n<meta property=\"og:url\" content=\"https:\/\/simbavegetables.nl\/hu\/kapcsolat\/\" \/>\n<meta property=\"og:site_name\" content=\"simba vegetables bv\" \/>\n<meta property=\"article:publisher\" content=\"https:\/\/www.facebook.com\/Simbavegetables\/?fref=ts\" \/>\n<meta property=\"article:modified_time\" content=\"2025-06-16T14:38:52+00:00\" \/>\n<meta property=\"og:image\" content=\"https:\/\/simbavegetables.nl\/wp-content\/uploads\/Simba_kantoor-1.jpg\" \/>\n\t<meta property=\"og:image:width\" content=\"1413\" \/>\n\t<meta property=\"og:image:height\" content=\"590\" \/>\n\t<meta property=\"og:image:type\" content=\"image\/jpeg\" \/>\n<meta name=\"twitter:card\" content=\"summary_large_image\" \/>\n<meta name=\"twitter:label1\" content=\"Becs\u00fclt olvas\u00e1si id\u0151\" \/>\n\t<meta name=\"twitter:data1\" content=\"2 perc\" \/>\n<script type=\"application\/ld+json\" class=\"yoast-schema-graph\">{\"@context\":\"https:\/\/schema.org\",\"@graph\":[{\"@type\":\"WebPage\",\"@id\":\"https:\/\/simbavegetables.nl\/hu\/kapcsolat\/\",\"url\":\"https:\/\/simbavegetables.nl\/hu\/kapcsolat\/\",\"name\":\"- simba vegetables bv\",\"isPartOf\":{\"@id\":\"https:\/\/simbavegetables.nl\/hu\/#website\"},\"primaryImageOfPage\":{\"@id\":\"https:\/\/simbavegetables.nl\/hu\/kapcsolat\/#primaryimage\"},\"image\":{\"@id\":\"https:\/\/simbavegetables.nl\/hu\/kapcsolat\/#primaryimage\"},\"thumbnailUrl\":\"https:\/\/simbavegetables.nl\/wp-content\/uploads\/Simba_kantoor-1.jpg\",\"datePublished\":\"2014-03-28T20:30:01+00:00\",\"dateModified\":\"2025-06-16T14:38:52+00:00\",\"inLanguage\":\"hu\",\"potentialAction\":[{\"@type\":\"ReadAction\",\"target\":[\"https:\/\/simbavegetables.nl\/hu\/kapcsolat\/\"]}]},{\"@type\":\"ImageObject\",\"inLanguage\":\"hu\",\"@id\":\"https:\/\/simbavegetables.nl\/hu\/kapcsolat\/#primaryimage\",\"url\":\"https:\/\/simbavegetables.nl\/wp-content\/uploads\/Simba_kantoor-1.jpg\",\"contentUrl\":\"https:\/\/simbavegetables.nl\/wp-content\/uploads\/Simba_kantoor-1.jpg\",\"width\":1413,\"height\":590},{\"@type\":\"WebSite\",\"@id\":\"https:\/\/simbavegetables.nl\/hu\/#website\",\"url\":\"https:\/\/simbavegetables.nl\/hu\/\",\"name\":\"simba vegetables bv\",\"description\":\"specialised in the purchase and sales of fresh vegetables from Holland\",\"publisher\":{\"@id\":\"https:\/\/simbavegetables.nl\/hu\/#organization\"},\"potentialAction\":[{\"@type\":\"SearchAction\",\"target\":{\"@type\":\"EntryPoint\",\"urlTemplate\":\"https:\/\/simbavegetables.nl\/hu\/?s={search_term_string}\"},\"query-input\":{\"@type\":\"PropertyValueSpecification\",\"valueRequired\":true,\"valueName\":\"search_term_string\"}}],\"inLanguage\":\"hu\"},{\"@type\":\"Organization\",\"@id\":\"https:\/\/simbavegetables.nl\/hu\/#organization\",\"name\":\"Simba Vegetables\",\"url\":\"https:\/\/simbavegetables.nl\/hu\/\",\"logo\":{\"@type\":\"ImageObject\",\"inLanguage\":\"hu\",\"@id\":\"https:\/\/simbavegetables.nl\/hu\/#\/schema\/logo\/image\/\",\"url\":\"https:\/\/simbavegetables.nl\/wp-content\/uploads\/Simba_vegetables_druklogo_3.png\",\"contentUrl\":\"https:\/\/simbavegetables.nl\/wp-content\/uploads\/Simba_vegetables_druklogo_3.png\",\"width\":511,\"height\":151,\"caption\":\"Simba Vegetables\"},\"image\":{\"@id\":\"https:\/\/simbavegetables.nl\/hu\/#\/schema\/logo\/image\/\"},\"sameAs\":[\"https:\/\/www.facebook.com\/Simbavegetables\/?fref=ts\"]}]}<\/script>\n<!-- \/ Yoast SEO plugin. -->","yoast_head_json":{"title":"- simba vegetables bv","robots":{"index":"index","follow":"follow","max-snippet":"max-snippet:-1","max-image-preview":"max-image-preview:large","max-video-preview":"max-video-preview:-1"},"canonical":"https:\/\/simbavegetables.nl\/hu\/kapcsolat\/","og_locale":"hu_HU","og_type":"article","og_title":"- simba vegetables bv","og_description":"Maurice OttManaging Director \/ SalesMobile.: +31 (0)625 515 333maurice@simbavegetables.nl Mari\u00eblle VertelmanAdministration \/ AccountsTel.:\u00a0+31 (0)228 745 390post@simbavegetables.nl Wyne PoppingaSenior Sales ManagerMobile.: +31 (0)657 766 303wyne@simbavegetables.nl Bram RohlingSenior Sales ManagerMobile.: +31 (0)682 006 039bram@simbavegetables.nl The information you send will be treated carefully, confidentially and respectfully. You can read more about this in the Privacy Statement. B\u00e1rmikor sz\u00edvesen [&hellip;]","og_url":"https:\/\/simbavegetables.nl\/hu\/kapcsolat\/","og_site_name":"simba vegetables bv","article_publisher":"https:\/\/www.facebook.com\/Simbavegetables\/?fref=ts","article_modified_time":"2025-06-16T14:38:52+00:00","og_image":[{"width":1413,"height":590,"url":"https:\/\/simbavegetables.nl\/wp-content\/uploads\/Simba_kantoor-1.jpg","type":"image\/jpeg"}],"twitter_card":"summary_large_image","twitter_misc":{"Becs\u00fclt olvas\u00e1si id\u0151":"2 perc"},"schema":{"@context":"https:\/\/schema.org","@graph":[{"@type":"WebPage","@id":"https:\/\/simbavegetables.nl\/hu\/kapcsolat\/","url":"https:\/\/simbavegetables.nl\/hu\/kapcsolat\/","name":"- simba vegetables bv","isPartOf":{"@id":"https:\/\/simbavegetables.nl\/hu\/#website"},"primaryImageOfPage":{"@id":"https:\/\/simbavegetables.nl\/hu\/kapcsolat\/#primaryimage"},"image":{"@id":"https:\/\/simbavegetables.nl\/hu\/kapcsolat\/#primaryimage"},"thumbnailUrl":"https:\/\/simbavegetables.nl\/wp-content\/uploads\/Simba_kantoor-1.jpg","datePublished":"2014-03-28T20:30:01+00:00","dateModified":"2025-06-16T14:38:52+00:00","inLanguage":"hu","potentialAction":[{"@type":"ReadAction","target":["https:\/\/simbavegetables.nl\/hu\/kapcsolat\/"]}]},{"@type":"ImageObject","inLanguage":"hu","@id":"https:\/\/simbavegetables.nl\/hu\/kapcsolat\/#primaryimage","url":"https:\/\/simbavegetables.nl\/wp-content\/uploads\/Simba_kantoor-1.jpg","contentUrl":"https:\/\/simbavegetables.nl\/wp-content\/uploads\/Simba_kantoor-1.jpg","width":1413,"height":590},{"@type":"WebSite","@id":"https:\/\/simbavegetables.nl\/hu\/#website","url":"https:\/\/simbavegetables.nl\/hu\/","name":"simba vegetables bv","description":"specialised in the purchase and sales of fresh vegetables from Holland","publisher":{"@id":"https:\/\/simbavegetables.nl\/hu\/#organization"},"potentialAction":[{"@type":"SearchAction","target":{"@type":"EntryPoint","urlTemplate":"https:\/\/simbavegetables.nl\/hu\/?s={search_term_string}"},"query-input":{"@type":"PropertyValueSpecification","valueRequired":true,"valueName":"search_term_string"}}],"inLanguage":"hu"},{"@type":"Organization","@id":"https:\/\/simbavegetables.nl\/hu\/#organization","name":"Simba Vegetables","url":"https:\/\/simbavegetables.nl\/hu\/","logo":{"@type":"ImageObject","inLanguage":"hu","@id":"https:\/\/simbavegetables.nl\/hu\/#\/schema\/logo\/image\/","url":"https:\/\/simbavegetables.nl\/wp-content\/uploads\/Simba_vegetables_druklogo_3.png","contentUrl":"https:\/\/simbavegetables.nl\/wp-content\/uploads\/Simba_vegetables_druklogo_3.png","width":511,"height":151,"caption":"Simba Vegetables"},"image":{"@id":"https:\/\/simbavegetables.nl\/hu\/#\/schema\/logo\/image\/"},"sameAs":["https:\/\/www.facebook.com\/Simbavegetables\/?fref=ts"]}]}},"_links":{"self":[{"href":"https:\/\/simbavegetables.nl\/hu\/wp-json\/wp\/v2\/pages\/633","targetHints":{"allow":["GET"]}}],"collection":[{"href":"https:\/\/simbavegetables.nl\/hu\/wp-json\/wp\/v2\/pages"}],"about":[{"href":"https:\/\/simbavegetables.nl\/hu\/wp-json\/wp\/v2\/types\/page"}],"author":[{"embeddable":true,"href":"https:\/\/simbavegetables.nl\/hu\/wp-json\/wp\/v2\/users\/1"}],"replies":[{"embeddable":true,"href":"https:\/\/simbavegetables.nl\/hu\/wp-json\/wp\/v2\/comments?post=633"}],"version-history":[{"count":54,"href":"https:\/\/simbavegetables.nl\/hu\/wp-json\/wp\/v2\/pages\/633\/revisions"}],"predecessor-version":[{"id":94260,"href":"https:\/\/simbavegetables.nl\/hu\/wp-json\/wp\/v2\/pages\/633\/revisions\/94260"}],"wp:featuredmedia":[{"embeddable":true,"href":"https:\/\/simbavegetables.nl\/hu\/wp-json\/wp\/v2\/media\/1631"}],"wp:attachment":[{"href":"https:\/\/simbavegetables.nl\/hu\/wp-json\/wp\/v2\/media?parent=633"}],"curies":[{"name":"wp","href":"https:\/\/api.w.org\/{rel}","templated":true}]}}