{"id":874,"date":"2014-03-31T15:42:53","date_gmt":"2014-03-31T15:42:53","guid":{"rendered":"http:\/\/simbavegetables.nl\/?page_id=874"},"modified":"2023-01-05T15:28:41","modified_gmt":"2023-01-05T15:28:41","slug":"hagyma","status":"publish","type":"page","link":"https:\/\/simbavegetables.nl\/hu\/hagyma\/","title":{"rendered":""},"content":{"rendered":"\n<div style=\"height:100px\" aria-hidden=\"true\" class=\"wp-block-spacer\"><\/div>\n\n\n<h1 class=\"wp-block wp-block-post-title block-editor-block-list__block editor-post-title editor-post-title__input rich-text\" role=\"textbox\" contenteditable=\"true\" aria-label=\"Add title\" aria-multiline=\"true\">Hagyma<\/h1>\n<div class=\"symple-column symple-one-third symple-column-first  \"><img fetchpriority=\"high\" decoding=\"async\" class=\"alignnone size-full wp-image-111\" src=\"https:\/\/simbavegetables.nl\/wp-content\/uploads\/simba_product_foods_vegetables_onions_large.jpg\" alt=\"simba_product_foods_vegetables_onions_large\" width=\"303\" height=\"229\" srcset=\"https:\/\/simbavegetables.nl\/wp-content\/uploads\/simba_product_foods_vegetables_onions_large.jpg 303w, https:\/\/simbavegetables.nl\/wp-content\/uploads\/simba_product_foods_vegetables_onions_large-300x226.jpg 300w, https:\/\/simbavegetables.nl\/wp-content\/uploads\/simba_product_foods_vegetables_onions_large-150x113.jpg 150w\" sizes=\"(max-width: 303px) 100vw, 303px\" \/><\/div>Magas min\u0151s\u00e9gi sztenderdeket t\u0171z\u00fcnk ki az \u00e1ltalunk termelt, feldolgozott, \u00e1rus\u00edtott \u00e9s export\u00e1lt hagym\u00e1ra. Emiatt rendszeres kapcsolatot \u00e1polunk termeszt\u0151inkkel, egy\u00fctt \u00e9s tudatosan v\u00e1lasztjuk ki a termeszt\u00e9ssel kapcsolatos m\u00f3dszereket. A Simba Vegetables eg\u00e9sz \u00e9vben sz\u00e1ll\u00edt k\u00fcl\u00f6nb\u00f6z\u0151 m\u00e9ret\u0171 hagym\u00e1t. \u00dagyszint\u00e9n, a l\u00e9tez\u0151 majdnem \u00f6sszes t\u00edpus\u00fa csomagol\u00e1sban 0,5 kg-t\u00f3l 1000 kg-ig, valamint \u00f6mlesztve is. Biztos lehet abban, hogy az \u00d6nnek k\u00fcld\u00f6tt hagyma kem\u00e9ny, megfelel\u0151 alak\u00fa \u00e9s sz\u00edn\u0171, \u00edzletes hagyma. Amennyiben v\u00f6r\u00f6shagym\u00e1t vagy gy\u00f6ngyhagym\u00e1t \u00f3hajt, ebben az esetben is a legjobb helyen j\u00e1r.<\/p>\n\n\n<div style=\"height:100px\" aria-hidden=\"true\" class=\"wp-block-spacer\"><\/div>\n","protected":false},"excerpt":{"rendered":"<p>Hagyma Magas min\u0151s\u00e9gi sztenderdeket t\u0171z\u00fcnk ki az \u00e1ltalunk termelt, feldolgozott, \u00e1rus\u00edtott \u00e9s export\u00e1lt hagym\u00e1ra. Emiatt rendszeres kapcsolatot \u00e1polunk termeszt\u0151inkkel, egy\u00fctt \u00e9s tudatosan v\u00e1lasztjuk ki a termeszt\u00e9ssel kapcsolatos m\u00f3dszereket. A Simba Vegetables eg\u00e9sz \u00e9vben sz\u00e1ll\u00edt k\u00fcl\u00f6nb\u00f6z\u0151 m\u00e9ret\u0171 hagym\u00e1t. \u00dagyszint\u00e9n, a l\u00e9tez\u0151 majdnem \u00f6sszes t\u00edpus\u00fa csomagol\u00e1sban 0,5 kg-t\u00f3l 1000 kg-ig, valamint \u00f6mlesztve is. Biztos lehet abban, hogy [&hellip;]<\/p>\n","protected":false},"author":1,"featured_media":0,"parent":0,"menu_order":0,"comment_status":"closed","ping_status":"closed","template":"","meta":{"footnotes":"","_links_to":"","_links_to_target":""},"class_list":["post-874","page","type-page","status-publish","hentry"],"yoast_head":"<!-- This site is optimized with the Yoast SEO plugin v24.9 - https:\/\/yoast.com\/wordpress\/plugins\/seo\/ -->\n<title>- simba vegetables bv<\/title>\n<meta name=\"robots\" content=\"index, follow, max-snippet:-1, max-image-preview:large, max-video-preview:-1\" \/>\n<link rel=\"canonical\" href=\"https:\/\/simbavegetables.nl\/hu\/hagyma\/\" \/>\n<meta property=\"og:locale\" content=\"hu_HU\" \/>\n<meta property=\"og:type\" content=\"article\" \/>\n<meta property=\"og:title\" content=\"- simba vegetables bv\" \/>\n<meta property=\"og:description\" content=\"Hagyma Magas min\u0151s\u00e9gi sztenderdeket t\u0171z\u00fcnk ki az \u00e1ltalunk termelt, feldolgozott, \u00e1rus\u00edtott \u00e9s export\u00e1lt hagym\u00e1ra. Emiatt rendszeres kapcsolatot \u00e1polunk termeszt\u0151inkkel, egy\u00fctt \u00e9s tudatosan v\u00e1lasztjuk ki a termeszt\u00e9ssel kapcsolatos m\u00f3dszereket. A Simba Vegetables eg\u00e9sz \u00e9vben sz\u00e1ll\u00edt k\u00fcl\u00f6nb\u00f6z\u0151 m\u00e9ret\u0171 hagym\u00e1t. \u00dagyszint\u00e9n, a l\u00e9tez\u0151 majdnem \u00f6sszes t\u00edpus\u00fa csomagol\u00e1sban 0,5 kg-t\u00f3l 1000 kg-ig, valamint \u00f6mlesztve is. Biztos lehet abban, hogy [&hellip;]\" \/>\n<meta property=\"og:url\" content=\"https:\/\/simbavegetables.nl\/hu\/hagyma\/\" \/>\n<meta property=\"og:site_name\" content=\"simba vegetables bv\" \/>\n<meta property=\"article:publisher\" content=\"https:\/\/www.facebook.com\/Simbavegetables\/?fref=ts\" \/>\n<meta property=\"article:modified_time\" content=\"2023-01-05T15:28:41+00:00\" \/>\n<meta property=\"og:image\" content=\"https:\/\/simbavegetables.nl\/wp-content\/uploads\/simba_product_foods_vegetables_onions_large.jpg\" \/>\n<meta name=\"twitter:card\" content=\"summary_large_image\" \/>\n<meta name=\"twitter:label1\" content=\"Becs\u00fclt olvas\u00e1si id\u0151\" \/>\n\t<meta name=\"twitter:data1\" content=\"1 perc\" \/>\n<script type=\"application\/ld+json\" class=\"yoast-schema-graph\">{\"@context\":\"https:\/\/schema.org\",\"@graph\":[{\"@type\":\"WebPage\",\"@id\":\"https:\/\/simbavegetables.nl\/hu\/hagyma\/\",\"url\":\"https:\/\/simbavegetables.nl\/hu\/hagyma\/\",\"name\":\"- simba vegetables bv\",\"isPartOf\":{\"@id\":\"https:\/\/simbavegetables.nl\/hu\/#website\"},\"primaryImageOfPage\":{\"@id\":\"https:\/\/simbavegetables.nl\/hu\/hagyma\/#primaryimage\"},\"image\":{\"@id\":\"https:\/\/simbavegetables.nl\/hu\/hagyma\/#primaryimage\"},\"thumbnailUrl\":\"https:\/\/simbavegetables.nl\/wp-content\/uploads\/simba_product_foods_vegetables_onions_large.jpg\",\"datePublished\":\"2014-03-31T15:42:53+00:00\",\"dateModified\":\"2023-01-05T15:28:41+00:00\",\"inLanguage\":\"hu\",\"potentialAction\":[{\"@type\":\"ReadAction\",\"target\":[\"https:\/\/simbavegetables.nl\/hu\/hagyma\/\"]}]},{\"@type\":\"ImageObject\",\"inLanguage\":\"hu\",\"@id\":\"https:\/\/simbavegetables.nl\/hu\/hagyma\/#primaryimage\",\"url\":\"https:\/\/simbavegetables.nl\/wp-content\/uploads\/simba_product_foods_vegetables_onions_large.jpg\",\"contentUrl\":\"https:\/\/simbavegetables.nl\/wp-content\/uploads\/simba_product_foods_vegetables_onions_large.jpg\"},{\"@type\":\"WebSite\",\"@id\":\"https:\/\/simbavegetables.nl\/hu\/#website\",\"url\":\"https:\/\/simbavegetables.nl\/hu\/\",\"name\":\"simba vegetables bv\",\"description\":\"specialised in the purchase and sales of fresh vegetables from Holland\",\"publisher\":{\"@id\":\"https:\/\/simbavegetables.nl\/hu\/#organization\"},\"potentialAction\":[{\"@type\":\"SearchAction\",\"target\":{\"@type\":\"EntryPoint\",\"urlTemplate\":\"https:\/\/simbavegetables.nl\/hu\/?s={search_term_string}\"},\"query-input\":{\"@type\":\"PropertyValueSpecification\",\"valueRequired\":true,\"valueName\":\"search_term_string\"}}],\"inLanguage\":\"hu\"},{\"@type\":\"Organization\",\"@id\":\"https:\/\/simbavegetables.nl\/hu\/#organization\",\"name\":\"Simba Vegetables\",\"url\":\"https:\/\/simbavegetables.nl\/hu\/\",\"logo\":{\"@type\":\"ImageObject\",\"inLanguage\":\"hu\",\"@id\":\"https:\/\/simbavegetables.nl\/hu\/#\/schema\/logo\/image\/\",\"url\":\"https:\/\/simbavegetables.nl\/wp-content\/uploads\/Simba_vegetables_druklogo_3.png\",\"contentUrl\":\"https:\/\/simbavegetables.nl\/wp-content\/uploads\/Simba_vegetables_druklogo_3.png\",\"width\":511,\"height\":151,\"caption\":\"Simba Vegetables\"},\"image\":{\"@id\":\"https:\/\/simbavegetables.nl\/hu\/#\/schema\/logo\/image\/\"},\"sameAs\":[\"https:\/\/www.facebook.com\/Simbavegetables\/?fref=ts\"]}]}<\/script>\n<!-- \/ Yoast SEO plugin. -->","yoast_head_json":{"title":"- simba vegetables bv","robots":{"index":"index","follow":"follow","max-snippet":"max-snippet:-1","max-image-preview":"max-image-preview:large","max-video-preview":"max-video-preview:-1"},"canonical":"https:\/\/simbavegetables.nl\/hu\/hagyma\/","og_locale":"hu_HU","og_type":"article","og_title":"- simba vegetables bv","og_description":"Hagyma Magas min\u0151s\u00e9gi sztenderdeket t\u0171z\u00fcnk ki az \u00e1ltalunk termelt, feldolgozott, \u00e1rus\u00edtott \u00e9s export\u00e1lt hagym\u00e1ra. Emiatt rendszeres kapcsolatot \u00e1polunk termeszt\u0151inkkel, egy\u00fctt \u00e9s tudatosan v\u00e1lasztjuk ki a termeszt\u00e9ssel kapcsolatos m\u00f3dszereket. A Simba Vegetables eg\u00e9sz \u00e9vben sz\u00e1ll\u00edt k\u00fcl\u00f6nb\u00f6z\u0151 m\u00e9ret\u0171 hagym\u00e1t. \u00dagyszint\u00e9n, a l\u00e9tez\u0151 majdnem \u00f6sszes t\u00edpus\u00fa csomagol\u00e1sban 0,5 kg-t\u00f3l 1000 kg-ig, valamint \u00f6mlesztve is. Biztos lehet abban, hogy [&hellip;]","og_url":"https:\/\/simbavegetables.nl\/hu\/hagyma\/","og_site_name":"simba vegetables bv","article_publisher":"https:\/\/www.facebook.com\/Simbavegetables\/?fref=ts","article_modified_time":"2023-01-05T15:28:41+00:00","og_image":[{"url":"https:\/\/simbavegetables.nl\/wp-content\/uploads\/simba_product_foods_vegetables_onions_large.jpg","type":"","width":"","height":""}],"twitter_card":"summary_large_image","twitter_misc":{"Becs\u00fclt olvas\u00e1si id\u0151":"1 perc"},"schema":{"@context":"https:\/\/schema.org","@graph":[{"@type":"WebPage","@id":"https:\/\/simbavegetables.nl\/hu\/hagyma\/","url":"https:\/\/simbavegetables.nl\/hu\/hagyma\/","name":"- simba vegetables bv","isPartOf":{"@id":"https:\/\/simbavegetables.nl\/hu\/#website"},"primaryImageOfPage":{"@id":"https:\/\/simbavegetables.nl\/hu\/hagyma\/#primaryimage"},"image":{"@id":"https:\/\/simbavegetables.nl\/hu\/hagyma\/#primaryimage"},"thumbnailUrl":"https:\/\/simbavegetables.nl\/wp-content\/uploads\/simba_product_foods_vegetables_onions_large.jpg","datePublished":"2014-03-31T15:42:53+00:00","dateModified":"2023-01-05T15:28:41+00:00","inLanguage":"hu","potentialAction":[{"@type":"ReadAction","target":["https:\/\/simbavegetables.nl\/hu\/hagyma\/"]}]},{"@type":"ImageObject","inLanguage":"hu","@id":"https:\/\/simbavegetables.nl\/hu\/hagyma\/#primaryimage","url":"https:\/\/simbavegetables.nl\/wp-content\/uploads\/simba_product_foods_vegetables_onions_large.jpg","contentUrl":"https:\/\/simbavegetables.nl\/wp-content\/uploads\/simba_product_foods_vegetables_onions_large.jpg"},{"@type":"WebSite","@id":"https:\/\/simbavegetables.nl\/hu\/#website","url":"https:\/\/simbavegetables.nl\/hu\/","name":"simba vegetables bv","description":"specialised in the purchase and sales of fresh vegetables from Holland","publisher":{"@id":"https:\/\/simbavegetables.nl\/hu\/#organization"},"potentialAction":[{"@type":"SearchAction","target":{"@type":"EntryPoint","urlTemplate":"https:\/\/simbavegetables.nl\/hu\/?s={search_term_string}"},"query-input":{"@type":"PropertyValueSpecification","valueRequired":true,"valueName":"search_term_string"}}],"inLanguage":"hu"},{"@type":"Organization","@id":"https:\/\/simbavegetables.nl\/hu\/#organization","name":"Simba Vegetables","url":"https:\/\/simbavegetables.nl\/hu\/","logo":{"@type":"ImageObject","inLanguage":"hu","@id":"https:\/\/simbavegetables.nl\/hu\/#\/schema\/logo\/image\/","url":"https:\/\/simbavegetables.nl\/wp-content\/uploads\/Simba_vegetables_druklogo_3.png","contentUrl":"https:\/\/simbavegetables.nl\/wp-content\/uploads\/Simba_vegetables_druklogo_3.png","width":511,"height":151,"caption":"Simba Vegetables"},"image":{"@id":"https:\/\/simbavegetables.nl\/hu\/#\/schema\/logo\/image\/"},"sameAs":["https:\/\/www.facebook.com\/Simbavegetables\/?fref=ts"]}]}},"_links":{"self":[{"href":"https:\/\/simbavegetables.nl\/hu\/wp-json\/wp\/v2\/pages\/874","targetHints":{"allow":["GET"]}}],"collection":[{"href":"https:\/\/simbavegetables.nl\/hu\/wp-json\/wp\/v2\/pages"}],"about":[{"href":"https:\/\/simbavegetables.nl\/hu\/wp-json\/wp\/v2\/types\/page"}],"author":[{"embeddable":true,"href":"https:\/\/simbavegetables.nl\/hu\/wp-json\/wp\/v2\/users\/1"}],"replies":[{"embeddable":true,"href":"https:\/\/simbavegetables.nl\/hu\/wp-json\/wp\/v2\/comments?post=874"}],"version-history":[{"count":4,"href":"https:\/\/simbavegetables.nl\/hu\/wp-json\/wp\/v2\/pages\/874\/revisions"}],"predecessor-version":[{"id":92926,"href":"https:\/\/simbavegetables.nl\/hu\/wp-json\/wp\/v2\/pages\/874\/revisions\/92926"}],"wp:attachment":[{"href":"https:\/\/simbavegetables.nl\/hu\/wp-json\/wp\/v2\/media?parent=874"}],"curies":[{"name":"wp","href":"https:\/\/api.w.org\/{rel}","templated":true}]}}