{"id":878,"date":"2014-03-31T15:45:03","date_gmt":"2014-03-31T15:45:03","guid":{"rendered":"http:\/\/simbavegetables.nl\/?page_id=878"},"modified":"2023-01-05T15:49:54","modified_gmt":"2023-01-05T15:49:54","slug":"sargarepa","status":"publish","type":"page","link":"https:\/\/simbavegetables.nl\/hu\/sargarepa\/","title":{"rendered":""},"content":{"rendered":"\n<div style=\"height:100px\" aria-hidden=\"true\" class=\"wp-block-spacer\"><\/div>\n\n\n<p><img fetchpriority=\"high\" decoding=\"async\" class=\"size-medium wp-image-1005 alignleft\" src=\"https:\/\/simbavegetables.nl\/wp-content\/uploads\/website-ready-2-300x227.jpg\" alt=\"Washed Carrots\" width=\"300\" height=\"227\" srcset=\"https:\/\/simbavegetables.nl\/wp-content\/uploads\/website-ready-2-300x227.jpg 300w, https:\/\/simbavegetables.nl\/wp-content\/uploads\/website-ready-2-150x113.jpg 150w, https:\/\/simbavegetables.nl\/wp-content\/uploads\/website-ready-2.jpg 303w\" sizes=\"(max-width: 300px) 100vw, 300px\" \/><\/p>\n<h1 class=\"wp-block wp-block-post-title block-editor-block-list__block editor-post-title editor-post-title__input rich-text\" role=\"textbox\" contenteditable=\"true\" aria-label=\"Add title\" aria-multiline=\"true\">S\u00e1rgar\u00e9pa<\/h1>\n<p>S\u00e1rgar\u00e9p\u00e1ra van sz\u00fcks\u00e9ge a z\u00f6lds\u00e9gpiac sz\u00e1m\u00e1ra vagy ipari fogyaszt\u00e1sra? \u00d3haja parancs! Szort\u00edrozva, megmosva \u00e9s csomagolva k\u00edv\u00e1nja? Ezt is megoldjuk \u00d6n\u00e9rt, a legnagyobb gonddal. A term\u00e9nyek frissess\u00e9g\u00e9nek meg\u0151rz\u00e9se \u00e9rdek\u00e9ben, csak azut\u00e1n csomagoljuk be, miut\u00e1n k\u00e9zhez vett\u00fck a rendel\u00e9st. Bizonyos lehet abban, hogy a legjobb min\u0151s\u00e9g\u0171 term\u00e9kek fognak \u00d6nh\u00f6z eljutni.<\/p>\n\n\n<div style=\"height:100px\" aria-hidden=\"true\" class=\"wp-block-spacer\"><\/div>\n","protected":false},"excerpt":{"rendered":"<p>S\u00e1rgar\u00e9pa S\u00e1rgar\u00e9p\u00e1ra van sz\u00fcks\u00e9ge a z\u00f6lds\u00e9gpiac sz\u00e1m\u00e1ra vagy ipari fogyaszt\u00e1sra? \u00d3haja parancs! Szort\u00edrozva, megmosva \u00e9s csomagolva k\u00edv\u00e1nja? Ezt is megoldjuk \u00d6n\u00e9rt, a legnagyobb gonddal. A term\u00e9nyek frissess\u00e9g\u00e9nek meg\u0151rz\u00e9se \u00e9rdek\u00e9ben, csak azut\u00e1n csomagoljuk be, miut\u00e1n k\u00e9zhez vett\u00fck a rendel\u00e9st. Bizonyos lehet abban, hogy a legjobb min\u0151s\u00e9g\u0171 term\u00e9kek fognak \u00d6nh\u00f6z eljutni.<\/p>\n","protected":false},"author":1,"featured_media":0,"parent":0,"menu_order":0,"comment_status":"closed","ping_status":"closed","template":"","meta":{"footnotes":"","_links_to":"","_links_to_target":""},"class_list":["post-878","page","type-page","status-publish","hentry"],"yoast_head":"<!-- This site is optimized with the Yoast SEO plugin v24.9 - https:\/\/yoast.com\/wordpress\/plugins\/seo\/ -->\n<title>Simba Vegetables export a s\u00e1rgar\u00e9pa a friss piac \u00e9s az ipar sz\u00e1m\u00e1ra<\/title>\n<meta name=\"description\" content=\"S\u00e1rgar\u00e9p\u00e1ra van sz\u00fcks\u00e9ge a z\u00f6lds\u00e9gpiac sz\u00e1m\u00e1ra vagy ipari fogyaszt\u00e1sra? Szort\u00edrozva, megmosva \u00e9s csomagolva k\u00edv\u00e1nja? Ezt is megoldjuk \u00d6n\u00e9rt, a legnagyobb gonddal\" \/>\n<meta name=\"robots\" content=\"index, follow, max-snippet:-1, max-image-preview:large, max-video-preview:-1\" \/>\n<link rel=\"canonical\" href=\"https:\/\/simbavegetables.nl\/hu\/sargarepa\/\" \/>\n<meta property=\"og:locale\" content=\"hu_HU\" \/>\n<meta property=\"og:type\" content=\"article\" \/>\n<meta property=\"og:title\" content=\"Simba Vegetables export a s\u00e1rgar\u00e9pa a friss piac \u00e9s az ipar sz\u00e1m\u00e1ra\" \/>\n<meta property=\"og:description\" content=\"S\u00e1rgar\u00e9p\u00e1ra van sz\u00fcks\u00e9ge a z\u00f6lds\u00e9gpiac sz\u00e1m\u00e1ra vagy ipari fogyaszt\u00e1sra? Szort\u00edrozva, megmosva \u00e9s csomagolva k\u00edv\u00e1nja? Ezt is megoldjuk \u00d6n\u00e9rt, a legnagyobb gonddal\" \/>\n<meta property=\"og:url\" content=\"https:\/\/simbavegetables.nl\/hu\/sargarepa\/\" \/>\n<meta property=\"og:site_name\" content=\"simba vegetables bv\" \/>\n<meta property=\"article:publisher\" content=\"https:\/\/www.facebook.com\/Simbavegetables\/?fref=ts\" \/>\n<meta property=\"article:modified_time\" content=\"2023-01-05T15:49:54+00:00\" \/>\n<meta property=\"og:image\" content=\"https:\/\/simbavegetables.nl\/wp-content\/uploads\/website-ready-2-300x227.jpg\" \/>\n<meta name=\"twitter:card\" content=\"summary_large_image\" \/>\n<meta name=\"twitter:label1\" content=\"Becs\u00fclt olvas\u00e1si id\u0151\" \/>\n\t<meta name=\"twitter:data1\" content=\"1 perc\" \/>\n<script type=\"application\/ld+json\" class=\"yoast-schema-graph\">{\"@context\":\"https:\/\/schema.org\",\"@graph\":[{\"@type\":\"WebPage\",\"@id\":\"https:\/\/simbavegetables.nl\/hu\/sargarepa\/\",\"url\":\"https:\/\/simbavegetables.nl\/hu\/sargarepa\/\",\"name\":\"Simba Vegetables export a s\u00e1rgar\u00e9pa a friss piac \u00e9s az ipar sz\u00e1m\u00e1ra\",\"isPartOf\":{\"@id\":\"https:\/\/simbavegetables.nl\/hu\/#website\"},\"primaryImageOfPage\":{\"@id\":\"https:\/\/simbavegetables.nl\/hu\/sargarepa\/#primaryimage\"},\"image\":{\"@id\":\"https:\/\/simbavegetables.nl\/hu\/sargarepa\/#primaryimage\"},\"thumbnailUrl\":\"https:\/\/simbavegetables.nl\/wp-content\/uploads\/website-ready-2-300x227.jpg\",\"datePublished\":\"2014-03-31T15:45:03+00:00\",\"dateModified\":\"2023-01-05T15:49:54+00:00\",\"description\":\"S\u00e1rgar\u00e9p\u00e1ra van sz\u00fcks\u00e9ge a z\u00f6lds\u00e9gpiac sz\u00e1m\u00e1ra vagy ipari fogyaszt\u00e1sra? Szort\u00edrozva, megmosva \u00e9s csomagolva k\u00edv\u00e1nja? Ezt is megoldjuk \u00d6n\u00e9rt, a legnagyobb gonddal\",\"inLanguage\":\"hu\",\"potentialAction\":[{\"@type\":\"ReadAction\",\"target\":[\"https:\/\/simbavegetables.nl\/hu\/sargarepa\/\"]}]},{\"@type\":\"ImageObject\",\"inLanguage\":\"hu\",\"@id\":\"https:\/\/simbavegetables.nl\/hu\/sargarepa\/#primaryimage\",\"url\":\"https:\/\/simbavegetables.nl\/wp-content\/uploads\/website-ready-2-300x227.jpg\",\"contentUrl\":\"https:\/\/simbavegetables.nl\/wp-content\/uploads\/website-ready-2-300x227.jpg\"},{\"@type\":\"WebSite\",\"@id\":\"https:\/\/simbavegetables.nl\/hu\/#website\",\"url\":\"https:\/\/simbavegetables.nl\/hu\/\",\"name\":\"simba vegetables bv\",\"description\":\"specialised in the purchase and sales of fresh vegetables from Holland\",\"publisher\":{\"@id\":\"https:\/\/simbavegetables.nl\/hu\/#organization\"},\"potentialAction\":[{\"@type\":\"SearchAction\",\"target\":{\"@type\":\"EntryPoint\",\"urlTemplate\":\"https:\/\/simbavegetables.nl\/hu\/?s={search_term_string}\"},\"query-input\":{\"@type\":\"PropertyValueSpecification\",\"valueRequired\":true,\"valueName\":\"search_term_string\"}}],\"inLanguage\":\"hu\"},{\"@type\":\"Organization\",\"@id\":\"https:\/\/simbavegetables.nl\/hu\/#organization\",\"name\":\"Simba Vegetables\",\"url\":\"https:\/\/simbavegetables.nl\/hu\/\",\"logo\":{\"@type\":\"ImageObject\",\"inLanguage\":\"hu\",\"@id\":\"https:\/\/simbavegetables.nl\/hu\/#\/schema\/logo\/image\/\",\"url\":\"https:\/\/simbavegetables.nl\/wp-content\/uploads\/Simba_vegetables_druklogo_3.png\",\"contentUrl\":\"https:\/\/simbavegetables.nl\/wp-content\/uploads\/Simba_vegetables_druklogo_3.png\",\"width\":511,\"height\":151,\"caption\":\"Simba Vegetables\"},\"image\":{\"@id\":\"https:\/\/simbavegetables.nl\/hu\/#\/schema\/logo\/image\/\"},\"sameAs\":[\"https:\/\/www.facebook.com\/Simbavegetables\/?fref=ts\"]}]}<\/script>\n<!-- \/ Yoast SEO plugin. -->","yoast_head_json":{"title":"Simba Vegetables export a s\u00e1rgar\u00e9pa a friss piac \u00e9s az ipar sz\u00e1m\u00e1ra","description":"S\u00e1rgar\u00e9p\u00e1ra van sz\u00fcks\u00e9ge a z\u00f6lds\u00e9gpiac sz\u00e1m\u00e1ra vagy ipari fogyaszt\u00e1sra? Szort\u00edrozva, megmosva \u00e9s csomagolva k\u00edv\u00e1nja? Ezt is megoldjuk \u00d6n\u00e9rt, a legnagyobb gonddal","robots":{"index":"index","follow":"follow","max-snippet":"max-snippet:-1","max-image-preview":"max-image-preview:large","max-video-preview":"max-video-preview:-1"},"canonical":"https:\/\/simbavegetables.nl\/hu\/sargarepa\/","og_locale":"hu_HU","og_type":"article","og_title":"Simba Vegetables export a s\u00e1rgar\u00e9pa a friss piac \u00e9s az ipar sz\u00e1m\u00e1ra","og_description":"S\u00e1rgar\u00e9p\u00e1ra van sz\u00fcks\u00e9ge a z\u00f6lds\u00e9gpiac sz\u00e1m\u00e1ra vagy ipari fogyaszt\u00e1sra? Szort\u00edrozva, megmosva \u00e9s csomagolva k\u00edv\u00e1nja? Ezt is megoldjuk \u00d6n\u00e9rt, a legnagyobb gonddal","og_url":"https:\/\/simbavegetables.nl\/hu\/sargarepa\/","og_site_name":"simba vegetables bv","article_publisher":"https:\/\/www.facebook.com\/Simbavegetables\/?fref=ts","article_modified_time":"2023-01-05T15:49:54+00:00","og_image":[{"url":"https:\/\/simbavegetables.nl\/wp-content\/uploads\/website-ready-2-300x227.jpg","type":"","width":"","height":""}],"twitter_card":"summary_large_image","twitter_misc":{"Becs\u00fclt olvas\u00e1si id\u0151":"1 perc"},"schema":{"@context":"https:\/\/schema.org","@graph":[{"@type":"WebPage","@id":"https:\/\/simbavegetables.nl\/hu\/sargarepa\/","url":"https:\/\/simbavegetables.nl\/hu\/sargarepa\/","name":"Simba Vegetables export a s\u00e1rgar\u00e9pa a friss piac \u00e9s az ipar sz\u00e1m\u00e1ra","isPartOf":{"@id":"https:\/\/simbavegetables.nl\/hu\/#website"},"primaryImageOfPage":{"@id":"https:\/\/simbavegetables.nl\/hu\/sargarepa\/#primaryimage"},"image":{"@id":"https:\/\/simbavegetables.nl\/hu\/sargarepa\/#primaryimage"},"thumbnailUrl":"https:\/\/simbavegetables.nl\/wp-content\/uploads\/website-ready-2-300x227.jpg","datePublished":"2014-03-31T15:45:03+00:00","dateModified":"2023-01-05T15:49:54+00:00","description":"S\u00e1rgar\u00e9p\u00e1ra van sz\u00fcks\u00e9ge a z\u00f6lds\u00e9gpiac sz\u00e1m\u00e1ra vagy ipari fogyaszt\u00e1sra? Szort\u00edrozva, megmosva \u00e9s csomagolva k\u00edv\u00e1nja? Ezt is megoldjuk \u00d6n\u00e9rt, a legnagyobb gonddal","inLanguage":"hu","potentialAction":[{"@type":"ReadAction","target":["https:\/\/simbavegetables.nl\/hu\/sargarepa\/"]}]},{"@type":"ImageObject","inLanguage":"hu","@id":"https:\/\/simbavegetables.nl\/hu\/sargarepa\/#primaryimage","url":"https:\/\/simbavegetables.nl\/wp-content\/uploads\/website-ready-2-300x227.jpg","contentUrl":"https:\/\/simbavegetables.nl\/wp-content\/uploads\/website-ready-2-300x227.jpg"},{"@type":"WebSite","@id":"https:\/\/simbavegetables.nl\/hu\/#website","url":"https:\/\/simbavegetables.nl\/hu\/","name":"simba vegetables bv","description":"specialised in the purchase and sales of fresh vegetables from Holland","publisher":{"@id":"https:\/\/simbavegetables.nl\/hu\/#organization"},"potentialAction":[{"@type":"SearchAction","target":{"@type":"EntryPoint","urlTemplate":"https:\/\/simbavegetables.nl\/hu\/?s={search_term_string}"},"query-input":{"@type":"PropertyValueSpecification","valueRequired":true,"valueName":"search_term_string"}}],"inLanguage":"hu"},{"@type":"Organization","@id":"https:\/\/simbavegetables.nl\/hu\/#organization","name":"Simba Vegetables","url":"https:\/\/simbavegetables.nl\/hu\/","logo":{"@type":"ImageObject","inLanguage":"hu","@id":"https:\/\/simbavegetables.nl\/hu\/#\/schema\/logo\/image\/","url":"https:\/\/simbavegetables.nl\/wp-content\/uploads\/Simba_vegetables_druklogo_3.png","contentUrl":"https:\/\/simbavegetables.nl\/wp-content\/uploads\/Simba_vegetables_druklogo_3.png","width":511,"height":151,"caption":"Simba Vegetables"},"image":{"@id":"https:\/\/simbavegetables.nl\/hu\/#\/schema\/logo\/image\/"},"sameAs":["https:\/\/www.facebook.com\/Simbavegetables\/?fref=ts"]}]}},"_links":{"self":[{"href":"https:\/\/simbavegetables.nl\/hu\/wp-json\/wp\/v2\/pages\/878","targetHints":{"allow":["GET"]}}],"collection":[{"href":"https:\/\/simbavegetables.nl\/hu\/wp-json\/wp\/v2\/pages"}],"about":[{"href":"https:\/\/simbavegetables.nl\/hu\/wp-json\/wp\/v2\/types\/page"}],"author":[{"embeddable":true,"href":"https:\/\/simbavegetables.nl\/hu\/wp-json\/wp\/v2\/users\/1"}],"replies":[{"embeddable":true,"href":"https:\/\/simbavegetables.nl\/hu\/wp-json\/wp\/v2\/comments?post=878"}],"version-history":[{"count":5,"href":"https:\/\/simbavegetables.nl\/hu\/wp-json\/wp\/v2\/pages\/878\/revisions"}],"predecessor-version":[{"id":92951,"href":"https:\/\/simbavegetables.nl\/hu\/wp-json\/wp\/v2\/pages\/878\/revisions\/92951"}],"wp:attachment":[{"href":"https:\/\/simbavegetables.nl\/hu\/wp-json\/wp\/v2\/media?parent=878"}],"curies":[{"name":"wp","href":"https:\/\/api.w.org\/{rel}","templated":true}]}}