{"id":879,"date":"2014-03-31T15:45:35","date_gmt":"2014-03-31T15:45:35","guid":{"rendered":"http:\/\/simbavegetables.nl\/?page_id=879"},"modified":"2023-01-05T15:55:11","modified_gmt":"2023-01-05T15:55:11","slug":"karfiolbrokkoli","status":"publish","type":"page","link":"https:\/\/simbavegetables.nl\/hu\/karfiolbrokkoli\/","title":{"rendered":""},"content":{"rendered":"\n<div style=\"height:100px\" aria-hidden=\"true\" class=\"wp-block-spacer\"><\/div>\n\n\n<h1 class=\"wp-block wp-block-post-title block-editor-block-list__block editor-post-title editor-post-title__input rich-text\" role=\"textbox\" contenteditable=\"true\" aria-label=\"Add title\" aria-multiline=\"true\">Karfiol\/Brokkoli<\/h1>\n<div class=\"symple-column symple-one-third symple-column-first  \"><img fetchpriority=\"high\" decoding=\"async\" class=\"alignnone size-full wp-image-117\" src=\"https:\/\/simbavegetables.nl\/wp-content\/uploads\/Simba_broccoli_coliflower.jpg\" alt=\"Simba_broccoli_coliflower\" width=\"303\" height=\"229\" srcset=\"https:\/\/simbavegetables.nl\/wp-content\/uploads\/Simba_broccoli_coliflower.jpg 303w, https:\/\/simbavegetables.nl\/wp-content\/uploads\/Simba_broccoli_coliflower-300x226.jpg 300w, https:\/\/simbavegetables.nl\/wp-content\/uploads\/Simba_broccoli_coliflower-150x113.jpg 150w\" sizes=\"(max-width: 303px) 100vw, 303px\" \/><\/div>A holland karfiol \u00e9s brokkoli \u00e1prilis \u00e9s december k\u00f6z\u00f6tt \u00e1ll rendelkez\u00e9sre, kartondobozban vagy expand\u00e1lt polisztirolcsomagol\u00e1sban sz\u00e1ll\u00edthatjuk. Mivel tev\u00e9kenys\u00e9g\u00fcnk a karfiol- \u00e9s brokkolif\u00f6ldek kell\u0151s k\u00f6zep\u00e9n zajlik, figyelemmel k\u00eds\u00e9rj\u00fck, hogy ezek a term\u00e9nyek minden k\u00f6vetelm\u00e9nyt kiel\u00e9g\u00edtsenek.<\/p>\n\n\n<div style=\"height:100px\" aria-hidden=\"true\" class=\"wp-block-spacer\"><\/div>\n","protected":false},"excerpt":{"rendered":"<p>Karfiol\/Brokkoli A holland karfiol \u00e9s brokkoli \u00e1prilis \u00e9s december k\u00f6z\u00f6tt \u00e1ll rendelkez\u00e9sre, kartondobozban vagy expand\u00e1lt polisztirolcsomagol\u00e1sban sz\u00e1ll\u00edthatjuk. Mivel tev\u00e9kenys\u00e9g\u00fcnk a karfiol- \u00e9s brokkolif\u00f6ldek kell\u0151s k\u00f6zep\u00e9n zajlik, figyelemmel k\u00eds\u00e9rj\u00fck, hogy ezek a term\u00e9nyek minden k\u00f6vetelm\u00e9nyt kiel\u00e9g\u00edtsenek.<\/p>\n","protected":false},"author":1,"featured_media":0,"parent":0,"menu_order":0,"comment_status":"closed","ping_status":"closed","template":"","meta":{"footnotes":"","_links_to":"","_links_to_target":""},"class_list":["post-879","page","type-page","status-publish","hentry"],"yoast_head":"<!-- This site is optimized with the Yoast SEO plugin v24.9 - https:\/\/yoast.com\/wordpress\/plugins\/seo\/ -->\n<title>- simba vegetables bv<\/title>\n<meta name=\"robots\" content=\"index, follow, max-snippet:-1, max-image-preview:large, max-video-preview:-1\" \/>\n<link rel=\"canonical\" href=\"https:\/\/simbavegetables.nl\/hu\/karfiolbrokkoli\/\" \/>\n<meta property=\"og:locale\" content=\"hu_HU\" \/>\n<meta property=\"og:type\" content=\"article\" \/>\n<meta property=\"og:title\" content=\"- simba vegetables bv\" \/>\n<meta property=\"og:description\" content=\"Karfiol\/Brokkoli A holland karfiol \u00e9s brokkoli \u00e1prilis \u00e9s december k\u00f6z\u00f6tt \u00e1ll rendelkez\u00e9sre, kartondobozban vagy expand\u00e1lt polisztirolcsomagol\u00e1sban sz\u00e1ll\u00edthatjuk. Mivel tev\u00e9kenys\u00e9g\u00fcnk a karfiol- \u00e9s brokkolif\u00f6ldek kell\u0151s k\u00f6zep\u00e9n zajlik, figyelemmel k\u00eds\u00e9rj\u00fck, hogy ezek a term\u00e9nyek minden k\u00f6vetelm\u00e9nyt kiel\u00e9g\u00edtsenek.\" \/>\n<meta property=\"og:url\" content=\"https:\/\/simbavegetables.nl\/hu\/karfiolbrokkoli\/\" \/>\n<meta property=\"og:site_name\" content=\"simba vegetables bv\" \/>\n<meta property=\"article:publisher\" content=\"https:\/\/www.facebook.com\/Simbavegetables\/?fref=ts\" \/>\n<meta property=\"article:modified_time\" content=\"2023-01-05T15:55:11+00:00\" \/>\n<meta property=\"og:image\" content=\"https:\/\/simbavegetables.nl\/wp-content\/uploads\/Simba_broccoli_coliflower.jpg\" \/>\n<meta name=\"twitter:card\" content=\"summary_large_image\" \/>\n<meta name=\"twitter:label1\" content=\"Becs\u00fclt olvas\u00e1si id\u0151\" \/>\n\t<meta name=\"twitter:data1\" content=\"1 perc\" \/>\n<script type=\"application\/ld+json\" class=\"yoast-schema-graph\">{\"@context\":\"https:\/\/schema.org\",\"@graph\":[{\"@type\":\"WebPage\",\"@id\":\"https:\/\/simbavegetables.nl\/hu\/karfiolbrokkoli\/\",\"url\":\"https:\/\/simbavegetables.nl\/hu\/karfiolbrokkoli\/\",\"name\":\"- simba vegetables bv\",\"isPartOf\":{\"@id\":\"https:\/\/simbavegetables.nl\/hu\/#website\"},\"primaryImageOfPage\":{\"@id\":\"https:\/\/simbavegetables.nl\/hu\/karfiolbrokkoli\/#primaryimage\"},\"image\":{\"@id\":\"https:\/\/simbavegetables.nl\/hu\/karfiolbrokkoli\/#primaryimage\"},\"thumbnailUrl\":\"https:\/\/simbavegetables.nl\/wp-content\/uploads\/Simba_broccoli_coliflower.jpg\",\"datePublished\":\"2014-03-31T15:45:35+00:00\",\"dateModified\":\"2023-01-05T15:55:11+00:00\",\"inLanguage\":\"hu\",\"potentialAction\":[{\"@type\":\"ReadAction\",\"target\":[\"https:\/\/simbavegetables.nl\/hu\/karfiolbrokkoli\/\"]}]},{\"@type\":\"ImageObject\",\"inLanguage\":\"hu\",\"@id\":\"https:\/\/simbavegetables.nl\/hu\/karfiolbrokkoli\/#primaryimage\",\"url\":\"https:\/\/simbavegetables.nl\/wp-content\/uploads\/Simba_broccoli_coliflower.jpg\",\"contentUrl\":\"https:\/\/simbavegetables.nl\/wp-content\/uploads\/Simba_broccoli_coliflower.jpg\"},{\"@type\":\"WebSite\",\"@id\":\"https:\/\/simbavegetables.nl\/hu\/#website\",\"url\":\"https:\/\/simbavegetables.nl\/hu\/\",\"name\":\"simba vegetables bv\",\"description\":\"specialised in the purchase and sales of fresh vegetables from Holland\",\"publisher\":{\"@id\":\"https:\/\/simbavegetables.nl\/hu\/#organization\"},\"potentialAction\":[{\"@type\":\"SearchAction\",\"target\":{\"@type\":\"EntryPoint\",\"urlTemplate\":\"https:\/\/simbavegetables.nl\/hu\/?s={search_term_string}\"},\"query-input\":{\"@type\":\"PropertyValueSpecification\",\"valueRequired\":true,\"valueName\":\"search_term_string\"}}],\"inLanguage\":\"hu\"},{\"@type\":\"Organization\",\"@id\":\"https:\/\/simbavegetables.nl\/hu\/#organization\",\"name\":\"Simba Vegetables\",\"url\":\"https:\/\/simbavegetables.nl\/hu\/\",\"logo\":{\"@type\":\"ImageObject\",\"inLanguage\":\"hu\",\"@id\":\"https:\/\/simbavegetables.nl\/hu\/#\/schema\/logo\/image\/\",\"url\":\"https:\/\/simbavegetables.nl\/wp-content\/uploads\/Simba_vegetables_druklogo_3.png\",\"contentUrl\":\"https:\/\/simbavegetables.nl\/wp-content\/uploads\/Simba_vegetables_druklogo_3.png\",\"width\":511,\"height\":151,\"caption\":\"Simba Vegetables\"},\"image\":{\"@id\":\"https:\/\/simbavegetables.nl\/hu\/#\/schema\/logo\/image\/\"},\"sameAs\":[\"https:\/\/www.facebook.com\/Simbavegetables\/?fref=ts\"]}]}<\/script>\n<!-- \/ Yoast SEO plugin. -->","yoast_head_json":{"title":"- simba vegetables bv","robots":{"index":"index","follow":"follow","max-snippet":"max-snippet:-1","max-image-preview":"max-image-preview:large","max-video-preview":"max-video-preview:-1"},"canonical":"https:\/\/simbavegetables.nl\/hu\/karfiolbrokkoli\/","og_locale":"hu_HU","og_type":"article","og_title":"- simba vegetables bv","og_description":"Karfiol\/Brokkoli A holland karfiol \u00e9s brokkoli \u00e1prilis \u00e9s december k\u00f6z\u00f6tt \u00e1ll rendelkez\u00e9sre, kartondobozban vagy expand\u00e1lt polisztirolcsomagol\u00e1sban sz\u00e1ll\u00edthatjuk. Mivel tev\u00e9kenys\u00e9g\u00fcnk a karfiol- \u00e9s brokkolif\u00f6ldek kell\u0151s k\u00f6zep\u00e9n zajlik, figyelemmel k\u00eds\u00e9rj\u00fck, hogy ezek a term\u00e9nyek minden k\u00f6vetelm\u00e9nyt kiel\u00e9g\u00edtsenek.","og_url":"https:\/\/simbavegetables.nl\/hu\/karfiolbrokkoli\/","og_site_name":"simba vegetables bv","article_publisher":"https:\/\/www.facebook.com\/Simbavegetables\/?fref=ts","article_modified_time":"2023-01-05T15:55:11+00:00","og_image":[{"url":"https:\/\/simbavegetables.nl\/wp-content\/uploads\/Simba_broccoli_coliflower.jpg","type":"","width":"","height":""}],"twitter_card":"summary_large_image","twitter_misc":{"Becs\u00fclt olvas\u00e1si id\u0151":"1 perc"},"schema":{"@context":"https:\/\/schema.org","@graph":[{"@type":"WebPage","@id":"https:\/\/simbavegetables.nl\/hu\/karfiolbrokkoli\/","url":"https:\/\/simbavegetables.nl\/hu\/karfiolbrokkoli\/","name":"- simba vegetables bv","isPartOf":{"@id":"https:\/\/simbavegetables.nl\/hu\/#website"},"primaryImageOfPage":{"@id":"https:\/\/simbavegetables.nl\/hu\/karfiolbrokkoli\/#primaryimage"},"image":{"@id":"https:\/\/simbavegetables.nl\/hu\/karfiolbrokkoli\/#primaryimage"},"thumbnailUrl":"https:\/\/simbavegetables.nl\/wp-content\/uploads\/Simba_broccoli_coliflower.jpg","datePublished":"2014-03-31T15:45:35+00:00","dateModified":"2023-01-05T15:55:11+00:00","inLanguage":"hu","potentialAction":[{"@type":"ReadAction","target":["https:\/\/simbavegetables.nl\/hu\/karfiolbrokkoli\/"]}]},{"@type":"ImageObject","inLanguage":"hu","@id":"https:\/\/simbavegetables.nl\/hu\/karfiolbrokkoli\/#primaryimage","url":"https:\/\/simbavegetables.nl\/wp-content\/uploads\/Simba_broccoli_coliflower.jpg","contentUrl":"https:\/\/simbavegetables.nl\/wp-content\/uploads\/Simba_broccoli_coliflower.jpg"},{"@type":"WebSite","@id":"https:\/\/simbavegetables.nl\/hu\/#website","url":"https:\/\/simbavegetables.nl\/hu\/","name":"simba vegetables bv","description":"specialised in the purchase and sales of fresh vegetables from Holland","publisher":{"@id":"https:\/\/simbavegetables.nl\/hu\/#organization"},"potentialAction":[{"@type":"SearchAction","target":{"@type":"EntryPoint","urlTemplate":"https:\/\/simbavegetables.nl\/hu\/?s={search_term_string}"},"query-input":{"@type":"PropertyValueSpecification","valueRequired":true,"valueName":"search_term_string"}}],"inLanguage":"hu"},{"@type":"Organization","@id":"https:\/\/simbavegetables.nl\/hu\/#organization","name":"Simba Vegetables","url":"https:\/\/simbavegetables.nl\/hu\/","logo":{"@type":"ImageObject","inLanguage":"hu","@id":"https:\/\/simbavegetables.nl\/hu\/#\/schema\/logo\/image\/","url":"https:\/\/simbavegetables.nl\/wp-content\/uploads\/Simba_vegetables_druklogo_3.png","contentUrl":"https:\/\/simbavegetables.nl\/wp-content\/uploads\/Simba_vegetables_druklogo_3.png","width":511,"height":151,"caption":"Simba Vegetables"},"image":{"@id":"https:\/\/simbavegetables.nl\/hu\/#\/schema\/logo\/image\/"},"sameAs":["https:\/\/www.facebook.com\/Simbavegetables\/?fref=ts"]}]}},"_links":{"self":[{"href":"https:\/\/simbavegetables.nl\/hu\/wp-json\/wp\/v2\/pages\/879","targetHints":{"allow":["GET"]}}],"collection":[{"href":"https:\/\/simbavegetables.nl\/hu\/wp-json\/wp\/v2\/pages"}],"about":[{"href":"https:\/\/simbavegetables.nl\/hu\/wp-json\/wp\/v2\/types\/page"}],"author":[{"embeddable":true,"href":"https:\/\/simbavegetables.nl\/hu\/wp-json\/wp\/v2\/users\/1"}],"replies":[{"embeddable":true,"href":"https:\/\/simbavegetables.nl\/hu\/wp-json\/wp\/v2\/comments?post=879"}],"version-history":[{"count":4,"href":"https:\/\/simbavegetables.nl\/hu\/wp-json\/wp\/v2\/pages\/879\/revisions"}],"predecessor-version":[{"id":92960,"href":"https:\/\/simbavegetables.nl\/hu\/wp-json\/wp\/v2\/pages\/879\/revisions\/92960"}],"wp:attachment":[{"href":"https:\/\/simbavegetables.nl\/hu\/wp-json\/wp\/v2\/media?parent=879"}],"curies":[{"name":"wp","href":"https:\/\/api.w.org\/{rel}","templated":true}]}}