{"id":880,"date":"2014-03-31T15:46:15","date_gmt":"2014-03-31T15:46:15","guid":{"rendered":"http:\/\/simbavegetables.nl\/?page_id=880"},"modified":"2023-01-19T09:23:07","modified_gmt":"2023-01-19T09:23:07","slug":"egyebzoldsegek","status":"publish","type":"page","link":"https:\/\/simbavegetables.nl\/hu\/egyebzoldsegek\/","title":{"rendered":""},"content":{"rendered":"\n<div style=\"height:100px\" aria-hidden=\"true\" class=\"wp-block-spacer\"><\/div>\n\n\n<h1 class=\"wp-block wp-block-post-title block-editor-block-list__block editor-post-title editor-post-title__input rich-text\" role=\"textbox\" contenteditable=\"true\" aria-label=\"Add title\" aria-multiline=\"true\">Egy\u00e9b z\u00f6lds\u00e9gek<\/h1>\n<div class=\"symple-column symple-one-third symple-column-first  \"><img fetchpriority=\"high\" decoding=\"async\" class=\"alignnone wp-image-92865 size-medium\" src=\"https:\/\/simbavegetables.nl\/wp-content\/uploads\/\/Simba_vegetables-letuceoverige_groenten.2-300x227.jpg\" alt=\"\" width=\"300\" height=\"227\" srcset=\"https:\/\/simbavegetables.nl\/wp-content\/uploads\/Simba_vegetables-letuceoverige_groenten.2-300x227.jpg 300w, https:\/\/simbavegetables.nl\/wp-content\/uploads\/Simba_vegetables-letuceoverige_groenten.2.jpg 303w\" sizes=\"(max-width: 300px) 100vw, 300px\" \/><\/div>Kiv\u00e1l\u00f3 kapcsolataink vannak a termel\u0151kkel \u2013 mint p\u00e9ld\u00e1ul a c\u00e9kla, J\u00e9gsal\u00e1ta, retek \u00e9s zeller termeszt\u0151ivel. Ezeket a term\u00e9nyeket is az \u00f6sszes t\u00edpus\u00fa csomagol\u00e1sban sz\u00e1ll\u00edtjuk.<\/p>\n\n\n<div style=\"height:100px\" aria-hidden=\"true\" class=\"wp-block-spacer\"><\/div>\n","protected":false},"excerpt":{"rendered":"<p>Egy\u00e9b z\u00f6lds\u00e9gek Kiv\u00e1l\u00f3 kapcsolataink vannak a termel\u0151kkel \u2013 mint p\u00e9ld\u00e1ul a c\u00e9kla, J\u00e9gsal\u00e1ta, retek \u00e9s zeller termeszt\u0151ivel. Ezeket a term\u00e9nyeket is az \u00f6sszes t\u00edpus\u00fa csomagol\u00e1sban sz\u00e1ll\u00edtjuk.<\/p>\n","protected":false},"author":1,"featured_media":0,"parent":0,"menu_order":0,"comment_status":"closed","ping_status":"closed","template":"","meta":{"footnotes":"","_links_to":"","_links_to_target":""},"class_list":["post-880","page","type-page","status-publish","hentry"],"yoast_head":"<!-- This site is optimized with the Yoast SEO plugin v24.9 - https:\/\/yoast.com\/wordpress\/plugins\/seo\/ -->\n<title>- simba vegetables bv<\/title>\n<meta name=\"robots\" content=\"index, follow, max-snippet:-1, max-image-preview:large, max-video-preview:-1\" \/>\n<link rel=\"canonical\" href=\"https:\/\/simbavegetables.nl\/hu\/egyebzoldsegek\/\" \/>\n<meta property=\"og:locale\" content=\"hu_HU\" \/>\n<meta property=\"og:type\" content=\"article\" \/>\n<meta property=\"og:title\" content=\"- simba vegetables bv\" \/>\n<meta property=\"og:description\" content=\"Egy\u00e9b z\u00f6lds\u00e9gek Kiv\u00e1l\u00f3 kapcsolataink vannak a termel\u0151kkel \u2013 mint p\u00e9ld\u00e1ul a c\u00e9kla, J\u00e9gsal\u00e1ta, retek \u00e9s zeller termeszt\u0151ivel. Ezeket a term\u00e9nyeket is az \u00f6sszes t\u00edpus\u00fa csomagol\u00e1sban sz\u00e1ll\u00edtjuk.\" \/>\n<meta property=\"og:url\" content=\"https:\/\/simbavegetables.nl\/hu\/egyebzoldsegek\/\" \/>\n<meta property=\"og:site_name\" content=\"simba vegetables bv\" \/>\n<meta property=\"article:publisher\" content=\"https:\/\/www.facebook.com\/Simbavegetables\/?fref=ts\" \/>\n<meta property=\"article:modified_time\" content=\"2023-01-19T09:23:07+00:00\" \/>\n<meta property=\"og:image\" content=\"https:\/\/simbavegetables.nl\/wp-content\/uploads\/\/Simba_vegetables-letuceoverige_groenten.2-300x227.jpg\" \/>\n<meta name=\"twitter:card\" content=\"summary_large_image\" \/>\n<meta name=\"twitter:label1\" content=\"Becs\u00fclt olvas\u00e1si id\u0151\" \/>\n\t<meta name=\"twitter:data1\" content=\"1 perc\" \/>\n<script type=\"application\/ld+json\" class=\"yoast-schema-graph\">{\"@context\":\"https:\/\/schema.org\",\"@graph\":[{\"@type\":\"WebPage\",\"@id\":\"https:\/\/simbavegetables.nl\/hu\/egyebzoldsegek\/\",\"url\":\"https:\/\/simbavegetables.nl\/hu\/egyebzoldsegek\/\",\"name\":\"- simba vegetables bv\",\"isPartOf\":{\"@id\":\"https:\/\/simbavegetables.nl\/hu\/#website\"},\"primaryImageOfPage\":{\"@id\":\"https:\/\/simbavegetables.nl\/hu\/egyebzoldsegek\/#primaryimage\"},\"image\":{\"@id\":\"https:\/\/simbavegetables.nl\/hu\/egyebzoldsegek\/#primaryimage\"},\"thumbnailUrl\":\"https:\/\/simbavegetables.nl\/wp-content\/uploads\/\/Simba_vegetables-letuceoverige_groenten.2-300x227.jpg\",\"datePublished\":\"2014-03-31T15:46:15+00:00\",\"dateModified\":\"2023-01-19T09:23:07+00:00\",\"inLanguage\":\"hu\",\"potentialAction\":[{\"@type\":\"ReadAction\",\"target\":[\"https:\/\/simbavegetables.nl\/hu\/egyebzoldsegek\/\"]}]},{\"@type\":\"ImageObject\",\"inLanguage\":\"hu\",\"@id\":\"https:\/\/simbavegetables.nl\/hu\/egyebzoldsegek\/#primaryimage\",\"url\":\"https:\/\/simbavegetables.nl\/wp-content\/uploads\/\/Simba_vegetables-letuceoverige_groenten.2-300x227.jpg\",\"contentUrl\":\"https:\/\/simbavegetables.nl\/wp-content\/uploads\/\/Simba_vegetables-letuceoverige_groenten.2-300x227.jpg\"},{\"@type\":\"WebSite\",\"@id\":\"https:\/\/simbavegetables.nl\/hu\/#website\",\"url\":\"https:\/\/simbavegetables.nl\/hu\/\",\"name\":\"simba vegetables bv\",\"description\":\"specialised in the purchase and sales of fresh vegetables from Holland\",\"publisher\":{\"@id\":\"https:\/\/simbavegetables.nl\/hu\/#organization\"},\"potentialAction\":[{\"@type\":\"SearchAction\",\"target\":{\"@type\":\"EntryPoint\",\"urlTemplate\":\"https:\/\/simbavegetables.nl\/hu\/?s={search_term_string}\"},\"query-input\":{\"@type\":\"PropertyValueSpecification\",\"valueRequired\":true,\"valueName\":\"search_term_string\"}}],\"inLanguage\":\"hu\"},{\"@type\":\"Organization\",\"@id\":\"https:\/\/simbavegetables.nl\/hu\/#organization\",\"name\":\"Simba Vegetables\",\"url\":\"https:\/\/simbavegetables.nl\/hu\/\",\"logo\":{\"@type\":\"ImageObject\",\"inLanguage\":\"hu\",\"@id\":\"https:\/\/simbavegetables.nl\/hu\/#\/schema\/logo\/image\/\",\"url\":\"https:\/\/simbavegetables.nl\/wp-content\/uploads\/Simba_vegetables_druklogo_3.png\",\"contentUrl\":\"https:\/\/simbavegetables.nl\/wp-content\/uploads\/Simba_vegetables_druklogo_3.png\",\"width\":511,\"height\":151,\"caption\":\"Simba Vegetables\"},\"image\":{\"@id\":\"https:\/\/simbavegetables.nl\/hu\/#\/schema\/logo\/image\/\"},\"sameAs\":[\"https:\/\/www.facebook.com\/Simbavegetables\/?fref=ts\"]}]}<\/script>\n<!-- \/ Yoast SEO plugin. -->","yoast_head_json":{"title":"- simba vegetables bv","robots":{"index":"index","follow":"follow","max-snippet":"max-snippet:-1","max-image-preview":"max-image-preview:large","max-video-preview":"max-video-preview:-1"},"canonical":"https:\/\/simbavegetables.nl\/hu\/egyebzoldsegek\/","og_locale":"hu_HU","og_type":"article","og_title":"- simba vegetables bv","og_description":"Egy\u00e9b z\u00f6lds\u00e9gek Kiv\u00e1l\u00f3 kapcsolataink vannak a termel\u0151kkel \u2013 mint p\u00e9ld\u00e1ul a c\u00e9kla, J\u00e9gsal\u00e1ta, retek \u00e9s zeller termeszt\u0151ivel. Ezeket a term\u00e9nyeket is az \u00f6sszes t\u00edpus\u00fa csomagol\u00e1sban sz\u00e1ll\u00edtjuk.","og_url":"https:\/\/simbavegetables.nl\/hu\/egyebzoldsegek\/","og_site_name":"simba vegetables bv","article_publisher":"https:\/\/www.facebook.com\/Simbavegetables\/?fref=ts","article_modified_time":"2023-01-19T09:23:07+00:00","og_image":[{"url":"https:\/\/simbavegetables.nl\/wp-content\/uploads\/\/Simba_vegetables-letuceoverige_groenten.2-300x227.jpg","type":"","width":"","height":""}],"twitter_card":"summary_large_image","twitter_misc":{"Becs\u00fclt olvas\u00e1si id\u0151":"1 perc"},"schema":{"@context":"https:\/\/schema.org","@graph":[{"@type":"WebPage","@id":"https:\/\/simbavegetables.nl\/hu\/egyebzoldsegek\/","url":"https:\/\/simbavegetables.nl\/hu\/egyebzoldsegek\/","name":"- simba vegetables bv","isPartOf":{"@id":"https:\/\/simbavegetables.nl\/hu\/#website"},"primaryImageOfPage":{"@id":"https:\/\/simbavegetables.nl\/hu\/egyebzoldsegek\/#primaryimage"},"image":{"@id":"https:\/\/simbavegetables.nl\/hu\/egyebzoldsegek\/#primaryimage"},"thumbnailUrl":"https:\/\/simbavegetables.nl\/wp-content\/uploads\/\/Simba_vegetables-letuceoverige_groenten.2-300x227.jpg","datePublished":"2014-03-31T15:46:15+00:00","dateModified":"2023-01-19T09:23:07+00:00","inLanguage":"hu","potentialAction":[{"@type":"ReadAction","target":["https:\/\/simbavegetables.nl\/hu\/egyebzoldsegek\/"]}]},{"@type":"ImageObject","inLanguage":"hu","@id":"https:\/\/simbavegetables.nl\/hu\/egyebzoldsegek\/#primaryimage","url":"https:\/\/simbavegetables.nl\/wp-content\/uploads\/\/Simba_vegetables-letuceoverige_groenten.2-300x227.jpg","contentUrl":"https:\/\/simbavegetables.nl\/wp-content\/uploads\/\/Simba_vegetables-letuceoverige_groenten.2-300x227.jpg"},{"@type":"WebSite","@id":"https:\/\/simbavegetables.nl\/hu\/#website","url":"https:\/\/simbavegetables.nl\/hu\/","name":"simba vegetables bv","description":"specialised in the purchase and sales of fresh vegetables from Holland","publisher":{"@id":"https:\/\/simbavegetables.nl\/hu\/#organization"},"potentialAction":[{"@type":"SearchAction","target":{"@type":"EntryPoint","urlTemplate":"https:\/\/simbavegetables.nl\/hu\/?s={search_term_string}"},"query-input":{"@type":"PropertyValueSpecification","valueRequired":true,"valueName":"search_term_string"}}],"inLanguage":"hu"},{"@type":"Organization","@id":"https:\/\/simbavegetables.nl\/hu\/#organization","name":"Simba Vegetables","url":"https:\/\/simbavegetables.nl\/hu\/","logo":{"@type":"ImageObject","inLanguage":"hu","@id":"https:\/\/simbavegetables.nl\/hu\/#\/schema\/logo\/image\/","url":"https:\/\/simbavegetables.nl\/wp-content\/uploads\/Simba_vegetables_druklogo_3.png","contentUrl":"https:\/\/simbavegetables.nl\/wp-content\/uploads\/Simba_vegetables_druklogo_3.png","width":511,"height":151,"caption":"Simba Vegetables"},"image":{"@id":"https:\/\/simbavegetables.nl\/hu\/#\/schema\/logo\/image\/"},"sameAs":["https:\/\/www.facebook.com\/Simbavegetables\/?fref=ts"]}]}},"_links":{"self":[{"href":"https:\/\/simbavegetables.nl\/hu\/wp-json\/wp\/v2\/pages\/880","targetHints":{"allow":["GET"]}}],"collection":[{"href":"https:\/\/simbavegetables.nl\/hu\/wp-json\/wp\/v2\/pages"}],"about":[{"href":"https:\/\/simbavegetables.nl\/hu\/wp-json\/wp\/v2\/types\/page"}],"author":[{"embeddable":true,"href":"https:\/\/simbavegetables.nl\/hu\/wp-json\/wp\/v2\/users\/1"}],"replies":[{"embeddable":true,"href":"https:\/\/simbavegetables.nl\/hu\/wp-json\/wp\/v2\/comments?post=880"}],"version-history":[{"count":7,"href":"https:\/\/simbavegetables.nl\/hu\/wp-json\/wp\/v2\/pages\/880\/revisions"}],"predecessor-version":[{"id":93262,"href":"https:\/\/simbavegetables.nl\/hu\/wp-json\/wp\/v2\/pages\/880\/revisions\/93262"}],"wp:attachment":[{"href":"https:\/\/simbavegetables.nl\/hu\/wp-json\/wp\/v2\/media?parent=880"}],"curies":[{"name":"wp","href":"https:\/\/api.w.org\/{rel}","templated":true}]}}