{"id":1416,"date":"2018-05-19T22:30:20","date_gmt":"2018-05-19T22:30:20","guid":{"rendered":"http:\/\/simbavegetables.nl\/?page_id=1416"},"modified":"2024-06-17T14:39:19","modified_gmt":"2024-06-17T14:39:19","slug":"privacyverklaring-simba-vegetables-bv","status":"publish","type":"page","link":"https:\/\/simbavegetables.nl\/nl\/privacyverklaring-simba-vegetables-bv\/","title":{"rendered":""},"content":{"rendered":"\n<div style=\"height:100px\" aria-hidden=\"true\" class=\"wp-block-spacer\"><\/div>\n\n\n<h1 class=\"wp-block wp-block-post-title block-editor-block-list__block editor-post-title editor-post-title__input rich-text\" role=\"textbox\" contenteditable=\"true\" aria-label=\"Add title\" aria-multiline=\"true\">Privacyverklaring Simba Vegetables bv<\/h1>\n<p><span style=\"font-family: 'Times New Roman', serif;\"><span style=\"font-size: medium;\"><br \/>Versie van 17 juni 2024.<\/span><\/span><\/p>\n<h2><span style=\"color: #000000;\"><span style=\"font-size: large;\">U wilt u ook online vrijelijk kunnen bewegen<\/span><\/span><\/h2>\n<p><span style=\"font-family: 'Times New Roman', serif;\"><span style=\"font-size: medium;\">U bezoekt mijn website\u00a0<\/span><\/span><a href=\"https:\/\/www.simbavegetables.nl\/\"><span style=\"color: #91c11f;\"><span style=\"font-family: 'Times New Roman', serif;\"><span style=\"font-size: medium;\">www.simbavegetables.nl<\/span><\/span><\/span><\/a><span style=\"font-family: 'Times New Roman', serif;\"><span style=\"font-size: medium;\">\u00a0voor informatie. Bij nadere interesse meld u zich aan of u vult mijn contactformulier in en verzend de ingevulde gegevens via mijn website. Daarbij laat u online sporen na en\/of persoonlijke gegevens achter.<\/span><\/span><\/p>\n<h2><span style=\"color: #000000;\"><span style=\"font-size: large;\">Dat vraagt om bewust informeren en beveiligen<\/span><\/span><\/h2>\n<p><span style=\"font-family: 'Times New Roman', serif;\"><span style=\"font-size: medium;\">Als onderneming ben ik verplicht u te informeren over de omgang met uw persoonsgegevens. Wat ermee gebeurt, met welk doel, en hoe ze worden bewaard en beveiligd. Dat staat verwoord in deze Privacyverklaring. Deze dient beknopt, transparant, begrijpelijk en gemakkelijk toegankelijk te zijn. Die waarden liggen zo dicht bij wat ik -onder meer- wil uitstralen met mijn website (eenvoudig, rijk, open, helder, verbindend), dat het vormgeven van deze verklaring zowaar plezierig was.<\/span><\/span><\/p>\n<h2><span style=\"color: #000000;\"><span style=\"font-size: large;\">Uw gegevens worden zorgvuldig, vertrouwelijk en respectvol behandeld<\/span><\/span><\/h2>\n<p><span style=\"font-family: 'Times New Roman', serif;\"><span style=\"font-size: medium;\">Uiteraard. Als u een kennismakingsgesprek aanvraagt via de button naar het contactformulier, gebruik ik uw e-mailadres of telefoonnummer om contact met u op te nemen. De persoonlijke toelichting die u er eventueel bij vermeldt, verlaat mijn mailbox niet. Over dat alles hieronder in detail meer.<\/span><\/span><\/p>\n<h2><span style=\"color: #000000;\"><span style=\"font-size: large;\">Over welke persoonsgegevens gaat het precies?<\/span><\/span><\/h2>\n<p><span style=\"font-family: 'Times New Roman', serif;\"><span style=\"font-size: medium;\">Doordat u de website bezoekt, een contactformulier invult, en\/of gebruik maakt van de diensten van \u2018Simba Vegetables bv\u2019, worden uw persoonsgegevens verwerkt: voor- en achternaam, adresgegevens, telefoonnummer, e-mailadres, IP-adres (het adres vanaf waar de website is bezocht, oftewel de gebruikte internetverbinding) en gegevens over uw activiteiten op de website.<\/span><\/span><\/p>\n<h2><span style=\"color: #000000;\"><span style=\"font-size: large;\">Waarom worden die opgevraagd?<\/span><\/span><\/h2>\n<p><span style=\"font-family: 'Times New Roman', serif;\"><span style=\"font-size: medium;\">Om contact met u op te nemen en om de dienstverlening te kunnen uitvoeren. Ik gebruik uw naam en contactgegevens logischerwijs om contact te onderhouden en u te informeren over relevante, aan de dienstverlening gerelateerde zaken. Alle informatie die u per mail deelt, sla ik zorgvuldig op. Telefonisch gedeelde informatie wordt niet schriftelijk vastgelegd. Uw gegevens worden tevens verwerkt om informatie te versturen of u anderszins te informeren over mijn bedrijfsactiviteiten, en om bezoekersgedrag te analyseren ter verbetering van de website.<\/span><\/span><\/p>\n<h2><span style=\"color: #000000;\"><span style=\"font-size: large;\">Wat gebeurt er niet met uw gegevens?<\/span><\/span><\/h2>\n<p><span style=\"font-family: 'Times New Roman', serif;\"><span style=\"font-size: medium;\">Uw gegevens worden niet verkocht aan anderen. Ze worden ook niet gebruikt om uitgebreide bezoekersprofielen samen te stellen, noch voor besluitvorming op basis van geautomatiseerde verwerkingen (dat wil zeggen, door computerprogramma\u2019s of -systemen zonder tussenkomst van een mens).<\/span><\/span><\/p>\n<h2><span style=\"color: #000000;\"><span style=\"font-size: large;\">Worden uw gegevens met derden gedeeld?<\/span><\/span><\/h2>\n<p><span style=\"font-family: 'Times New Roman', serif;\"><span style=\"font-size: medium;\">Ja, uitsluitend als dat noodzakelijk is vanwege een wettelijke verplichting of een gerechtvaardigd belang zoals redelijke bedrijfsuitoefening:<\/span><\/span><\/p>\n<ul>\n<li><span style=\"font-family: 'Times New Roman', serif;\"><span style=\"font-size: medium;\">belastingadviseur, vanwege inzage in facturen met adresgegevens<\/span><\/span><\/li>\n<li><span style=\"font-family: 'Times New Roman', serif;\"><span style=\"font-size: medium;\">websitehoster, voor de opslag van gegevens uit contactformulieren<\/span><\/span><\/li>\n<li><span style=\"font-family: 'Times New Roman', serif;\"><span style=\"font-size: medium;\">Google Analytics, voor de analyse van bezoekgegevens website<\/span><\/span><\/li>\n<li><span style=\"font-family: 'Times New Roman', serif;\"><span style=\"font-size: medium;\">Met deze \u2018verwerkers\u2019 zijn verwerkersovereenkomsten gesloten.<\/span><\/span><\/li>\n<\/ul>\n<h2><span style=\"color: #000000;\"><span style=\"font-size: large;\">Wat gebeurt er terwijl u surft?<\/span><\/span><\/h2>\n<p><span style=\"font-family: 'Times New Roman', serif;\"><span style=\"font-size: medium;\">Technische en functionele cookies worden gebruikt om mijn website naar behoren te laten werken en het gebruiksgemak te garanderen. Daarnaast worden via Google Analytics algemene bezoekgegevens bijgehouden, waaronder het IP-adres van uw computer.<\/span><\/span><\/p>\n<h2><span style=\"color: #000000;\"><span style=\"font-size: large;\">Cookies \u2013 laat ze voor u werken<\/span><\/span><\/h2>\n<p><span style=\"font-family: 'Times New Roman', serif;\"><span style=\"font-size: medium;\">Een cookie is een klein en eenvoudig tekstbestand dat bij het eerste bezoek aan een website wordt opgeslagen op uw computer of mobiele apparaat. Via de instellingen van uw internetbrowser kunt u zich afmelden voor cookies (niet meer opslaan), alle eerder opgeslagen informatie verwijderen, en een melding laten geven bij verzending van een cookie. Let er wel even op dat sommige websites minder goed kunnen functioneren als u alle cookies uitschakelt.<\/span><\/span><\/p>\n<h2><span style=\"color: #000000;\"><span style=\"font-size: large;\">Google Analytics \u2013 op privacy-vriendelijke wijze<\/span><\/span><\/h2>\n<p><span style=\"font-family: 'Times New Roman', serif;\"><span style=\"font-size: medium;\">Daarmee wordt bezoek- en klikgedrag op de website geanalyseerd. Die informatie wordt door Google opgeslagen op servers in de Verenigde Staten en verwerkt in rapporten over het functioneren van de website. Op de websites van Google en Google Analytics vind u hun privacybeleid met meer informatie.<\/span><\/span><\/p>\n<p><span style=\"font-family: 'Times New Roman', serif;\"><span style=\"font-size: medium;\">Dit verzamelen van gegevens gebeurt op een privacy-vriendelijke manier; de laatste 3 cijfers van het IP-adres heb ik geanonimiseerd, \u2018gegevens delen\u2019 is uitgezet, en er wordt geen gebruik gemaakt van een combinatie van andere Google-diensten met Google Analytics.<\/span><\/span><\/p>\n<p><span style=\"font-family: 'Times New Roman', serif;\"><span style=\"font-size: medium;\">Google kan deze informatie aan derden verschaffen indien Google hiertoe wettelijk wordt verplicht, of voor zover deze derden de informatie namens Google verwerken. Hier heb ik geen invloed op.<\/span><\/span><\/p>\n<h2><span style=\"color: #000000;\"><span style=\"font-size: large;\">Uw gegevens zijn goed beveiligd<\/span><\/span><\/h2>\n<p><span style=\"font-family: 'Times New Roman', serif;\"><span style=\"font-size: medium;\">Ik neem de bescherming van uw gegevens serieus. Uw gegevens worden niet online opgeslagen (\u2018in the cloud\u2019), mijn computer is met passende en doelmatige technische maatregelen beveiligd.<\/span><\/span><\/p>\n<h2><span style=\"color: #000000;\"><span style=\"font-size: large;\">Hoe lang blijven uw gegevens bewaard?<\/span><\/span><\/h2>\n<p><span style=\"font-family: 'Times New Roman', serif;\"><span style=\"font-size: medium;\">Niet langer dan nodig is om de doelen te realiseren, waarvoor uw gegevens worden verzameld. Concreet: de gegevens van de cli\u00ebnten worden niet langer bewaard dan twee jaar na afloop van de laatst genoten dienstverlening. De gegevens van potenti\u00eble cli\u00ebnten worden niet langer dan een jaar bewaard indien er geen overeenkomst tot stand komt. Er is een uitzondering: net zoals elke ondernemer ben ik wettelijk verplicht mijn administratie, inclusief facturen met adresgegevens, zeven jaar te bewaren.<\/span><\/span><\/p>\n<h2><span style=\"color: #000000;\"><span style=\"font-size: large;\">Klopt er iets niet, wilt u uw gegevens inkijken of laten verwijderen?<\/span><\/span><\/h2>\n<p><span style=\"font-family: 'Times New Roman', serif;\"><span style=\"font-size: medium;\">Neem contact op en ik maak het voor u in orde, uiterlijk binnen twee werkdagen. Mocht u er aanleiding toe zien, dan kunt u bezwaar maken tegen de verwerking van uw persoonsgegevens en\/of een klacht indienen bij de\u00a0<\/span><\/span><a href=\"https:\/\/autoriteitpersoonsgegevens.nl\/nl\/contact-met-de-autoriteit-persoonsgegevens\/tip-ons\"><span style=\"color: #91c11f;\"><span style=\"font-family: 'Times New Roman', serif;\"><span style=\"font-size: medium;\">Nederlandse Autoriteit Persoonsgegevens<\/span><\/span><\/span><\/a><span style=\"font-family: 'Times New Roman', serif;\"><span style=\"font-size: medium;\">.<\/span><\/span><\/p>\n<h2><span style=\"color: #000000;\"><span style=\"font-size: large;\">Heeft u tips, vragen of andere feedback?<\/span><\/span><\/h2>\n<p><span style=\"font-family: 'Times New Roman', serif;\"><span style=\"font-size: medium;\">Neem ook dan contact op via:<\/span><\/span><\/p>\n<p>Simba Vegetables BV<br \/>Noorderkwelweg 18,<br \/>1771 MG Wieringerwerf, The Netherlands<\/p>\n<p><span style=\"font-family: 'Times New Roman', serif;\"><span style=\"font-size: medium;\">KvK 36052712<br \/><\/span><\/span><a href=\"https:\/\/simbavegetables.nl\/\"><span style=\"color: #91c11f;\"><span style=\"font-family: 'Times New Roman', serif;\"><span style=\"font-size: medium;\">www.simbavegetables.nl<\/span><\/span><\/span><\/a><span style=\"font-family: 'Times New Roman', serif;\"><span style=\"font-size: medium;\"><br \/><\/span><\/span><a href=\"mailto:post@simbavegetables.nl\"><span style=\"color: #91c11f;\"><span style=\"font-family: 'Times New Roman', serif;\"><span style=\"font-size: medium;\">post@simbavegetables.nl<\/span><\/span><\/span><\/a><span style=\"font-family: 'Times New Roman', serif;\"><span style=\"font-size: medium;\"><br \/>+31 (0)228 745 390<\/span><\/span><\/p>\n<p><span style=\"color: #000000;\"><span style=\"font-size: large;\">Dank voor het lezen. Groet!<\/span><\/span><\/p>\n<p><span style=\"font-family: 'Times New Roman', serif;\"><span style=\"font-size: medium;\">Maurice Ott<\/span><\/span><\/p>","protected":false},"excerpt":{"rendered":"<p>Privacyverklaring Simba Vegetables bv Versie van 17 juni 2024. U wilt u ook online vrijelijk kunnen bewegen U bezoekt mijn website\u00a0www.simbavegetables.nl\u00a0voor informatie. Bij nadere interesse meld u zich aan of u vult mijn contactformulier in en verzend de ingevulde gegevens via mijn website. Daarbij laat u online sporen na en\/of persoonlijke gegevens achter. Dat vraagt [&hellip;]<\/p>\n","protected":false},"author":1,"featured_media":0,"parent":0,"menu_order":0,"comment_status":"closed","ping_status":"closed","template":"","meta":{"footnotes":"","_links_to":"","_links_to_target":""},"class_list":["post-1416","page","type-page","status-publish","hentry"],"yoast_head":"<!-- This site is optimized with the Yoast SEO plugin v24.9 - https:\/\/yoast.com\/wordpress\/plugins\/seo\/ -->\n<title>- simba vegetables bv<\/title>\n<meta name=\"robots\" content=\"index, follow, max-snippet:-1, max-image-preview:large, max-video-preview:-1\" \/>\n<link rel=\"canonical\" href=\"https:\/\/simbavegetables.nl\/nl\/privacyverklaring-simba-vegetables-bv\/\" \/>\n<meta property=\"og:locale\" content=\"nl_NL\" \/>\n<meta property=\"og:type\" content=\"article\" \/>\n<meta property=\"og:title\" content=\"- simba vegetables bv\" \/>\n<meta property=\"og:description\" content=\"Privacyverklaring Simba Vegetables bv Versie van 17 juni 2024. U wilt u ook online vrijelijk kunnen bewegen U bezoekt mijn website\u00a0www.simbavegetables.nl\u00a0voor informatie. Bij nadere interesse meld u zich aan of u vult mijn contactformulier in en verzend de ingevulde gegevens via mijn website. Daarbij laat u online sporen na en\/of persoonlijke gegevens achter. Dat vraagt [&hellip;]\" \/>\n<meta property=\"og:url\" content=\"https:\/\/simbavegetables.nl\/nl\/privacyverklaring-simba-vegetables-bv\/\" \/>\n<meta property=\"og:site_name\" content=\"simba vegetables bv\" \/>\n<meta property=\"article:publisher\" content=\"https:\/\/www.facebook.com\/Simbavegetables\/?fref=ts\" \/>\n<meta property=\"article:modified_time\" content=\"2024-06-17T14:39:19+00:00\" \/>\n<meta name=\"twitter:card\" content=\"summary_large_image\" \/>\n<meta name=\"twitter:label1\" content=\"Geschatte leestijd\" \/>\n\t<meta name=\"twitter:data1\" content=\"4 minuten\" \/>\n<script type=\"application\/ld+json\" class=\"yoast-schema-graph\">{\"@context\":\"https:\/\/schema.org\",\"@graph\":[{\"@type\":\"WebPage\",\"@id\":\"https:\/\/simbavegetables.nl\/nl\/privacyverklaring-simba-vegetables-bv\/\",\"url\":\"https:\/\/simbavegetables.nl\/nl\/privacyverklaring-simba-vegetables-bv\/\",\"name\":\"- simba vegetables bv\",\"isPartOf\":{\"@id\":\"https:\/\/simbavegetables.nl\/nl\/#website\"},\"datePublished\":\"2018-05-19T22:30:20+00:00\",\"dateModified\":\"2024-06-17T14:39:19+00:00\",\"inLanguage\":\"nl-NL\",\"potentialAction\":[{\"@type\":\"ReadAction\",\"target\":[\"https:\/\/simbavegetables.nl\/nl\/privacyverklaring-simba-vegetables-bv\/\"]}]},{\"@type\":\"WebSite\",\"@id\":\"https:\/\/simbavegetables.nl\/nl\/#website\",\"url\":\"https:\/\/simbavegetables.nl\/nl\/\",\"name\":\"simba vegetables bv\",\"description\":\"specialised in the purchase and sales of fresh vegetables from Holland\",\"publisher\":{\"@id\":\"https:\/\/simbavegetables.nl\/nl\/#organization\"},\"potentialAction\":[{\"@type\":\"SearchAction\",\"target\":{\"@type\":\"EntryPoint\",\"urlTemplate\":\"https:\/\/simbavegetables.nl\/nl\/?s={search_term_string}\"},\"query-input\":{\"@type\":\"PropertyValueSpecification\",\"valueRequired\":true,\"valueName\":\"search_term_string\"}}],\"inLanguage\":\"nl-NL\"},{\"@type\":\"Organization\",\"@id\":\"https:\/\/simbavegetables.nl\/nl\/#organization\",\"name\":\"Simba Vegetables\",\"url\":\"https:\/\/simbavegetables.nl\/nl\/\",\"logo\":{\"@type\":\"ImageObject\",\"inLanguage\":\"nl-NL\",\"@id\":\"https:\/\/simbavegetables.nl\/nl\/#\/schema\/logo\/image\/\",\"url\":\"https:\/\/simbavegetables.nl\/wp-content\/uploads\/Simba_vegetables_druklogo_3.png\",\"contentUrl\":\"https:\/\/simbavegetables.nl\/wp-content\/uploads\/Simba_vegetables_druklogo_3.png\",\"width\":511,\"height\":151,\"caption\":\"Simba Vegetables\"},\"image\":{\"@id\":\"https:\/\/simbavegetables.nl\/nl\/#\/schema\/logo\/image\/\"},\"sameAs\":[\"https:\/\/www.facebook.com\/Simbavegetables\/?fref=ts\"]}]}<\/script>\n<!-- \/ Yoast SEO plugin. -->","yoast_head_json":{"title":"- simba vegetables bv","robots":{"index":"index","follow":"follow","max-snippet":"max-snippet:-1","max-image-preview":"max-image-preview:large","max-video-preview":"max-video-preview:-1"},"canonical":"https:\/\/simbavegetables.nl\/nl\/privacyverklaring-simba-vegetables-bv\/","og_locale":"nl_NL","og_type":"article","og_title":"- simba vegetables bv","og_description":"Privacyverklaring Simba Vegetables bv Versie van 17 juni 2024. U wilt u ook online vrijelijk kunnen bewegen U bezoekt mijn website\u00a0www.simbavegetables.nl\u00a0voor informatie. Bij nadere interesse meld u zich aan of u vult mijn contactformulier in en verzend de ingevulde gegevens via mijn website. Daarbij laat u online sporen na en\/of persoonlijke gegevens achter. Dat vraagt [&hellip;]","og_url":"https:\/\/simbavegetables.nl\/nl\/privacyverklaring-simba-vegetables-bv\/","og_site_name":"simba vegetables bv","article_publisher":"https:\/\/www.facebook.com\/Simbavegetables\/?fref=ts","article_modified_time":"2024-06-17T14:39:19+00:00","twitter_card":"summary_large_image","twitter_misc":{"Geschatte leestijd":"4 minuten"},"schema":{"@context":"https:\/\/schema.org","@graph":[{"@type":"WebPage","@id":"https:\/\/simbavegetables.nl\/nl\/privacyverklaring-simba-vegetables-bv\/","url":"https:\/\/simbavegetables.nl\/nl\/privacyverklaring-simba-vegetables-bv\/","name":"- simba vegetables bv","isPartOf":{"@id":"https:\/\/simbavegetables.nl\/nl\/#website"},"datePublished":"2018-05-19T22:30:20+00:00","dateModified":"2024-06-17T14:39:19+00:00","inLanguage":"nl-NL","potentialAction":[{"@type":"ReadAction","target":["https:\/\/simbavegetables.nl\/nl\/privacyverklaring-simba-vegetables-bv\/"]}]},{"@type":"WebSite","@id":"https:\/\/simbavegetables.nl\/nl\/#website","url":"https:\/\/simbavegetables.nl\/nl\/","name":"simba vegetables bv","description":"specialised in the purchase and sales of fresh vegetables from Holland","publisher":{"@id":"https:\/\/simbavegetables.nl\/nl\/#organization"},"potentialAction":[{"@type":"SearchAction","target":{"@type":"EntryPoint","urlTemplate":"https:\/\/simbavegetables.nl\/nl\/?s={search_term_string}"},"query-input":{"@type":"PropertyValueSpecification","valueRequired":true,"valueName":"search_term_string"}}],"inLanguage":"nl-NL"},{"@type":"Organization","@id":"https:\/\/simbavegetables.nl\/nl\/#organization","name":"Simba Vegetables","url":"https:\/\/simbavegetables.nl\/nl\/","logo":{"@type":"ImageObject","inLanguage":"nl-NL","@id":"https:\/\/simbavegetables.nl\/nl\/#\/schema\/logo\/image\/","url":"https:\/\/simbavegetables.nl\/wp-content\/uploads\/Simba_vegetables_druklogo_3.png","contentUrl":"https:\/\/simbavegetables.nl\/wp-content\/uploads\/Simba_vegetables_druklogo_3.png","width":511,"height":151,"caption":"Simba Vegetables"},"image":{"@id":"https:\/\/simbavegetables.nl\/nl\/#\/schema\/logo\/image\/"},"sameAs":["https:\/\/www.facebook.com\/Simbavegetables\/?fref=ts"]}]}},"_links":{"self":[{"href":"https:\/\/simbavegetables.nl\/nl\/wp-json\/wp\/v2\/pages\/1416","targetHints":{"allow":["GET"]}}],"collection":[{"href":"https:\/\/simbavegetables.nl\/nl\/wp-json\/wp\/v2\/pages"}],"about":[{"href":"https:\/\/simbavegetables.nl\/nl\/wp-json\/wp\/v2\/types\/page"}],"author":[{"embeddable":true,"href":"https:\/\/simbavegetables.nl\/nl\/wp-json\/wp\/v2\/users\/1"}],"replies":[{"embeddable":true,"href":"https:\/\/simbavegetables.nl\/nl\/wp-json\/wp\/v2\/comments?post=1416"}],"version-history":[{"count":7,"href":"https:\/\/simbavegetables.nl\/nl\/wp-json\/wp\/v2\/pages\/1416\/revisions"}],"predecessor-version":[{"id":93823,"href":"https:\/\/simbavegetables.nl\/nl\/wp-json\/wp\/v2\/pages\/1416\/revisions\/93823"}],"wp:attachment":[{"href":"https:\/\/simbavegetables.nl\/nl\/wp-json\/wp\/v2\/media?parent=1416"}],"curies":[{"name":"wp","href":"https:\/\/api.w.org\/{rel}","templated":true}]}}