{"id":601,"date":"2014-03-28T20:00:30","date_gmt":"2014-03-28T20:00:30","guid":{"rendered":"http:\/\/simbavegetables.nl\/?page_id=601"},"modified":"2025-07-16T20:35:05","modified_gmt":"2025-07-16T20:35:05","slug":"wiecej-informacji-o-simba","status":"publish","type":"page","link":"https:\/\/simbavegetables.nl\/pl\/wiecej-informacji-o-simba\/","title":{"rendered":""},"content":{"rendered":"\t\t<div data-elementor-type=\"wp-page\" data-elementor-id=\"601\" class=\"elementor elementor-601 elementor-5\" data-elementor-post-type=\"page\">\n\t\t\t\t\t\t<section class=\"elementor-section elementor-top-section elementor-element elementor-element-7bb95ba4 elementor-section-boxed elementor-section-height-default elementor-section-height-default\" data-id=\"7bb95ba4\" data-element_type=\"section\">\n\t\t\t\t\t\t<div class=\"elementor-container elementor-column-gap-default\">\n\t\t\t\t\t<div class=\"elementor-column elementor-col-100 elementor-top-column elementor-element elementor-element-1909422b\" data-id=\"1909422b\" data-element_type=\"column\">\n\t\t\t<div class=\"elementor-widget-wrap elementor-element-populated\">\n\t\t\t\t\t\t<div class=\"elementor-element elementor-element-23713d0b elementor-widget elementor-widget-text-editor\" data-id=\"23713d0b\" data-element_type=\"widget\" data-widget_type=\"text-editor.default\">\n\t\t\t\t<div class=\"elementor-widget-container\">\n\t\t\t\t\t\t\t\t\t<div class=\"wp-block-spacer\" style=\"height: 100px;\" aria-hidden=\"true\">\u00a0<\/div><h1 class=\"wp-block wp-block-post-title block-editor-block-list__block editor-post-title editor-post-title__input rich-text\" role=\"textbox\" contenteditable=\"true\" aria-label=\"Add title\" aria-multiline=\"true\">Simba<\/h1><p><span style=\"font-size: 17px;\">Simba Vegetables bv zosta\u0142a za\u0142o\u017cona w dniu 1 marca 2014 przez Maurice Ott. Znajdujemy si\u0119 w Wieringerwerf, oko\u0142o godziny jazdy samochodem od Amsterdamu. Simba i Knibbe znajduj\u0105 si\u0119 w tym samym miejscu. Produkty s\u0105 obs\u0142ugiwane za budynkiem biurowym, gdzie nasi kierowcy sk\u0142adaj\u0105 raport dotycz\u0105cy za\u0142adunku i roz\u0142adunku towaru. Realizuj\u0105c dzia\u0142ania w tym obszarze, gdzie znajdujemy si\u0119 w centralnym miejscu upraw ziemniak\u00f3w, cebuli, kapusty, kalafiora i broku\u0142\u00f3w, mo\u017cemy uwa\u017cnie \u015bledzi\u0107 proces uprawy i przetwarzania naszych produkt\u00f3w.<\/span><\/p><p style=\"text-align: center;\"><span style=\"color: #91c11f; font-size: 28px;\">WYBIERZ SIMBA!<\/span><\/p><ul><li><span style=\"line-height: 1.5em;\"><span style=\"line-height: 1.5em;\">Uprawiamy, sortujemy, pakujemy i sprzedajemy produkty z w\u0142asnych upraw, jak r\u00f3wnie\u017c innych przedsi\u0119biorstw, kt\u00f3re zajmuj\u0105 si\u0119 upraw\u0105, sortowaniem i pakowaniem warzyw. Wszyscy producenci, kt\u00f3rzy zawieraj\u0105 umowy z Simba przestrzegaj\u0105 standard\u00f3w jednostki certyfikuj\u0105cej\u00a0<\/span><\/span><a style=\"line-height: 1.5em;\" title=\"Certificering\" href=\"https:\/\/simbavegetables.nl\/certificering\/\">Global-GAP<\/a>.<\/li><li>Dostarczamy produkty we wszystkich rozmiarach i opakowaniach.<\/li><li>Mamy wieloletnie do\u015bwiadczenie w dziedzinie transportu do wielu kraj\u00f3w na ca\u0142ym \u015bwiecie.<\/li><li>Je\u015bli jest to konieczne, mo\u017cemy zaj\u0105\u0107 si\u0119 dla Ciebie ca\u0142\u0105 procedur\u0105 dotycz\u0105c\u0105 dokumentacji i transportu.<\/li><li>Posiadamy nowoczesny system operacyjny,\u00a0<a style=\"line-height: 1.5em;\" href=\"http:\/\/www.jem-id.nl\" target=\"_blank\" rel=\"noopener\">Green Commerce<\/a>, opracowany dla dziedziny rolnictwa.<\/li><li>Opracowali\u015bmy zdrowy system po\u017cyczek w ramach naszej sp\u00f3\u0142ki, przez kt\u00f3ry dostawcy i przewo\u017anicy mog\u0105 zwraca\u0107 si\u0119 o po\u017cyczki od\u00a0 Simba Vegetables dla zapewnienia im po\u017cyczki.<\/li><li>Dostarczamy produkty zgodnie z naszymi zasadami i warunkami.<\/li><li><span style=\"line-height: 1.5em;\"><span style=\"line-height: 1.5em;\"><span style=\"line-height: 1.5em;\"><span style=\"line-height: 1.5em;\">Wsp\u00f3\u0142pracujemy z brytyjsk\u0105 sp\u00f3\u0142k\u0105\u00a0<\/span><\/span><\/span><\/span><a style=\"line-height: 1.5em;\" href=\"http:\/\/www.naylorfarms.co.uk\" target=\"_blank\" rel=\"noopener\">Naylor Farms<\/a><span style=\"line-height: 1.5em;\">\u00a0w dziedzinie handlu kapust\u0105 i jeste\u015bmy zarejestrowani na\u00a0<\/span><a style=\"line-height: 1.5em;\" title=\"Home\" href=\"https:\/\/simbavegetables.nl\/\">www.cabbageking.nl<\/a>.<span style=\"line-height: 1.5em;\"><br \/><\/span><\/li><li>Nadzorujemy z uwag\u0105 ca\u0142o\u015b\u0107 procesu. Mo\u017cecie na nas polega\u0107 w sprawie znajomo\u015bci produkt\u00f3w, jak r\u00f3wnie\u017c jako\u015bci produkt\u00f3w i opakowa\u0144. Naszym celem jest osi\u0105gni\u0119cie cel\u00f3w w proporcji 100%. Oczywistym jest to, \u017ce przestrzegamy naszych zobowi\u0105za\u0144.\u00a0Dlatego naszym has\u0142em jest: <span style=\"font-size: 17px;\">&#8222;Attention to Detail&#8221; !<\/span><\/li><\/ul>\t\t\t\t\t\t\t\t<\/div>\n\t\t\t\t<\/div>\n\t\t\t\t\t<\/div>\n\t\t<\/div>\n\t\t\t\t\t<\/div>\n\t\t<\/section>\n\t\t\t\t<\/div>\n\t\t","protected":false},"excerpt":{"rendered":"<p>\u00a0 Simba Simba Vegetables bv zosta\u0142a za\u0142o\u017cona w dniu 1 marca 2014 przez Maurice Ott. Znajdujemy si\u0119 w Wieringerwerf, oko\u0142o godziny jazdy samochodem od Amsterdamu. Simba i Knibbe znajduj\u0105 si\u0119 w tym samym miejscu. Produkty s\u0105 obs\u0142ugiwane za budynkiem biurowym, gdzie nasi kierowcy sk\u0142adaj\u0105 raport dotycz\u0105cy za\u0142adunku i roz\u0142adunku towaru. Realizuj\u0105c dzia\u0142ania w tym obszarze, [&hellip;]<\/p>\n","protected":false},"author":1,"featured_media":0,"parent":0,"menu_order":0,"comment_status":"closed","ping_status":"closed","template":"","meta":{"footnotes":"","_links_to":"","_links_to_target":""},"class_list":["post-601","page","type-page","status-publish","hentry"],"yoast_head":"<!-- This site is optimized with the Yoast SEO plugin v24.9 - https:\/\/yoast.com\/wordpress\/plugins\/seo\/ -->\n<title>- simba vegetables bv<\/title>\n<meta name=\"robots\" content=\"index, follow, max-snippet:-1, max-image-preview:large, max-video-preview:-1\" \/>\n<link rel=\"canonical\" href=\"https:\/\/simbavegetables.nl\/pl\/wiecej-informacji-o-simba\/\" \/>\n<meta property=\"og:locale\" content=\"pl_PL\" \/>\n<meta property=\"og:type\" content=\"article\" \/>\n<meta property=\"og:title\" content=\"- simba vegetables bv\" \/>\n<meta property=\"og:description\" content=\"\u00a0 Simba Simba Vegetables bv zosta\u0142a za\u0142o\u017cona w dniu 1 marca 2014 przez Maurice Ott. Znajdujemy si\u0119 w Wieringerwerf, oko\u0142o godziny jazdy samochodem od Amsterdamu. Simba i Knibbe znajduj\u0105 si\u0119 w tym samym miejscu. Produkty s\u0105 obs\u0142ugiwane za budynkiem biurowym, gdzie nasi kierowcy sk\u0142adaj\u0105 raport dotycz\u0105cy za\u0142adunku i roz\u0142adunku towaru. Realizuj\u0105c dzia\u0142ania w tym obszarze, [&hellip;]\" \/>\n<meta property=\"og:url\" content=\"https:\/\/simbavegetables.nl\/pl\/wiecej-informacji-o-simba\/\" \/>\n<meta property=\"og:site_name\" content=\"simba vegetables bv\" \/>\n<meta property=\"article:publisher\" content=\"https:\/\/www.facebook.com\/Simbavegetables\/?fref=ts\" \/>\n<meta property=\"article:modified_time\" content=\"2025-07-16T20:35:05+00:00\" \/>\n<meta name=\"twitter:card\" content=\"summary_large_image\" \/>\n<meta name=\"twitter:label1\" content=\"Szacowany czas czytania\" \/>\n\t<meta name=\"twitter:data1\" content=\"2 minuty\" \/>\n<script type=\"application\/ld+json\" class=\"yoast-schema-graph\">{\"@context\":\"https:\/\/schema.org\",\"@graph\":[{\"@type\":\"WebPage\",\"@id\":\"https:\/\/simbavegetables.nl\/pl\/wiecej-informacji-o-simba\/\",\"url\":\"https:\/\/simbavegetables.nl\/pl\/wiecej-informacji-o-simba\/\",\"name\":\"- simba vegetables bv\",\"isPartOf\":{\"@id\":\"https:\/\/simbavegetables.nl\/pl\/#website\"},\"datePublished\":\"2014-03-28T20:00:30+00:00\",\"dateModified\":\"2025-07-16T20:35:05+00:00\",\"inLanguage\":\"pl-PL\",\"potentialAction\":[{\"@type\":\"ReadAction\",\"target\":[\"https:\/\/simbavegetables.nl\/pl\/wiecej-informacji-o-simba\/\"]}]},{\"@type\":\"WebSite\",\"@id\":\"https:\/\/simbavegetables.nl\/pl\/#website\",\"url\":\"https:\/\/simbavegetables.nl\/pl\/\",\"name\":\"simba vegetables bv\",\"description\":\"specialised in the purchase and sales of fresh vegetables from Holland\",\"publisher\":{\"@id\":\"https:\/\/simbavegetables.nl\/pl\/#organization\"},\"potentialAction\":[{\"@type\":\"SearchAction\",\"target\":{\"@type\":\"EntryPoint\",\"urlTemplate\":\"https:\/\/simbavegetables.nl\/pl\/?s={search_term_string}\"},\"query-input\":{\"@type\":\"PropertyValueSpecification\",\"valueRequired\":true,\"valueName\":\"search_term_string\"}}],\"inLanguage\":\"pl-PL\"},{\"@type\":\"Organization\",\"@id\":\"https:\/\/simbavegetables.nl\/pl\/#organization\",\"name\":\"Simba Vegetables\",\"url\":\"https:\/\/simbavegetables.nl\/pl\/\",\"logo\":{\"@type\":\"ImageObject\",\"inLanguage\":\"pl-PL\",\"@id\":\"https:\/\/simbavegetables.nl\/pl\/#\/schema\/logo\/image\/\",\"url\":\"https:\/\/simbavegetables.nl\/wp-content\/uploads\/Simba_vegetables_druklogo_3.png\",\"contentUrl\":\"https:\/\/simbavegetables.nl\/wp-content\/uploads\/Simba_vegetables_druklogo_3.png\",\"width\":511,\"height\":151,\"caption\":\"Simba Vegetables\"},\"image\":{\"@id\":\"https:\/\/simbavegetables.nl\/pl\/#\/schema\/logo\/image\/\"},\"sameAs\":[\"https:\/\/www.facebook.com\/Simbavegetables\/?fref=ts\"]}]}<\/script>\n<!-- \/ Yoast SEO plugin. -->","yoast_head_json":{"title":"- simba vegetables bv","robots":{"index":"index","follow":"follow","max-snippet":"max-snippet:-1","max-image-preview":"max-image-preview:large","max-video-preview":"max-video-preview:-1"},"canonical":"https:\/\/simbavegetables.nl\/pl\/wiecej-informacji-o-simba\/","og_locale":"pl_PL","og_type":"article","og_title":"- simba vegetables bv","og_description":"\u00a0 Simba Simba Vegetables bv zosta\u0142a za\u0142o\u017cona w dniu 1 marca 2014 przez Maurice Ott. Znajdujemy si\u0119 w Wieringerwerf, oko\u0142o godziny jazdy samochodem od Amsterdamu. Simba i Knibbe znajduj\u0105 si\u0119 w tym samym miejscu. Produkty s\u0105 obs\u0142ugiwane za budynkiem biurowym, gdzie nasi kierowcy sk\u0142adaj\u0105 raport dotycz\u0105cy za\u0142adunku i roz\u0142adunku towaru. Realizuj\u0105c dzia\u0142ania w tym obszarze, [&hellip;]","og_url":"https:\/\/simbavegetables.nl\/pl\/wiecej-informacji-o-simba\/","og_site_name":"simba vegetables bv","article_publisher":"https:\/\/www.facebook.com\/Simbavegetables\/?fref=ts","article_modified_time":"2025-07-16T20:35:05+00:00","twitter_card":"summary_large_image","twitter_misc":{"Szacowany czas czytania":"2 minuty"},"schema":{"@context":"https:\/\/schema.org","@graph":[{"@type":"WebPage","@id":"https:\/\/simbavegetables.nl\/pl\/wiecej-informacji-o-simba\/","url":"https:\/\/simbavegetables.nl\/pl\/wiecej-informacji-o-simba\/","name":"- simba vegetables bv","isPartOf":{"@id":"https:\/\/simbavegetables.nl\/pl\/#website"},"datePublished":"2014-03-28T20:00:30+00:00","dateModified":"2025-07-16T20:35:05+00:00","inLanguage":"pl-PL","potentialAction":[{"@type":"ReadAction","target":["https:\/\/simbavegetables.nl\/pl\/wiecej-informacji-o-simba\/"]}]},{"@type":"WebSite","@id":"https:\/\/simbavegetables.nl\/pl\/#website","url":"https:\/\/simbavegetables.nl\/pl\/","name":"simba vegetables bv","description":"specialised in the purchase and sales of fresh vegetables from Holland","publisher":{"@id":"https:\/\/simbavegetables.nl\/pl\/#organization"},"potentialAction":[{"@type":"SearchAction","target":{"@type":"EntryPoint","urlTemplate":"https:\/\/simbavegetables.nl\/pl\/?s={search_term_string}"},"query-input":{"@type":"PropertyValueSpecification","valueRequired":true,"valueName":"search_term_string"}}],"inLanguage":"pl-PL"},{"@type":"Organization","@id":"https:\/\/simbavegetables.nl\/pl\/#organization","name":"Simba Vegetables","url":"https:\/\/simbavegetables.nl\/pl\/","logo":{"@type":"ImageObject","inLanguage":"pl-PL","@id":"https:\/\/simbavegetables.nl\/pl\/#\/schema\/logo\/image\/","url":"https:\/\/simbavegetables.nl\/wp-content\/uploads\/Simba_vegetables_druklogo_3.png","contentUrl":"https:\/\/simbavegetables.nl\/wp-content\/uploads\/Simba_vegetables_druklogo_3.png","width":511,"height":151,"caption":"Simba Vegetables"},"image":{"@id":"https:\/\/simbavegetables.nl\/pl\/#\/schema\/logo\/image\/"},"sameAs":["https:\/\/www.facebook.com\/Simbavegetables\/?fref=ts"]}]}},"_links":{"self":[{"href":"https:\/\/simbavegetables.nl\/pl\/wp-json\/wp\/v2\/pages\/601","targetHints":{"allow":["GET"]}}],"collection":[{"href":"https:\/\/simbavegetables.nl\/pl\/wp-json\/wp\/v2\/pages"}],"about":[{"href":"https:\/\/simbavegetables.nl\/pl\/wp-json\/wp\/v2\/types\/page"}],"author":[{"embeddable":true,"href":"https:\/\/simbavegetables.nl\/pl\/wp-json\/wp\/v2\/users\/1"}],"replies":[{"embeddable":true,"href":"https:\/\/simbavegetables.nl\/pl\/wp-json\/wp\/v2\/comments?post=601"}],"version-history":[{"count":14,"href":"https:\/\/simbavegetables.nl\/pl\/wp-json\/wp\/v2\/pages\/601\/revisions"}],"predecessor-version":[{"id":94282,"href":"https:\/\/simbavegetables.nl\/pl\/wp-json\/wp\/v2\/pages\/601\/revisions\/94282"}],"wp:attachment":[{"href":"https:\/\/simbavegetables.nl\/pl\/wp-json\/wp\/v2\/media?parent=601"}],"curies":[{"name":"wp","href":"https:\/\/api.w.org\/{rel}","templated":true}]}}