{"id":847,"date":"2014-03-31T14:18:04","date_gmt":"2014-03-31T14:18:04","guid":{"rendered":"http:\/\/simbavegetables.nl\/?page_id=847"},"modified":"2023-01-05T15:29:42","modified_gmt":"2023-01-05T15:29:42","slug":"cebula","status":"publish","type":"page","link":"https:\/\/simbavegetables.nl\/pl\/cebula\/","title":{"rendered":""},"content":{"rendered":"\n<div style=\"height:100px\" aria-hidden=\"true\" class=\"wp-block-spacer\"><\/div>\n\n\n<h1 class=\"wp-block wp-block-post-title block-editor-block-list__block editor-post-title editor-post-title__input rich-text\" role=\"textbox\" contenteditable=\"true\" aria-label=\"Add title\" aria-multiline=\"true\">Cebula<\/h1>\n<div class=\"symple-column symple-one-third symple-column-first  \"><img fetchpriority=\"high\" decoding=\"async\" class=\"alignnone size-full wp-image-111\" src=\"https:\/\/simbavegetables.nl\/wp-content\/uploads\/simba_product_foods_vegetables_onions_large.jpg\" alt=\"simba_product_foods_vegetables_onions_large\" width=\"303\" height=\"229\" srcset=\"https:\/\/simbavegetables.nl\/wp-content\/uploads\/simba_product_foods_vegetables_onions_large.jpg 303w, https:\/\/simbavegetables.nl\/wp-content\/uploads\/simba_product_foods_vegetables_onions_large-300x226.jpg 300w, https:\/\/simbavegetables.nl\/wp-content\/uploads\/simba_product_foods_vegetables_onions_large-150x113.jpg 150w\" sizes=\"(max-width: 303px) 100vw, 303px\" \/><\/div>Stawiamy wysokie normy jako\u015bci dla cebuli uprawianej, przetwarzanej, sprzedawanej i eksportowanej przez nas. Z tego powodu, pozostajemy w sta\u0142ym kontakcie z naszymi plantatorami, tak, \u017ce mo\u017cemy wsp\u00f3lnie i \u015bwiadomie podejmowa\u0107 decyzje dotycz\u0105ce sposobu uprawy. Simba Vegetables dostarcza przez ca\u0142y rok cebul\u0119 o r\u00f3\u017cnych rozmiarach. Ponadto, dostarczamy w prawie wszystkich rodzajach opakowa\u0144, zaczynaj\u0105c od 0,5 kg i ko\u0144cz\u0105c na 1000 kg, jak r\u00f3wnie\u017c i luzem. Mo\u017cesz mie\u0107 pewno\u015b\u0107, \u017ce otrzymasz tward\u0105 cebul\u0119 w odpowiednim kszta\u0142cie i kolorze, o pysznym smaku. Je\u015bli wolisz cebul\u0119 czerwon\u0105 lub szalotk\u0119, to i w tym przypadku znalaz\u0142e\u015b si\u0119 we w\u0142a\u015bciwym miejscu.<\/p>\n\n\n<div style=\"height:100px\" aria-hidden=\"true\" class=\"wp-block-spacer\"><\/div>\n","protected":false},"excerpt":{"rendered":"<p>Cebula Stawiamy wysokie normy jako\u015bci dla cebuli uprawianej, przetwarzanej, sprzedawanej i eksportowanej przez nas. Z tego powodu, pozostajemy w sta\u0142ym kontakcie z naszymi plantatorami, tak, \u017ce mo\u017cemy wsp\u00f3lnie i \u015bwiadomie podejmowa\u0107 decyzje dotycz\u0105ce sposobu uprawy. Simba Vegetables dostarcza przez ca\u0142y rok cebul\u0119 o r\u00f3\u017cnych rozmiarach. Ponadto, dostarczamy w prawie wszystkich rodzajach opakowa\u0144, zaczynaj\u0105c od 0,5 [&hellip;]<\/p>\n","protected":false},"author":1,"featured_media":0,"parent":0,"menu_order":0,"comment_status":"closed","ping_status":"closed","template":"","meta":{"footnotes":"","_links_to":"","_links_to_target":""},"class_list":["post-847","page","type-page","status-publish","hentry"],"yoast_head":"<!-- This site is optimized with the Yoast SEO plugin v24.9 - https:\/\/yoast.com\/wordpress\/plugins\/seo\/ -->\n<title>- simba vegetables bv<\/title>\n<meta name=\"robots\" content=\"index, follow, max-snippet:-1, max-image-preview:large, max-video-preview:-1\" \/>\n<link rel=\"canonical\" href=\"https:\/\/simbavegetables.nl\/pl\/cebula\/\" \/>\n<meta property=\"og:locale\" content=\"pl_PL\" \/>\n<meta property=\"og:type\" content=\"article\" \/>\n<meta property=\"og:title\" content=\"- simba vegetables bv\" \/>\n<meta property=\"og:description\" content=\"Cebula Stawiamy wysokie normy jako\u015bci dla cebuli uprawianej, przetwarzanej, sprzedawanej i eksportowanej przez nas. Z tego powodu, pozostajemy w sta\u0142ym kontakcie z naszymi plantatorami, tak, \u017ce mo\u017cemy wsp\u00f3lnie i \u015bwiadomie podejmowa\u0107 decyzje dotycz\u0105ce sposobu uprawy. Simba Vegetables dostarcza przez ca\u0142y rok cebul\u0119 o r\u00f3\u017cnych rozmiarach. Ponadto, dostarczamy w prawie wszystkich rodzajach opakowa\u0144, zaczynaj\u0105c od 0,5 [&hellip;]\" \/>\n<meta property=\"og:url\" content=\"https:\/\/simbavegetables.nl\/pl\/cebula\/\" \/>\n<meta property=\"og:site_name\" content=\"simba vegetables bv\" \/>\n<meta property=\"article:publisher\" content=\"https:\/\/www.facebook.com\/Simbavegetables\/?fref=ts\" \/>\n<meta property=\"article:modified_time\" content=\"2023-01-05T15:29:42+00:00\" \/>\n<meta property=\"og:image\" content=\"https:\/\/simbavegetables.nl\/wp-content\/uploads\/simba_product_foods_vegetables_onions_large.jpg\" \/>\n<meta name=\"twitter:card\" content=\"summary_large_image\" \/>\n<meta name=\"twitter:label1\" content=\"Szacowany czas czytania\" \/>\n\t<meta name=\"twitter:data1\" content=\"1 minuta\" \/>\n<script type=\"application\/ld+json\" class=\"yoast-schema-graph\">{\"@context\":\"https:\/\/schema.org\",\"@graph\":[{\"@type\":\"WebPage\",\"@id\":\"https:\/\/simbavegetables.nl\/pl\/cebula\/\",\"url\":\"https:\/\/simbavegetables.nl\/pl\/cebula\/\",\"name\":\"- simba vegetables bv\",\"isPartOf\":{\"@id\":\"https:\/\/simbavegetables.nl\/pl\/#website\"},\"primaryImageOfPage\":{\"@id\":\"https:\/\/simbavegetables.nl\/pl\/cebula\/#primaryimage\"},\"image\":{\"@id\":\"https:\/\/simbavegetables.nl\/pl\/cebula\/#primaryimage\"},\"thumbnailUrl\":\"https:\/\/simbavegetables.nl\/wp-content\/uploads\/simba_product_foods_vegetables_onions_large.jpg\",\"datePublished\":\"2014-03-31T14:18:04+00:00\",\"dateModified\":\"2023-01-05T15:29:42+00:00\",\"inLanguage\":\"pl-PL\",\"potentialAction\":[{\"@type\":\"ReadAction\",\"target\":[\"https:\/\/simbavegetables.nl\/pl\/cebula\/\"]}]},{\"@type\":\"ImageObject\",\"inLanguage\":\"pl-PL\",\"@id\":\"https:\/\/simbavegetables.nl\/pl\/cebula\/#primaryimage\",\"url\":\"https:\/\/simbavegetables.nl\/wp-content\/uploads\/simba_product_foods_vegetables_onions_large.jpg\",\"contentUrl\":\"https:\/\/simbavegetables.nl\/wp-content\/uploads\/simba_product_foods_vegetables_onions_large.jpg\"},{\"@type\":\"WebSite\",\"@id\":\"https:\/\/simbavegetables.nl\/pl\/#website\",\"url\":\"https:\/\/simbavegetables.nl\/pl\/\",\"name\":\"simba vegetables bv\",\"description\":\"specialised in the purchase and sales of fresh vegetables from Holland\",\"publisher\":{\"@id\":\"https:\/\/simbavegetables.nl\/pl\/#organization\"},\"potentialAction\":[{\"@type\":\"SearchAction\",\"target\":{\"@type\":\"EntryPoint\",\"urlTemplate\":\"https:\/\/simbavegetables.nl\/pl\/?s={search_term_string}\"},\"query-input\":{\"@type\":\"PropertyValueSpecification\",\"valueRequired\":true,\"valueName\":\"search_term_string\"}}],\"inLanguage\":\"pl-PL\"},{\"@type\":\"Organization\",\"@id\":\"https:\/\/simbavegetables.nl\/pl\/#organization\",\"name\":\"Simba Vegetables\",\"url\":\"https:\/\/simbavegetables.nl\/pl\/\",\"logo\":{\"@type\":\"ImageObject\",\"inLanguage\":\"pl-PL\",\"@id\":\"https:\/\/simbavegetables.nl\/pl\/#\/schema\/logo\/image\/\",\"url\":\"https:\/\/simbavegetables.nl\/wp-content\/uploads\/Simba_vegetables_druklogo_3.png\",\"contentUrl\":\"https:\/\/simbavegetables.nl\/wp-content\/uploads\/Simba_vegetables_druklogo_3.png\",\"width\":511,\"height\":151,\"caption\":\"Simba Vegetables\"},\"image\":{\"@id\":\"https:\/\/simbavegetables.nl\/pl\/#\/schema\/logo\/image\/\"},\"sameAs\":[\"https:\/\/www.facebook.com\/Simbavegetables\/?fref=ts\"]}]}<\/script>\n<!-- \/ Yoast SEO plugin. -->","yoast_head_json":{"title":"- simba vegetables bv","robots":{"index":"index","follow":"follow","max-snippet":"max-snippet:-1","max-image-preview":"max-image-preview:large","max-video-preview":"max-video-preview:-1"},"canonical":"https:\/\/simbavegetables.nl\/pl\/cebula\/","og_locale":"pl_PL","og_type":"article","og_title":"- simba vegetables bv","og_description":"Cebula Stawiamy wysokie normy jako\u015bci dla cebuli uprawianej, przetwarzanej, sprzedawanej i eksportowanej przez nas. Z tego powodu, pozostajemy w sta\u0142ym kontakcie z naszymi plantatorami, tak, \u017ce mo\u017cemy wsp\u00f3lnie i \u015bwiadomie podejmowa\u0107 decyzje dotycz\u0105ce sposobu uprawy. Simba Vegetables dostarcza przez ca\u0142y rok cebul\u0119 o r\u00f3\u017cnych rozmiarach. Ponadto, dostarczamy w prawie wszystkich rodzajach opakowa\u0144, zaczynaj\u0105c od 0,5 [&hellip;]","og_url":"https:\/\/simbavegetables.nl\/pl\/cebula\/","og_site_name":"simba vegetables bv","article_publisher":"https:\/\/www.facebook.com\/Simbavegetables\/?fref=ts","article_modified_time":"2023-01-05T15:29:42+00:00","og_image":[{"url":"https:\/\/simbavegetables.nl\/wp-content\/uploads\/simba_product_foods_vegetables_onions_large.jpg","type":"","width":"","height":""}],"twitter_card":"summary_large_image","twitter_misc":{"Szacowany czas czytania":"1 minuta"},"schema":{"@context":"https:\/\/schema.org","@graph":[{"@type":"WebPage","@id":"https:\/\/simbavegetables.nl\/pl\/cebula\/","url":"https:\/\/simbavegetables.nl\/pl\/cebula\/","name":"- simba vegetables bv","isPartOf":{"@id":"https:\/\/simbavegetables.nl\/pl\/#website"},"primaryImageOfPage":{"@id":"https:\/\/simbavegetables.nl\/pl\/cebula\/#primaryimage"},"image":{"@id":"https:\/\/simbavegetables.nl\/pl\/cebula\/#primaryimage"},"thumbnailUrl":"https:\/\/simbavegetables.nl\/wp-content\/uploads\/simba_product_foods_vegetables_onions_large.jpg","datePublished":"2014-03-31T14:18:04+00:00","dateModified":"2023-01-05T15:29:42+00:00","inLanguage":"pl-PL","potentialAction":[{"@type":"ReadAction","target":["https:\/\/simbavegetables.nl\/pl\/cebula\/"]}]},{"@type":"ImageObject","inLanguage":"pl-PL","@id":"https:\/\/simbavegetables.nl\/pl\/cebula\/#primaryimage","url":"https:\/\/simbavegetables.nl\/wp-content\/uploads\/simba_product_foods_vegetables_onions_large.jpg","contentUrl":"https:\/\/simbavegetables.nl\/wp-content\/uploads\/simba_product_foods_vegetables_onions_large.jpg"},{"@type":"WebSite","@id":"https:\/\/simbavegetables.nl\/pl\/#website","url":"https:\/\/simbavegetables.nl\/pl\/","name":"simba vegetables bv","description":"specialised in the purchase and sales of fresh vegetables from Holland","publisher":{"@id":"https:\/\/simbavegetables.nl\/pl\/#organization"},"potentialAction":[{"@type":"SearchAction","target":{"@type":"EntryPoint","urlTemplate":"https:\/\/simbavegetables.nl\/pl\/?s={search_term_string}"},"query-input":{"@type":"PropertyValueSpecification","valueRequired":true,"valueName":"search_term_string"}}],"inLanguage":"pl-PL"},{"@type":"Organization","@id":"https:\/\/simbavegetables.nl\/pl\/#organization","name":"Simba Vegetables","url":"https:\/\/simbavegetables.nl\/pl\/","logo":{"@type":"ImageObject","inLanguage":"pl-PL","@id":"https:\/\/simbavegetables.nl\/pl\/#\/schema\/logo\/image\/","url":"https:\/\/simbavegetables.nl\/wp-content\/uploads\/Simba_vegetables_druklogo_3.png","contentUrl":"https:\/\/simbavegetables.nl\/wp-content\/uploads\/Simba_vegetables_druklogo_3.png","width":511,"height":151,"caption":"Simba Vegetables"},"image":{"@id":"https:\/\/simbavegetables.nl\/pl\/#\/schema\/logo\/image\/"},"sameAs":["https:\/\/www.facebook.com\/Simbavegetables\/?fref=ts"]}]}},"_links":{"self":[{"href":"https:\/\/simbavegetables.nl\/pl\/wp-json\/wp\/v2\/pages\/847","targetHints":{"allow":["GET"]}}],"collection":[{"href":"https:\/\/simbavegetables.nl\/pl\/wp-json\/wp\/v2\/pages"}],"about":[{"href":"https:\/\/simbavegetables.nl\/pl\/wp-json\/wp\/v2\/types\/page"}],"author":[{"embeddable":true,"href":"https:\/\/simbavegetables.nl\/pl\/wp-json\/wp\/v2\/users\/1"}],"replies":[{"embeddable":true,"href":"https:\/\/simbavegetables.nl\/pl\/wp-json\/wp\/v2\/comments?post=847"}],"version-history":[{"count":4,"href":"https:\/\/simbavegetables.nl\/pl\/wp-json\/wp\/v2\/pages\/847\/revisions"}],"predecessor-version":[{"id":92927,"href":"https:\/\/simbavegetables.nl\/pl\/wp-json\/wp\/v2\/pages\/847\/revisions\/92927"}],"wp:attachment":[{"href":"https:\/\/simbavegetables.nl\/pl\/wp-json\/wp\/v2\/media?parent=847"}],"curies":[{"name":"wp","href":"https:\/\/api.w.org\/{rel}","templated":true}]}}