{"id":853,"date":"2014-03-31T14:21:41","date_gmt":"2014-03-31T14:21:41","guid":{"rendered":"http:\/\/simbavegetables.nl\/?page_id=853"},"modified":"2023-01-05T15:50:39","modified_gmt":"2023-01-05T15:50:39","slug":"marchew","status":"publish","type":"page","link":"https:\/\/simbavegetables.nl\/pl\/marchew\/","title":{"rendered":""},"content":{"rendered":"\n<div style=\"height:100px\" aria-hidden=\"true\" class=\"wp-block-spacer\"><\/div>\n\n\n<p><img fetchpriority=\"high\" decoding=\"async\" class=\"size-medium wp-image-1005 alignleft\" src=\"https:\/\/simbavegetables.nl\/wp-content\/uploads\/website-ready-2-300x227.jpg\" alt=\"Washed Carrots\" width=\"300\" height=\"227\" srcset=\"https:\/\/simbavegetables.nl\/wp-content\/uploads\/website-ready-2-300x227.jpg 300w, https:\/\/simbavegetables.nl\/wp-content\/uploads\/website-ready-2-150x113.jpg 150w, https:\/\/simbavegetables.nl\/wp-content\/uploads\/website-ready-2.jpg 303w\" sizes=\"(max-width: 300px) 100vw, 300px\" \/><\/p>\n<h1 class=\"wp-block wp-block-post-title block-editor-block-list__block editor-post-title editor-post-title__input rich-text\" role=\"textbox\" contenteditable=\"true\" aria-label=\"Add title\" aria-multiline=\"true\">Marchew<\/h1>\n<p>Potrzebujesz marchwi na gie\u0142d\u0119 warzyw lub do konsumpcji przemys\u0142owej? Twoje \u017cyczenie jest dla nas rozkazem. \u017byczysz sobie sortowan\u0105, myt\u0105 i pakowan\u0105? Mo\u017cemy i to zorganizowa\u0107 dla Ciebie z najwy\u017csz\u0105 staranno\u015bci\u0105. Aby jak najd\u0142u\u017cej utrzyma\u0107 \u015bwie\u017co\u015b\u0107 produkt\u00f3w, nie pakujemy ich do momentu otrzymania zam\u00f3wienia. Mo\u017cesz by\u0107 pewien, \u017ce otrzymasz produkty najwy\u017cszej jako\u015bci.<\/p>\n\n\n<div style=\"height:100px\" aria-hidden=\"true\" class=\"wp-block-spacer\"><\/div>\n","protected":false},"excerpt":{"rendered":"<p>Marchew Potrzebujesz marchwi na gie\u0142d\u0119 warzyw lub do konsumpcji przemys\u0142owej? Twoje \u017cyczenie jest dla nas rozkazem. \u017byczysz sobie sortowan\u0105, myt\u0105 i pakowan\u0105? Mo\u017cemy i to zorganizowa\u0107 dla Ciebie z najwy\u017csz\u0105 staranno\u015bci\u0105. Aby jak najd\u0142u\u017cej utrzyma\u0107 \u015bwie\u017co\u015b\u0107 produkt\u00f3w, nie pakujemy ich do momentu otrzymania zam\u00f3wienia. Mo\u017cesz by\u0107 pewien, \u017ce otrzymasz produkty najwy\u017cszej jako\u015bci.<\/p>\n","protected":false},"author":1,"featured_media":0,"parent":0,"menu_order":0,"comment_status":"closed","ping_status":"closed","template":"","meta":{"footnotes":"","_links_to":"","_links_to_target":""},"class_list":["post-853","page","type-page","status-publish","hentry"],"yoast_head":"<!-- This site is optimized with the Yoast SEO plugin v24.9 - https:\/\/yoast.com\/wordpress\/plugins\/seo\/ -->\n<title>Simba Vegetables eksportuje korzenie dla \u015bwie\u017cego rynku i przemys\u0142u<\/title>\n<meta name=\"description\" content=\"Potrzebujesz marchwi na gie\u0142d\u0119 warzyw lub do konsumpcji przemys\u0142owej? \u017byczysz sobie sortowan\u0105, myt\u0105 i pakowan\u0105? Mo\u017cemy i to zorganizowa\u0107 dla Ciebie z najwy\u017csz\u0105 staranno\u015bci\u0105.\" \/>\n<meta name=\"robots\" content=\"index, follow, max-snippet:-1, max-image-preview:large, max-video-preview:-1\" \/>\n<link rel=\"canonical\" href=\"https:\/\/simbavegetables.nl\/pl\/marchew\/\" \/>\n<meta property=\"og:locale\" content=\"pl_PL\" \/>\n<meta property=\"og:type\" content=\"article\" \/>\n<meta property=\"og:title\" content=\"Simba Vegetables eksportuje korzenie dla \u015bwie\u017cego rynku i przemys\u0142u\" \/>\n<meta property=\"og:description\" content=\"Potrzebujesz marchwi na gie\u0142d\u0119 warzyw lub do konsumpcji przemys\u0142owej? \u017byczysz sobie sortowan\u0105, myt\u0105 i pakowan\u0105? Mo\u017cemy i to zorganizowa\u0107 dla Ciebie z najwy\u017csz\u0105 staranno\u015bci\u0105.\" \/>\n<meta property=\"og:url\" content=\"https:\/\/simbavegetables.nl\/pl\/marchew\/\" \/>\n<meta property=\"og:site_name\" content=\"simba vegetables bv\" \/>\n<meta property=\"article:publisher\" content=\"https:\/\/www.facebook.com\/Simbavegetables\/?fref=ts\" \/>\n<meta property=\"article:modified_time\" content=\"2023-01-05T15:50:39+00:00\" \/>\n<meta property=\"og:image\" content=\"https:\/\/simbavegetables.nl\/wp-content\/uploads\/website-ready-2-300x227.jpg\" \/>\n<meta name=\"twitter:card\" content=\"summary_large_image\" \/>\n<meta name=\"twitter:label1\" content=\"Szacowany czas czytania\" \/>\n\t<meta name=\"twitter:data1\" content=\"1 minuta\" \/>\n<script type=\"application\/ld+json\" class=\"yoast-schema-graph\">{\"@context\":\"https:\/\/schema.org\",\"@graph\":[{\"@type\":\"WebPage\",\"@id\":\"https:\/\/simbavegetables.nl\/pl\/marchew\/\",\"url\":\"https:\/\/simbavegetables.nl\/pl\/marchew\/\",\"name\":\"Simba Vegetables eksportuje korzenie dla \u015bwie\u017cego rynku i przemys\u0142u\",\"isPartOf\":{\"@id\":\"https:\/\/simbavegetables.nl\/pl\/#website\"},\"primaryImageOfPage\":{\"@id\":\"https:\/\/simbavegetables.nl\/pl\/marchew\/#primaryimage\"},\"image\":{\"@id\":\"https:\/\/simbavegetables.nl\/pl\/marchew\/#primaryimage\"},\"thumbnailUrl\":\"https:\/\/simbavegetables.nl\/wp-content\/uploads\/website-ready-2-300x227.jpg\",\"datePublished\":\"2014-03-31T14:21:41+00:00\",\"dateModified\":\"2023-01-05T15:50:39+00:00\",\"description\":\"Potrzebujesz marchwi na gie\u0142d\u0119 warzyw lub do konsumpcji przemys\u0142owej? \u017byczysz sobie sortowan\u0105, myt\u0105 i pakowan\u0105? Mo\u017cemy i to zorganizowa\u0107 dla Ciebie z najwy\u017csz\u0105 staranno\u015bci\u0105.\",\"inLanguage\":\"pl-PL\",\"potentialAction\":[{\"@type\":\"ReadAction\",\"target\":[\"https:\/\/simbavegetables.nl\/pl\/marchew\/\"]}]},{\"@type\":\"ImageObject\",\"inLanguage\":\"pl-PL\",\"@id\":\"https:\/\/simbavegetables.nl\/pl\/marchew\/#primaryimage\",\"url\":\"https:\/\/simbavegetables.nl\/wp-content\/uploads\/website-ready-2-300x227.jpg\",\"contentUrl\":\"https:\/\/simbavegetables.nl\/wp-content\/uploads\/website-ready-2-300x227.jpg\"},{\"@type\":\"WebSite\",\"@id\":\"https:\/\/simbavegetables.nl\/pl\/#website\",\"url\":\"https:\/\/simbavegetables.nl\/pl\/\",\"name\":\"simba vegetables bv\",\"description\":\"specialised in the purchase and sales of fresh vegetables from Holland\",\"publisher\":{\"@id\":\"https:\/\/simbavegetables.nl\/pl\/#organization\"},\"potentialAction\":[{\"@type\":\"SearchAction\",\"target\":{\"@type\":\"EntryPoint\",\"urlTemplate\":\"https:\/\/simbavegetables.nl\/pl\/?s={search_term_string}\"},\"query-input\":{\"@type\":\"PropertyValueSpecification\",\"valueRequired\":true,\"valueName\":\"search_term_string\"}}],\"inLanguage\":\"pl-PL\"},{\"@type\":\"Organization\",\"@id\":\"https:\/\/simbavegetables.nl\/pl\/#organization\",\"name\":\"Simba Vegetables\",\"url\":\"https:\/\/simbavegetables.nl\/pl\/\",\"logo\":{\"@type\":\"ImageObject\",\"inLanguage\":\"pl-PL\",\"@id\":\"https:\/\/simbavegetables.nl\/pl\/#\/schema\/logo\/image\/\",\"url\":\"https:\/\/simbavegetables.nl\/wp-content\/uploads\/Simba_vegetables_druklogo_3.png\",\"contentUrl\":\"https:\/\/simbavegetables.nl\/wp-content\/uploads\/Simba_vegetables_druklogo_3.png\",\"width\":511,\"height\":151,\"caption\":\"Simba Vegetables\"},\"image\":{\"@id\":\"https:\/\/simbavegetables.nl\/pl\/#\/schema\/logo\/image\/\"},\"sameAs\":[\"https:\/\/www.facebook.com\/Simbavegetables\/?fref=ts\"]}]}<\/script>\n<!-- \/ Yoast SEO plugin. -->","yoast_head_json":{"title":"Simba Vegetables eksportuje korzenie dla \u015bwie\u017cego rynku i przemys\u0142u","description":"Potrzebujesz marchwi na gie\u0142d\u0119 warzyw lub do konsumpcji przemys\u0142owej? \u017byczysz sobie sortowan\u0105, myt\u0105 i pakowan\u0105? Mo\u017cemy i to zorganizowa\u0107 dla Ciebie z najwy\u017csz\u0105 staranno\u015bci\u0105.","robots":{"index":"index","follow":"follow","max-snippet":"max-snippet:-1","max-image-preview":"max-image-preview:large","max-video-preview":"max-video-preview:-1"},"canonical":"https:\/\/simbavegetables.nl\/pl\/marchew\/","og_locale":"pl_PL","og_type":"article","og_title":"Simba Vegetables eksportuje korzenie dla \u015bwie\u017cego rynku i przemys\u0142u","og_description":"Potrzebujesz marchwi na gie\u0142d\u0119 warzyw lub do konsumpcji przemys\u0142owej? \u017byczysz sobie sortowan\u0105, myt\u0105 i pakowan\u0105? Mo\u017cemy i to zorganizowa\u0107 dla Ciebie z najwy\u017csz\u0105 staranno\u015bci\u0105.","og_url":"https:\/\/simbavegetables.nl\/pl\/marchew\/","og_site_name":"simba vegetables bv","article_publisher":"https:\/\/www.facebook.com\/Simbavegetables\/?fref=ts","article_modified_time":"2023-01-05T15:50:39+00:00","og_image":[{"url":"https:\/\/simbavegetables.nl\/wp-content\/uploads\/website-ready-2-300x227.jpg","type":"","width":"","height":""}],"twitter_card":"summary_large_image","twitter_misc":{"Szacowany czas czytania":"1 minuta"},"schema":{"@context":"https:\/\/schema.org","@graph":[{"@type":"WebPage","@id":"https:\/\/simbavegetables.nl\/pl\/marchew\/","url":"https:\/\/simbavegetables.nl\/pl\/marchew\/","name":"Simba Vegetables eksportuje korzenie dla \u015bwie\u017cego rynku i przemys\u0142u","isPartOf":{"@id":"https:\/\/simbavegetables.nl\/pl\/#website"},"primaryImageOfPage":{"@id":"https:\/\/simbavegetables.nl\/pl\/marchew\/#primaryimage"},"image":{"@id":"https:\/\/simbavegetables.nl\/pl\/marchew\/#primaryimage"},"thumbnailUrl":"https:\/\/simbavegetables.nl\/wp-content\/uploads\/website-ready-2-300x227.jpg","datePublished":"2014-03-31T14:21:41+00:00","dateModified":"2023-01-05T15:50:39+00:00","description":"Potrzebujesz marchwi na gie\u0142d\u0119 warzyw lub do konsumpcji przemys\u0142owej? \u017byczysz sobie sortowan\u0105, myt\u0105 i pakowan\u0105? Mo\u017cemy i to zorganizowa\u0107 dla Ciebie z najwy\u017csz\u0105 staranno\u015bci\u0105.","inLanguage":"pl-PL","potentialAction":[{"@type":"ReadAction","target":["https:\/\/simbavegetables.nl\/pl\/marchew\/"]}]},{"@type":"ImageObject","inLanguage":"pl-PL","@id":"https:\/\/simbavegetables.nl\/pl\/marchew\/#primaryimage","url":"https:\/\/simbavegetables.nl\/wp-content\/uploads\/website-ready-2-300x227.jpg","contentUrl":"https:\/\/simbavegetables.nl\/wp-content\/uploads\/website-ready-2-300x227.jpg"},{"@type":"WebSite","@id":"https:\/\/simbavegetables.nl\/pl\/#website","url":"https:\/\/simbavegetables.nl\/pl\/","name":"simba vegetables bv","description":"specialised in the purchase and sales of fresh vegetables from Holland","publisher":{"@id":"https:\/\/simbavegetables.nl\/pl\/#organization"},"potentialAction":[{"@type":"SearchAction","target":{"@type":"EntryPoint","urlTemplate":"https:\/\/simbavegetables.nl\/pl\/?s={search_term_string}"},"query-input":{"@type":"PropertyValueSpecification","valueRequired":true,"valueName":"search_term_string"}}],"inLanguage":"pl-PL"},{"@type":"Organization","@id":"https:\/\/simbavegetables.nl\/pl\/#organization","name":"Simba Vegetables","url":"https:\/\/simbavegetables.nl\/pl\/","logo":{"@type":"ImageObject","inLanguage":"pl-PL","@id":"https:\/\/simbavegetables.nl\/pl\/#\/schema\/logo\/image\/","url":"https:\/\/simbavegetables.nl\/wp-content\/uploads\/Simba_vegetables_druklogo_3.png","contentUrl":"https:\/\/simbavegetables.nl\/wp-content\/uploads\/Simba_vegetables_druklogo_3.png","width":511,"height":151,"caption":"Simba Vegetables"},"image":{"@id":"https:\/\/simbavegetables.nl\/pl\/#\/schema\/logo\/image\/"},"sameAs":["https:\/\/www.facebook.com\/Simbavegetables\/?fref=ts"]}]}},"_links":{"self":[{"href":"https:\/\/simbavegetables.nl\/pl\/wp-json\/wp\/v2\/pages\/853","targetHints":{"allow":["GET"]}}],"collection":[{"href":"https:\/\/simbavegetables.nl\/pl\/wp-json\/wp\/v2\/pages"}],"about":[{"href":"https:\/\/simbavegetables.nl\/pl\/wp-json\/wp\/v2\/types\/page"}],"author":[{"embeddable":true,"href":"https:\/\/simbavegetables.nl\/pl\/wp-json\/wp\/v2\/users\/1"}],"replies":[{"embeddable":true,"href":"https:\/\/simbavegetables.nl\/pl\/wp-json\/wp\/v2\/comments?post=853"}],"version-history":[{"count":7,"href":"https:\/\/simbavegetables.nl\/pl\/wp-json\/wp\/v2\/pages\/853\/revisions"}],"predecessor-version":[{"id":92952,"href":"https:\/\/simbavegetables.nl\/pl\/wp-json\/wp\/v2\/pages\/853\/revisions\/92952"}],"wp:attachment":[{"href":"https:\/\/simbavegetables.nl\/pl\/wp-json\/wp\/v2\/media?parent=853"}],"curies":[{"name":"wp","href":"https:\/\/api.w.org\/{rel}","templated":true}]}}