{"id":855,"date":"2014-03-31T14:22:34","date_gmt":"2014-03-31T14:22:34","guid":{"rendered":"http:\/\/simbavegetables.nl\/?page_id=855"},"modified":"2023-01-05T15:55:46","modified_gmt":"2023-01-05T15:55:46","slug":"kalafiorbrokuly","status":"publish","type":"page","link":"https:\/\/simbavegetables.nl\/pl\/kalafiorbrokuly\/","title":{"rendered":""},"content":{"rendered":"\n<div style=\"height:100px\" aria-hidden=\"true\" class=\"wp-block-spacer\"><\/div>\n\n\n<h1 class=\"wp-block wp-block-post-title block-editor-block-list__block editor-post-title editor-post-title__input rich-text\" role=\"textbox\" contenteditable=\"true\" aria-label=\"Add title\" aria-multiline=\"true\">Kalafior\/Broku\u0142y<\/h1>\n<div class=\"symple-column symple-one-third symple-column-first  \"><img fetchpriority=\"high\" decoding=\"async\" class=\"alignnone size-full wp-image-117\" src=\"https:\/\/simbavegetables.nl\/wp-content\/uploads\/Simba_broccoli_coliflower.jpg\" alt=\"Simba_broccoli_coliflower\" width=\"303\" height=\"229\" srcset=\"https:\/\/simbavegetables.nl\/wp-content\/uploads\/Simba_broccoli_coliflower.jpg 303w, https:\/\/simbavegetables.nl\/wp-content\/uploads\/Simba_broccoli_coliflower-300x226.jpg 300w, https:\/\/simbavegetables.nl\/wp-content\/uploads\/Simba_broccoli_coliflower-150x113.jpg 150w\" sizes=\"(max-width: 303px) 100vw, 303px\" \/><\/div>Kalafior i broku\u0142y holenderskie dost\u0119pne s\u0105 od kwietnia do grudnia i mog\u0105 by\u0107 dostarczane w pude\u0142kach kartonowych lub opakowaniach styropianowych. Poniewa\u017c prowadzimy dzia\u0142alno\u015b\u0107 w centrum obszaru upraw kalafiora i broku\u0142\u00f3w, mo\u017cemy z uwag\u0105 \u015bledzi\u0107, aby te produkty spe\u0142nia\u0142y wasze wszystkie wymagania.<\/p>\n\n\n<div style=\"height:100px\" aria-hidden=\"true\" class=\"wp-block-spacer\"><\/div>\n","protected":false},"excerpt":{"rendered":"<p>Kalafior\/Broku\u0142y Kalafior i broku\u0142y holenderskie dost\u0119pne s\u0105 od kwietnia do grudnia i mog\u0105 by\u0107 dostarczane w pude\u0142kach kartonowych lub opakowaniach styropianowych. Poniewa\u017c prowadzimy dzia\u0142alno\u015b\u0107 w centrum obszaru upraw kalafiora i broku\u0142\u00f3w, mo\u017cemy z uwag\u0105 \u015bledzi\u0107, aby te produkty spe\u0142nia\u0142y wasze wszystkie wymagania.<\/p>\n","protected":false},"author":1,"featured_media":0,"parent":0,"menu_order":0,"comment_status":"closed","ping_status":"closed","template":"","meta":{"footnotes":"","_links_to":"","_links_to_target":""},"class_list":["post-855","page","type-page","status-publish","hentry"],"yoast_head":"<!-- This site is optimized with the Yoast SEO plugin v24.9 - https:\/\/yoast.com\/wordpress\/plugins\/seo\/ -->\n<title>- simba vegetables bv<\/title>\n<meta name=\"robots\" content=\"index, follow, max-snippet:-1, max-image-preview:large, max-video-preview:-1\" \/>\n<link rel=\"canonical\" href=\"https:\/\/simbavegetables.nl\/pl\/kalafiorbrokuly\/\" \/>\n<meta property=\"og:locale\" content=\"pl_PL\" \/>\n<meta property=\"og:type\" content=\"article\" \/>\n<meta property=\"og:title\" content=\"- simba vegetables bv\" \/>\n<meta property=\"og:description\" content=\"Kalafior\/Broku\u0142y Kalafior i broku\u0142y holenderskie dost\u0119pne s\u0105 od kwietnia do grudnia i mog\u0105 by\u0107 dostarczane w pude\u0142kach kartonowych lub opakowaniach styropianowych. Poniewa\u017c prowadzimy dzia\u0142alno\u015b\u0107 w centrum obszaru upraw kalafiora i broku\u0142\u00f3w, mo\u017cemy z uwag\u0105 \u015bledzi\u0107, aby te produkty spe\u0142nia\u0142y wasze wszystkie wymagania.\" \/>\n<meta property=\"og:url\" content=\"https:\/\/simbavegetables.nl\/pl\/kalafiorbrokuly\/\" \/>\n<meta property=\"og:site_name\" content=\"simba vegetables bv\" \/>\n<meta property=\"article:publisher\" content=\"https:\/\/www.facebook.com\/Simbavegetables\/?fref=ts\" \/>\n<meta property=\"article:modified_time\" content=\"2023-01-05T15:55:46+00:00\" \/>\n<meta property=\"og:image\" content=\"https:\/\/simbavegetables.nl\/wp-content\/uploads\/Simba_broccoli_coliflower.jpg\" \/>\n<meta name=\"twitter:card\" content=\"summary_large_image\" \/>\n<meta name=\"twitter:label1\" content=\"Szacowany czas czytania\" \/>\n\t<meta name=\"twitter:data1\" content=\"1 minuta\" \/>\n<script type=\"application\/ld+json\" class=\"yoast-schema-graph\">{\"@context\":\"https:\/\/schema.org\",\"@graph\":[{\"@type\":\"WebPage\",\"@id\":\"https:\/\/simbavegetables.nl\/pl\/kalafiorbrokuly\/\",\"url\":\"https:\/\/simbavegetables.nl\/pl\/kalafiorbrokuly\/\",\"name\":\"- simba vegetables bv\",\"isPartOf\":{\"@id\":\"https:\/\/simbavegetables.nl\/pl\/#website\"},\"primaryImageOfPage\":{\"@id\":\"https:\/\/simbavegetables.nl\/pl\/kalafiorbrokuly\/#primaryimage\"},\"image\":{\"@id\":\"https:\/\/simbavegetables.nl\/pl\/kalafiorbrokuly\/#primaryimage\"},\"thumbnailUrl\":\"https:\/\/simbavegetables.nl\/wp-content\/uploads\/Simba_broccoli_coliflower.jpg\",\"datePublished\":\"2014-03-31T14:22:34+00:00\",\"dateModified\":\"2023-01-05T15:55:46+00:00\",\"inLanguage\":\"pl-PL\",\"potentialAction\":[{\"@type\":\"ReadAction\",\"target\":[\"https:\/\/simbavegetables.nl\/pl\/kalafiorbrokuly\/\"]}]},{\"@type\":\"ImageObject\",\"inLanguage\":\"pl-PL\",\"@id\":\"https:\/\/simbavegetables.nl\/pl\/kalafiorbrokuly\/#primaryimage\",\"url\":\"https:\/\/simbavegetables.nl\/wp-content\/uploads\/Simba_broccoli_coliflower.jpg\",\"contentUrl\":\"https:\/\/simbavegetables.nl\/wp-content\/uploads\/Simba_broccoli_coliflower.jpg\"},{\"@type\":\"WebSite\",\"@id\":\"https:\/\/simbavegetables.nl\/pl\/#website\",\"url\":\"https:\/\/simbavegetables.nl\/pl\/\",\"name\":\"simba vegetables bv\",\"description\":\"specialised in the purchase and sales of fresh vegetables from Holland\",\"publisher\":{\"@id\":\"https:\/\/simbavegetables.nl\/pl\/#organization\"},\"potentialAction\":[{\"@type\":\"SearchAction\",\"target\":{\"@type\":\"EntryPoint\",\"urlTemplate\":\"https:\/\/simbavegetables.nl\/pl\/?s={search_term_string}\"},\"query-input\":{\"@type\":\"PropertyValueSpecification\",\"valueRequired\":true,\"valueName\":\"search_term_string\"}}],\"inLanguage\":\"pl-PL\"},{\"@type\":\"Organization\",\"@id\":\"https:\/\/simbavegetables.nl\/pl\/#organization\",\"name\":\"Simba Vegetables\",\"url\":\"https:\/\/simbavegetables.nl\/pl\/\",\"logo\":{\"@type\":\"ImageObject\",\"inLanguage\":\"pl-PL\",\"@id\":\"https:\/\/simbavegetables.nl\/pl\/#\/schema\/logo\/image\/\",\"url\":\"https:\/\/simbavegetables.nl\/wp-content\/uploads\/Simba_vegetables_druklogo_3.png\",\"contentUrl\":\"https:\/\/simbavegetables.nl\/wp-content\/uploads\/Simba_vegetables_druklogo_3.png\",\"width\":511,\"height\":151,\"caption\":\"Simba Vegetables\"},\"image\":{\"@id\":\"https:\/\/simbavegetables.nl\/pl\/#\/schema\/logo\/image\/\"},\"sameAs\":[\"https:\/\/www.facebook.com\/Simbavegetables\/?fref=ts\"]}]}<\/script>\n<!-- \/ Yoast SEO plugin. -->","yoast_head_json":{"title":"- simba vegetables bv","robots":{"index":"index","follow":"follow","max-snippet":"max-snippet:-1","max-image-preview":"max-image-preview:large","max-video-preview":"max-video-preview:-1"},"canonical":"https:\/\/simbavegetables.nl\/pl\/kalafiorbrokuly\/","og_locale":"pl_PL","og_type":"article","og_title":"- simba vegetables bv","og_description":"Kalafior\/Broku\u0142y Kalafior i broku\u0142y holenderskie dost\u0119pne s\u0105 od kwietnia do grudnia i mog\u0105 by\u0107 dostarczane w pude\u0142kach kartonowych lub opakowaniach styropianowych. Poniewa\u017c prowadzimy dzia\u0142alno\u015b\u0107 w centrum obszaru upraw kalafiora i broku\u0142\u00f3w, mo\u017cemy z uwag\u0105 \u015bledzi\u0107, aby te produkty spe\u0142nia\u0142y wasze wszystkie wymagania.","og_url":"https:\/\/simbavegetables.nl\/pl\/kalafiorbrokuly\/","og_site_name":"simba vegetables bv","article_publisher":"https:\/\/www.facebook.com\/Simbavegetables\/?fref=ts","article_modified_time":"2023-01-05T15:55:46+00:00","og_image":[{"url":"https:\/\/simbavegetables.nl\/wp-content\/uploads\/Simba_broccoli_coliflower.jpg","type":"","width":"","height":""}],"twitter_card":"summary_large_image","twitter_misc":{"Szacowany czas czytania":"1 minuta"},"schema":{"@context":"https:\/\/schema.org","@graph":[{"@type":"WebPage","@id":"https:\/\/simbavegetables.nl\/pl\/kalafiorbrokuly\/","url":"https:\/\/simbavegetables.nl\/pl\/kalafiorbrokuly\/","name":"- simba vegetables bv","isPartOf":{"@id":"https:\/\/simbavegetables.nl\/pl\/#website"},"primaryImageOfPage":{"@id":"https:\/\/simbavegetables.nl\/pl\/kalafiorbrokuly\/#primaryimage"},"image":{"@id":"https:\/\/simbavegetables.nl\/pl\/kalafiorbrokuly\/#primaryimage"},"thumbnailUrl":"https:\/\/simbavegetables.nl\/wp-content\/uploads\/Simba_broccoli_coliflower.jpg","datePublished":"2014-03-31T14:22:34+00:00","dateModified":"2023-01-05T15:55:46+00:00","inLanguage":"pl-PL","potentialAction":[{"@type":"ReadAction","target":["https:\/\/simbavegetables.nl\/pl\/kalafiorbrokuly\/"]}]},{"@type":"ImageObject","inLanguage":"pl-PL","@id":"https:\/\/simbavegetables.nl\/pl\/kalafiorbrokuly\/#primaryimage","url":"https:\/\/simbavegetables.nl\/wp-content\/uploads\/Simba_broccoli_coliflower.jpg","contentUrl":"https:\/\/simbavegetables.nl\/wp-content\/uploads\/Simba_broccoli_coliflower.jpg"},{"@type":"WebSite","@id":"https:\/\/simbavegetables.nl\/pl\/#website","url":"https:\/\/simbavegetables.nl\/pl\/","name":"simba vegetables bv","description":"specialised in the purchase and sales of fresh vegetables from Holland","publisher":{"@id":"https:\/\/simbavegetables.nl\/pl\/#organization"},"potentialAction":[{"@type":"SearchAction","target":{"@type":"EntryPoint","urlTemplate":"https:\/\/simbavegetables.nl\/pl\/?s={search_term_string}"},"query-input":{"@type":"PropertyValueSpecification","valueRequired":true,"valueName":"search_term_string"}}],"inLanguage":"pl-PL"},{"@type":"Organization","@id":"https:\/\/simbavegetables.nl\/pl\/#organization","name":"Simba Vegetables","url":"https:\/\/simbavegetables.nl\/pl\/","logo":{"@type":"ImageObject","inLanguage":"pl-PL","@id":"https:\/\/simbavegetables.nl\/pl\/#\/schema\/logo\/image\/","url":"https:\/\/simbavegetables.nl\/wp-content\/uploads\/Simba_vegetables_druklogo_3.png","contentUrl":"https:\/\/simbavegetables.nl\/wp-content\/uploads\/Simba_vegetables_druklogo_3.png","width":511,"height":151,"caption":"Simba Vegetables"},"image":{"@id":"https:\/\/simbavegetables.nl\/pl\/#\/schema\/logo\/image\/"},"sameAs":["https:\/\/www.facebook.com\/Simbavegetables\/?fref=ts"]}]}},"_links":{"self":[{"href":"https:\/\/simbavegetables.nl\/pl\/wp-json\/wp\/v2\/pages\/855","targetHints":{"allow":["GET"]}}],"collection":[{"href":"https:\/\/simbavegetables.nl\/pl\/wp-json\/wp\/v2\/pages"}],"about":[{"href":"https:\/\/simbavegetables.nl\/pl\/wp-json\/wp\/v2\/types\/page"}],"author":[{"embeddable":true,"href":"https:\/\/simbavegetables.nl\/pl\/wp-json\/wp\/v2\/users\/1"}],"replies":[{"embeddable":true,"href":"https:\/\/simbavegetables.nl\/pl\/wp-json\/wp\/v2\/comments?post=855"}],"version-history":[{"count":4,"href":"https:\/\/simbavegetables.nl\/pl\/wp-json\/wp\/v2\/pages\/855\/revisions"}],"predecessor-version":[{"id":92961,"href":"https:\/\/simbavegetables.nl\/pl\/wp-json\/wp\/v2\/pages\/855\/revisions\/92961"}],"wp:attachment":[{"href":"https:\/\/simbavegetables.nl\/pl\/wp-json\/wp\/v2\/media?parent=855"}],"curies":[{"name":"wp","href":"https:\/\/api.w.org\/{rel}","templated":true}]}}