{"id":594,"date":"2014-03-28T19:36:14","date_gmt":"2014-03-28T19:36:14","guid":{"rendered":"http:\/\/simbavegetables.nl\/?page_id=594"},"modified":"2024-06-17T12:38:58","modified_gmt":"2024-06-17T12:38:58","slug":"mai-multe-informatii-despre-simba","status":"publish","type":"page","link":"https:\/\/simbavegetables.nl\/ro\/mai-multe-informatii-despre-simba\/","title":{"rendered":""},"content":{"rendered":"\t\t<div data-elementor-type=\"wp-page\" data-elementor-id=\"594\" class=\"elementor elementor-594 elementor-5\" data-elementor-post-type=\"page\">\n\t\t\t\t\t\t<section class=\"elementor-section elementor-top-section elementor-element elementor-element-fa3241a elementor-section-boxed elementor-section-height-default elementor-section-height-default\" data-id=\"fa3241a\" data-element_type=\"section\">\n\t\t\t\t\t\t<div class=\"elementor-container elementor-column-gap-default\">\n\t\t\t\t\t<div class=\"elementor-column elementor-col-100 elementor-top-column elementor-element elementor-element-4934202d\" data-id=\"4934202d\" data-element_type=\"column\">\n\t\t\t<div class=\"elementor-widget-wrap elementor-element-populated\">\n\t\t\t\t\t\t<div class=\"elementor-element elementor-element-45138428 elementor-widget elementor-widget-text-editor\" data-id=\"45138428\" data-element_type=\"widget\" data-widget_type=\"text-editor.default\">\n\t\t\t\t<div class=\"elementor-widget-container\">\n\t\t\t\t\t\t\t\t\t<div class=\"wp-block-spacer\" style=\"height: 100px;\" aria-hidden=\"true\">\u00a0<\/div><h1 class=\"wp-block wp-block-post-title block-editor-block-list__block editor-post-title editor-post-title__input rich-text\" role=\"textbox\" contenteditable=\"true\" aria-label=\"Add title\" aria-multiline=\"true\">Simba<\/h1><p><span style=\"font-size: 17px;\">Simba Vegetables bv a fost \u00eenfiin\u0163at\u0103 \u00een 1 martie 2014 de c\u0103tre Maurice Ott. Ne afl\u0103m \u00een Wieringerwerf, care se afl\u0103 la aproximativ o or\u0103 de Amsterdam cu ma\u0219ina. Simba \u0219i Knibbe sunt situate \u00een aceea\u0219i loca\u021bie. <\/span><span style=\"font-size: 17px;\">Produsele sunt manipulate \u00een spatele cl\u0103dirii de birouri, unde \u015foferii no\u015ftri prezint\u0103 raportul referitor la \u00eenc\u0103rcarea \u015fi desc\u0103rcarea m\u0103rfii. Realiz\u00e2nd opera\u0163iunile \u00een aceast\u0103 zon\u0103, unde ne afl\u0103m \u00een mijlocul culturilor de cartofi, ceap\u0103, varz\u0103, morcovi, conopid\u0103 \u015fi broccoli, putem s\u0103 urm\u0103rim \u00eendeaproape procesul de cultivare \u015fi prelucrare a produselor noastre.<br \/><\/span><\/p><p style=\"text-align: center;\"><span style=\"color: #91c11f; font-size: 28px;\">ALEGE\u0162I SIMBA!<\/span><\/p><ul><li><span style=\"line-height: 1.5em;\"><span style=\"line-height: 1.5em;\">Cultiv\u0103m, sort\u0103m, ambal\u0103m \u015fi vindem produsele din cultura proprie, precum \u015fi ale altor \u00eentreprinderi care se ocup\u0103 de cultivarea, sortarea \u015fi ambalarea legumelor. To\u0163i produc\u0103torii care \u00eencheie afaceri cu Simba respect\u0103 standardele organismului de certificare\u00a0<\/span><\/span><a style=\"line-height: 1.5em;\" title=\"Certificering\" href=\"https:\/\/simbavegetables.nl\/certificering\/\">Global-GAP<\/a><span style=\"line-height: 1.5em;\">.<\/span><\/li><li>Livr\u0103m produsele \u00een toate dimensiunile \u015fi ambalajele.<\/li><li>Avem o experien\u0163\u0103 de mul\u0163i ani \u00een sensul transportului c\u0103tre mai multe \u0163\u0103ri din \u00eentreaga lume.<\/li><li>Dac\u0103 este cazul, ne putem ocupa de \u00eentreaga procedur\u0103 referitoare la documenta\u0163ie \u015fi transport pentru dvs.<\/li><li><span style=\"line-height: 1.5em;\">Avem un sistem de operare modern,\u00a0<\/span><a style=\"line-height: 1.5em;\" href=\"http:\/\/www.jem-id.nl\" target=\"_blank\" rel=\"noopener\">Green Commerce<\/a><span style=\"line-height: 1.5em;\"><span style=\"line-height: 1.5em;\"><span style=\"line-height: 1.5em;\">\u00a0<\/span><\/span><\/span>dezvoltat pentru domeniul agriculturii.<\/li><li>Am pus la punct un sistem s\u0103n\u0103tos de creditare \u00een cadrul societ\u0103\u0163ii noastre, prin care furnizorii \u015fi transportatorii pot solicita credite de la Simba Vegetables pentru asigurarea lor de credite.<\/li><li>Livr\u0103m produsele conform termenilor \u015fi condi\u0163iilor noastre.<\/li><li>Colabor\u0103m cu societatea britanic\u0103\u00a0<a style=\"line-height: 1.5em;\" href=\"http:\/\/www.naylorfarms.co.uk\" target=\"_blank\" rel=\"noopener\">Naylor Farms<\/a><span style=\"line-height: 1.5em;\">\u00a0\u00een domeniul comer\u0163ului cu varz\u0103, \u015fi suntem \u00eenregistra\u0163i pe\u00a0<\/span><a style=\"line-height: 1.5em;\" title=\"Home\" href=\"https:\/\/simbavegetables.nl\/\">www.cabbageking.nl<\/a>.<span style=\"line-height: 1.5em;\"><br \/><\/span><\/li><li>Suntem aten\u0163i la proces \u00een ansamblul s\u0103u. V\u0103 pute\u0163i baza pe noi \u00een sensul cunoa\u015fterii produselor, precum \u015fi \u00een privin\u0163a calit\u0103\u0163ii produselor \u015fi ambalajelor. Scopul nostru este atingerea obiectivelor \u00een propor\u0163ie de 100%. Evident, ne respect\u0103m angajamentele.<br \/>De aceea, sloganul nostru este: <span style=\"font-size: 17px;\">&#8222;Attention to Detail&#8221; !<\/span><\/li><\/ul><div class=\"wp-block-spacer\" style=\"height: 100px;\" aria-hidden=\"true\">\u00a0<\/div>\t\t\t\t\t\t\t\t<\/div>\n\t\t\t\t<\/div>\n\t\t\t\t\t<\/div>\n\t\t<\/div>\n\t\t\t\t\t<\/div>\n\t\t<\/section>\n\t\t\t\t<\/div>\n\t\t","protected":false},"excerpt":{"rendered":"<p>\u00a0 Simba Simba Vegetables bv a fost \u00eenfiin\u0163at\u0103 \u00een 1 martie 2014 de c\u0103tre Maurice Ott. Ne afl\u0103m \u00een Wieringerwerf, care se afl\u0103 la aproximativ o or\u0103 de Amsterdam cu ma\u0219ina. Simba \u0219i Knibbe sunt situate \u00een aceea\u0219i loca\u021bie. Produsele sunt manipulate \u00een spatele cl\u0103dirii de birouri, unde \u015foferii no\u015ftri prezint\u0103 raportul referitor la \u00eenc\u0103rcarea [&hellip;]<\/p>\n","protected":false},"author":1,"featured_media":0,"parent":0,"menu_order":0,"comment_status":"closed","ping_status":"closed","template":"","meta":{"footnotes":"","_links_to":"","_links_to_target":""},"class_list":["post-594","page","type-page","status-publish","hentry"],"yoast_head":"<!-- This site is optimized with the Yoast SEO plugin v24.9 - https:\/\/yoast.com\/wordpress\/plugins\/seo\/ -->\n<title>- simba vegetables bv<\/title>\n<meta name=\"robots\" content=\"index, follow, max-snippet:-1, max-image-preview:large, max-video-preview:-1\" \/>\n<link rel=\"canonical\" href=\"https:\/\/simbavegetables.nl\/ro\/mai-multe-informatii-despre-simba\/\" \/>\n<meta property=\"og:locale\" content=\"ro_RO\" \/>\n<meta property=\"og:type\" content=\"article\" \/>\n<meta property=\"og:title\" content=\"- simba vegetables bv\" \/>\n<meta property=\"og:description\" content=\"\u00a0 Simba Simba Vegetables bv a fost \u00eenfiin\u0163at\u0103 \u00een 1 martie 2014 de c\u0103tre Maurice Ott. Ne afl\u0103m \u00een Wieringerwerf, care se afl\u0103 la aproximativ o or\u0103 de Amsterdam cu ma\u0219ina. Simba \u0219i Knibbe sunt situate \u00een aceea\u0219i loca\u021bie. Produsele sunt manipulate \u00een spatele cl\u0103dirii de birouri, unde \u015foferii no\u015ftri prezint\u0103 raportul referitor la \u00eenc\u0103rcarea [&hellip;]\" \/>\n<meta property=\"og:url\" content=\"https:\/\/simbavegetables.nl\/ro\/mai-multe-informatii-despre-simba\/\" \/>\n<meta property=\"og:site_name\" content=\"simba vegetables bv\" \/>\n<meta property=\"article:publisher\" content=\"https:\/\/www.facebook.com\/Simbavegetables\/?fref=ts\" \/>\n<meta property=\"article:modified_time\" content=\"2024-06-17T12:38:58+00:00\" \/>\n<meta name=\"twitter:card\" content=\"summary_large_image\" \/>\n<meta name=\"twitter:label1\" content=\"Timp estimat pentru citire\" \/>\n\t<meta name=\"twitter:data1\" content=\"2 minute\" \/>\n<script type=\"application\/ld+json\" class=\"yoast-schema-graph\">{\"@context\":\"https:\/\/schema.org\",\"@graph\":[{\"@type\":\"WebPage\",\"@id\":\"https:\/\/simbavegetables.nl\/ro\/mai-multe-informatii-despre-simba\/\",\"url\":\"https:\/\/simbavegetables.nl\/ro\/mai-multe-informatii-despre-simba\/\",\"name\":\"- simba vegetables bv\",\"isPartOf\":{\"@id\":\"https:\/\/simbavegetables.nl\/ro\/#website\"},\"datePublished\":\"2014-03-28T19:36:14+00:00\",\"dateModified\":\"2024-06-17T12:38:58+00:00\",\"inLanguage\":\"ro-RO\",\"potentialAction\":[{\"@type\":\"ReadAction\",\"target\":[\"https:\/\/simbavegetables.nl\/ro\/mai-multe-informatii-despre-simba\/\"]}]},{\"@type\":\"WebSite\",\"@id\":\"https:\/\/simbavegetables.nl\/ro\/#website\",\"url\":\"https:\/\/simbavegetables.nl\/ro\/\",\"name\":\"simba vegetables bv\",\"description\":\"specialised in the purchase and sales of fresh vegetables from Holland\",\"publisher\":{\"@id\":\"https:\/\/simbavegetables.nl\/ro\/#organization\"},\"potentialAction\":[{\"@type\":\"SearchAction\",\"target\":{\"@type\":\"EntryPoint\",\"urlTemplate\":\"https:\/\/simbavegetables.nl\/ro\/?s={search_term_string}\"},\"query-input\":{\"@type\":\"PropertyValueSpecification\",\"valueRequired\":true,\"valueName\":\"search_term_string\"}}],\"inLanguage\":\"ro-RO\"},{\"@type\":\"Organization\",\"@id\":\"https:\/\/simbavegetables.nl\/ro\/#organization\",\"name\":\"Simba Vegetables\",\"url\":\"https:\/\/simbavegetables.nl\/ro\/\",\"logo\":{\"@type\":\"ImageObject\",\"inLanguage\":\"ro-RO\",\"@id\":\"https:\/\/simbavegetables.nl\/ro\/#\/schema\/logo\/image\/\",\"url\":\"https:\/\/simbavegetables.nl\/wp-content\/uploads\/Simba_vegetables_druklogo_3.png\",\"contentUrl\":\"https:\/\/simbavegetables.nl\/wp-content\/uploads\/Simba_vegetables_druklogo_3.png\",\"width\":511,\"height\":151,\"caption\":\"Simba Vegetables\"},\"image\":{\"@id\":\"https:\/\/simbavegetables.nl\/ro\/#\/schema\/logo\/image\/\"},\"sameAs\":[\"https:\/\/www.facebook.com\/Simbavegetables\/?fref=ts\"]}]}<\/script>\n<!-- \/ Yoast SEO plugin. -->","yoast_head_json":{"title":"- simba vegetables bv","robots":{"index":"index","follow":"follow","max-snippet":"max-snippet:-1","max-image-preview":"max-image-preview:large","max-video-preview":"max-video-preview:-1"},"canonical":"https:\/\/simbavegetables.nl\/ro\/mai-multe-informatii-despre-simba\/","og_locale":"ro_RO","og_type":"article","og_title":"- simba vegetables bv","og_description":"\u00a0 Simba Simba Vegetables bv a fost \u00eenfiin\u0163at\u0103 \u00een 1 martie 2014 de c\u0103tre Maurice Ott. Ne afl\u0103m \u00een Wieringerwerf, care se afl\u0103 la aproximativ o or\u0103 de Amsterdam cu ma\u0219ina. Simba \u0219i Knibbe sunt situate \u00een aceea\u0219i loca\u021bie. Produsele sunt manipulate \u00een spatele cl\u0103dirii de birouri, unde \u015foferii no\u015ftri prezint\u0103 raportul referitor la \u00eenc\u0103rcarea [&hellip;]","og_url":"https:\/\/simbavegetables.nl\/ro\/mai-multe-informatii-despre-simba\/","og_site_name":"simba vegetables bv","article_publisher":"https:\/\/www.facebook.com\/Simbavegetables\/?fref=ts","article_modified_time":"2024-06-17T12:38:58+00:00","twitter_card":"summary_large_image","twitter_misc":{"Timp estimat pentru citire":"2 minute"},"schema":{"@context":"https:\/\/schema.org","@graph":[{"@type":"WebPage","@id":"https:\/\/simbavegetables.nl\/ro\/mai-multe-informatii-despre-simba\/","url":"https:\/\/simbavegetables.nl\/ro\/mai-multe-informatii-despre-simba\/","name":"- simba vegetables bv","isPartOf":{"@id":"https:\/\/simbavegetables.nl\/ro\/#website"},"datePublished":"2014-03-28T19:36:14+00:00","dateModified":"2024-06-17T12:38:58+00:00","inLanguage":"ro-RO","potentialAction":[{"@type":"ReadAction","target":["https:\/\/simbavegetables.nl\/ro\/mai-multe-informatii-despre-simba\/"]}]},{"@type":"WebSite","@id":"https:\/\/simbavegetables.nl\/ro\/#website","url":"https:\/\/simbavegetables.nl\/ro\/","name":"simba vegetables bv","description":"specialised in the purchase and sales of fresh vegetables from Holland","publisher":{"@id":"https:\/\/simbavegetables.nl\/ro\/#organization"},"potentialAction":[{"@type":"SearchAction","target":{"@type":"EntryPoint","urlTemplate":"https:\/\/simbavegetables.nl\/ro\/?s={search_term_string}"},"query-input":{"@type":"PropertyValueSpecification","valueRequired":true,"valueName":"search_term_string"}}],"inLanguage":"ro-RO"},{"@type":"Organization","@id":"https:\/\/simbavegetables.nl\/ro\/#organization","name":"Simba Vegetables","url":"https:\/\/simbavegetables.nl\/ro\/","logo":{"@type":"ImageObject","inLanguage":"ro-RO","@id":"https:\/\/simbavegetables.nl\/ro\/#\/schema\/logo\/image\/","url":"https:\/\/simbavegetables.nl\/wp-content\/uploads\/Simba_vegetables_druklogo_3.png","contentUrl":"https:\/\/simbavegetables.nl\/wp-content\/uploads\/Simba_vegetables_druklogo_3.png","width":511,"height":151,"caption":"Simba Vegetables"},"image":{"@id":"https:\/\/simbavegetables.nl\/ro\/#\/schema\/logo\/image\/"},"sameAs":["https:\/\/www.facebook.com\/Simbavegetables\/?fref=ts"]}]}},"_links":{"self":[{"href":"https:\/\/simbavegetables.nl\/ro\/wp-json\/wp\/v2\/pages\/594","targetHints":{"allow":["GET"]}}],"collection":[{"href":"https:\/\/simbavegetables.nl\/ro\/wp-json\/wp\/v2\/pages"}],"about":[{"href":"https:\/\/simbavegetables.nl\/ro\/wp-json\/wp\/v2\/types\/page"}],"author":[{"embeddable":true,"href":"https:\/\/simbavegetables.nl\/ro\/wp-json\/wp\/v2\/users\/1"}],"replies":[{"embeddable":true,"href":"https:\/\/simbavegetables.nl\/ro\/wp-json\/wp\/v2\/comments?post=594"}],"version-history":[{"count":12,"href":"https:\/\/simbavegetables.nl\/ro\/wp-json\/wp\/v2\/pages\/594\/revisions"}],"predecessor-version":[{"id":93755,"href":"https:\/\/simbavegetables.nl\/ro\/wp-json\/wp\/v2\/pages\/594\/revisions\/93755"}],"wp:attachment":[{"href":"https:\/\/simbavegetables.nl\/ro\/wp-json\/wp\/v2\/media?parent=594"}],"curies":[{"name":"wp","href":"https:\/\/api.w.org\/{rel}","templated":true}]}}