{"id":861,"date":"2014-03-31T14:24:37","date_gmt":"2014-03-31T14:24:37","guid":{"rendered":"http:\/\/simbavegetables.nl\/?page_id=861"},"modified":"2023-01-05T15:37:48","modified_gmt":"2023-01-05T15:37:48","slug":"cartofi","status":"publish","type":"page","link":"https:\/\/simbavegetables.nl\/ro\/cartofi\/","title":{"rendered":""},"content":{"rendered":"\n<div style=\"height:100px\" aria-hidden=\"true\" class=\"wp-block-spacer\"><\/div>\n\n\n<p><img fetchpriority=\"high\" decoding=\"async\" class=\"size-medium wp-image-1009 alignleft\" src=\"https:\/\/simbavegetables.nl\/wp-content\/uploads\/website-ready1-300x227.jpg\" alt=\"Washed potatoes\" width=\"300\" height=\"227\" srcset=\"https:\/\/simbavegetables.nl\/wp-content\/uploads\/website-ready1-300x227.jpg 300w, https:\/\/simbavegetables.nl\/wp-content\/uploads\/website-ready1-150x113.jpg 150w, https:\/\/simbavegetables.nl\/wp-content\/uploads\/website-ready1.jpg 303w\" sizes=\"(max-width: 300px) 100vw, 300px\" \/><\/p>\n<h1 class=\"wp-block wp-block-post-title block-editor-block-list__block editor-post-title editor-post-title__input rich-text\" role=\"textbox\" contenteditable=\"true\" aria-label=\"Add title\" aria-multiline=\"true\">Cartofi<\/h1>\n<p>Simba Vegetables livreaz\u0103 cartofi de mas\u0103 ro\u015fii \u015fi albi f\u0103r\u0103 coaj\u0103, \u00een orice ambalaj, calitate \u015fi dimensiune se dore\u015fte. Ca \u015fi \u00een cazul tuturor produselor noastre, aplic\u0103m urm\u0103torul principiu: facem tot ce ne st\u0103 \u00een putin\u0163\u0103 pentru a v\u0103 pune la dispozi\u0163ie cel mai bun produs.<\/p>\n\n\n<div style=\"height:100px\" aria-hidden=\"true\" class=\"wp-block-spacer\"><\/div>\n","protected":false},"excerpt":{"rendered":"<p>Cartofi Simba Vegetables livreaz\u0103 cartofi de mas\u0103 ro\u015fii \u015fi albi f\u0103r\u0103 coaj\u0103, \u00een orice ambalaj, calitate \u015fi dimensiune se dore\u015fte. Ca \u015fi \u00een cazul tuturor produselor noastre, aplic\u0103m urm\u0103torul principiu: facem tot ce ne st\u0103 \u00een putin\u0163\u0103 pentru a v\u0103 pune la dispozi\u0163ie cel mai bun produs.<\/p>\n","protected":false},"author":1,"featured_media":0,"parent":0,"menu_order":0,"comment_status":"closed","ping_status":"closed","template":"","meta":{"footnotes":"","_links_to":"","_links_to_target":""},"class_list":["post-861","page","type-page","status-publish","hentry"],"yoast_head":"<!-- This site is optimized with the Yoast SEO plugin v24.9 - https:\/\/yoast.com\/wordpress\/plugins\/seo\/ -->\n<title>- simba vegetables bv<\/title>\n<meta name=\"description\" content=\"Simba Vegetables livreaz\u0103 cartofi de mas\u0103 ro\u015fii \u015fi albi f\u0103r\u0103 coaj\u0103, \u00een orice ambalaj, calitate \u015fi dimensiune se dore\u015fte.\" \/>\n<meta name=\"robots\" content=\"index, follow, max-snippet:-1, max-image-preview:large, max-video-preview:-1\" \/>\n<link rel=\"canonical\" href=\"https:\/\/simbavegetables.nl\/ro\/cartofi\/\" \/>\n<meta property=\"og:locale\" content=\"ro_RO\" \/>\n<meta property=\"og:type\" content=\"article\" \/>\n<meta property=\"og:title\" content=\"- simba vegetables bv\" \/>\n<meta property=\"og:description\" content=\"Simba Vegetables livreaz\u0103 cartofi de mas\u0103 ro\u015fii \u015fi albi f\u0103r\u0103 coaj\u0103, \u00een orice ambalaj, calitate \u015fi dimensiune se dore\u015fte.\" \/>\n<meta property=\"og:url\" content=\"https:\/\/simbavegetables.nl\/ro\/cartofi\/\" \/>\n<meta property=\"og:site_name\" content=\"simba vegetables bv\" \/>\n<meta property=\"article:publisher\" content=\"https:\/\/www.facebook.com\/Simbavegetables\/?fref=ts\" \/>\n<meta property=\"article:modified_time\" content=\"2023-01-05T15:37:48+00:00\" \/>\n<meta property=\"og:image\" content=\"https:\/\/simbavegetables.nl\/wp-content\/uploads\/website-ready1-300x227.jpg\" \/>\n<meta name=\"twitter:card\" content=\"summary_large_image\" \/>\n<meta name=\"twitter:label1\" content=\"Timp estimat pentru citire\" \/>\n\t<meta name=\"twitter:data1\" content=\"1 minut\" \/>\n<script type=\"application\/ld+json\" class=\"yoast-schema-graph\">{\"@context\":\"https:\/\/schema.org\",\"@graph\":[{\"@type\":\"WebPage\",\"@id\":\"https:\/\/simbavegetables.nl\/ro\/cartofi\/\",\"url\":\"https:\/\/simbavegetables.nl\/ro\/cartofi\/\",\"name\":\"- simba vegetables bv\",\"isPartOf\":{\"@id\":\"https:\/\/simbavegetables.nl\/ro\/#website\"},\"primaryImageOfPage\":{\"@id\":\"https:\/\/simbavegetables.nl\/ro\/cartofi\/#primaryimage\"},\"image\":{\"@id\":\"https:\/\/simbavegetables.nl\/ro\/cartofi\/#primaryimage\"},\"thumbnailUrl\":\"https:\/\/simbavegetables.nl\/wp-content\/uploads\/website-ready1-300x227.jpg\",\"datePublished\":\"2014-03-31T14:24:37+00:00\",\"dateModified\":\"2023-01-05T15:37:48+00:00\",\"description\":\"Simba Vegetables livreaz\u0103 cartofi de mas\u0103 ro\u015fii \u015fi albi f\u0103r\u0103 coaj\u0103, \u00een orice ambalaj, calitate \u015fi dimensiune se dore\u015fte.\",\"inLanguage\":\"ro-RO\",\"potentialAction\":[{\"@type\":\"ReadAction\",\"target\":[\"https:\/\/simbavegetables.nl\/ro\/cartofi\/\"]}]},{\"@type\":\"ImageObject\",\"inLanguage\":\"ro-RO\",\"@id\":\"https:\/\/simbavegetables.nl\/ro\/cartofi\/#primaryimage\",\"url\":\"https:\/\/simbavegetables.nl\/wp-content\/uploads\/website-ready1-300x227.jpg\",\"contentUrl\":\"https:\/\/simbavegetables.nl\/wp-content\/uploads\/website-ready1-300x227.jpg\"},{\"@type\":\"WebSite\",\"@id\":\"https:\/\/simbavegetables.nl\/ro\/#website\",\"url\":\"https:\/\/simbavegetables.nl\/ro\/\",\"name\":\"simba vegetables bv\",\"description\":\"specialised in the purchase and sales of fresh vegetables from Holland\",\"publisher\":{\"@id\":\"https:\/\/simbavegetables.nl\/ro\/#organization\"},\"potentialAction\":[{\"@type\":\"SearchAction\",\"target\":{\"@type\":\"EntryPoint\",\"urlTemplate\":\"https:\/\/simbavegetables.nl\/ro\/?s={search_term_string}\"},\"query-input\":{\"@type\":\"PropertyValueSpecification\",\"valueRequired\":true,\"valueName\":\"search_term_string\"}}],\"inLanguage\":\"ro-RO\"},{\"@type\":\"Organization\",\"@id\":\"https:\/\/simbavegetables.nl\/ro\/#organization\",\"name\":\"Simba Vegetables\",\"url\":\"https:\/\/simbavegetables.nl\/ro\/\",\"logo\":{\"@type\":\"ImageObject\",\"inLanguage\":\"ro-RO\",\"@id\":\"https:\/\/simbavegetables.nl\/ro\/#\/schema\/logo\/image\/\",\"url\":\"https:\/\/simbavegetables.nl\/wp-content\/uploads\/Simba_vegetables_druklogo_3.png\",\"contentUrl\":\"https:\/\/simbavegetables.nl\/wp-content\/uploads\/Simba_vegetables_druklogo_3.png\",\"width\":511,\"height\":151,\"caption\":\"Simba Vegetables\"},\"image\":{\"@id\":\"https:\/\/simbavegetables.nl\/ro\/#\/schema\/logo\/image\/\"},\"sameAs\":[\"https:\/\/www.facebook.com\/Simbavegetables\/?fref=ts\"]}]}<\/script>\n<!-- \/ Yoast SEO plugin. -->","yoast_head_json":{"title":"- simba vegetables bv","description":"Simba Vegetables livreaz\u0103 cartofi de mas\u0103 ro\u015fii \u015fi albi f\u0103r\u0103 coaj\u0103, \u00een orice ambalaj, calitate \u015fi dimensiune se dore\u015fte.","robots":{"index":"index","follow":"follow","max-snippet":"max-snippet:-1","max-image-preview":"max-image-preview:large","max-video-preview":"max-video-preview:-1"},"canonical":"https:\/\/simbavegetables.nl\/ro\/cartofi\/","og_locale":"ro_RO","og_type":"article","og_title":"- simba vegetables bv","og_description":"Simba Vegetables livreaz\u0103 cartofi de mas\u0103 ro\u015fii \u015fi albi f\u0103r\u0103 coaj\u0103, \u00een orice ambalaj, calitate \u015fi dimensiune se dore\u015fte.","og_url":"https:\/\/simbavegetables.nl\/ro\/cartofi\/","og_site_name":"simba vegetables bv","article_publisher":"https:\/\/www.facebook.com\/Simbavegetables\/?fref=ts","article_modified_time":"2023-01-05T15:37:48+00:00","og_image":[{"url":"https:\/\/simbavegetables.nl\/wp-content\/uploads\/website-ready1-300x227.jpg","type":"","width":"","height":""}],"twitter_card":"summary_large_image","twitter_misc":{"Timp estimat pentru citire":"1 minut"},"schema":{"@context":"https:\/\/schema.org","@graph":[{"@type":"WebPage","@id":"https:\/\/simbavegetables.nl\/ro\/cartofi\/","url":"https:\/\/simbavegetables.nl\/ro\/cartofi\/","name":"- simba vegetables bv","isPartOf":{"@id":"https:\/\/simbavegetables.nl\/ro\/#website"},"primaryImageOfPage":{"@id":"https:\/\/simbavegetables.nl\/ro\/cartofi\/#primaryimage"},"image":{"@id":"https:\/\/simbavegetables.nl\/ro\/cartofi\/#primaryimage"},"thumbnailUrl":"https:\/\/simbavegetables.nl\/wp-content\/uploads\/website-ready1-300x227.jpg","datePublished":"2014-03-31T14:24:37+00:00","dateModified":"2023-01-05T15:37:48+00:00","description":"Simba Vegetables livreaz\u0103 cartofi de mas\u0103 ro\u015fii \u015fi albi f\u0103r\u0103 coaj\u0103, \u00een orice ambalaj, calitate \u015fi dimensiune se dore\u015fte.","inLanguage":"ro-RO","potentialAction":[{"@type":"ReadAction","target":["https:\/\/simbavegetables.nl\/ro\/cartofi\/"]}]},{"@type":"ImageObject","inLanguage":"ro-RO","@id":"https:\/\/simbavegetables.nl\/ro\/cartofi\/#primaryimage","url":"https:\/\/simbavegetables.nl\/wp-content\/uploads\/website-ready1-300x227.jpg","contentUrl":"https:\/\/simbavegetables.nl\/wp-content\/uploads\/website-ready1-300x227.jpg"},{"@type":"WebSite","@id":"https:\/\/simbavegetables.nl\/ro\/#website","url":"https:\/\/simbavegetables.nl\/ro\/","name":"simba vegetables bv","description":"specialised in the purchase and sales of fresh vegetables from Holland","publisher":{"@id":"https:\/\/simbavegetables.nl\/ro\/#organization"},"potentialAction":[{"@type":"SearchAction","target":{"@type":"EntryPoint","urlTemplate":"https:\/\/simbavegetables.nl\/ro\/?s={search_term_string}"},"query-input":{"@type":"PropertyValueSpecification","valueRequired":true,"valueName":"search_term_string"}}],"inLanguage":"ro-RO"},{"@type":"Organization","@id":"https:\/\/simbavegetables.nl\/ro\/#organization","name":"Simba Vegetables","url":"https:\/\/simbavegetables.nl\/ro\/","logo":{"@type":"ImageObject","inLanguage":"ro-RO","@id":"https:\/\/simbavegetables.nl\/ro\/#\/schema\/logo\/image\/","url":"https:\/\/simbavegetables.nl\/wp-content\/uploads\/Simba_vegetables_druklogo_3.png","contentUrl":"https:\/\/simbavegetables.nl\/wp-content\/uploads\/Simba_vegetables_druklogo_3.png","width":511,"height":151,"caption":"Simba Vegetables"},"image":{"@id":"https:\/\/simbavegetables.nl\/ro\/#\/schema\/logo\/image\/"},"sameAs":["https:\/\/www.facebook.com\/Simbavegetables\/?fref=ts"]}]}},"_links":{"self":[{"href":"https:\/\/simbavegetables.nl\/ro\/wp-json\/wp\/v2\/pages\/861","targetHints":{"allow":["GET"]}}],"collection":[{"href":"https:\/\/simbavegetables.nl\/ro\/wp-json\/wp\/v2\/pages"}],"about":[{"href":"https:\/\/simbavegetables.nl\/ro\/wp-json\/wp\/v2\/types\/page"}],"author":[{"embeddable":true,"href":"https:\/\/simbavegetables.nl\/ro\/wp-json\/wp\/v2\/users\/1"}],"replies":[{"embeddable":true,"href":"https:\/\/simbavegetables.nl\/ro\/wp-json\/wp\/v2\/comments?post=861"}],"version-history":[{"count":5,"href":"https:\/\/simbavegetables.nl\/ro\/wp-json\/wp\/v2\/pages\/861\/revisions"}],"predecessor-version":[{"id":92936,"href":"https:\/\/simbavegetables.nl\/ro\/wp-json\/wp\/v2\/pages\/861\/revisions\/92936"}],"wp:attachment":[{"href":"https:\/\/simbavegetables.nl\/ro\/wp-json\/wp\/v2\/media?parent=861"}],"curies":[{"name":"wp","href":"https:\/\/api.w.org\/{rel}","templated":true}]}}