{"id":863,"date":"2014-03-31T14:36:31","date_gmt":"2014-03-31T14:36:31","guid":{"rendered":"http:\/\/simbavegetables.nl\/?page_id=863"},"modified":"2023-01-05T15:46:03","modified_gmt":"2023-01-05T15:46:03","slug":"varza","status":"publish","type":"page","link":"https:\/\/simbavegetables.nl\/ro\/varza\/","title":{"rendered":""},"content":{"rendered":"\n<div style=\"height:100px\" aria-hidden=\"true\" class=\"wp-block-spacer\"><\/div>\n\n\n<h1 class=\"wp-block wp-block-post-title block-editor-block-list__block editor-post-title editor-post-title__input rich-text\" role=\"textbox\" contenteditable=\"true\" aria-label=\"Add title\" aria-multiline=\"true\">Varz\u0103<\/h1>\n<div class=\"symple-column symple-one-third symple-column-first  \"><img fetchpriority=\"high\" decoding=\"async\" class=\"alignnone size-full wp-image-253\" src=\"https:\/\/simbavegetables.nl\/wp-content\/uploads\/Simba_white-cabbage_2.jpg\" alt=\"Simba_white-cabbage_2\" width=\"303\" height=\"229\" srcset=\"https:\/\/simbavegetables.nl\/wp-content\/uploads\/Simba_white-cabbage_2.jpg 303w, https:\/\/simbavegetables.nl\/wp-content\/uploads\/Simba_white-cabbage_2-300x226.jpg 300w, https:\/\/simbavegetables.nl\/wp-content\/uploads\/Simba_white-cabbage_2-150x113.jpg 150w\" sizes=\"(max-width: 303px) 100vw, 303px\" \/><\/div>Varza este depozitat\u0103 \u00een Olanda pe parcursul \u00eentregului an \u015fi poate fi livrat\u0103 \u00een orice dimensiune \u015fi m\u0103rime a ambalajului. Simba Vegetables lucreaz\u0103 direct cu produc\u0103torii.<\/p>\n\n\n<div style=\"height:100px\" aria-hidden=\"true\" class=\"wp-block-spacer\"><\/div>\n","protected":false},"excerpt":{"rendered":"<p>Varz\u0103 Varza este depozitat\u0103 \u00een Olanda pe parcursul \u00eentregului an \u015fi poate fi livrat\u0103 \u00een orice dimensiune \u015fi m\u0103rime a ambalajului. Simba Vegetables lucreaz\u0103 direct cu produc\u0103torii.<\/p>\n","protected":false},"author":1,"featured_media":0,"parent":0,"menu_order":0,"comment_status":"closed","ping_status":"closed","template":"","meta":{"footnotes":"","_links_to":"","_links_to_target":""},"class_list":["post-863","page","type-page","status-publish","hentry"],"yoast_head":"<!-- This site is optimized with the Yoast SEO plugin v24.9 - https:\/\/yoast.com\/wordpress\/plugins\/seo\/ -->\n<title>- simba vegetables bv<\/title>\n<meta name=\"robots\" content=\"index, follow, max-snippet:-1, max-image-preview:large, max-video-preview:-1\" \/>\n<link rel=\"canonical\" href=\"https:\/\/simbavegetables.nl\/ro\/varza\/\" \/>\n<meta property=\"og:locale\" content=\"ro_RO\" \/>\n<meta property=\"og:type\" content=\"article\" \/>\n<meta property=\"og:title\" content=\"- simba vegetables bv\" \/>\n<meta property=\"og:description\" content=\"Varz\u0103 Varza este depozitat\u0103 \u00een Olanda pe parcursul \u00eentregului an \u015fi poate fi livrat\u0103 \u00een orice dimensiune \u015fi m\u0103rime a ambalajului. Simba Vegetables lucreaz\u0103 direct cu produc\u0103torii.\" \/>\n<meta property=\"og:url\" content=\"https:\/\/simbavegetables.nl\/ro\/varza\/\" \/>\n<meta property=\"og:site_name\" content=\"simba vegetables bv\" \/>\n<meta property=\"article:publisher\" content=\"https:\/\/www.facebook.com\/Simbavegetables\/?fref=ts\" \/>\n<meta property=\"article:modified_time\" content=\"2023-01-05T15:46:03+00:00\" \/>\n<meta property=\"og:image\" content=\"https:\/\/simbavegetables.nl\/wp-content\/uploads\/Simba_white-cabbage_2.jpg\" \/>\n<meta name=\"twitter:card\" content=\"summary_large_image\" \/>\n<meta name=\"twitter:label1\" content=\"Timp estimat pentru citire\" \/>\n\t<meta name=\"twitter:data1\" content=\"1 minut\" \/>\n<script type=\"application\/ld+json\" class=\"yoast-schema-graph\">{\"@context\":\"https:\/\/schema.org\",\"@graph\":[{\"@type\":\"WebPage\",\"@id\":\"https:\/\/simbavegetables.nl\/ro\/varza\/\",\"url\":\"https:\/\/simbavegetables.nl\/ro\/varza\/\",\"name\":\"- simba vegetables bv\",\"isPartOf\":{\"@id\":\"https:\/\/simbavegetables.nl\/ro\/#website\"},\"primaryImageOfPage\":{\"@id\":\"https:\/\/simbavegetables.nl\/ro\/varza\/#primaryimage\"},\"image\":{\"@id\":\"https:\/\/simbavegetables.nl\/ro\/varza\/#primaryimage\"},\"thumbnailUrl\":\"https:\/\/simbavegetables.nl\/wp-content\/uploads\/Simba_white-cabbage_2.jpg\",\"datePublished\":\"2014-03-31T14:36:31+00:00\",\"dateModified\":\"2023-01-05T15:46:03+00:00\",\"inLanguage\":\"ro-RO\",\"potentialAction\":[{\"@type\":\"ReadAction\",\"target\":[\"https:\/\/simbavegetables.nl\/ro\/varza\/\"]}]},{\"@type\":\"ImageObject\",\"inLanguage\":\"ro-RO\",\"@id\":\"https:\/\/simbavegetables.nl\/ro\/varza\/#primaryimage\",\"url\":\"https:\/\/simbavegetables.nl\/wp-content\/uploads\/Simba_white-cabbage_2.jpg\",\"contentUrl\":\"https:\/\/simbavegetables.nl\/wp-content\/uploads\/Simba_white-cabbage_2.jpg\"},{\"@type\":\"WebSite\",\"@id\":\"https:\/\/simbavegetables.nl\/ro\/#website\",\"url\":\"https:\/\/simbavegetables.nl\/ro\/\",\"name\":\"simba vegetables bv\",\"description\":\"specialised in the purchase and sales of fresh vegetables from Holland\",\"publisher\":{\"@id\":\"https:\/\/simbavegetables.nl\/ro\/#organization\"},\"potentialAction\":[{\"@type\":\"SearchAction\",\"target\":{\"@type\":\"EntryPoint\",\"urlTemplate\":\"https:\/\/simbavegetables.nl\/ro\/?s={search_term_string}\"},\"query-input\":{\"@type\":\"PropertyValueSpecification\",\"valueRequired\":true,\"valueName\":\"search_term_string\"}}],\"inLanguage\":\"ro-RO\"},{\"@type\":\"Organization\",\"@id\":\"https:\/\/simbavegetables.nl\/ro\/#organization\",\"name\":\"Simba Vegetables\",\"url\":\"https:\/\/simbavegetables.nl\/ro\/\",\"logo\":{\"@type\":\"ImageObject\",\"inLanguage\":\"ro-RO\",\"@id\":\"https:\/\/simbavegetables.nl\/ro\/#\/schema\/logo\/image\/\",\"url\":\"https:\/\/simbavegetables.nl\/wp-content\/uploads\/Simba_vegetables_druklogo_3.png\",\"contentUrl\":\"https:\/\/simbavegetables.nl\/wp-content\/uploads\/Simba_vegetables_druklogo_3.png\",\"width\":511,\"height\":151,\"caption\":\"Simba Vegetables\"},\"image\":{\"@id\":\"https:\/\/simbavegetables.nl\/ro\/#\/schema\/logo\/image\/\"},\"sameAs\":[\"https:\/\/www.facebook.com\/Simbavegetables\/?fref=ts\"]}]}<\/script>\n<!-- \/ Yoast SEO plugin. -->","yoast_head_json":{"title":"- simba vegetables bv","robots":{"index":"index","follow":"follow","max-snippet":"max-snippet:-1","max-image-preview":"max-image-preview:large","max-video-preview":"max-video-preview:-1"},"canonical":"https:\/\/simbavegetables.nl\/ro\/varza\/","og_locale":"ro_RO","og_type":"article","og_title":"- simba vegetables bv","og_description":"Varz\u0103 Varza este depozitat\u0103 \u00een Olanda pe parcursul \u00eentregului an \u015fi poate fi livrat\u0103 \u00een orice dimensiune \u015fi m\u0103rime a ambalajului. Simba Vegetables lucreaz\u0103 direct cu produc\u0103torii.","og_url":"https:\/\/simbavegetables.nl\/ro\/varza\/","og_site_name":"simba vegetables bv","article_publisher":"https:\/\/www.facebook.com\/Simbavegetables\/?fref=ts","article_modified_time":"2023-01-05T15:46:03+00:00","og_image":[{"url":"https:\/\/simbavegetables.nl\/wp-content\/uploads\/Simba_white-cabbage_2.jpg","type":"","width":"","height":""}],"twitter_card":"summary_large_image","twitter_misc":{"Timp estimat pentru citire":"1 minut"},"schema":{"@context":"https:\/\/schema.org","@graph":[{"@type":"WebPage","@id":"https:\/\/simbavegetables.nl\/ro\/varza\/","url":"https:\/\/simbavegetables.nl\/ro\/varza\/","name":"- simba vegetables bv","isPartOf":{"@id":"https:\/\/simbavegetables.nl\/ro\/#website"},"primaryImageOfPage":{"@id":"https:\/\/simbavegetables.nl\/ro\/varza\/#primaryimage"},"image":{"@id":"https:\/\/simbavegetables.nl\/ro\/varza\/#primaryimage"},"thumbnailUrl":"https:\/\/simbavegetables.nl\/wp-content\/uploads\/Simba_white-cabbage_2.jpg","datePublished":"2014-03-31T14:36:31+00:00","dateModified":"2023-01-05T15:46:03+00:00","inLanguage":"ro-RO","potentialAction":[{"@type":"ReadAction","target":["https:\/\/simbavegetables.nl\/ro\/varza\/"]}]},{"@type":"ImageObject","inLanguage":"ro-RO","@id":"https:\/\/simbavegetables.nl\/ro\/varza\/#primaryimage","url":"https:\/\/simbavegetables.nl\/wp-content\/uploads\/Simba_white-cabbage_2.jpg","contentUrl":"https:\/\/simbavegetables.nl\/wp-content\/uploads\/Simba_white-cabbage_2.jpg"},{"@type":"WebSite","@id":"https:\/\/simbavegetables.nl\/ro\/#website","url":"https:\/\/simbavegetables.nl\/ro\/","name":"simba vegetables bv","description":"specialised in the purchase and sales of fresh vegetables from Holland","publisher":{"@id":"https:\/\/simbavegetables.nl\/ro\/#organization"},"potentialAction":[{"@type":"SearchAction","target":{"@type":"EntryPoint","urlTemplate":"https:\/\/simbavegetables.nl\/ro\/?s={search_term_string}"},"query-input":{"@type":"PropertyValueSpecification","valueRequired":true,"valueName":"search_term_string"}}],"inLanguage":"ro-RO"},{"@type":"Organization","@id":"https:\/\/simbavegetables.nl\/ro\/#organization","name":"Simba Vegetables","url":"https:\/\/simbavegetables.nl\/ro\/","logo":{"@type":"ImageObject","inLanguage":"ro-RO","@id":"https:\/\/simbavegetables.nl\/ro\/#\/schema\/logo\/image\/","url":"https:\/\/simbavegetables.nl\/wp-content\/uploads\/Simba_vegetables_druklogo_3.png","contentUrl":"https:\/\/simbavegetables.nl\/wp-content\/uploads\/Simba_vegetables_druklogo_3.png","width":511,"height":151,"caption":"Simba Vegetables"},"image":{"@id":"https:\/\/simbavegetables.nl\/ro\/#\/schema\/logo\/image\/"},"sameAs":["https:\/\/www.facebook.com\/Simbavegetables\/?fref=ts"]}]}},"_links":{"self":[{"href":"https:\/\/simbavegetables.nl\/ro\/wp-json\/wp\/v2\/pages\/863","targetHints":{"allow":["GET"]}}],"collection":[{"href":"https:\/\/simbavegetables.nl\/ro\/wp-json\/wp\/v2\/pages"}],"about":[{"href":"https:\/\/simbavegetables.nl\/ro\/wp-json\/wp\/v2\/types\/page"}],"author":[{"embeddable":true,"href":"https:\/\/simbavegetables.nl\/ro\/wp-json\/wp\/v2\/users\/1"}],"replies":[{"embeddable":true,"href":"https:\/\/simbavegetables.nl\/ro\/wp-json\/wp\/v2\/comments?post=863"}],"version-history":[{"count":5,"href":"https:\/\/simbavegetables.nl\/ro\/wp-json\/wp\/v2\/pages\/863\/revisions"}],"predecessor-version":[{"id":92945,"href":"https:\/\/simbavegetables.nl\/ro\/wp-json\/wp\/v2\/pages\/863\/revisions\/92945"}],"wp:attachment":[{"href":"https:\/\/simbavegetables.nl\/ro\/wp-json\/wp\/v2\/media?parent=863"}],"curies":[{"name":"wp","href":"https:\/\/api.w.org\/{rel}","templated":true}]}}