{"id":868,"date":"2014-03-31T15:37:18","date_gmt":"2014-03-31T15:37:18","guid":{"rendered":"http:\/\/simbavegetables.nl\/?page_id=868"},"modified":"2023-01-05T15:51:24","modified_gmt":"2023-01-05T15:51:24","slug":"morcovi","status":"publish","type":"page","link":"https:\/\/simbavegetables.nl\/ro\/morcovi\/","title":{"rendered":""},"content":{"rendered":"\n<div style=\"height:100px\" aria-hidden=\"true\" class=\"wp-block-spacer\"><\/div>\n\n\n<p><img fetchpriority=\"high\" decoding=\"async\" class=\"size-medium wp-image-1005 alignleft\" src=\"https:\/\/simbavegetables.nl\/wp-content\/uploads\/website-ready-2-300x227.jpg\" alt=\"Washed Carrots\" width=\"300\" height=\"227\" srcset=\"https:\/\/simbavegetables.nl\/wp-content\/uploads\/website-ready-2-300x227.jpg 300w, https:\/\/simbavegetables.nl\/wp-content\/uploads\/website-ready-2-150x113.jpg 150w, https:\/\/simbavegetables.nl\/wp-content\/uploads\/website-ready-2.jpg 303w\" sizes=\"(max-width: 300px) 100vw, 300px\" \/><\/p>\n<h1 class=\"wp-block wp-block-post-title block-editor-block-list__block editor-post-title editor-post-title__input rich-text\" role=\"textbox\" contenteditable=\"true\" aria-label=\"Add title\" aria-multiline=\"true\">Morcovi<\/h1>\n<p>Ave\u0163i nevoie de morcovi pentru pia\u0163a de legume sau pentru consum industrial? Dorin\u0163a dvs. este ordin pentru noi. \u00cei dori\u0163i sorta\u0163i, sp\u0103la\u0163i \u015fi ambala\u0163i? Putem aranja \u015fi asta pentru dvs., cu cea mai mare grij\u0103. Pentru p\u0103strarea produselor c\u00e2t mai proaspete, nu le ambal\u0103m p\u00e2n\u0103 \u00een momentul primirii comenzii. Pute\u0163i fi siguri c\u0103 ve\u0163i primi produse de cea mai bun\u0103 calitate.<\/p>\n\n\n<div style=\"height:100px\" aria-hidden=\"true\" class=\"wp-block-spacer\"><\/div>\n","protected":false},"excerpt":{"rendered":"<p>Morcovi Ave\u0163i nevoie de morcovi pentru pia\u0163a de legume sau pentru consum industrial? Dorin\u0163a dvs. este ordin pentru noi. \u00cei dori\u0163i sorta\u0163i, sp\u0103la\u0163i \u015fi ambala\u0163i? Putem aranja \u015fi asta pentru dvs., cu cea mai mare grij\u0103. Pentru p\u0103strarea produselor c\u00e2t mai proaspete, nu le ambal\u0103m p\u00e2n\u0103 \u00een momentul primirii comenzii. Pute\u0163i fi siguri c\u0103 ve\u0163i [&hellip;]<\/p>\n","protected":false},"author":1,"featured_media":0,"parent":0,"menu_order":0,"comment_status":"closed","ping_status":"closed","template":"","meta":{"footnotes":"","_links_to":"","_links_to_target":""},"class_list":["post-868","page","type-page","status-publish","hentry"],"yoast_head":"<!-- This site is optimized with the Yoast SEO plugin v24.9 - https:\/\/yoast.com\/wordpress\/plugins\/seo\/ -->\n<title>Simba Vegetables export\u0103 r\u0103d\u0103cini pentru pia\u021ba proasp\u0103t\u0103 \u0219i industria<\/title>\n<meta name=\"description\" content=\"Ave\u0163i nevoie de morcovi pentru pia\u0163a de legume sau pentru consum industrial? \u00cei dori\u0163i sorta\u0163i, sp\u0103la\u0163i \u015fi ambala\u0163i? Putem aranja \u015fi asta pentru dvs., cu cea mai mare grij\u0103.\" \/>\n<meta name=\"robots\" content=\"index, follow, max-snippet:-1, max-image-preview:large, max-video-preview:-1\" \/>\n<link rel=\"canonical\" href=\"https:\/\/simbavegetables.nl\/ro\/morcovi\/\" \/>\n<meta property=\"og:locale\" content=\"ro_RO\" \/>\n<meta property=\"og:type\" content=\"article\" \/>\n<meta property=\"og:title\" content=\"Simba Vegetables export\u0103 r\u0103d\u0103cini pentru pia\u021ba proasp\u0103t\u0103 \u0219i industria\" \/>\n<meta property=\"og:description\" content=\"Ave\u0163i nevoie de morcovi pentru pia\u0163a de legume sau pentru consum industrial? \u00cei dori\u0163i sorta\u0163i, sp\u0103la\u0163i \u015fi ambala\u0163i? Putem aranja \u015fi asta pentru dvs., cu cea mai mare grij\u0103.\" \/>\n<meta property=\"og:url\" content=\"https:\/\/simbavegetables.nl\/ro\/morcovi\/\" \/>\n<meta property=\"og:site_name\" content=\"simba vegetables bv\" \/>\n<meta property=\"article:publisher\" content=\"https:\/\/www.facebook.com\/Simbavegetables\/?fref=ts\" \/>\n<meta property=\"article:modified_time\" content=\"2023-01-05T15:51:24+00:00\" \/>\n<meta property=\"og:image\" content=\"https:\/\/simbavegetables.nl\/wp-content\/uploads\/website-ready-2-300x227.jpg\" \/>\n<meta name=\"twitter:card\" content=\"summary_large_image\" \/>\n<meta name=\"twitter:label1\" content=\"Timp estimat pentru citire\" \/>\n\t<meta name=\"twitter:data1\" content=\"1 minut\" \/>\n<script type=\"application\/ld+json\" class=\"yoast-schema-graph\">{\"@context\":\"https:\/\/schema.org\",\"@graph\":[{\"@type\":\"WebPage\",\"@id\":\"https:\/\/simbavegetables.nl\/ro\/morcovi\/\",\"url\":\"https:\/\/simbavegetables.nl\/ro\/morcovi\/\",\"name\":\"Simba Vegetables export\u0103 r\u0103d\u0103cini pentru pia\u021ba proasp\u0103t\u0103 \u0219i industria\",\"isPartOf\":{\"@id\":\"https:\/\/simbavegetables.nl\/ro\/#website\"},\"primaryImageOfPage\":{\"@id\":\"https:\/\/simbavegetables.nl\/ro\/morcovi\/#primaryimage\"},\"image\":{\"@id\":\"https:\/\/simbavegetables.nl\/ro\/morcovi\/#primaryimage\"},\"thumbnailUrl\":\"https:\/\/simbavegetables.nl\/wp-content\/uploads\/website-ready-2-300x227.jpg\",\"datePublished\":\"2014-03-31T15:37:18+00:00\",\"dateModified\":\"2023-01-05T15:51:24+00:00\",\"description\":\"Ave\u0163i nevoie de morcovi pentru pia\u0163a de legume sau pentru consum industrial? \u00cei dori\u0163i sorta\u0163i, sp\u0103la\u0163i \u015fi ambala\u0163i? Putem aranja \u015fi asta pentru dvs., cu cea mai mare grij\u0103.\",\"inLanguage\":\"ro-RO\",\"potentialAction\":[{\"@type\":\"ReadAction\",\"target\":[\"https:\/\/simbavegetables.nl\/ro\/morcovi\/\"]}]},{\"@type\":\"ImageObject\",\"inLanguage\":\"ro-RO\",\"@id\":\"https:\/\/simbavegetables.nl\/ro\/morcovi\/#primaryimage\",\"url\":\"https:\/\/simbavegetables.nl\/wp-content\/uploads\/website-ready-2-300x227.jpg\",\"contentUrl\":\"https:\/\/simbavegetables.nl\/wp-content\/uploads\/website-ready-2-300x227.jpg\"},{\"@type\":\"WebSite\",\"@id\":\"https:\/\/simbavegetables.nl\/ro\/#website\",\"url\":\"https:\/\/simbavegetables.nl\/ro\/\",\"name\":\"simba vegetables bv\",\"description\":\"specialised in the purchase and sales of fresh vegetables from Holland\",\"publisher\":{\"@id\":\"https:\/\/simbavegetables.nl\/ro\/#organization\"},\"potentialAction\":[{\"@type\":\"SearchAction\",\"target\":{\"@type\":\"EntryPoint\",\"urlTemplate\":\"https:\/\/simbavegetables.nl\/ro\/?s={search_term_string}\"},\"query-input\":{\"@type\":\"PropertyValueSpecification\",\"valueRequired\":true,\"valueName\":\"search_term_string\"}}],\"inLanguage\":\"ro-RO\"},{\"@type\":\"Organization\",\"@id\":\"https:\/\/simbavegetables.nl\/ro\/#organization\",\"name\":\"Simba Vegetables\",\"url\":\"https:\/\/simbavegetables.nl\/ro\/\",\"logo\":{\"@type\":\"ImageObject\",\"inLanguage\":\"ro-RO\",\"@id\":\"https:\/\/simbavegetables.nl\/ro\/#\/schema\/logo\/image\/\",\"url\":\"https:\/\/simbavegetables.nl\/wp-content\/uploads\/Simba_vegetables_druklogo_3.png\",\"contentUrl\":\"https:\/\/simbavegetables.nl\/wp-content\/uploads\/Simba_vegetables_druklogo_3.png\",\"width\":511,\"height\":151,\"caption\":\"Simba Vegetables\"},\"image\":{\"@id\":\"https:\/\/simbavegetables.nl\/ro\/#\/schema\/logo\/image\/\"},\"sameAs\":[\"https:\/\/www.facebook.com\/Simbavegetables\/?fref=ts\"]}]}<\/script>\n<!-- \/ Yoast SEO plugin. -->","yoast_head_json":{"title":"Simba Vegetables export\u0103 r\u0103d\u0103cini pentru pia\u021ba proasp\u0103t\u0103 \u0219i industria","description":"Ave\u0163i nevoie de morcovi pentru pia\u0163a de legume sau pentru consum industrial? \u00cei dori\u0163i sorta\u0163i, sp\u0103la\u0163i \u015fi ambala\u0163i? Putem aranja \u015fi asta pentru dvs., cu cea mai mare grij\u0103.","robots":{"index":"index","follow":"follow","max-snippet":"max-snippet:-1","max-image-preview":"max-image-preview:large","max-video-preview":"max-video-preview:-1"},"canonical":"https:\/\/simbavegetables.nl\/ro\/morcovi\/","og_locale":"ro_RO","og_type":"article","og_title":"Simba Vegetables export\u0103 r\u0103d\u0103cini pentru pia\u021ba proasp\u0103t\u0103 \u0219i industria","og_description":"Ave\u0163i nevoie de morcovi pentru pia\u0163a de legume sau pentru consum industrial? \u00cei dori\u0163i sorta\u0163i, sp\u0103la\u0163i \u015fi ambala\u0163i? Putem aranja \u015fi asta pentru dvs., cu cea mai mare grij\u0103.","og_url":"https:\/\/simbavegetables.nl\/ro\/morcovi\/","og_site_name":"simba vegetables bv","article_publisher":"https:\/\/www.facebook.com\/Simbavegetables\/?fref=ts","article_modified_time":"2023-01-05T15:51:24+00:00","og_image":[{"url":"https:\/\/simbavegetables.nl\/wp-content\/uploads\/website-ready-2-300x227.jpg","type":"","width":"","height":""}],"twitter_card":"summary_large_image","twitter_misc":{"Timp estimat pentru citire":"1 minut"},"schema":{"@context":"https:\/\/schema.org","@graph":[{"@type":"WebPage","@id":"https:\/\/simbavegetables.nl\/ro\/morcovi\/","url":"https:\/\/simbavegetables.nl\/ro\/morcovi\/","name":"Simba Vegetables export\u0103 r\u0103d\u0103cini pentru pia\u021ba proasp\u0103t\u0103 \u0219i industria","isPartOf":{"@id":"https:\/\/simbavegetables.nl\/ro\/#website"},"primaryImageOfPage":{"@id":"https:\/\/simbavegetables.nl\/ro\/morcovi\/#primaryimage"},"image":{"@id":"https:\/\/simbavegetables.nl\/ro\/morcovi\/#primaryimage"},"thumbnailUrl":"https:\/\/simbavegetables.nl\/wp-content\/uploads\/website-ready-2-300x227.jpg","datePublished":"2014-03-31T15:37:18+00:00","dateModified":"2023-01-05T15:51:24+00:00","description":"Ave\u0163i nevoie de morcovi pentru pia\u0163a de legume sau pentru consum industrial? \u00cei dori\u0163i sorta\u0163i, sp\u0103la\u0163i \u015fi ambala\u0163i? Putem aranja \u015fi asta pentru dvs., cu cea mai mare grij\u0103.","inLanguage":"ro-RO","potentialAction":[{"@type":"ReadAction","target":["https:\/\/simbavegetables.nl\/ro\/morcovi\/"]}]},{"@type":"ImageObject","inLanguage":"ro-RO","@id":"https:\/\/simbavegetables.nl\/ro\/morcovi\/#primaryimage","url":"https:\/\/simbavegetables.nl\/wp-content\/uploads\/website-ready-2-300x227.jpg","contentUrl":"https:\/\/simbavegetables.nl\/wp-content\/uploads\/website-ready-2-300x227.jpg"},{"@type":"WebSite","@id":"https:\/\/simbavegetables.nl\/ro\/#website","url":"https:\/\/simbavegetables.nl\/ro\/","name":"simba vegetables bv","description":"specialised in the purchase and sales of fresh vegetables from Holland","publisher":{"@id":"https:\/\/simbavegetables.nl\/ro\/#organization"},"potentialAction":[{"@type":"SearchAction","target":{"@type":"EntryPoint","urlTemplate":"https:\/\/simbavegetables.nl\/ro\/?s={search_term_string}"},"query-input":{"@type":"PropertyValueSpecification","valueRequired":true,"valueName":"search_term_string"}}],"inLanguage":"ro-RO"},{"@type":"Organization","@id":"https:\/\/simbavegetables.nl\/ro\/#organization","name":"Simba Vegetables","url":"https:\/\/simbavegetables.nl\/ro\/","logo":{"@type":"ImageObject","inLanguage":"ro-RO","@id":"https:\/\/simbavegetables.nl\/ro\/#\/schema\/logo\/image\/","url":"https:\/\/simbavegetables.nl\/wp-content\/uploads\/Simba_vegetables_druklogo_3.png","contentUrl":"https:\/\/simbavegetables.nl\/wp-content\/uploads\/Simba_vegetables_druklogo_3.png","width":511,"height":151,"caption":"Simba Vegetables"},"image":{"@id":"https:\/\/simbavegetables.nl\/ro\/#\/schema\/logo\/image\/"},"sameAs":["https:\/\/www.facebook.com\/Simbavegetables\/?fref=ts"]}]}},"_links":{"self":[{"href":"https:\/\/simbavegetables.nl\/ro\/wp-json\/wp\/v2\/pages\/868","targetHints":{"allow":["GET"]}}],"collection":[{"href":"https:\/\/simbavegetables.nl\/ro\/wp-json\/wp\/v2\/pages"}],"about":[{"href":"https:\/\/simbavegetables.nl\/ro\/wp-json\/wp\/v2\/types\/page"}],"author":[{"embeddable":true,"href":"https:\/\/simbavegetables.nl\/ro\/wp-json\/wp\/v2\/users\/1"}],"replies":[{"embeddable":true,"href":"https:\/\/simbavegetables.nl\/ro\/wp-json\/wp\/v2\/comments?post=868"}],"version-history":[{"count":5,"href":"https:\/\/simbavegetables.nl\/ro\/wp-json\/wp\/v2\/pages\/868\/revisions"}],"predecessor-version":[{"id":92953,"href":"https:\/\/simbavegetables.nl\/ro\/wp-json\/wp\/v2\/pages\/868\/revisions\/92953"}],"wp:attachment":[{"href":"https:\/\/simbavegetables.nl\/ro\/wp-json\/wp\/v2\/media?parent=868"}],"curies":[{"name":"wp","href":"https:\/\/api.w.org\/{rel}","templated":true}]}}