{"id":870,"date":"2014-03-31T15:38:17","date_gmt":"2014-03-31T15:38:17","guid":{"rendered":"http:\/\/simbavegetables.nl\/?page_id=870"},"modified":"2023-01-05T15:56:59","modified_gmt":"2023-01-05T15:56:59","slug":"conopidabroccoli","status":"publish","type":"page","link":"https:\/\/simbavegetables.nl\/ro\/conopidabroccoli\/","title":{"rendered":""},"content":{"rendered":"\n<div style=\"height:100px\" aria-hidden=\"true\" class=\"wp-block-spacer\"><\/div>\n\n\n<h1 class=\"wp-block wp-block-post-title block-editor-block-list__block editor-post-title editor-post-title__input rich-text\" role=\"textbox\" contenteditable=\"true\" aria-label=\"Add title\" aria-multiline=\"true\">Conopid\u0103\/Broccoli<\/h1>\n<div class=\"symple-column symple-one-third symple-column-first  \"><img fetchpriority=\"high\" decoding=\"async\" class=\"alignnone size-full wp-image-117\" src=\"https:\/\/simbavegetables.nl\/wp-content\/uploads\/Simba_broccoli_coliflower.jpg\" alt=\"Simba_broccoli_coliflower\" width=\"303\" height=\"229\" srcset=\"https:\/\/simbavegetables.nl\/wp-content\/uploads\/Simba_broccoli_coliflower.jpg 303w, https:\/\/simbavegetables.nl\/wp-content\/uploads\/Simba_broccoli_coliflower-300x226.jpg 300w, https:\/\/simbavegetables.nl\/wp-content\/uploads\/Simba_broccoli_coliflower-150x113.jpg 150w\" sizes=\"(max-width: 303px) 100vw, 303px\" \/><\/div>Conopida \u015fi broccoli olandeze sunt disponibile din aprilie p\u00e2n\u0103 \u00een decembrie \u015fi pot fi livrate \u00een cutii de carton sau ambalaje de polistiren expandat. Deoarece ne desf\u0103\u015fur\u0103m activitatea \u00een mijlocul zonei de cultur\u0103 a conopidei \u015fi broccoli-ului, putem urm\u0103ri cu aten\u0163ie ca aceste produse s\u0103 v\u0103 \u00eentruneasc\u0103 toate cerin\u0163ele.<\/p>\n\n\n<div style=\"height:100px\" aria-hidden=\"true\" class=\"wp-block-spacer\"><\/div>\n","protected":false},"excerpt":{"rendered":"<p>Conopid\u0103\/Broccoli Conopida \u015fi broccoli olandeze sunt disponibile din aprilie p\u00e2n\u0103 \u00een decembrie \u015fi pot fi livrate \u00een cutii de carton sau ambalaje de polistiren expandat. Deoarece ne desf\u0103\u015fur\u0103m activitatea \u00een mijlocul zonei de cultur\u0103 a conopidei \u015fi broccoli-ului, putem urm\u0103ri cu aten\u0163ie ca aceste produse s\u0103 v\u0103 \u00eentruneasc\u0103 toate cerin\u0163ele.<\/p>\n","protected":false},"author":1,"featured_media":0,"parent":0,"menu_order":0,"comment_status":"closed","ping_status":"closed","template":"","meta":{"footnotes":"","_links_to":"","_links_to_target":""},"class_list":["post-870","page","type-page","status-publish","hentry"],"yoast_head":"<!-- This site is optimized with the Yoast SEO plugin v24.9 - https:\/\/yoast.com\/wordpress\/plugins\/seo\/ -->\n<title>- simba vegetables bv<\/title>\n<meta name=\"robots\" content=\"index, follow, max-snippet:-1, max-image-preview:large, max-video-preview:-1\" \/>\n<link rel=\"canonical\" href=\"https:\/\/simbavegetables.nl\/ro\/conopidabroccoli\/\" \/>\n<meta property=\"og:locale\" content=\"ro_RO\" \/>\n<meta property=\"og:type\" content=\"article\" \/>\n<meta property=\"og:title\" content=\"- simba vegetables bv\" \/>\n<meta property=\"og:description\" content=\"Conopid\u0103\/Broccoli Conopida \u015fi broccoli olandeze sunt disponibile din aprilie p\u00e2n\u0103 \u00een decembrie \u015fi pot fi livrate \u00een cutii de carton sau ambalaje de polistiren expandat. Deoarece ne desf\u0103\u015fur\u0103m activitatea \u00een mijlocul zonei de cultur\u0103 a conopidei \u015fi broccoli-ului, putem urm\u0103ri cu aten\u0163ie ca aceste produse s\u0103 v\u0103 \u00eentruneasc\u0103 toate cerin\u0163ele.\" \/>\n<meta property=\"og:url\" content=\"https:\/\/simbavegetables.nl\/ro\/conopidabroccoli\/\" \/>\n<meta property=\"og:site_name\" content=\"simba vegetables bv\" \/>\n<meta property=\"article:publisher\" content=\"https:\/\/www.facebook.com\/Simbavegetables\/?fref=ts\" \/>\n<meta property=\"article:modified_time\" content=\"2023-01-05T15:56:59+00:00\" \/>\n<meta property=\"og:image\" content=\"https:\/\/simbavegetables.nl\/wp-content\/uploads\/Simba_broccoli_coliflower.jpg\" \/>\n<meta name=\"twitter:card\" content=\"summary_large_image\" \/>\n<meta name=\"twitter:label1\" content=\"Timp estimat pentru citire\" \/>\n\t<meta name=\"twitter:data1\" content=\"1 minut\" \/>\n<script type=\"application\/ld+json\" class=\"yoast-schema-graph\">{\"@context\":\"https:\/\/schema.org\",\"@graph\":[{\"@type\":\"WebPage\",\"@id\":\"https:\/\/simbavegetables.nl\/ro\/conopidabroccoli\/\",\"url\":\"https:\/\/simbavegetables.nl\/ro\/conopidabroccoli\/\",\"name\":\"- simba vegetables bv\",\"isPartOf\":{\"@id\":\"https:\/\/simbavegetables.nl\/ro\/#website\"},\"primaryImageOfPage\":{\"@id\":\"https:\/\/simbavegetables.nl\/ro\/conopidabroccoli\/#primaryimage\"},\"image\":{\"@id\":\"https:\/\/simbavegetables.nl\/ro\/conopidabroccoli\/#primaryimage\"},\"thumbnailUrl\":\"https:\/\/simbavegetables.nl\/wp-content\/uploads\/Simba_broccoli_coliflower.jpg\",\"datePublished\":\"2014-03-31T15:38:17+00:00\",\"dateModified\":\"2023-01-05T15:56:59+00:00\",\"inLanguage\":\"ro-RO\",\"potentialAction\":[{\"@type\":\"ReadAction\",\"target\":[\"https:\/\/simbavegetables.nl\/ro\/conopidabroccoli\/\"]}]},{\"@type\":\"ImageObject\",\"inLanguage\":\"ro-RO\",\"@id\":\"https:\/\/simbavegetables.nl\/ro\/conopidabroccoli\/#primaryimage\",\"url\":\"https:\/\/simbavegetables.nl\/wp-content\/uploads\/Simba_broccoli_coliflower.jpg\",\"contentUrl\":\"https:\/\/simbavegetables.nl\/wp-content\/uploads\/Simba_broccoli_coliflower.jpg\"},{\"@type\":\"WebSite\",\"@id\":\"https:\/\/simbavegetables.nl\/ro\/#website\",\"url\":\"https:\/\/simbavegetables.nl\/ro\/\",\"name\":\"simba vegetables bv\",\"description\":\"specialised in the purchase and sales of fresh vegetables from Holland\",\"publisher\":{\"@id\":\"https:\/\/simbavegetables.nl\/ro\/#organization\"},\"potentialAction\":[{\"@type\":\"SearchAction\",\"target\":{\"@type\":\"EntryPoint\",\"urlTemplate\":\"https:\/\/simbavegetables.nl\/ro\/?s={search_term_string}\"},\"query-input\":{\"@type\":\"PropertyValueSpecification\",\"valueRequired\":true,\"valueName\":\"search_term_string\"}}],\"inLanguage\":\"ro-RO\"},{\"@type\":\"Organization\",\"@id\":\"https:\/\/simbavegetables.nl\/ro\/#organization\",\"name\":\"Simba Vegetables\",\"url\":\"https:\/\/simbavegetables.nl\/ro\/\",\"logo\":{\"@type\":\"ImageObject\",\"inLanguage\":\"ro-RO\",\"@id\":\"https:\/\/simbavegetables.nl\/ro\/#\/schema\/logo\/image\/\",\"url\":\"https:\/\/simbavegetables.nl\/wp-content\/uploads\/Simba_vegetables_druklogo_3.png\",\"contentUrl\":\"https:\/\/simbavegetables.nl\/wp-content\/uploads\/Simba_vegetables_druklogo_3.png\",\"width\":511,\"height\":151,\"caption\":\"Simba Vegetables\"},\"image\":{\"@id\":\"https:\/\/simbavegetables.nl\/ro\/#\/schema\/logo\/image\/\"},\"sameAs\":[\"https:\/\/www.facebook.com\/Simbavegetables\/?fref=ts\"]}]}<\/script>\n<!-- \/ Yoast SEO plugin. -->","yoast_head_json":{"title":"- simba vegetables bv","robots":{"index":"index","follow":"follow","max-snippet":"max-snippet:-1","max-image-preview":"max-image-preview:large","max-video-preview":"max-video-preview:-1"},"canonical":"https:\/\/simbavegetables.nl\/ro\/conopidabroccoli\/","og_locale":"ro_RO","og_type":"article","og_title":"- simba vegetables bv","og_description":"Conopid\u0103\/Broccoli Conopida \u015fi broccoli olandeze sunt disponibile din aprilie p\u00e2n\u0103 \u00een decembrie \u015fi pot fi livrate \u00een cutii de carton sau ambalaje de polistiren expandat. Deoarece ne desf\u0103\u015fur\u0103m activitatea \u00een mijlocul zonei de cultur\u0103 a conopidei \u015fi broccoli-ului, putem urm\u0103ri cu aten\u0163ie ca aceste produse s\u0103 v\u0103 \u00eentruneasc\u0103 toate cerin\u0163ele.","og_url":"https:\/\/simbavegetables.nl\/ro\/conopidabroccoli\/","og_site_name":"simba vegetables bv","article_publisher":"https:\/\/www.facebook.com\/Simbavegetables\/?fref=ts","article_modified_time":"2023-01-05T15:56:59+00:00","og_image":[{"url":"https:\/\/simbavegetables.nl\/wp-content\/uploads\/Simba_broccoli_coliflower.jpg","type":"","width":"","height":""}],"twitter_card":"summary_large_image","twitter_misc":{"Timp estimat pentru citire":"1 minut"},"schema":{"@context":"https:\/\/schema.org","@graph":[{"@type":"WebPage","@id":"https:\/\/simbavegetables.nl\/ro\/conopidabroccoli\/","url":"https:\/\/simbavegetables.nl\/ro\/conopidabroccoli\/","name":"- simba vegetables bv","isPartOf":{"@id":"https:\/\/simbavegetables.nl\/ro\/#website"},"primaryImageOfPage":{"@id":"https:\/\/simbavegetables.nl\/ro\/conopidabroccoli\/#primaryimage"},"image":{"@id":"https:\/\/simbavegetables.nl\/ro\/conopidabroccoli\/#primaryimage"},"thumbnailUrl":"https:\/\/simbavegetables.nl\/wp-content\/uploads\/Simba_broccoli_coliflower.jpg","datePublished":"2014-03-31T15:38:17+00:00","dateModified":"2023-01-05T15:56:59+00:00","inLanguage":"ro-RO","potentialAction":[{"@type":"ReadAction","target":["https:\/\/simbavegetables.nl\/ro\/conopidabroccoli\/"]}]},{"@type":"ImageObject","inLanguage":"ro-RO","@id":"https:\/\/simbavegetables.nl\/ro\/conopidabroccoli\/#primaryimage","url":"https:\/\/simbavegetables.nl\/wp-content\/uploads\/Simba_broccoli_coliflower.jpg","contentUrl":"https:\/\/simbavegetables.nl\/wp-content\/uploads\/Simba_broccoli_coliflower.jpg"},{"@type":"WebSite","@id":"https:\/\/simbavegetables.nl\/ro\/#website","url":"https:\/\/simbavegetables.nl\/ro\/","name":"simba vegetables bv","description":"specialised in the purchase and sales of fresh vegetables from Holland","publisher":{"@id":"https:\/\/simbavegetables.nl\/ro\/#organization"},"potentialAction":[{"@type":"SearchAction","target":{"@type":"EntryPoint","urlTemplate":"https:\/\/simbavegetables.nl\/ro\/?s={search_term_string}"},"query-input":{"@type":"PropertyValueSpecification","valueRequired":true,"valueName":"search_term_string"}}],"inLanguage":"ro-RO"},{"@type":"Organization","@id":"https:\/\/simbavegetables.nl\/ro\/#organization","name":"Simba Vegetables","url":"https:\/\/simbavegetables.nl\/ro\/","logo":{"@type":"ImageObject","inLanguage":"ro-RO","@id":"https:\/\/simbavegetables.nl\/ro\/#\/schema\/logo\/image\/","url":"https:\/\/simbavegetables.nl\/wp-content\/uploads\/Simba_vegetables_druklogo_3.png","contentUrl":"https:\/\/simbavegetables.nl\/wp-content\/uploads\/Simba_vegetables_druklogo_3.png","width":511,"height":151,"caption":"Simba Vegetables"},"image":{"@id":"https:\/\/simbavegetables.nl\/ro\/#\/schema\/logo\/image\/"},"sameAs":["https:\/\/www.facebook.com\/Simbavegetables\/?fref=ts"]}]}},"_links":{"self":[{"href":"https:\/\/simbavegetables.nl\/ro\/wp-json\/wp\/v2\/pages\/870","targetHints":{"allow":["GET"]}}],"collection":[{"href":"https:\/\/simbavegetables.nl\/ro\/wp-json\/wp\/v2\/pages"}],"about":[{"href":"https:\/\/simbavegetables.nl\/ro\/wp-json\/wp\/v2\/types\/page"}],"author":[{"embeddable":true,"href":"https:\/\/simbavegetables.nl\/ro\/wp-json\/wp\/v2\/users\/1"}],"replies":[{"embeddable":true,"href":"https:\/\/simbavegetables.nl\/ro\/wp-json\/wp\/v2\/comments?post=870"}],"version-history":[{"count":4,"href":"https:\/\/simbavegetables.nl\/ro\/wp-json\/wp\/v2\/pages\/870\/revisions"}],"predecessor-version":[{"id":92962,"href":"https:\/\/simbavegetables.nl\/ro\/wp-json\/wp\/v2\/pages\/870\/revisions\/92962"}],"wp:attachment":[{"href":"https:\/\/simbavegetables.nl\/ro\/wp-json\/wp\/v2\/media?parent=870"}],"curies":[{"name":"wp","href":"https:\/\/api.w.org\/{rel}","templated":true}]}}